{"id":162275,"date":"2025-11-21T12:10:19","date_gmt":"2025-11-21T11:10:19","guid":{"rendered":"https:\/\/secureus.se\/teleskopstang-25-m-solo-108\/"},"modified":"2026-04-08T16:01:58","modified_gmt":"2026-04-08T14:01:58","slug":"teleskopstang-25-m-solo-108","status":"publish","type":"product","link":"https:\/\/secureus.se\/pl\/teleskopstang-25-m-solo-108\/","title":{"rendered":"Kij teleskopowy 2,5 m \u2013 Solo 108"},"content":{"rendered":"<h1>Kij teleskopowy 2,5 m \u2013 Solo 108<\/h1>\n<h3 data-start=\"270\" data-end=\"321\">Regulowany pr\u0119t teleskopowy do efektywnego testowania<\/h3>\n<p data-start=\"322\" data-end=\"568\">Tyczka teleskopowa Solo 108 przeznaczona jest do \u0142atwego i bezpiecznego testowania czujnik\u00f3w dymu, ciep\u0142a i tlenku w\u0119gla na \u015brednich wysoko\u015bciach.<\/p>\n<p data-start=\"322\" data-end=\"568\">Dwucz\u0119\u015bciowa konstrukcja umo\u017cliwia szybk\u0105 regulacj\u0119 i \u0142atw\u0105 obs\u0142ug\u0119, co u\u0142atwia serwisowanie i instalacj\u0119 na miejscu pracy.<\/p>\n<h3 data-start=\"570\" data-end=\"611\">Elastyczna d\u0142ugo\u015b\u0107 i \u0142atwo\u015b\u0107 u\u017cytkowania<\/h3>\n<p data-start=\"612\" data-end=\"869\">W przypadku Solo 108 mo\u017cna regulowa\u0107 d\u0142ugo\u015b\u0107 pr\u0119ta w zakresie od 1,27 m do 2,5 m. Jest on kompaktowy, co u\u0142atwia transport i przechowywanie, a jednocze\u015bnie zapewnia wystarczaj\u0105cy zasi\u0119g do przeprowadzania test\u00f3w bez konieczno\u015bci korzystania z drabiny.<\/p>\n<p data-start=\"612\" data-end=\"869\">Pr\u0119t jest kompatybilny z urz\u0105dzeniami testowymi Solo i Testifire.<\/p>\n<h3 data-start=\"871\" data-end=\"898\">Zalety Solo 108<\/h3>\n<ul data-start=\"899\" data-end=\"1059\">\n<li data-start=\"899\" data-end=\"945\">\n<p data-start=\"901\" data-end=\"945\">Dwa segmenty o regulowanej d\u0142ugo\u015bci 1,27\u20132,5 m<\/p>\n<\/li>\n<li data-start=\"946\" data-end=\"972\">\n<p data-start=\"948\" data-end=\"972\">Lekka i zwinna konstrukcja<\/p>\n<\/li>\n<li data-start=\"973\" data-end=\"1011\">\n<p data-start=\"975\" data-end=\"1011\">Pasuje do tester\u00f3w Solo i Testifire<\/p>\n<\/li>\n<li data-start=\"1012\" data-end=\"1059\">\n<p data-start=\"1014\" data-end=\"1059\">Zwi\u0119ksza bezpiecze\u0144stwo i wydajno\u015b\u0107 podczas test\u00f3w<\/p>\n<\/li>\n<\/ul>\n<p data-start=\"1061\" data-end=\"1088\">SPECYFIKACJA TECHNICZNA:<\/p>\n<ul data-start=\"1089\" data-end=\"1303\">\n<li data-start=\"1089\" data-end=\"1115\">\n<p data-start=\"1091\" data-end=\"1115\">Produkt: Tyczka teleskopowa<\/p>\n<\/li>\n<li data-start=\"1116\" data-end=\"1136\">\n<p data-start=\"1118\" data-end=\"1136\">Model: Solo 108<\/p>\n<\/li>\n<li data-start=\"1137\" data-end=\"1159\">\n<p data-start=\"1139\" data-end=\"1159\">Segmenty: 2 sztuki<\/p>\n<\/li>\n<li data-start=\"1160\" data-end=\"1191\">\n<p data-start=\"1162\" data-end=\"1191\">Regulowana d\u0142ugo\u015b\u0107: 1,27\u20132,5 m<\/p>\n<\/li>\n<li data-start=\"1192\" data-end=\"1247\">\n<p data-start=\"1194\" data-end=\"1247\">Kompatybilny z: narz\u0119dziami testowymi Solo i Testifire<\/p>\n<\/li>\n<li data-start=\"1248\" data-end=\"1303\">\n<p data-start=\"1250\" data-end=\"1303\">Zastosowanie: Do testowania detektor\u00f3w na \u015bredniej wysoko\u015bci<\/p>\n<\/li>\n<\/ul>","protected":false},"excerpt":{"rendered":"<p>Kij teleskopowy Solo 108 to kompaktowy kij z 2 segmentami, kt\u00f3rych d\u0142ugo\u015b\u0107 mo\u017cna regulowa\u0107 w zakresie od 1,27 m do 2,5 m.<\/p>\n<p>U\u017cywany z testerami Solo i Testifire w celu dotarcia do detektor\u00f3w znajduj\u0105cych si\u0119 na \u015brednich wysoko\u015bciach bez konieczno\u015bci u\u017cycia drabiny.<\/p>\n<p>Odpowiednie dla technik\u00f3w i personelu serwisowego.<\/p>","protected":false},"featured_media":162274,"template":"","meta":{"_acf_changed":false},"product_brand":[],"product_cat":[2945,5070,5088,5072,5089,2946],"product_tag":[],"class_list":{"0":"post-162275","1":"product","2":"type-product","3":"status-publish","4":"has-post-thumbnail","6":"product_cat-solo","7":"product_cat-provstanger","8":"product_cat-solo-solo","9":"product_cat-solo-365","10":"product_cat-solo-365-solo-365","11":"product_cat-testifire","12":"tm-no-options","14":"first","15":"instock","16":"taxable","17":"shipping-taxable","18":"purchasable","19":"product-type-simple"},"acf":[],"_links":{"self":[{"href":"https:\/\/secureus.se\/pl\/wp-json\/wp\/v2\/product\/162275","targetHints":{"allow":["GET"]}}],"collection":[{"href":"https:\/\/secureus.se\/pl\/wp-json\/wp\/v2\/product"}],"about":[{"href":"https:\/\/secureus.se\/pl\/wp-json\/wp\/v2\/types\/product"}],"wp:featuredmedia":[{"embeddable":true,"href":"https:\/\/secureus.se\/pl\/wp-json\/wp\/v2\/media\/162274"}],"wp:attachment":[{"href":"https:\/\/secureus.se\/pl\/wp-json\/wp\/v2\/media?parent=162275"}],"wp:term":[{"taxonomy":"product_brand","embeddable":true,"href":"https:\/\/secureus.se\/pl\/wp-json\/wp\/v2\/product_brand?post=162275"},{"taxonomy":"product_cat","embeddable":true,"href":"https:\/\/secureus.se\/pl\/wp-json\/wp\/v2\/product_cat?post=162275"},{"taxonomy":"product_tag","embeddable":true,"href":"https:\/\/secureus.se\/pl\/wp-json\/wp\/v2\/product_tag?post=162275"}],"curies":[{"name":"wp","href":"https:\/\/api.w.org\/{rel}","templated":true}]}}