{"id":162277,"date":"2025-11-21T12:10:19","date_gmt":"2025-11-21T11:10:19","guid":{"rendered":"https:\/\/secureus.se\/provstangsforlangare-113-m-solo-101-for-solo-och-testifire-produkterna\/"},"modified":"2026-05-05T17:37:33","modified_gmt":"2026-05-05T15:37:33","slug":"provstangsforlangare-113-m-solo-101-for-solo-och-testifire-produkterna","status":"publish","type":"product","link":"https:\/\/secureus.se\/pl\/provstangsforlangare-113-m-solo-101-for-solo-och-testifire-produkterna\/","title":{"rendered":"Przed\u0142u\u017cka do pr\u0119ta testowego 1,13 m \u2013 Solo 101 do produkt\u00f3w Solo i Testifire"},"content":{"rendered":"<h1>Przed\u0142u\u017cka do pr\u0119ta testowego 1,13 m \u2013 Solo 101 do produkt\u00f3w Solo i Testifire<\/h1>\n<h3 data-start=\"262\" data-end=\"312\">Roz\u0142\u00f3\u017c sw\u00f3j teleskopowy kij, aby uzyska\u0107 wi\u0119kszy zasi\u0119g<\/h3>\n<p data-start=\"313\" data-end=\"507\">Przed\u0142u\u017cacz pr\u0119ta testowego Solo 101 zosta\u0142 zaprojektowany tak, aby zapewni\u0107 wi\u0119kszy zasi\u0119g podczas testowania czujnik\u00f3w dymu, ciep\u0142a i tlenku w\u0119gla.<\/p>\n<p data-start=\"313\" data-end=\"507\">Pasuje g\u0142\u00f3wnie do Solo 110, ale mo\u017cna go stosowa\u0107 tak\u017ce do Solo 108 i Solo 100.<\/p>\n<h3 data-start=\"509\" data-end=\"534\">Elastyczne u\u017cytkowanie<\/h3>\n<p data-start=\"535\" data-end=\"782\">Ka\u017cdy element przed\u0142u\u017caj\u0105cy ma d\u0142ugo\u015b\u0107 0,5 m i mo\u017cna go \u0142\u0105czy\u0107 maksymalnie z trzema elementami, co pozwala uzyska\u0107 \u0142\u0105czn\u0105 dodatkow\u0105 wysoko\u015b\u0107 1,5 m.<\/p>\n<p data-start=\"535\" data-end=\"782\">U\u0142atwia to dotarcie do wysoko zamontowanych detektor\u00f3w bez konieczno\u015bci u\u017cywania drabiny, a tak\u017ce zwi\u0119ksza efektywno\u015b\u0107 prac serwisowych i instalacyjnych.<\/p>\n<h3 data-start=\"784\" data-end=\"811\">Korzy\u015bci z Solo 101<\/h3>\n<ul data-start=\"812\" data-end=\"1030\">\n<li data-start=\"812\" data-end=\"861\">\n<p data-start=\"814\" data-end=\"861\">Wyd\u0142u\u017ca dr\u0105\u017cki teleskopowe o 0,5 m na jednostk\u0119<\/p>\n<\/li>\n<li data-start=\"862\" data-end=\"912\">\n<p data-start=\"864\" data-end=\"912\">Kompatybilny z Solo 110, Solo 108 i Solo 100<\/p>\n<\/li>\n<li data-start=\"913\" data-end=\"981\">\n<p data-start=\"915\" data-end=\"981\">Mo\u017cliwo\u015b\u0107 \u0142\u0105czenia do 3 element\u00f3w, co daje \u0142\u0105cznie 1,5 m dodatkowego zasi\u0119gu<\/p>\n<\/li>\n<li data-start=\"982\" data-end=\"1030\">\n<p data-start=\"984\" data-end=\"1030\">\u0141atwy i wygodny w u\u017cyciu w miejscu pracy<\/p>\n<\/li>\n<\/ul>\n<p data-start=\"1032\" data-end=\"1059\">SPECYFIKACJA TECHNICZNA:<\/p>\n<ul data-start=\"1060\" data-end=\"1309\">\n<li data-start=\"1060\" data-end=\"1093\">\n<p data-start=\"1062\" data-end=\"1093\">Produkt: Przed\u0142u\u017cacz pr\u0119ta testowego<\/p>\n<\/li>\n<li data-start=\"1094\" data-end=\"1114\">\n<p data-start=\"1096\" data-end=\"1114\">Model: Solo 101<\/p>\n<\/li>\n<li data-start=\"1115\" data-end=\"1141\">\n<p data-start=\"1117\" data-end=\"1141\">D\u0142ugo\u015b\u0107 na jednostk\u0119: 0,5 m<\/p>\n<\/li>\n<li data-start=\"1142\" data-end=\"1190\">\n<p data-start=\"1144\" data-end=\"1190\">Kompatybilny z: Solo 110, Solo 108, Solo 100<\/p>\n<\/li>\n<li data-start=\"1191\" data-end=\"1240\">\n<p data-start=\"1193\" data-end=\"1240\">Maksymalna liczba pod\u0142\u0105czonych: 3 szt. (\u0142\u0105cznie 1,5 m)<\/p>\n<\/li>\n<li data-start=\"1241\" data-end=\"1309\">\n<p data-start=\"1243\" data-end=\"1309\">Zastosowanie: Przed\u0142u\u017ca dr\u0105\u017cki teleskopowe podczas testowania detektor\u00f3w<\/p>\n<\/li>\n<\/ul>","protected":false},"excerpt":{"rendered":"<p>Przed\u0142u\u017cka Solo 101 to przed\u0142u\u017cka o d\u0142ugo\u015bci 0,5 m przeznaczona do w\u0119dek teleskopowych, takich jak Solo 110, Solo 108 i Solo 100.<\/p>\n<p>Umo\u017cliwia testowanie czujek na wy\u017cszych sufitach i pozwala na pod\u0142\u0105czenie maksymalnie trzech urz\u0105dze\u0144.<\/p>","protected":false},"featured_media":162276,"template":"","meta":{"_acf_changed":false},"product_brand":[],"product_cat":[2945,5070,5088,5072,5089,2946],"product_tag":[],"class_list":{"0":"post-162277","1":"product","2":"type-product","3":"status-publish","4":"has-post-thumbnail","6":"product_cat-solo","7":"product_cat-provstanger","8":"product_cat-solo-solo","9":"product_cat-solo-365","10":"product_cat-solo-365-solo-365","11":"product_cat-testifire","12":"tm-no-options","14":"first","15":"instock","16":"sale","17":"taxable","18":"shipping-taxable","19":"purchasable","20":"product-type-simple"},"acf":[],"_links":{"self":[{"href":"https:\/\/secureus.se\/pl\/wp-json\/wp\/v2\/product\/162277","targetHints":{"allow":["GET"]}}],"collection":[{"href":"https:\/\/secureus.se\/pl\/wp-json\/wp\/v2\/product"}],"about":[{"href":"https:\/\/secureus.se\/pl\/wp-json\/wp\/v2\/types\/product"}],"wp:featuredmedia":[{"embeddable":true,"href":"https:\/\/secureus.se\/pl\/wp-json\/wp\/v2\/media\/162276"}],"wp:attachment":[{"href":"https:\/\/secureus.se\/pl\/wp-json\/wp\/v2\/media?parent=162277"}],"wp:term":[{"taxonomy":"product_brand","embeddable":true,"href":"https:\/\/secureus.se\/pl\/wp-json\/wp\/v2\/product_brand?post=162277"},{"taxonomy":"product_cat","embeddable":true,"href":"https:\/\/secureus.se\/pl\/wp-json\/wp\/v2\/product_cat?post=162277"},{"taxonomy":"product_tag","embeddable":true,"href":"https:\/\/secureus.se\/pl\/wp-json\/wp\/v2\/product_tag?post=162277"}],"curies":[{"name":"wp","href":"https:\/\/api.w.org\/{rel}","templated":true}]}}