{"id":162406,"date":"2026-02-16T12:44:28","date_gmt":"2026-02-16T11:44:28","guid":{"rendered":"https:\/\/secureus.se\/?post_type=product&#038;p=162406"},"modified":"2026-04-09T11:18:23","modified_gmt":"2026-04-09T09:18:23","slug":"smd-976-powerg-plus-tradlos-rok-varmedetektor","status":"publish","type":"product","link":"https:\/\/secureus.se\/pl\/smd-976-powerg-plus-tradlos-rok-varmedetektor\/","title":{"rendered":"Czujnik dymu i ciep\u0142a Visonic SMD-976 PG2+ PowerG Wireless \u2013 zast\u0119puje SMD-429"},"content":{"rendered":"<h2>Visonic SMD-976 PGP \u2013 czujnik dymu i ciep\u0142a PowerG<\/h2>\n<p><strong>Visonic SMD-976 PGP<\/strong> to bezprzewodowy czujnik po\u017caru dla system\u00f3w Visonic PowerMaster, kt\u00f3ry \u0142\u0105czy w sobie wiele typ\u00f3w czujnik\u00f3w, aby wykry\u0107 po\u017car jak najwcze\u015bniej. Zawiera oba <strong>optyczny czujnik dymu, sta\u0142y czujnik temperatury i wykrywanie szybkiego wzrostu temperatury<\/strong>.<\/p>\n<p>Detektor wykorzystuje <strong>Technologia bezprzewodowa PowerG<\/strong> co zapewnia stabiln\u0105 i bezpieczn\u0105 komunikacj\u0119 z systemem alarmowym.<\/p>\n<hr \/>\n<h2>Zast\u0119puje poprzednie modele<\/h2>\n<p>SMD-976 PGP to najnowsza generacja czujek po\u017carowych PowerG, kt\u00f3ra mo\u017ce zast\u0105pi\u0107 poprzednie modele w wielu instalacjach, takich jak: <strong>Visonic SMD-429<\/strong>.<\/p>\n<p>Nowy model oferuje ulepszon\u0105 diagnostyk\u0119, d\u0142u\u017csz\u0105 \u017cywotno\u015b\u0107 baterii i nowoczesn\u0105 komunikacj\u0119 PowerG.<\/p>\n<hr \/>\n<h2>Zaawansowana diagnostyka<\/h2>\n<p>Detektor oferuje szereg funkcji, kt\u00f3re u\u0142atwiaj\u0105 serwis i konserwacj\u0119:<\/p>\n<ul>\n<li>raportowanie w czasie rzeczywistym poziomu na\u0142adowania baterii za po\u015brednictwem panelu alarmowego<\/li>\n<li>monitorowanie zapylenia komory dymowej (z kompatybilnymi panelami PowerG+)<\/li>\n<li>\u0142atwy dost\u0119p do komory w\u0119dzarniczej w celu czyszczenia<\/li>\n<\/ul>\n<p>Funkcje te pomagaj\u0105 zachowa\u0107 optymaln\u0105 wydajno\u015b\u0107 przez d\u0142ugi czas.<\/p>\n<hr \/>\n<h2>Technologia PowerG<\/h2>\n<p>PowerG to zaawansowana technologia bezprzewodowa firmy Visonics przeznaczona do produkt\u00f3w zabezpieczaj\u0105cych, kt\u00f3ra oferuje:<\/p>\n<ul>\n<li>wysoka niezawodno\u015b\u0107 operacyjna<\/li>\n<li>stabilna komunikacja<\/li>\n<li>dalekiego zasi\u0119gu<\/li>\n<li>dwukierunkowa komunikacja mi\u0119dzy czujnikiem a central\u0105<\/li>\n<\/ul>\n<hr \/>\n<h2>Zgodno\u015b\u0107<\/h2>\n<p>SMD-976 PGP jest kompatybilny z <strong>Panele Visonic PowerMaster od wersji oprogramowania uk\u0142adowego 20.xxx i nowszych<\/strong>.<\/p>\n<p>Obecnie pojawiaj\u0105 si\u0119 doniesienia, \u017ce niekt\u00f3re starsze panele PowerMaster ze starszym oprogramowaniem uk\u0142adowym mog\u0105 mie\u0107 problemy z po\u0142\u0105czeniem si\u0119 z tym modelem. Wed\u0142ug producenta dost\u0119pna jest zaktualizowana wersja produktu. <strong>Johnson Controls (JCI)<\/strong> w trakcie opracowywania w celu zapewnienia lepszej kompatybilno\u015bci ze starszymi systemami.<\/p>\n<p>Je\u015bli nie masz pewno\u015bci, jakiego oprogramowania sprz\u0119towego u\u017cywa Tw\u00f3j panel sterowania, zalecamy kontakt z nami przed zakupem.<\/p>\n<hr \/>\n<h2>Instalacja<\/h2>\n<p>Detektor jest zazwyczaj montowany na suficie i zasilany bateryjnie. Wbudowana syrena piezoelektryczna zapewnia lokalny alarm w przypadku po\u017caru.<\/p>\n<hr \/>\n<h2>G\u0142\u00f3wne cechy<\/h2>\n<ul>\n<li>Bezprzewodowy czujnik dymu i ciep\u0142a<\/li>\n<li>Optyczny czujnik dymu<\/li>\n<li>Sta\u0142e wykrywanie temperatury<\/li>\n<li>Wykrywanie szybkiego wzrostu temperatury<\/li>\n<li>Technologia bezprzewodowa PowerG<\/li>\n<li>Wbudowana syrena<\/li>\n<li>Raportowanie poziomu na\u0142adowania baterii w czasie rzeczywistym<\/li>\n<li>Monitorowanie zapylenia komory dymowej<\/li>\n<li>Zast\u0119puje poprzedni model SMD-429<\/li>\n<\/ul>\n<hr \/>\n<h2>Dodawanie detektora do PowerMaster<\/h2>\n<ol>\n<li>Przejd\u017a do menu instalacji w panelu sterowania PowerMaster.<\/li>\n<li>Wybiera\u0107 <strong>Zarejestruj urz\u0105dzenie \/ Dodaj urz\u0105dzenie<\/strong>.<\/li>\n<li>Aby aktywowa\u0107 detektor, w\u0142\u00f3\u017c bateri\u0119 lub wyjmij zak\u0142adk\u0119 baterii.<\/li>\n<li>Panel sterowania automatycznie znajdzie urz\u0105dzenie, kt\u00f3re mo\u017cesz zapisa\u0107.<\/li>\n<\/ol>","protected":false},"excerpt":{"rendered":"<p><strong>Visonic SMD-976 PGP<\/strong> jest bezprzewodowy <strong>Czujnik dymu i ciep\u0142a PowerG<\/strong> Do system\u00f3w Visonic PowerMaster. Wykrywa zar\u00f3wno dym, sta\u0142\u0105 temperatur\u0119, jak i gwa\u0142towny wzrost temperatury, a tak\u017ce posiada wbudowan\u0105 syren\u0119 do sygnalizacji lokalnego alarmu.<\/p>\n<p>Detektor jest kompatybilny z <strong>IQ i<\/strong>\u00a0<strong>Panele PowerMaster od wersji oprogramowania 20.xxx<\/strong> i nowszych. Mo\u017cna go u\u017cywa\u0107 jako zamiennika starszych modeli, takich jak <strong>SMD-429<\/strong>.<\/p>","protected":false},"featured_media":162405,"template":"","meta":{"_acf_changed":false},"product_brand":[],"product_cat":[3383],"product_tag":[],"class_list":{"0":"post-162406","1":"product","2":"type-product","3":"status-publish","4":"has-post-thumbnail","6":"product_cat-visonic-brandvarnare-vattendetektor-temperatur","7":"pa_brands-5visonic","8":"tm-no-options","10":"first","11":"instock","12":"sale","13":"taxable","14":"shipping-taxable","15":"purchasable","16":"product-type-simple"},"acf":[],"_links":{"self":[{"href":"https:\/\/secureus.se\/pl\/wp-json\/wp\/v2\/product\/162406","targetHints":{"allow":["GET"]}}],"collection":[{"href":"https:\/\/secureus.se\/pl\/wp-json\/wp\/v2\/product"}],"about":[{"href":"https:\/\/secureus.se\/pl\/wp-json\/wp\/v2\/types\/product"}],"wp:featuredmedia":[{"embeddable":true,"href":"https:\/\/secureus.se\/pl\/wp-json\/wp\/v2\/media\/162405"}],"wp:attachment":[{"href":"https:\/\/secureus.se\/pl\/wp-json\/wp\/v2\/media?parent=162406"}],"wp:term":[{"taxonomy":"product_brand","embeddable":true,"href":"https:\/\/secureus.se\/pl\/wp-json\/wp\/v2\/product_brand?post=162406"},{"taxonomy":"product_cat","embeddable":true,"href":"https:\/\/secureus.se\/pl\/wp-json\/wp\/v2\/product_cat?post=162406"},{"taxonomy":"product_tag","embeddable":true,"href":"https:\/\/secureus.se\/pl\/wp-json\/wp\/v2\/product_tag?post=162406"}],"curies":[{"name":"wp","href":"https:\/\/api.w.org\/{rel}","templated":true}]}}