{"id":162487,"date":"2026-02-19T16:01:28","date_gmt":"2026-02-19T15:01:28","guid":{"rendered":"https:\/\/secureus.se\/ajax-curtain-outdoor-jeweller-vit\/"},"modified":"2026-03-09T20:38:10","modified_gmt":"2026-03-09T19:38:10","slug":"ajax-curtain-outdoor-jeweller-vit","status":"publish","type":"product","link":"https:\/\/secureus.se\/pl\/ajax-curtain-outdoor-jeweller-vit\/","title":{"rendered":"Zas\u0142ona Ajax Outdoor White"},"content":{"rendered":"<h1>Ajax Curtain Outdoor Jeweler White<\/h1>\n<p data-start=\"256\" data-end=\"584\">Ajax Curtain Outdoor Jeweller to profesjonalny bezprzewodowy czujnik ruchu do zas\u0142on, opracowany do precyzyjnego nadzoru obwodowego zar\u00f3wno na zewn\u0105trz, jak i wewn\u0105trz budynk\u00f3w.<\/p>\n<p data-start=\"256\" data-end=\"584\">Ma on na celu ochron\u0119 najbardziej nara\u017conych na w\u0142amanie miejsc w obiekcie \u2013 okien, drzwi, bram, ogrodze\u0144, przej\u015b\u0107 i innych otwor\u00f3w \u2013 gdzie wczesne wykrycie w\u0142amania ma kluczowe znaczenie.<\/p>\n<p data-start=\"586\" data-end=\"964\">W przeciwie\u0144stwie do tradycyjnych czujnik\u00f3w ruchu, Curtain Outdoor Jeweller dzia\u0142a w w\u0105skiej, kierunkowej strefie wykrywania, co umo\u017cliwia skuteczn\u0105 ochron\u0119 wzd\u0142u\u017c granicy budynku bez ograniczania ruchu w tym obszarze.<\/p>\n<p data-start=\"586\" data-end=\"964\">Dzi\u0119ki temu system ten idealnie nadaje si\u0119 do stosowania w domach, obiektach komercyjnych, magazynach, biurach i innych miejscach, w kt\u00f3rych bezpiecze\u0144stwo jest szczeg\u00f3lnie wa\u017cne, gdzie wymagane s\u0105 alarmy obwodowe.<\/p>\n<h3 data-section-id=\"wllvvg\" data-start=\"971\" data-end=\"1015\">Precyzyjne wykrywanie kurtyny w celu alarmu obwodowego<\/h3>\n<p data-start=\"1016\" data-end=\"1323\">Curtain Outdoor Jeweller wykorzystuje w\u0105ski k\u0105t detekcji wynosz\u0105cy zaledwie ok. 8\u00b0, tworz\u0105c precyzyjn\u0105 i kontrolowan\u0105 stref\u0119 nadzoru wzd\u0142u\u017c \u015bcian, okien i przej\u015b\u0107.<\/p>\n<p data-start=\"1016\" data-end=\"1323\">Dzi\u0119ki temu mo\u017cliwe jest wykrycie w\u0142amania jeszcze przed wej\u015bciem do budynku, co zapewnia skuteczn\u0105 ochron\u0119 mienia.<\/p>\n<p data-start=\"1325\" data-end=\"1567\">Ruch mo\u017cna wykry\u0107 z odleg\u0142o\u015bci do 12 metr\u00f3w, w zale\u017cno\u015bci od wysoko\u015bci monta\u017cu i ustawie\u0144.<\/p>\n<p data-start=\"1325\" data-end=\"1567\">Czujnik mo\u017cna dostosowa\u0107 do r\u00f3\u017cnych zasi\u0119g\u00f3w i \u015brodowisk, co zapewnia du\u017c\u0105 elastyczno\u015b\u0107 podczas instalacji.<\/p>\n<p data-start=\"1569\" data-end=\"1602\">Dzi\u0119ki temu nadaje si\u0119 szczeg\u00f3lnie do:<\/p>\n<ul data-start=\"1604\" data-end=\"1752\">\n<li data-section-id=\"1xft39\" data-start=\"1604\" data-end=\"1631\">\n<p data-start=\"1606\" data-end=\"1631\">Fasady i \u015bciany zewn\u0119trzne<\/p>\n<\/li>\n<li data-section-id=\"1cgn0ty\" data-start=\"1632\" data-end=\"1657\">\n<p data-start=\"1634\" data-end=\"1657\">Wej\u015bcia i tylne drzwi<\/p>\n<\/li>\n<li data-section-id=\"1o408z9\" data-start=\"1658\" data-end=\"1674\">\n<p data-start=\"1660\" data-end=\"1674\">Bramy gara\u017cowe<\/p>\n<\/li>\n<li data-section-id=\"1g65czz\" data-start=\"1675\" data-end=\"1693\">\n<p data-start=\"1677\" data-end=\"1693\">Sekcje okienne<\/p>\n<\/li>\n<li data-section-id=\"9ybatx\" data-start=\"1694\" data-end=\"1716\">\n<p data-start=\"1696\" data-end=\"1716\">Bramy i ogrodzenia<\/p>\n<\/li>\n<li data-section-id=\"w2qid0\" data-start=\"1717\" data-end=\"1752\">\n<p data-start=\"1719\" data-end=\"1752\">Przej\u015bcia i w\u0105skie przestrzenie<\/p>\n<\/li>\n<\/ul>\n<h3 data-start=\"1719\" data-end=\"1752\">Podw\u00f3jna technologia zapewniaj\u0105ca maksymaln\u0105 niezawodno\u015b\u0107<\/h3>\n<p data-start=\"1803\" data-end=\"2042\">Aby zagwarantowa\u0107 najwy\u017csz\u0105 niezawodno\u015b\u0107 dzia\u0142ania, Ajax Curtain Outdoor Jeweller wykorzystuje zaawansowan\u0105 funkcj\u0119 podw\u00f3jnego wykrywania ruchu.<\/p>\n<p data-start=\"1803\" data-end=\"2042\">Urz\u0105dzenie \u0142\u0105czy w sobie dwa czujniki PIR i czujnik mikrofalowy pasma K, kt\u00f3re wsp\u00f3lnie analizuj\u0105 ruch.<\/p>\n<p data-start=\"2044\" data-end=\"2225\">Gdy czujniki PIR zarejestruj\u0105 zmiany temperatury, sygna\u0142 jest poddawany dalszej analizie przez czujnik mikrofalowy.<\/p>\n<p data-start=\"2044\" data-end=\"2225\">Dzi\u0119ki temu system jest w stanie odr\u00f3\u017cni\u0107 rzeczywiste zak\u0142\u00f3cenia od wp\u0142ywu na \u015brodowisko, takiego jak:<\/p>\n<ul data-start=\"2227\" data-end=\"2364\">\n<li data-section-id=\"1g0hmau\" data-start=\"2227\" data-end=\"2243\">\n<p data-start=\"2229\" data-end=\"2243\">Ruchy wiatru<\/p>\n<\/li>\n<li data-section-id=\"7d6fv2\" data-start=\"2244\" data-end=\"2284\">\n<p data-start=\"2246\" data-end=\"2284\">Przep\u0142ywy powietrza z wentylacji lub klimatyzacji<\/p>\n<\/li>\n<li data-section-id=\"1gm22ep\" data-start=\"2285\" data-end=\"2318\">\n<p data-start=\"2287\" data-end=\"2318\">Szybkie zmiany temperatury<\/p>\n<\/li>\n<li data-section-id=\"nr5uo0\" data-start=\"2319\" data-end=\"2342\">\n<p data-start=\"2321\" data-end=\"2342\">Odbicia \u015bwiat\u0142a s\u0142onecznego<\/p>\n<\/li>\n<li data-section-id=\"uf3obh\" data-start=\"2343\" data-end=\"2364\">\n<p data-start=\"2345\" data-end=\"2364\">Ruchome cz\u0119\u015bci ro\u015blin<\/p>\n<\/li>\n<\/ul>\n<p data-start=\"2366\" data-end=\"2634\">Wbudowany algorytm SmartDetect analizuje r\u00f3wnie\u017c sygnatur\u0119 ciepln\u0105, rozmiar obiektu i wzorce ruchu przed uruchomieniem alarmu.<\/p>\n<p data-start=\"2366\" data-end=\"2634\">Efektem jest bardzo wysoka dok\u0142adno\u015b\u0107 i minimalna liczba fa\u0142szywych alarm\u00f3w, nawet w trudnych warunkach zewn\u0119trznych.<\/p>\n<h3 data-section-id=\"sjcg9y\" data-start=\"2641\" data-end=\"2679\">Inteligentne filtrowanie fa\u0142szywych alarm\u00f3w<\/h3>\n<p data-start=\"2680\" data-end=\"2938\">Curtain Outdoor Jeweller wykorzystuje analiz\u0119 korelacji mi\u0119dzy czujnikami w celu potwierdzenia ruchu przed wys\u0142aniem alarmu.<\/p>\n<p data-start=\"2680\" data-end=\"2938\">System aktywuje czujnik mikrofalowy tylko wtedy, gdy czujniki PIR zarejestruj\u0105 odpowiednie sygna\u0142y, co jeszcze bardziej zwi\u0119ksza dok\u0142adno\u015b\u0107.<\/p>\n<p data-start=\"2940\" data-end=\"3149\">Ponadto funkcja kompensacji temperatury zapewnia prawid\u0142owe funkcjonowanie urz\u0105dzenia tak\u017ce w\u00f3wczas, gdy temperatura otoczenia jest zbli\u017cona do temperatury cia\u0142a, na przyk\u0142ad w upalne letnie dni.<\/p>\n<h3 data-section-id=\"cv1b6d\" data-start=\"3156\" data-end=\"3193\">Odporno\u015b\u0107 zwierz\u0105t domowych na bezpieczne codzienne \u017cycie<\/h3>\n<p data-start=\"3194\" data-end=\"3410\">Je\u015bli czujnik zostanie zainstalowany i skonfigurowany prawid\u0142owo, nie b\u0119dzie reagowa\u0142 na zwierz\u0119ta domowe znajduj\u0105ce si\u0119 na wysoko\u015bci do oko\u0142o 1 metra.<\/p>\n<p data-start=\"3194\" data-end=\"3410\">Dzi\u0119ki temu urz\u0105dzenie idealnie nadaje si\u0119 do dom\u00f3w i posesji, gdzie zwierz\u0119ta swobodnie przemieszczaj\u0105 si\u0119 w pobli\u017cu obszar\u00f3w chronionych.<\/p>\n<p data-start=\"3412\" data-end=\"3615\">Dzi\u0119ki regulacji wysoko\u015bci instalacji i pozycji wykrywania mo\u017cna zoptymalizowa\u0107 czujnik tak, aby ignorowa\u0142 mniejsze zwierz\u0119ta, zachowuj\u0105c jednocze\u015bnie wysok\u0105 czu\u0142o\u015b\u0107 na ludzi<\/p>","protected":false},"excerpt":{"rendered":"<p>Ajax Curtain Outdoor Jeweller to zaawansowany bezprzewodowy czujnik ruchu zas\u0142on przeznaczony do stosowania zar\u00f3wno wewn\u0105trz, jak i na zewn\u0105trz budynk\u00f3w.<\/p>\n<p>System ten zosta\u0142 opracowany w celu ochrony okien, drzwi, bram i innych przej\u015b\u0107 poprzez precyzyjny nadz\u00f3r obwodowy.<\/p>\n<p>Dzi\u0119ki technologii podw\u00f3jnego wykrywania, zasi\u0119gowi do 12 metr\u00f3w i inteligentnemu filtrowaniu fa\u0142szywych alarm\u00f3w zapewnia niezawodne bezpiecze\u0144stwo w ka\u017cdym \u015brodowisku.<\/p>\n<p>Urz\u0105dzenie jest odporne na warunki atmosferyczne, nie ma dost\u0119pu do zwierz\u0105t domowych i mo\u017ce pracowa\u0107 do 3 lat na baterii, dzi\u0119ki czemu idealnie nadaje si\u0119 do profesjonalnych instalacji alarmowych.<\/p>","protected":false},"featured_media":162485,"template":"","meta":{"_acf_changed":false},"product_brand":[],"product_cat":[3156,3157],"product_tag":[],"class_list":{"0":"post-162487","1":"product","2":"type-product","3":"status-publish","4":"has-post-thumbnail","6":"product_cat-rorelse-och-kamera","7":"product_cat-utomhussakerhet","8":"pa_brands-ajax-systems","9":"pa_farg-vit","10":"tm-no-options","12":"first","13":"instock","14":"taxable","15":"shipping-taxable","16":"purchasable","17":"product-type-simple"},"acf":[],"_links":{"self":[{"href":"https:\/\/secureus.se\/pl\/wp-json\/wp\/v2\/product\/162487","targetHints":{"allow":["GET"]}}],"collection":[{"href":"https:\/\/secureus.se\/pl\/wp-json\/wp\/v2\/product"}],"about":[{"href":"https:\/\/secureus.se\/pl\/wp-json\/wp\/v2\/types\/product"}],"wp:featuredmedia":[{"embeddable":true,"href":"https:\/\/secureus.se\/pl\/wp-json\/wp\/v2\/media\/162485"}],"wp:attachment":[{"href":"https:\/\/secureus.se\/pl\/wp-json\/wp\/v2\/media?parent=162487"}],"wp:term":[{"taxonomy":"product_brand","embeddable":true,"href":"https:\/\/secureus.se\/pl\/wp-json\/wp\/v2\/product_brand?post=162487"},{"taxonomy":"product_cat","embeddable":true,"href":"https:\/\/secureus.se\/pl\/wp-json\/wp\/v2\/product_cat?post=162487"},{"taxonomy":"product_tag","embeddable":true,"href":"https:\/\/secureus.se\/pl\/wp-json\/wp\/v2\/product_tag?post=162487"}],"curies":[{"name":"wp","href":"https:\/\/api.w.org\/{rel}","templated":true}]}}