{"id":162542,"date":"2026-02-12T12:10:09","date_gmt":"2026-02-12T11:10:09","guid":{"rendered":"https:\/\/secureus.se\/?post_type=product&#038;p=162542"},"modified":"2026-04-09T15:33:43","modified_gmt":"2026-04-09T13:33:43","slug":"magnetfasta-for-motion-eye-pro-och-andra-tillampningar","status":"publish","type":"product","link":"https:\/\/secureus.se\/pl\/magnetfasta-for-motion-eye-pro-och-andra-tillampningar\/","title":{"rendered":"Magnetyczny uchwyt do Motion Eye Pro i innych zastosowa\u0144"},"content":{"rendered":"<h2 data-start=\"148\" data-end=\"208\">Magnetyczny uchwyt \u015bcienny \u2013 do MotionEye Pro i innych urz\u0105dze\u0144<\/h2>\n<p data-start=\"210\" data-end=\"452\">Praktyczny i stabilny uchwyt magnetyczny, kt\u00f3ry u\u0142atwia monta\u017c i ustawienie urz\u0105dzenia dok\u0142adnie tam, gdzie chcesz. Idealny jako dodatek do <strong data-start=\"350\" data-end=\"375\">SecureX MotionEye Pro<\/strong>, ale r\u00f3wnie dobrze sprawdza si\u0119 w przypadku wielu innych produkt\u00f3w u\u017cywanych w domu lub biurze.<\/p>\n<hr data-start=\"454\" data-end=\"457\" \/>\n<h2 data-start=\"459\" data-end=\"492\">Bardzo mocna technologia podw\u00f3jnego magnesu<\/h2>\n<p data-start=\"494\" data-end=\"675\">W uchwycie zastosowano silne magnesy N52 z bezpo\u015brednim kontaktem magnetycznym, co zapewnia maksymaln\u0105 przyczepno\u015b\u0107.<br data-start=\"578\" data-end=\"581\" \/>Jeden magnes jest w stanie utrzyma\u0107 ci\u0119\u017car do 250 gram\u00f3w, a rozwi\u0105zanie z dwoma magnesami zapewnia jeszcze wi\u0119ksz\u0105 stabilno\u015b\u0107.<\/p>\n<p data-start=\"677\" data-end=\"787\">Rezultatem jest bezpieczne i niezawodne mocowanie, kt\u00f3re mocno trzyma urz\u0105dzenie na miejscu, nie \u015blizgaj\u0105c si\u0119 ani nie luzuj\u0105c.<\/p>\n<hr data-start=\"789\" data-end=\"792\" \/>\n<h2 data-start=\"794\" data-end=\"835\">Silikon ochronny zapewniaj\u0105cy bezpieczne u\u017cytkowanie<\/h2>\n<p data-start=\"837\" data-end=\"892\">Magnesy s\u0105 delikatnie osadzone w trwa\u0142ym silikonie, kt\u00f3ry:<\/p>\n<ul data-start=\"894\" data-end=\"1017\">\n<li data-start=\"894\" data-end=\"935\">\n<p data-start=\"896\" data-end=\"935\">Chroni \u015bciany i urz\u0105dzenia przed zarysowaniami<\/p>\n<\/li>\n<li data-start=\"936\" data-end=\"974\">\n<p data-start=\"938\" data-end=\"974\">Zapewnia stabilny i delikatny chwyt<\/p>\n<\/li>\n<li data-start=\"975\" data-end=\"1017\">\n<p data-start=\"977\" data-end=\"1017\">Zapobiega przypadkowemu upadkowi urz\u0105dzenia<\/p>\n<\/li>\n<\/ul>\n<p data-start=\"1019\" data-end=\"1098\">Przemy\u015blana konstrukcja sprawia, \u017ce wszystko jest bezpiecznie na swoim miejscu, nawet podczas codziennego u\u017cytkowania.<\/p>\n<hr data-start=\"1100\" data-end=\"1103\" \/>\n<h2 data-start=\"1105\" data-end=\"1147\">Szybka instalacja \u2013 bez konieczno\u015bci wiercenia<\/h2>\n<p data-start=\"1149\" data-end=\"1189\">Monta\u017c zajmuje kilka sekund i nie wymaga u\u017cycia narz\u0119dzi.<\/p>\n<ol data-start=\"1191\" data-end=\"1262\">\n<li data-start=\"1191\" data-end=\"1216\">\n<p data-start=\"1194\" data-end=\"1216\">Zdejmij foli\u0119 ochronn\u0105<\/p>\n<\/li>\n<li data-start=\"1217\" data-end=\"1251\">\n<p data-start=\"1220\" data-end=\"1251\">Umie\u015b\u0107 uchwyt na g\u0142adkiej powierzchni<\/p>\n<\/li>\n<li data-start=\"1252\" data-end=\"1262\">\n<p data-start=\"1255\" data-end=\"1262\">Jasne<\/p>\n<\/li>\n<\/ol>\n<p data-start=\"1264\" data-end=\"1367\">Mocny klej akrylowy zapewnia bardzo dobr\u0105 przyczepno\u015b\u0107, a jednocze\u015bnie umo\u017cliwia usuwanie folii bez pozostawiania \u015blad\u00f3w.<\/p>\n<hr data-start=\"1369\" data-end=\"1372\" \/>\n<h2 data-start=\"1374\" data-end=\"1397\">Wszechstronne zastosowanie<\/h2>\n<p data-start=\"1399\" data-end=\"1490\">Uchwyt mo\u017cna stosowa\u0107 na wi\u0119kszo\u015bci g\u0142adkich powierzchni i nadaje si\u0119 nie tylko do czujnik\u00f3w.<\/p>\n<p data-start=\"1492\" data-end=\"1514\">Przyk\u0142ad u\u017cycia:<\/p>\n<ul data-start=\"1515\" data-end=\"1703\">\n<li data-start=\"1515\" data-end=\"1549\">\n<p data-start=\"1517\" data-end=\"1549\">Detektory ruchu i czujniki<\/p>\n<\/li>\n<li data-start=\"1550\" data-end=\"1569\">\n<p data-start=\"1552\" data-end=\"1569\">Piloty zdalnego sterowania<\/p>\n<\/li>\n<li data-start=\"1570\" data-end=\"1592\">\n<p data-start=\"1572\" data-end=\"1592\">Inteligentne urz\u0105dzenia domowe<\/p>\n<\/li>\n<li data-start=\"1593\" data-end=\"1617\">\n<p data-start=\"1595\" data-end=\"1617\">\u0141adowarki i adaptery<\/p>\n<\/li>\n<li data-start=\"1618\" data-end=\"1649\">\n<p data-start=\"1620\" data-end=\"1649\">Klucze lub drobne akcesoria<\/p>\n<\/li>\n<li data-start=\"1650\" data-end=\"1703\">\n<p data-start=\"1652\" data-end=\"1703\">Inne lekkie urz\u0105dzenia wymagaj\u0105ce sta\u0142ej lokalizacji<\/p>\n<\/li>\n<\/ul>\n<hr data-start=\"1705\" data-end=\"1708\" \/>\n<h2 data-start=\"1710\" data-end=\"1751\">\u0141atwe rozmieszczenie \u2013 elastyczne zastosowanie<\/h2>\n<p data-start=\"1753\" data-end=\"1918\">\u0141atwy spos\u00f3b monta\u017cu, przenoszenia i regulacji urz\u0105dze\u0144 bez \u015brub i sta\u0142ych ingerencji. Idealny, gdy zale\u017cy Ci na czystej instalacji i maksymalnej elastyczno\u015bci.<\/p>","protected":false},"excerpt":{"rendered":"<p><strong>Magnetyczny uchwyt \u015bcienny z technologi\u0105 podw\u00f3jnego magnesu, zapewniaj\u0105cy bezpieczny i elastyczny monta\u017c. <\/strong><\/p>\n<p><strong>Doskonale nadaje si\u0119 jako akcesorium do SecureX MotionEye Pro, ale mo\u017cna go r\u00f3wnie\u017c stosowa\u0107 do innych czujnik\u00f3w, pilot\u00f3w i ma\u0142ych urz\u0105dze\u0144. <\/strong><\/p>\n<p><strong>Szybki monta\u017c bez wiercenia, z mocn\u0105, samoprzylepn\u0105 powierzchni\u0105.<\/strong><\/p>","protected":false},"featured_media":162541,"template":"","meta":{"_acf_changed":false},"product_brand":[],"product_cat":[5065],"product_tag":[],"class_list":{"0":"post-162542","1":"product","2":"type-product","3":"status-publish","4":"has-post-thumbnail","6":"product_cat-securex-tillbehor","7":"pa_brands-securex","8":"tm-no-options","10":"first","11":"instock","12":"sale","13":"taxable","14":"shipping-taxable","15":"purchasable","16":"product-type-simple"},"acf":[],"_links":{"self":[{"href":"https:\/\/secureus.se\/pl\/wp-json\/wp\/v2\/product\/162542","targetHints":{"allow":["GET"]}}],"collection":[{"href":"https:\/\/secureus.se\/pl\/wp-json\/wp\/v2\/product"}],"about":[{"href":"https:\/\/secureus.se\/pl\/wp-json\/wp\/v2\/types\/product"}],"wp:featuredmedia":[{"embeddable":true,"href":"https:\/\/secureus.se\/pl\/wp-json\/wp\/v2\/media\/162541"}],"wp:attachment":[{"href":"https:\/\/secureus.se\/pl\/wp-json\/wp\/v2\/media?parent=162542"}],"wp:term":[{"taxonomy":"product_brand","embeddable":true,"href":"https:\/\/secureus.se\/pl\/wp-json\/wp\/v2\/product_brand?post=162542"},{"taxonomy":"product_cat","embeddable":true,"href":"https:\/\/secureus.se\/pl\/wp-json\/wp\/v2\/product_cat?post=162542"},{"taxonomy":"product_tag","embeddable":true,"href":"https:\/\/secureus.se\/pl\/wp-json\/wp\/v2\/product_tag?post=162542"}],"curies":[{"name":"wp","href":"https:\/\/api.w.org\/{rel}","templated":true}]}}