{"id":162548,"date":"2025-10-02T12:23:02","date_gmt":"2025-10-02T10:23:02","guid":{"rendered":"https:\/\/secureus.se\/?post_type=product&#038;p=162548"},"modified":"2026-04-09T15:43:14","modified_gmt":"2026-04-09T13:43:14","slug":"solpanel-for-sirenguard-pro","status":"publish","type":"product","link":"https:\/\/secureus.se\/pl\/solpanel-for-sirenguard-pro\/","title":{"rendered":"Panel s\u0142oneczny \u2013 do produkt\u00f3w SirenGuard Pro i Smart"},"content":{"rendered":"<h2 data-start=\"42\" data-end=\"110\">Panel s\u0142oneczny \u2013 do SirenGuard Pro i innych inteligentnych produkt\u00f3w<\/h2>\n<p data-start=\"112\" data-end=\"404\">Ten <strong data-start=\"118\" data-end=\"143\">wysokowydajny panel s\u0142oneczny<\/strong> jest niezawodnym \u017ar\u00f3d\u0142em zasilania dla <strong data-start=\"174\" data-end=\"215\"><span class=\"hover:entity-accent entity-underline inline cursor-pointer align-baseline\"><span class=\"whitespace-normal\">SecureX SirenGuard Pro<\/span><\/span><\/strong> i innych kompatybilnych inteligentnych produkt\u00f3w. Panel jest przeznaczony do <strong data-start=\"280\" data-end=\"309\">ci\u0105g\u0142a praca na zewn\u0105trz<\/strong> i zmniejsza potrzeb\u0119 wymiany baterii, dzi\u0119ki czemu Tw\u00f3j system bezpiecze\u0144stwa jest zawsze aktywny \u2013 przez ca\u0142y rok.<\/p>\n<p data-start=\"406\" data-end=\"639\">Z <strong data-start=\"410\" data-end=\"440\">monokrystaliczne ogniwa s\u0142oneczne<\/strong> I <strong data-start=\"445\" data-end=\"463\">Laminowanie PET<\/strong> Panel zapewnia wysok\u0105 wydajno\u015b\u0107 nawet w cz\u0119\u015bciowym zacienieniu. <strong data-start=\"531\" data-end=\"564\">obudowa ABS+PC odporna na warunki atmosferyczne<\/strong> wytrzymuje trudne warunki klimatyczne i <strong data-start=\"591\" data-end=\"615\">Kabel o d\u0142ugo\u015bci 3 metr\u00f3w<\/strong> zapewnia elastyczne rozmieszczenie.<\/p>\n<hr data-start=\"641\" data-end=\"644\" \/>\n<h3 data-start=\"646\" data-end=\"665\">G\u0142\u00f3wne funkcje<\/h3>\n<ul data-start=\"666\" data-end=\"1017\">\n<li data-start=\"666\" data-end=\"750\">\n<p data-start=\"668\" data-end=\"750\"><strong data-start=\"668\" data-end=\"686\">Dzia\u0142anie autonomiczne:<\/strong> \u0141aduje syreny zewn\u0119trzne i inteligentne urz\u0105dzenia bezpo\u015brednio za pomoc\u0105 energii s\u0142onecznej<\/p>\n<\/li>\n<li data-start=\"751\" data-end=\"815\">\n<p data-start=\"753\" data-end=\"815\"><strong data-start=\"753\" data-end=\"774\">Wysoka wydajno\u015b\u0107:<\/strong> Monokrystaliczny krzem + laminowanie PET<\/p>\n<\/li>\n<li data-start=\"816\" data-end=\"873\">\n<p data-start=\"818\" data-end=\"873\"><strong data-start=\"818\" data-end=\"842\">Solidna konstrukcja:<\/strong> Obudowa ABS+PC odporna na warunki atmosferyczne<\/p>\n<\/li>\n<li data-start=\"874\" data-end=\"949\">\n<p data-start=\"876\" data-end=\"949\"><strong data-start=\"876\" data-end=\"902\">Elastyczna instalacja:<\/strong> Zestaw do monta\u017cu na \u015bcianie, suficie lub pod\u0142o\u017cu<\/p>\n<\/li>\n<li data-start=\"950\" data-end=\"1017\">\n<p data-start=\"952\" data-end=\"1017\"><strong data-start=\"952\" data-end=\"972\">D\u0142ugo\u015b\u0107 kabla:<\/strong> 3 m dla \u0142atwego umieszczenia w optymalnym miejscu nas\u0142onecznionym<\/p>\n<\/li>\n<\/ul>\n<hr data-start=\"1019\" data-end=\"1022\" \/>\n<h3 data-start=\"1024\" data-end=\"1042\">Zgodno\u015b\u0107<\/h3>\n<ul data-start=\"1043\" data-end=\"1232\">\n<li data-start=\"1043\" data-end=\"1086\">\n<p data-start=\"1045\" data-end=\"1086\"><strong data-start=\"1045\" data-end=\"1071\">SecureX SirenGuard Pro<\/strong> syrena zewn\u0119trzna<\/p>\n<\/li>\n<li data-start=\"1087\" data-end=\"1156\">\n<p data-start=\"1089\" data-end=\"1156\">Inne produkty inteligentnego domu z <strong data-start=\"1120\" data-end=\"1154\">Interfejs \u0142adowania 5V (typ U)<\/strong><\/p>\n<\/li>\n<li data-start=\"1157\" data-end=\"1232\">\n<p data-start=\"1159\" data-end=\"1232\">Idealny dla <strong data-start=\"1171\" data-end=\"1207\">domki letniskowe, gara\u017ce, ogrody<\/strong> i miejsca bez sta\u0142ego pr\u0105du<\/p>\n<\/li>\n<\/ul>\n<hr data-start=\"1234\" data-end=\"1237\" \/>\n<h3 data-start=\"1239\" data-end=\"1251\">Korzy\u015bci<\/h3>\n<ul data-start=\"1252\" data-end=\"1500\">\n<li data-start=\"1252\" data-end=\"1313\">\n<p data-start=\"1254\" data-end=\"1313\"><strong data-start=\"1254\" data-end=\"1270\">Przyjazny dla \u015brodowiska:<\/strong> Energia odnawialna o mniejszym wp\u0142ywie na klimat<\/p>\n<\/li>\n<li data-start=\"1314\" data-end=\"1383\">\n<p data-start=\"1316\" data-end=\"1383\"><strong data-start=\"1316\" data-end=\"1337\">Op\u0142acalne:<\/strong> Brak koszt\u00f3w eksploatacji energii elektrycznej dla jednostek zewn\u0119trznych<\/p>\n<\/li>\n<li data-start=\"1384\" data-end=\"1442\">\n<p data-start=\"1386\" data-end=\"1442\"><strong data-start=\"1386\" data-end=\"1399\">Niezawodny:<\/strong> Dzia\u0142a nawet w p\u00f3\u0142cieniu<\/p>\n<\/li>\n<li data-start=\"1443\" data-end=\"1500\">\n<p data-start=\"1445\" data-end=\"1500\"><strong data-start=\"1445\" data-end=\"1463\">Bezobs\u0142ugowy:<\/strong> Brak ruchomych cz\u0119\u015bci, d\u0142uga \u017cywotno\u015b\u0107<\/p>\n<\/li>\n<\/ul>\n<hr data-start=\"1502\" data-end=\"1505\" \/>\n<h2 data-start=\"1507\" data-end=\"1531\">Specyfikacja techniczna panelu s\u0142onecznego \u2013 dla SirenGuard Pro.<\/h2>\n<ul data-start=\"1532\" data-end=\"1829\">\n<li data-start=\"1532\" data-end=\"1578\">\n<p data-start=\"1534\" data-end=\"1578\"><strong data-start=\"1534\" data-end=\"1554\">Materia\u0142 ogniw s\u0142onecznych:<\/strong> Monokrystaliczny krzem<\/p>\n<\/li>\n<li data-start=\"1579\" data-end=\"1609\">\n<p data-start=\"1581\" data-end=\"1609\"><strong data-start=\"1581\" data-end=\"1597\">Efekt panelu:<\/strong> 4W \/ 6V<\/p>\n<\/li>\n<li data-start=\"1610\" data-end=\"1637\">\n<p data-start=\"1612\" data-end=\"1637\"><strong data-start=\"1612\" data-end=\"1631\">Napi\u0119cie robocze:<\/strong> 5V<\/p>\n<\/li>\n<li data-start=\"1638\" data-end=\"1665\">\n<p data-start=\"1640\" data-end=\"1665\"><strong data-start=\"1640\" data-end=\"1656\">Maksymalny pr\u0105d wyj\u015bciowy:<\/strong> 580mA<\/p>\n<\/li>\n<li data-start=\"1666\" data-end=\"1707\">\n<p data-start=\"1668\" data-end=\"1707\"><strong data-start=\"1668\" data-end=\"1690\">Technologia produkcji:<\/strong> Laminowanie PET<\/p>\n<\/li>\n<li data-start=\"1708\" data-end=\"1731\">\n<p data-start=\"1710\" data-end=\"1731\"><strong data-start=\"1710\" data-end=\"1720\">Ok\u0142adka:<\/strong> ABS + PC<\/p>\n<\/li>\n<li data-start=\"1732\" data-end=\"1766\">\n<p data-start=\"1734\" data-end=\"1766\"><strong data-start=\"1734\" data-end=\"1758\">Interfejs \u0142adowania:<\/strong> Typ U<\/p>\n<\/li>\n<li data-start=\"1767\" data-end=\"1790\">\n<p data-start=\"1769\" data-end=\"1790\"><strong data-start=\"1769\" data-end=\"1784\">D\u0142ugo\u015b\u0107 kabla:<\/strong> 3m<\/p>\n<\/li>\n<li data-start=\"1791\" data-end=\"1829\">\n<p data-start=\"1793\" data-end=\"1829\"><strong data-start=\"1793\" data-end=\"1809\">Wymiary produktu:<\/strong> 175 \u00d7 120 \u00d7 15 mm<\/p>\n<\/li>\n<\/ul>\n<hr data-start=\"1831\" data-end=\"1834\" \/>\n<h2 data-start=\"1836\" data-end=\"1868\">Zawarto\u015b\u0107 dostawy (lista cz\u0119\u015bci)<\/h2>\n<ul data-start=\"1869\" data-end=\"1934\">\n<li data-start=\"1869\" data-end=\"1891\">\n<p data-start=\"1871\" data-end=\"1891\">Panel s\u0142oneczny: <strong data-start=\"1881\" data-end=\"1889\">1 szt<\/strong><\/p>\n<\/li>\n<li data-start=\"1892\" data-end=\"1912\">\n<p data-start=\"1894\" data-end=\"1912\">Podstawka: <strong data-start=\"1902\" data-end=\"1910\">1 szt<\/strong><\/p>\n<\/li>\n<li data-start=\"1913\" data-end=\"1934\">\n<p data-start=\"1915\" data-end=\"1934\">Zestaw \u015brub: <strong data-start=\"1925\" data-end=\"1934\">1 zestaw<\/strong><\/p>\n<\/li>\n<\/ul>\n<p data-start=\"1936\" data-end=\"1975\"><strong data-start=\"1936\" data-end=\"1957\">Wymiary opakowania:<\/strong> 198 \u00d7 128 \u00d7 62 mm<\/p>","protected":false},"excerpt":{"rendered":"<p>Wysokowydajny panel s\u0142oneczny do SecureX SirenGuard Pro i innych urz\u0105dze\u0144 5V.<\/p>\n<p>Monokrystaliczne ogniwo, odporna na warunki atmosferyczne konstrukcja i elastyczny monta\u017c.<\/p>\n<p>W zestawie kabel o d\u0142ugo\u015bci 3 m.<\/p>","protected":false},"featured_media":162543,"template":"","meta":{"_acf_changed":false},"product_brand":[],"product_cat":[5064,5065],"product_tag":[],"class_list":{"0":"post-162548","1":"product","2":"type-product","3":"status-publish","4":"has-post-thumbnail","6":"product_cat-securex-sirener","7":"product_cat-securex-tillbehor","8":"pa_brands-securex","9":"tm-no-options","11":"first","12":"instock","13":"sale","14":"taxable","15":"shipping-taxable","16":"purchasable","17":"product-type-simple"},"acf":[],"_links":{"self":[{"href":"https:\/\/secureus.se\/pl\/wp-json\/wp\/v2\/product\/162548","targetHints":{"allow":["GET"]}}],"collection":[{"href":"https:\/\/secureus.se\/pl\/wp-json\/wp\/v2\/product"}],"about":[{"href":"https:\/\/secureus.se\/pl\/wp-json\/wp\/v2\/types\/product"}],"wp:featuredmedia":[{"embeddable":true,"href":"https:\/\/secureus.se\/pl\/wp-json\/wp\/v2\/media\/162543"}],"wp:attachment":[{"href":"https:\/\/secureus.se\/pl\/wp-json\/wp\/v2\/media?parent=162548"}],"wp:term":[{"taxonomy":"product_brand","embeddable":true,"href":"https:\/\/secureus.se\/pl\/wp-json\/wp\/v2\/product_brand?post=162548"},{"taxonomy":"product_cat","embeddable":true,"href":"https:\/\/secureus.se\/pl\/wp-json\/wp\/v2\/product_cat?post=162548"},{"taxonomy":"product_tag","embeddable":true,"href":"https:\/\/secureus.se\/pl\/wp-json\/wp\/v2\/product_tag?post=162548"}],"curies":[{"name":"wp","href":"https:\/\/api.w.org\/{rel}","templated":true}]}}