{"id":162552,"date":"2025-09-15T11:16:45","date_gmt":"2025-09-15T09:16:45","guid":{"rendered":"https:\/\/secureus.se\/?post_type=product&#038;p=162552"},"modified":"2026-04-09T15:42:54","modified_gmt":"2026-04-09T13:42:54","slug":"securex-aquaguard-tradlos-vattendetektor","status":"publish","type":"product","link":"https:\/\/secureus.se\/pl\/securex-aquaguard-tradlos-vattendetektor\/","title":{"rendered":"SecureX AquaGuard \u2013 bezprzewodowy czujnik zalania"},"content":{"rendered":"<h2 data-start=\"206\" data-end=\"281\">SecureX AquaGuard \u2013 bezprzewodowy detektor wody do wczesnego ostrzegania o wyciekach<\/h2>\n<p data-start=\"283\" data-end=\"562\">SecureX AquaGuard to niezawodny i \u0142atwy w instalacji bezprzewodowy detektor wody, kt\u00f3ry zapewnia <strong data-start=\"367\" data-end=\"405\">natychmiastowe ostrze\u017cenie o wyciekach wody<\/strong>Jego celem jest wykrywanie wody na wczesnym etapie i tym samym ograniczanie ryzyka kosztownych szk\u00f3d spowodowanych przez wod\u0119 w domach, domkach letniskowych i obiektach komercyjnych.<\/p>\n<p data-start=\"564\" data-end=\"671\">Gdy AquaGuard zetknie si\u0119 z wod\u0105, alarm zostanie wys\u0142any bezpo\u015brednio do <strong data-start=\"633\" data-end=\"651\">Centrum SecureX<\/strong>, co z kolei mo\u017ce:<\/p>\n<ul data-start=\"672\" data-end=\"813\">\n<li data-start=\"672\" data-end=\"700\">\n<p data-start=\"674\" data-end=\"700\">aktywuj alarm w systemie<\/p>\n<\/li>\n<li data-start=\"701\" data-end=\"764\">\n<p data-start=\"703\" data-end=\"764\">wysy\u0142aj powiadomienia push w czasie rzeczywistym za po\u015brednictwem <strong data-start=\"736\" data-end=\"762\">Aplikacja Stonehouse Smart<\/strong><\/p>\n<\/li>\n<li data-start=\"765\" data-end=\"813\">\n<p data-start=\"767\" data-end=\"813\">wyzwoli\u0107 dalsze dzia\u0142ania w systemie SecureX<\/p>\n<\/li>\n<\/ul>\n<p data-start=\"815\" data-end=\"1004\">Czujnik dzia\u0142a <strong data-start=\"832\" data-end=\"865\">lokalnie razem z centrum<\/strong>, co oznacza, \u017ce sam alarm zalania dzia\u0142a nawet bez internetu. Internet jest wymagany jedynie do powiadomie\u0144, zdalnego dost\u0119pu i historii w aplikacji.<\/p>\n<hr data-start=\"1006\" data-end=\"1009\" \/>\n<h3 data-start=\"1011\" data-end=\"1065\">\u0141atwe umieszczenie \u2013 chroni tam, gdzie jest to naprawd\u0119 potrzebne<\/h3>\n<p data-start=\"1066\" data-end=\"1156\">SecureX AquaGuard umieszcza si\u0119 bezpo\u015brednio na pod\u0142odze, w miejscach, w kt\u00f3rych najcz\u0119\u015bciej dochodzi do wyciek\u00f3w wody, np.:<\/p>\n<ul data-start=\"1157\" data-end=\"1296\">\n<li data-start=\"1157\" data-end=\"1175\">\n<p data-start=\"1159\" data-end=\"1175\">pod zlewem<\/p>\n<\/li>\n<li data-start=\"1176\" data-end=\"1212\">\n<p data-start=\"1178\" data-end=\"1212\">przy zmywarce lub pralce<\/p>\n<\/li>\n<li data-start=\"1213\" data-end=\"1251\">\n<p data-start=\"1215\" data-end=\"1251\">w piwnicach, kot\u0142owniach lub pomieszczeniach technicznych<\/p>\n<\/li>\n<li data-start=\"1252\" data-end=\"1296\">\n<p data-start=\"1254\" data-end=\"1296\">w domach wakacyjnych, gdzie nadz\u00f3r jest rzadszy<\/p>\n<\/li>\n<\/ul>\n<p data-start=\"1298\" data-end=\"1414\">Instalacja jest ca\u0142kowicie bezprzewodowa i nie wymaga u\u017cycia narz\u0119dzi. Czujnik mo\u017cna \u0142atwo zamontowa\u0107 za pomoc\u0105 do\u0142\u0105czonej dwustronnej ta\u015bmy klej\u0105cej.<\/p>\n<hr data-start=\"1416\" data-end=\"1419\" \/>\n<h3 data-start=\"1421\" data-end=\"1465\">Stabilna komunikacja i d\u0142ugi czas pracy baterii<\/h3>\n<p data-start=\"1466\" data-end=\"1734\">AquaGuard komunikuje si\u0119 bezprzewodowo za po\u015brednictwem <strong data-start=\"1502\" data-end=\"1522\">433MHz (EV1527)<\/strong> z koncentratorem SecureX i ma do <strong data-start=\"1559\" data-end=\"1593\">Zasi\u0119g 100 metr\u00f3w w warunkach dobrej widoczno\u015bci<\/strong>Jest zasilany przez <strong data-start=\"1608\" data-end=\"1636\">2 baterie AA (pr\u0105d sta\u0142y 3 V)<\/strong> i charakteryzuje si\u0119 bardzo niskim zu\u017cyciem energii, co zapewnia d\u0142ug\u0105 \u017cywotno\u015b\u0107 baterii i niezawodn\u0105 prac\u0119 przez d\u0142ugi czas.<\/p>\n<p data-start=\"1736\" data-end=\"1766\">Wyra\u017any wska\u017anik LED pokazuje:<\/p>\n<ul data-start=\"1767\" data-end=\"1830\">\n<li data-start=\"1767\" data-end=\"1781\">\n<p data-start=\"1769\" data-end=\"1781\">stan alarmu<\/p>\n<\/li>\n<li data-start=\"1782\" data-end=\"1801\">\n<p data-start=\"1784\" data-end=\"1801\">niski poziom na\u0142adowania baterii<\/p>\n<\/li>\n<li data-start=\"1802\" data-end=\"1830\">\n<p data-start=\"1804\" data-end=\"1830\">stan uruchomienia i dzia\u0142ania<\/p>\n<\/li>\n<\/ul>\n<hr data-start=\"1832\" data-end=\"1835\" \/>\n<h3 data-start=\"1837\" data-end=\"1867\">Cz\u0119\u015b\u0107 systemu SecureX<\/h3>\n<p data-start=\"1868\" data-end=\"1973\">SecureX AquaGuard to czujnik dla SecureX, u\u017cywany w po\u0142\u0105czeniu z koncentratorem SecureX. Za po\u015brednictwem koncentratora otrzymujesz:<\/p>\n<ul data-start=\"1974\" data-end=\"2107\">\n<li data-start=\"1974\" data-end=\"2003\">\n<p data-start=\"1976\" data-end=\"2003\">centralne zarz\u0105dzanie alarmami<\/p>\n<\/li>\n<li data-start=\"2004\" data-end=\"2040\">\n<p data-start=\"2006\" data-end=\"2040\">powiadomienia w aplikacji Stonehouse Smart<\/p>\n<\/li>\n<li data-start=\"2041\" data-end=\"2107\">\n<p data-start=\"2043\" data-end=\"2107\">mo\u017cliwo\u015b\u0107 \u0142\u0105czenia alarm\u00f3w wodnych z innymi czujnikami SecureX<\/p>\n<\/li>\n<\/ul>\n<hr data-start=\"2109\" data-end=\"2112\" \/>\n<h3 data-start=\"2114\" data-end=\"2136\">Zalety w skr\u00f3cie<\/h3>\n<ul data-start=\"2137\" data-end=\"2424\">\n<li data-start=\"2137\" data-end=\"2171\">\n<p data-start=\"2139\" data-end=\"2171\">Wczesne wykrywanie wyciek\u00f3w wody<\/p>\n<\/li>\n<li data-start=\"2172\" data-end=\"2210\">\n<p data-start=\"2174\" data-end=\"2210\">Dzia\u0142a lokalnie nawet bez internetu<\/p>\n<\/li>\n<li data-start=\"2211\" data-end=\"2257\">\n<p data-start=\"2213\" data-end=\"2257\">Powiadomienia w czasie rzeczywistym za po\u015brednictwem aplikacji Stonehouse Smart<\/p>\n<\/li>\n<li data-start=\"2258\" data-end=\"2293\">\n<p data-start=\"2260\" data-end=\"2293\">Komunikacja bezprzewodowa (433 MHz)<\/p>\n<\/li>\n<li data-start=\"2294\" data-end=\"2332\">\n<p data-start=\"2296\" data-end=\"2332\">\u0141atwa instalacja bez okablowania<\/p>\n<\/li>\n<li data-start=\"2333\" data-end=\"2377\">\n<p data-start=\"2335\" data-end=\"2377\">Niskie zu\u017cycie energii i d\u0142ugi czas pracy na baterii<\/p>\n<\/li>\n<li data-start=\"2378\" data-end=\"2424\">\n<p data-start=\"2380\" data-end=\"2424\">Wyra\u017ane wskazanie LED alarmu i stanu baterii<\/p>\n<\/li>\n<\/ul>\n<hr data-start=\"2426\" data-end=\"2429\" \/>\n<h3 data-start=\"2431\" data-end=\"2453\">Doskonale nadaje si\u0119 do<\/h3>\n<ul data-start=\"2454\" data-end=\"2586\">\n<li data-start=\"2454\" data-end=\"2479\">\n<p data-start=\"2456\" data-end=\"2479\">Wille i apartamenty<\/p>\n<\/li>\n<li data-start=\"2480\" data-end=\"2511\">\n<p data-start=\"2482\" data-end=\"2511\">Domy wakacyjne i domki letniskowe<\/p>\n<\/li>\n<li data-start=\"2512\" data-end=\"2548\">\n<p data-start=\"2514\" data-end=\"2548\">Piwnice, pralnie i kot\u0142ownie<\/p>\n<\/li>\n<li data-start=\"2549\" data-end=\"2586\">\n<p data-start=\"2551\" data-end=\"2586\">Firmy, magazyny i pomieszczenia techniczne<\/p>\n<\/li>\n<\/ul>","protected":false},"excerpt":{"rendered":"<p><strong data-start=\"2052\" data-end=\"2114\">Bezprzewodowy czujnik wycieku wody umo\u017cliwiaj\u0105cy wczesne wykrywanie wyciek\u00f3w wody.<\/strong><br data-start=\"2114\" data-end=\"2117\" \/>Integruje si\u0119 z koncentratorem SecureX, wysy\u0142a powiadomienia za po\u015brednictwem aplikacji i jest \u0142atwy w monta\u017cu bez konieczno\u015bci okablowania.<\/p>","protected":false},"featured_media":162549,"template":"","meta":{"_acf_changed":false},"product_brand":[],"product_cat":[5061],"product_tag":[],"class_list":{"0":"post-162552","1":"product","2":"type-product","3":"status-publish","4":"has-post-thumbnail","6":"product_cat-securex-larmsensorer","7":"pa_brands-securex-connect-pro","8":"pa_brands-stonehouse-smart","9":"tm-no-options","11":"first","12":"instock","13":"sale","14":"taxable","15":"shipping-taxable","16":"purchasable","17":"product-type-simple"},"acf":[],"_links":{"self":[{"href":"https:\/\/secureus.se\/pl\/wp-json\/wp\/v2\/product\/162552","targetHints":{"allow":["GET"]}}],"collection":[{"href":"https:\/\/secureus.se\/pl\/wp-json\/wp\/v2\/product"}],"about":[{"href":"https:\/\/secureus.se\/pl\/wp-json\/wp\/v2\/types\/product"}],"wp:featuredmedia":[{"embeddable":true,"href":"https:\/\/secureus.se\/pl\/wp-json\/wp\/v2\/media\/162549"}],"wp:attachment":[{"href":"https:\/\/secureus.se\/pl\/wp-json\/wp\/v2\/media?parent=162552"}],"wp:term":[{"taxonomy":"product_brand","embeddable":true,"href":"https:\/\/secureus.se\/pl\/wp-json\/wp\/v2\/product_brand?post=162552"},{"taxonomy":"product_cat","embeddable":true,"href":"https:\/\/secureus.se\/pl\/wp-json\/wp\/v2\/product_cat?post=162552"},{"taxonomy":"product_tag","embeddable":true,"href":"https:\/\/secureus.se\/pl\/wp-json\/wp\/v2\/product_tag?post=162552"}],"curies":[{"name":"wp","href":"https:\/\/api.w.org\/{rel}","templated":true}]}}