{"id":162570,"date":"2025-09-15T11:16:44","date_gmt":"2025-09-15T09:16:44","guid":{"rendered":"https:\/\/secureus.se\/?post_type=product&#038;p=162570"},"modified":"2026-04-09T15:42:47","modified_gmt":"2026-04-09T13:42:47","slug":"securex-vibrasense","status":"publish","type":"product","link":"https:\/\/secureus.se\/pl\/securex-vibrasense\/","title":{"rendered":"SecureX VibraSense \u2013 detektor wibracji z wbudowanym alarmem awaryjnym (SOS)"},"content":{"rendered":"<h2 data-start=\"195\" data-end=\"261\">SecureX VibraSense \u2013 czujnik wibracji z wbudowanym alarmem awaryjnym (SOS)<\/h2>\n<p data-start=\"263\" data-end=\"583\">SecureX VibraSense to <strong data-start=\"288\" data-end=\"329\">czu\u0142y i niezawodny czujnik drga\u0144<\/strong> kt\u00f3ry chroni drzwi, okna, powierzchnie szklane i inne wra\u017cliwe przedmioty przed w\u0142amaniem i manipulacj\u0105. Czujnik reaguje bezpo\u015brednio na uderzenia, wiercenie i pr\u00f3by w\u0142amania i natychmiast wysy\u0142a alarm. <strong data-start=\"513\" data-end=\"531\">Centrum SecureX<\/strong>, kt\u00f3ry centralnie w systemie obs\u0142uguje alarmy i powiadomienia.<\/p>\n<p data-start=\"585\" data-end=\"722\">Wszystkie wydarzenia s\u0105 wy\u015bwietlane w <strong data-start=\"608\" data-end=\"634\">Aplikacja Stonehouse Smart<\/strong>, gdzie otrzymujesz powiadomienia push w czasie rzeczywistym i masz pe\u0142n\u0105 kontrol\u0119 nad bezpiecze\u0144stwem \u2013 bezpo\u015brednio na swoim telefonie kom\u00f3rkowym.<\/p>\n<hr data-start=\"724\" data-end=\"727\" \/>\n<h3 data-start=\"729\" data-end=\"777\">Skuteczna ochrona przed manipulacj\u0105 i w\u0142amaniem<\/h3>\n<p data-start=\"778\" data-end=\"981\">Czujnik VibraSense zosta\u0142 zaprojektowany do wykrywania pr\u00f3b w\u0142ama\u0144 jeszcze przed otwarciem drzwi, okna lub szyby. Zaawansowana detekcja drga\u0144 sprawia, \u017ce czujnik jest szczeg\u00f3lnie skuteczny w ochronie przed:<\/p>\n<ul data-start=\"982\" data-end=\"1043\">\n<li data-start=\"982\" data-end=\"1015\">\n<p data-start=\"984\" data-end=\"1015\">wstrz\u0105sy i silne wibracje<\/p>\n<\/li>\n<li data-start=\"1016\" data-end=\"1028\">\n<p data-start=\"1018\" data-end=\"1028\">wiercenie<\/p>\n<\/li>\n<li data-start=\"1029\" data-end=\"1043\">\n<p data-start=\"1031\" data-end=\"1043\">pr\u00f3ba prze\u0142amania<\/p>\n<\/li>\n<\/ul>\n<p data-start=\"1045\" data-end=\"1122\">Zapewnia to dodatkow\u0105 warstw\u0119 bezpiecze\u0144stwa w por\u00f3wnaniu z tradycyjnymi stykami magnetycznymi.<\/p>\n<hr data-start=\"1124\" data-end=\"1127\" \/>\n<h3 data-start=\"1129\" data-end=\"1182\">Wbudowany przycisk SOS \u2013 dodatkowe bezpiecze\u0144stwo w razie potrzeby<\/h3>\n<p data-start=\"1183\" data-end=\"1341\">Opr\u00f3cz ochrony przed w\u0142amaniem SecureX VibraSense posiada: <strong data-start=\"1230\" data-end=\"1251\">wbudowany przycisk SOS<\/strong> kt\u00f3ry mo\u017ce s\u0142u\u017cy\u0107 jako alarm awaryjny. Wystarczy jedno naci\u015bni\u0119cie, aby wys\u0142a\u0107 alarm za po\u015brednictwem systemu SecureX.<\/p>\n<p data-start=\"1343\" data-end=\"1374\">Funkcja SOS idealnie sprawdza si\u0119 w przypadku:<\/p>\n<ul data-start=\"1375\" data-end=\"1497\">\n<li data-start=\"1375\" data-end=\"1393\">\n<p data-start=\"1377\" data-end=\"1393\">osoby starsze<\/p>\n<\/li>\n<li data-start=\"1394\" data-end=\"1429\">\n<p data-start=\"1396\" data-end=\"1429\">domy wymagaj\u0105ce dodatkowego bezpiecze\u0144stwa<\/p>\n<\/li>\n<li data-start=\"1430\" data-end=\"1458\">\n<p data-start=\"1432\" data-end=\"1458\">\u015brodowiska opieki zdrowotnej i spo\u0142ecznej<\/p>\n<\/li>\n<li data-start=\"1459\" data-end=\"1497\">\n<p data-start=\"1461\" data-end=\"1497\">sytuacje, w kt\u00f3rych potrzebna jest szybka pomoc<\/p>\n<\/li>\n<\/ul>\n<p data-start=\"1499\" data-end=\"1559\">Wyra\u017any wska\u017anik LED potwierdza aktywacj\u0119 alarmu.<\/p>\n<hr data-start=\"1561\" data-end=\"1564\" \/>\n<h3 data-start=\"1566\" data-end=\"1606\">\u0141atwa instalacja i d\u0142ugi czas pracy baterii<\/h3>\n<p data-start=\"1607\" data-end=\"1842\">VibraSense montuje si\u0119 szybko i \u0142atwo za pomoc\u0105 do\u0142\u0105czonej dwustronnej ta\u015bmy klej\u0105cej \u2013 bez konieczno\u015bci pod\u0142\u0105czania przewod\u00f3w. Czujnik jest zasilany <strong data-start=\"1725\" data-end=\"1748\">1 x akumulator A23 12 V<\/strong> i charakteryzuje si\u0119 niskim poborem mocy, co zapewnia do <strong data-start=\"1799\" data-end=\"1819\">2 lata czasu czuwania<\/strong> podczas normalnego u\u017cytkowania.<\/p>\n<hr data-start=\"1844\" data-end=\"1847\" \/>\n<h3 data-start=\"1849\" data-end=\"1879\">Cz\u0119\u015b\u0107 systemu SecureX<\/h3>\n<p data-start=\"1880\" data-end=\"1974\">SecureX VibraSense to czujnik przeznaczony do SecureX, kt\u00f3rego zawsze u\u017cywa si\u0119 w po\u0142\u0105czeniu z koncentratorem SecureX.<\/p>\n<ul data-start=\"1976\" data-end=\"2160\">\n<li data-start=\"1976\" data-end=\"2015\">\n<p data-start=\"1978\" data-end=\"2015\">Czujnik \u0142\u0105czy si\u0119 z koncentratorem SecureX<\/p>\n<\/li>\n<li data-start=\"2016\" data-end=\"2056\">\n<p data-start=\"2018\" data-end=\"2056\">Alarmy i powiadomienia s\u0105 zarz\u0105dzane za po\u015brednictwem centrali<\/p>\n<\/li>\n<li data-start=\"2057\" data-end=\"2119\">\n<p data-start=\"2059\" data-end=\"2119\">Zgodno\u015b\u0107 z <strong data-start=\"2078\" data-end=\"2117\">Tuya i Smart Life s\u0105 realizowane za po\u015brednictwem huba<\/strong><\/p>\n<\/li>\n<li data-start=\"2120\" data-end=\"2160\">\n<p data-start=\"2122\" data-end=\"2160\">Czujnika nie mo\u017cna u\u017cywa\u0107 samodzielnie<\/p>\n<\/li>\n<\/ul>\n<p data-start=\"2162\" data-end=\"2215\">Dotyczy to tego produktu i wszystkich czujnik\u00f3w SecureX.<\/p>\n<hr data-start=\"2217\" data-end=\"2220\" \/>\n<h3 data-start=\"2222\" data-end=\"2244\">Zalety w skr\u00f3cie<\/h3>\n<ul data-start=\"2245\" data-end=\"2574\">\n<li data-start=\"2245\" data-end=\"2288\">\n<p data-start=\"2247\" data-end=\"2288\">Czu\u0142e i dok\u0142adne wykrywanie drga\u0144<\/p>\n<\/li>\n<li data-start=\"2289\" data-end=\"2332\">\n<p data-start=\"2291\" data-end=\"2332\">Ochrona przed uderzeniami, wierceniem i pr\u00f3bami w\u0142amania<\/p>\n<\/li>\n<li data-start=\"2333\" data-end=\"2366\">\n<p data-start=\"2335\" data-end=\"2366\">Wbudowany przycisk SOS do alarmu awaryjnego<\/p>\n<\/li>\n<li data-start=\"2367\" data-end=\"2406\">\n<p data-start=\"2369\" data-end=\"2406\">Czytelny wska\u017anik LED informuj\u0105cy o stanie alarmu<\/p>\n<\/li>\n<li data-start=\"2407\" data-end=\"2446\">\n<p data-start=\"2409\" data-end=\"2446\">Pe\u0142na integracja poprzez hub SecureX<\/p>\n<\/li>\n<li data-start=\"2447\" data-end=\"2487\">\n<p data-start=\"2449\" data-end=\"2487\">Powiadomienia push w aplikacji Stonehouse Smart<\/p>\n<\/li>\n<li data-start=\"2488\" data-end=\"2529\">\n<p data-start=\"2490\" data-end=\"2529\">\u0141atwa instalacja bez okablowania<\/p>\n<\/li>\n<li data-start=\"2530\" data-end=\"2574\">\n<p data-start=\"2532\" data-end=\"2574\">Niskie zu\u017cycie energii i d\u0142ugi czas pracy na baterii<\/p>\n<\/li>\n<\/ul>\n<hr data-start=\"2576\" data-end=\"2579\" \/>\n<h3 data-start=\"2581\" data-end=\"2611\">Typowe zastosowania<\/h3>\n<ul data-start=\"2612\" data-end=\"2737\">\n<li data-start=\"2612\" data-end=\"2634\">\n<p data-start=\"2614\" data-end=\"2634\">Drzwi i okna<\/p>\n<\/li>\n<li data-start=\"2635\" data-end=\"2664\">\n<p data-start=\"2637\" data-end=\"2664\">Powierzchnie szklane i witryny sklepowe<\/p>\n<\/li>\n<li data-start=\"2665\" data-end=\"2697\">\n<p data-start=\"2667\" data-end=\"2697\">Sejfy, pomieszczenia magazynowe i gara\u017ce<\/p>\n<\/li>\n<li data-start=\"2698\" data-end=\"2737\">\n<p data-start=\"2700\" data-end=\"2737\">Dodatkowe alarmy awaryjne w domach i plac\u00f3wkach opieki zdrowotnej<\/p>\n<\/li>\n<\/ul>\n<hr data-start=\"2739\" data-end=\"2742\" \/>\n<h3 data-start=\"2744\" data-end=\"2769\">Specyfikacja techniczna<\/h3>\n<ul data-start=\"2770\" data-end=\"3049\">\n<li data-start=\"2770\" data-end=\"2794\">\n<p data-start=\"2772\" data-end=\"2794\">Akumulator: A23 12V \u00d7 1<\/p>\n<\/li>\n<li data-start=\"2795\" data-end=\"2819\">\n<p data-start=\"2797\" data-end=\"2819\">Pr\u0105d w trybie czuwania: &lt;10 mA<\/p>\n<\/li>\n<li data-start=\"2820\" data-end=\"2841\">\n<p data-start=\"2822\" data-end=\"2841\">Pr\u0105d alarmowy: \u226420 mA<\/p>\n<\/li>\n<li data-start=\"2842\" data-end=\"2896\">\n<p data-start=\"2844\" data-end=\"2896\">Komunikacja: 433 MHz (EV1527), kodowana dla SecureX<\/p>\n<\/li>\n<li data-start=\"2897\" data-end=\"2928\">\n<p data-start=\"2899\" data-end=\"2928\">Zasi\u0119g: \u2265100 m (w linii wzroku)<\/p>\n<\/li>\n<li data-start=\"2929\" data-end=\"2969\">\n<p data-start=\"2931\" data-end=\"2969\">Temperatura pracy: od -10 \u00b0C do +50 \u00b0C<\/p>\n<\/li>\n<li data-start=\"2970\" data-end=\"3023\">\n<p data-start=\"2972\" data-end=\"3023\">Wilgotno\u015b\u0107 wzgl\u0119dna: \u226495 % (bez kondensacji)<\/p>\n<\/li>\n<li data-start=\"3024\" data-end=\"3049\">\n<p data-start=\"3026\" data-end=\"3049\">Wymiary: 65 \u00d7 31 \u00d7 15 mm<\/p>\n<\/li>\n<\/ul>","protected":false},"excerpt":{"rendered":"<p>Czujnik wibracji systemu SecureX, kt\u00f3ry ostrzega o uderzeniu, wierceniu i pr\u00f3bie rozbicia.<\/p>\n<p>Wbudowany przycisk SOS do alarm\u00f3w awaryjnych i powiadomie\u0144 w czasie rzeczywistym za po\u015brednictwem koncentratora SecureX i aplikacji Stonehouse Smart.<\/p>","protected":false},"featured_media":162565,"template":"","meta":{"_acf_changed":false},"product_brand":[],"product_cat":[5061],"product_tag":[],"class_list":{"0":"post-162570","1":"product","2":"type-product","3":"status-publish","4":"has-post-thumbnail","6":"product_cat-securex-larmsensorer","7":"pa_brands-securex-connect-pro","8":"pa_brands-stonehouse-smart","9":"tm-no-options","11":"first","12":"instock","13":"sale","14":"taxable","15":"shipping-taxable","16":"purchasable","17":"product-type-simple"},"acf":[],"_links":{"self":[{"href":"https:\/\/secureus.se\/pl\/wp-json\/wp\/v2\/product\/162570","targetHints":{"allow":["GET"]}}],"collection":[{"href":"https:\/\/secureus.se\/pl\/wp-json\/wp\/v2\/product"}],"about":[{"href":"https:\/\/secureus.se\/pl\/wp-json\/wp\/v2\/types\/product"}],"wp:featuredmedia":[{"embeddable":true,"href":"https:\/\/secureus.se\/pl\/wp-json\/wp\/v2\/media\/162565"}],"wp:attachment":[{"href":"https:\/\/secureus.se\/pl\/wp-json\/wp\/v2\/media?parent=162570"}],"wp:term":[{"taxonomy":"product_brand","embeddable":true,"href":"https:\/\/secureus.se\/pl\/wp-json\/wp\/v2\/product_brand?post=162570"},{"taxonomy":"product_cat","embeddable":true,"href":"https:\/\/secureus.se\/pl\/wp-json\/wp\/v2\/product_cat?post=162570"},{"taxonomy":"product_tag","embeddable":true,"href":"https:\/\/secureus.se\/pl\/wp-json\/wp\/v2\/product_tag?post=162570"}],"curies":[{"name":"wp","href":"https:\/\/api.w.org\/{rel}","templated":true}]}}