{"id":162575,"date":"2025-09-15T11:16:44","date_gmt":"2025-09-15T09:16:44","guid":{"rendered":"https:\/\/secureus.se\/?post_type=product&#038;p=162575"},"modified":"2026-04-09T15:42:43","modified_gmt":"2026-04-09T13:42:43","slug":"securex-doorsense-garage-larm","status":"publish","type":"product","link":"https:\/\/secureus.se\/pl\/securex-doorsense-garage-larm\/","title":{"rendered":"SecureX DoorSense Garage \u2013 Bezprzewodowy do rolet i bram przemys\u0142owych"},"content":{"rendered":"<h2 data-start=\"238\" data-end=\"323\">SecureX DoorSense Garage \u2013 bezprzewodowy czujnik do bram gara\u017cowych i przemys\u0142owych<\/h2>\n<p data-start=\"325\" data-end=\"653\">SecureX DoorSense Garage to <strong data-start=\"356\" data-end=\"396\">solidny i niezawodny czujnik bezprzewodowy<\/strong> Stworzony do monitorowania bram gara\u017cowych, rolet, bram przemys\u0142owych i bram wjazdowych. Czujnik natychmiast rejestruje otwarcie lub manipulacj\u0119 bram\u0105 i wysy\u0142a alarm bezpo\u015brednio do <strong data-start=\"593\" data-end=\"611\">Centrum SecureX<\/strong>, kt\u00f3ry centralnie w systemie obs\u0142uguje alarm.<\/p>\n<p data-start=\"655\" data-end=\"811\">Przez <strong data-start=\"659\" data-end=\"685\">Aplikacja Stonehouse Smart<\/strong> B\u0119dziesz otrzymywa\u0107 powiadomienia push w czasie rzeczywistym i pe\u0142ny przegl\u0105d statusu port\u00f3w \u2013 niezale\u017cnie od tego, czy jeste\u015b na miejscu, czy zdalnie.<\/p>\n<hr data-start=\"813\" data-end=\"816\" \/>\n<h3 data-start=\"818\" data-end=\"858\">Niezawodna ochrona w wymagaj\u0105cych \u015brodowiskach<\/h3>\n<p data-start=\"859\" data-end=\"1110\">DoorSense Garage zosta\u0142 zaprojektowany do pracy zar\u00f3wno w pomieszczeniach prywatnych, jak i przemys\u0142owych. Jest odporny na wysok\u0105 wilgotno\u015b\u0107 (do 95% RH bez kondensacji) i zapewnia stabiln\u0105 prac\u0119 nawet w gara\u017cach, magazynach i warsztatach, gdzie temperatura i warunki otoczenia mog\u0105 ulega\u0107 zmianom.<\/p>\n<p data-start=\"1112\" data-end=\"1251\">Kompaktowa i dyskretna konstrukcja sprawia, \u017ce czujnik mo\u017cna \u0142atwo zamontowa\u0107 nawet na wi\u0119kszych bramach i drzwiach, bez zak\u0142\u00f3cania ich dzia\u0142ania lub wygl\u0105du.<\/p>\n<hr data-start=\"1253\" data-end=\"1256\" \/>\n<h3 data-start=\"1258\" data-end=\"1300\">Stabilna komunikacja i d\u0142ugi czas pracy baterii<\/h3>\n<p data-start=\"1301\" data-end=\"1541\">Czujnik komunikuje si\u0119 bezprzewodowo za pomoc\u0105 <strong data-start=\"1335\" data-end=\"1355\">433MHz (EV1527)<\/strong> z koncentratorem SecureX i jest kodowany dla systemu SecureX, zapewniaj\u0105c bezpieczn\u0105 i stabiln\u0105 transmisj\u0119. DoorSense Garage jest zasilany przez <strong data-start=\"1472\" data-end=\"1491\">Akumulator 23A 12V<\/strong>, co zapewnia d\u0142ugi czas eksploatacji i minimaln\u0105 konserwacj\u0119.<\/p>\n<hr data-start=\"1543\" data-end=\"1546\" \/>\n<h3 data-start=\"1548\" data-end=\"1578\">Cz\u0119\u015b\u0107 systemu SecureX<\/h3>\n<p data-start=\"1579\" data-end=\"1679\">SecureX DoorSense Garage to czujnik przeznaczony do SecureX, kt\u00f3rego zawsze u\u017cywa si\u0119 w po\u0142\u0105czeniu z koncentratorem SecureX.<\/p>\n<ul data-start=\"1681\" data-end=\"1862\">\n<li data-start=\"1681\" data-end=\"1720\">\n<p data-start=\"1683\" data-end=\"1720\">Czujnik \u0142\u0105czy si\u0119 z koncentratorem SecureX<\/p>\n<\/li>\n<li data-start=\"1721\" data-end=\"1758\">\n<p data-start=\"1723\" data-end=\"1758\">Ca\u0142a obs\u0142uga alarm\u00f3w odbywa si\u0119 za po\u015brednictwem centrali<\/p>\n<\/li>\n<li data-start=\"1759\" data-end=\"1821\">\n<p data-start=\"1761\" data-end=\"1821\">Zgodno\u015b\u0107 z <strong data-start=\"1780\" data-end=\"1819\">Tuya i Smart Life s\u0105 realizowane za po\u015brednictwem huba<\/strong><\/p>\n<\/li>\n<li data-start=\"1822\" data-end=\"1862\">\n<p data-start=\"1824\" data-end=\"1862\">Czujnika nie mo\u017cna u\u017cywa\u0107 samodzielnie<\/p>\n<\/li>\n<\/ul>\n<p data-start=\"1864\" data-end=\"1921\">Dotyczy to tego produktu i wszystkich czujnik\u00f3w SecureX.<\/p>\n<hr data-start=\"1923\" data-end=\"1926\" \/>\n<h3 data-start=\"1928\" data-end=\"1950\">Zalety w skr\u00f3cie<\/h3>\n<ul data-start=\"1951\" data-end=\"2283\">\n<li data-start=\"1951\" data-end=\"2016\">\n<p data-start=\"1953\" data-end=\"2016\">Nadaje si\u0119 do bram gara\u017cowych, rolet i bram przemys\u0142owych<\/p>\n<\/li>\n<li data-start=\"2017\" data-end=\"2056\">\n<p data-start=\"2019\" data-end=\"2056\">Alarm w przypadku otwarcia lub manipulacji<\/p>\n<\/li>\n<li data-start=\"2057\" data-end=\"2096\">\n<p data-start=\"2059\" data-end=\"2096\">Pe\u0142na integracja z hubem SecureX<\/p>\n<\/li>\n<li data-start=\"2097\" data-end=\"2137\">\n<p data-start=\"2099\" data-end=\"2137\">Powiadomienia push w aplikacji Stonehouse Smart<\/p>\n<\/li>\n<li data-start=\"2138\" data-end=\"2180\">\n<p data-start=\"2140\" data-end=\"2180\">Stabilna komunikacja bezprzewodowa (433 MHz)<\/p>\n<\/li>\n<li data-start=\"2181\" data-end=\"2224\">\n<p data-start=\"2183\" data-end=\"2224\">Trwa\u0142a konstrukcja do wymagaj\u0105cych \u015brodowisk<\/p>\n<\/li>\n<li data-start=\"2225\" data-end=\"2260\">\n<p data-start=\"2227\" data-end=\"2260\">Praca na baterii zapewniaj\u0105ca d\u0142ug\u0105 \u017cywotno\u015b\u0107<\/p>\n<\/li>\n<li data-start=\"2261\" data-end=\"2283\">\n<p data-start=\"2263\" data-end=\"2283\">\u0141atwa instalacja<\/p>\n<\/li>\n<\/ul>\n<hr data-start=\"2285\" data-end=\"2288\" \/>\n<h3 data-start=\"2290\" data-end=\"2320\">Typowe zastosowania<\/h3>\n<ul data-start=\"2321\" data-end=\"2456\">\n<li data-start=\"2321\" data-end=\"2365\">\n<p data-start=\"2323\" data-end=\"2365\">Bramy gara\u017cowe w willach i budynkach mieszkalnych<\/p>\n<\/li>\n<li data-start=\"2366\" data-end=\"2405\">\n<p data-start=\"2368\" data-end=\"2405\">Bramy przemys\u0142owe i rolety<\/p>\n<\/li>\n<li data-start=\"2406\" data-end=\"2423\">\n<p data-start=\"2408\" data-end=\"2423\">Miejsca do przechowywania<\/p>\n<\/li>\n<li data-start=\"2424\" data-end=\"2456\">\n<p data-start=\"2426\" data-end=\"2456\">Warsztaty i lokale handlowe<\/p>\n<\/li>\n<\/ul>\n<hr data-start=\"2458\" data-end=\"2461\" \/>\n<h3 data-start=\"2463\" data-end=\"2488\">Specyfikacja techniczna<\/h3>\n<ul data-start=\"2489\" data-end=\"2704\">\n<li data-start=\"2489\" data-end=\"2506\">\n<p data-start=\"2491\" data-end=\"2506\">Model: SS010<\/p>\n<\/li>\n<li data-start=\"2507\" data-end=\"2544\">\n<p data-start=\"2509\" data-end=\"2544\">Zasilanie: akumulator 23A 12V<\/p>\n<\/li>\n<li data-start=\"2545\" data-end=\"2599\">\n<p data-start=\"2547\" data-end=\"2599\">Komunikacja: 433 MHz (EV1527), kodowana dla SecureX<\/p>\n<\/li>\n<li data-start=\"2600\" data-end=\"2647\">\n<p data-start=\"2602\" data-end=\"2647\">Wilgotno\u015b\u0107 wzgl\u0119dna: &lt;95% (bez kondensacji)<\/p>\n<\/li>\n<li data-start=\"2648\" data-end=\"2668\">\n<p data-start=\"2650\" data-end=\"2668\">Waga: oko\u0142o 0,05 kg<\/p>\n<\/li>\n<li data-start=\"2669\" data-end=\"2704\">\n<p data-start=\"2671\" data-end=\"2704\">Wymiary opakowania: 10 \u00d7 8 \u00d7 6 cm<\/p>\n<\/li>\n<\/ul>\n<hr data-start=\"2706\" data-end=\"2709\" \/>\n<h3 data-start=\"2711\" data-end=\"2731\">Zawarto\u015b\u0107 dostawy<\/h3>\n<ul data-start=\"2732\" data-end=\"2818\">\n<li data-start=\"2732\" data-end=\"2773\">\n<p data-start=\"2734\" data-end=\"2773\">Czujnik gara\u017cowy SecureX DoorSense: 1 szt.<\/p>\n<\/li>\n<li data-start=\"2774\" data-end=\"2801\">\n<p data-start=\"2776\" data-end=\"2801\">\u015aruby monta\u017cowe: 4 szt.<\/p>\n<\/li>\n<li data-start=\"2802\" data-end=\"2818\">\n<p data-start=\"2804\" data-end=\"2818\">Instrukcja: 1 szt.<\/p>\n<\/li>\n<\/ul>","protected":false},"excerpt":{"rendered":"<p>SecureX DoorSense do rolet i bram przemys\u0142owych to bezprzewodowy czujnik magnetyczny zapewniaj\u0105cy niezawodny monitoring za po\u015brednictwem WiFi i 433 MHz.<\/p>\n<p>W pe\u0142ni zintegrowany z central\u0105 SecureX, dostosowany do aplikacji Stonehouse Smart i kompatybilny z Tuya\/Smart Life.<\/p>\n<p>\u0141atwa instalacja i d\u0142uga \u017cywotno\u015b\u0107 dzi\u0119ki akumulatorowi 23A 12V.<\/p>","protected":false},"featured_media":162571,"template":"","meta":{"_acf_changed":false},"product_brand":[],"product_cat":[5061],"product_tag":[],"class_list":{"0":"post-162575","1":"product","2":"type-product","3":"status-publish","4":"has-post-thumbnail","6":"product_cat-securex-larmsensorer","7":"pa_brands-securex-connect-pro","8":"pa_brands-stonehouse-smart","9":"tm-no-options","11":"first","12":"instock","13":"sale","14":"taxable","15":"shipping-taxable","16":"purchasable","17":"product-type-simple"},"acf":[],"_links":{"self":[{"href":"https:\/\/secureus.se\/pl\/wp-json\/wp\/v2\/product\/162575","targetHints":{"allow":["GET"]}}],"collection":[{"href":"https:\/\/secureus.se\/pl\/wp-json\/wp\/v2\/product"}],"about":[{"href":"https:\/\/secureus.se\/pl\/wp-json\/wp\/v2\/types\/product"}],"wp:featuredmedia":[{"embeddable":true,"href":"https:\/\/secureus.se\/pl\/wp-json\/wp\/v2\/media\/162571"}],"wp:attachment":[{"href":"https:\/\/secureus.se\/pl\/wp-json\/wp\/v2\/media?parent=162575"}],"wp:term":[{"taxonomy":"product_brand","embeddable":true,"href":"https:\/\/secureus.se\/pl\/wp-json\/wp\/v2\/product_brand?post=162575"},{"taxonomy":"product_cat","embeddable":true,"href":"https:\/\/secureus.se\/pl\/wp-json\/wp\/v2\/product_cat?post=162575"},{"taxonomy":"product_tag","embeddable":true,"href":"https:\/\/secureus.se\/pl\/wp-json\/wp\/v2\/product_tag?post=162575"}],"curies":[{"name":"wp","href":"https:\/\/api.w.org\/{rel}","templated":true}]}}