{"id":162610,"date":"2025-09-15T11:16:43","date_gmt":"2025-09-15T09:16:43","guid":{"rendered":"https:\/\/secureus.se\/?post_type=product&#038;p=162610"},"modified":"2026-04-09T15:46:35","modified_gmt":"2026-04-09T13:46:35","slug":"securex-sirenguard-inomhussiren-110-db","status":"publish","type":"product","link":"https:\/\/secureus.se\/pl\/securex-sirenguard-inomhussiren-110-db\/","title":{"rendered":"SecureX SirenGuard \u2013 syrena wewn\u0119trzna 110 dB ze \u015bwiat\u0142em stroboskopowym (du\u017cy zasi\u0119g)"},"content":{"rendered":"<h2 data-start=\"191\" data-end=\"269\">SecureX SirenGuard \u2013 pot\u0119\u017cna syrena wewn\u0119trzna o du\u017cym zasi\u0119gu (do 500 m)<\/h2>\n<p data-start=\"271\" data-end=\"574\">SecureX SirenGuard to <strong data-start=\"296\" data-end=\"335\">mocna i elastyczna syrena wewn\u0119trzna<\/strong> kt\u00f3ry wzbogaca Tw\u00f3j system alarmowy SecureX o wyra\u017any i skuteczny alarm d\u017awi\u0119kowy o mocy do <strong data-start=\"426\" data-end=\"436\">110dB<\/strong>. Syrena jest przeznaczona do u\u017cytku domowego i komercyjnego, w kt\u00f3rych kluczowa jest du\u017ca g\u0142o\u015bno\u015b\u0107, stabilna komunikacja i niezawodno\u015b\u0107 dzia\u0142ania.<\/p>\n<p data-start=\"576\" data-end=\"850\">Z <strong data-start=\"580\" data-end=\"601\">Technologia dalekiego zasi\u0119gu<\/strong> otrzymujesz stabiln\u0105 komunikacj\u0119 bezprzewodow\u0105 z pr\u0119dko\u015bci\u0105 do <strong data-start=\"651\" data-end=\"685\">Zasi\u0119g 500 metr\u00f3w w warunkach dobrej widoczno\u015bci<\/strong>, dzi\u0119ki czemu SirenGuard idealnie nadaje si\u0119 nawet do wi\u0119kszych posesji. System obs\u0142uguje do <strong data-start=\"771\" data-end=\"785\">10 syren<\/strong>, aby w razie incydentu alarm by\u0142 wyra\u017anie s\u0142yszalny w ca\u0142ym obiekcie.<\/p>\n<hr data-start=\"852\" data-end=\"855\" \/>\n<h3 data-start=\"857\" data-end=\"897\">Mo\u017cliwo\u015b\u0107 dostosowania do \u015brodowiska i potrzeb<\/h3>\n<p data-start=\"898\" data-end=\"993\">SecureX SirenGuard mo\u017cna z \u0142atwo\u015bci\u0105 dostosowa\u0107 do r\u00f3\u017cnych typ\u00f3w instalacji i \u015brodowisk.<\/p>\n<p data-start=\"995\" data-end=\"1015\">Mo\u017cesz wybiera\u0107 pomi\u0119dzy:<\/p>\n<ul data-start=\"1016\" data-end=\"1096\">\n<li data-start=\"1016\" data-end=\"1035\">\n<p data-start=\"1018\" data-end=\"1035\"><strong data-start=\"1018\" data-end=\"1035\">5 poziom\u00f3w g\u0142o\u015bno\u015bci<\/strong><\/p>\n<\/li>\n<li data-start=\"1036\" data-end=\"1062\">\n<p data-start=\"1038\" data-end=\"1062\"><strong data-start=\"1038\" data-end=\"1062\">2 r\u00f3\u017cne sygna\u0142y alarmowe<\/strong><\/p>\n<\/li>\n<li data-start=\"1063\" data-end=\"1096\">\n<p data-start=\"1065\" data-end=\"1096\"><strong data-start=\"1065\" data-end=\"1096\">4 ustawienia czasu alarmu<\/strong><\/p>\n<\/li>\n<li data-start=\"1063\" data-end=\"1096\"><strong>Syrena ma wbudowan\u0105 lamp\u0119 stroboskopow\u0105 zapewniaj\u0105c\u0105 sygnalizacj\u0119 wizualn\u0105.<\/strong><\/li>\n<\/ul>\n<p data-start=\"1098\" data-end=\"1193\">Dzi\u0119ki temu syrena sprawdzi si\u0119 zar\u00f3wno w willach i mieszkaniach, jak i w sklepach, magazynach i biurach.<\/p>\n<hr data-start=\"1195\" data-end=\"1198\" \/>\n<h3 data-start=\"1200\" data-end=\"1236\">Zapasowa bateria dla wi\u0119kszego spokoju ducha<\/h3>\n<p data-start=\"1237\" data-end=\"1435\">SirenGuard jest wyposa\u017cony w <strong data-start=\"1268\" data-end=\"1305\">wbudowana bateria litowa 1000 mAh<\/strong>, co zapewnia, \u017ce syrena b\u0119dzie dzia\u0142a\u0107 nawet w przypadku zaniku zasilania. \u0141adowanie odbywa si\u0119 p\u0142ynnie za pomoc\u0105 <strong data-start=\"1407\" data-end=\"1434\">USB typu C (pr\u0105d sta\u0142y 5 V \/ 1 A)<\/strong>.<\/p>\n<p data-start=\"1437\" data-end=\"1589\">Syrena jest przeznaczona do stabilnej pracy w temperaturach od <strong data-start=\"1497\" data-end=\"1519\">\u221220\u00b0C do +50\u00b0C<\/strong> i ma kompaktow\u0105 i dyskretn\u0105 konstrukcj\u0119, kt\u00f3ra pasuje do wi\u0119kszo\u015bci \u015brodowisk.<\/p>\n<hr data-start=\"1591\" data-end=\"1594\" \/>\n<h3 data-start=\"1596\" data-end=\"1626\">Cz\u0119\u015b\u0107 systemu SecureX<\/h3>\n<p data-start=\"1627\" data-end=\"1734\">SecureX SirenGuard to komponent systemowy SecureX, kt\u00f3ry zawsze jest u\u017cywany razem z <strong data-start=\"1715\" data-end=\"1733\">Centrum SecureX<\/strong>.<\/p>\n<ul data-start=\"1736\" data-end=\"1930\">\n<li data-start=\"1736\" data-end=\"1775\">\n<p data-start=\"1738\" data-end=\"1775\">Syrena \u0142\u0105czy si\u0119 z koncentratorem SecureX<\/p>\n<\/li>\n<li data-start=\"1776\" data-end=\"1813\">\n<p data-start=\"1778\" data-end=\"1813\">Ca\u0142a obs\u0142uga alarm\u00f3w odbywa si\u0119 za po\u015brednictwem centrali<\/p>\n<\/li>\n<li data-start=\"1814\" data-end=\"1894\">\n<p data-start=\"1816\" data-end=\"1894\">Zgodno\u015b\u0107 z <strong data-start=\"1835\" data-end=\"1892\">Stonehouse Smart, Tuya i Smart Life s\u0105 sterowane za pomoc\u0105 centrali<\/strong><\/p>\n<\/li>\n<li data-start=\"1895\" data-end=\"1930\">\n<p data-start=\"1897\" data-end=\"1930\">Syrena nie jest u\u017cywana samodzielnie<\/p>\n<\/li>\n<\/ul>\n<hr data-start=\"1932\" data-end=\"1935\" \/>\n<h3 data-start=\"1937\" data-end=\"1959\">Zalety w skr\u00f3cie<\/h3>\n<ul data-start=\"1960\" data-end=\"2253\">\n<li data-start=\"1960\" data-end=\"1997\">\n<p data-start=\"1962\" data-end=\"1997\">G\u0142o\u015bny alarm d\u017awi\u0119kowy do 110 dB<\/p>\n<\/li>\n<li data-start=\"1998\" data-end=\"2054\">\n<p data-start=\"2000\" data-end=\"2054\">Komunikacja dalekiego zasi\u0119gu do 500 m<\/p>\n<\/li>\n<li data-start=\"2055\" data-end=\"2083\">\n<p data-start=\"2057\" data-end=\"2083\">5 regulowanych poziom\u00f3w g\u0142o\u015bno\u015bci<\/p>\n<\/li>\n<li data-start=\"2084\" data-end=\"2118\">\n<p data-start=\"2086\" data-end=\"2118\">2 sygna\u0142y alarmowe i 4 czasy alarmu<\/p>\n<\/li>\n<li data-start=\"2119\" data-end=\"2166\">\n<p data-start=\"2121\" data-end=\"2166\">Obs\u0142uga do 10 syren w tym samym systemie<\/p>\n<\/li>\n<li data-start=\"2167\" data-end=\"2204\">\n<p data-start=\"2169\" data-end=\"2204\">Wbudowana bateria 1000 mAh (zapasowa)<\/p>\n<\/li>\n<li data-start=\"2205\" data-end=\"2223\">\n<p data-start=\"2207\" data-end=\"2223\">\u0141adowanie przez USB-C<\/p>\n<\/li>\n<li data-start=\"2224\" data-end=\"2253\">\n<p data-start=\"2226\" data-end=\"2253\">Kompaktowa i solidna konstrukcja<\/p>\n<\/li>\n<\/ul>\n<hr data-start=\"2255\" data-end=\"2258\" \/>\n<h3 data-start=\"2260\" data-end=\"2290\">Typowe zastosowania<\/h3>\n<ul data-start=\"2291\" data-end=\"2401\">\n<li data-start=\"2291\" data-end=\"2316\">\n<p data-start=\"2293\" data-end=\"2316\">Wille i apartamenty<\/p>\n<\/li>\n<li data-start=\"2317\" data-end=\"2345\">\n<p data-start=\"2319\" data-end=\"2345\">Nieruchomo\u015bci komercyjne<\/p>\n<\/li>\n<li data-start=\"2346\" data-end=\"2367\">\n<p data-start=\"2348\" data-end=\"2367\">Sklepy i magazyny<\/p>\n<\/li>\n<li data-start=\"2368\" data-end=\"2401\">\n<p data-start=\"2370\" data-end=\"2401\">Zaawansowane instalacje alarmowe<\/p>\n<\/li>\n<\/ul>\n<hr data-start=\"2403\" data-end=\"2406\" \/>\n<h3 data-start=\"2408\" data-end=\"2433\">Specyfikacja techniczna<\/h3>\n<ul data-start=\"2434\" data-end=\"2786\">\n<li data-start=\"2434\" data-end=\"2479\">\n<p data-start=\"2436\" data-end=\"2479\">Zasilanie: DC 5V\/1A (USB typu C)<\/p>\n<\/li>\n<li data-start=\"2480\" data-end=\"2516\">\n<p data-start=\"2482\" data-end=\"2516\">Akumulator: litowy 3,7 V \/ 1000 mAh<\/p>\n<\/li>\n<li data-start=\"2517\" data-end=\"2548\">\n<p data-start=\"2519\" data-end=\"2548\">Poziom ha\u0142asu: do 110 dB<\/p>\n<\/li>\n<li data-start=\"2549\" data-end=\"2570\">\n<p data-start=\"2551\" data-end=\"2570\">Poziomy g\u0142o\u015bno\u015bci: 5 szt.<\/p>\n<\/li>\n<li data-start=\"2571\" data-end=\"2598\">\n<p data-start=\"2573\" data-end=\"2598\">Tryby alarmu: 4 opcje<\/p>\n<\/li>\n<li data-start=\"2599\" data-end=\"2622\">\n<p data-start=\"2601\" data-end=\"2622\">Tony: 2 opcje<\/p>\n<\/li>\n<li data-start=\"2623\" data-end=\"2672\">\n<p data-start=\"2625\" data-end=\"2672\">Technologia bezprzewodowa: dalekiego zasi\u0119gu, kodowana SecureX<\/p>\n<\/li>\n<li data-start=\"2673\" data-end=\"2715\">\n<p data-start=\"2675\" data-end=\"2715\">Zasi\u0119g: Do ok. 500 m (w linii wzroku)<\/p>\n<\/li>\n<li data-start=\"2716\" data-end=\"2756\">\n<p data-start=\"2718\" data-end=\"2756\">Temperatura pracy: od \u221220 \u00b0C do +50 \u00b0C<\/p>\n<\/li>\n<li data-start=\"2757\" data-end=\"2786\">\n<p data-start=\"2759\" data-end=\"2786\">Wymiary: 135 \u00d7 100 \u00d7 27,5 mm<\/p>\n<\/li>\n<\/ul>\n<hr data-start=\"2788\" data-end=\"2791\" \/>\n<h3 data-start=\"2793\" data-end=\"2813\">Zawarto\u015b\u0107 dostawy<\/h3>\n<ul data-start=\"2814\" data-end=\"2966\">\n<li data-start=\"2814\" data-end=\"2855\">\n<p data-start=\"2816\" data-end=\"2855\">Syrena wewn\u0119trzna SecureX SirenGuard: 1 szt.<\/p>\n<\/li>\n<li data-start=\"2856\" data-end=\"2886\">\n<p data-start=\"2858\" data-end=\"2886\">P\u0142yta monta\u017cowa \u015bcienna: 1 szt.<\/p>\n<\/li>\n<li data-start=\"2887\" data-end=\"2904\">\n<p data-start=\"2889\" data-end=\"2904\">\u015aruby: 4 szt.<\/p>\n<\/li>\n<li data-start=\"2905\" data-end=\"2920\">\n<p data-start=\"2907\" data-end=\"2920\">Wtyczka: 4 szt.<\/p>\n<\/li>\n<li data-start=\"2921\" data-end=\"2949\">\n<p data-start=\"2923\" data-end=\"2949\">Zasilacz USB-C: 1 szt.<\/p>\n<\/li>\n<li data-start=\"2950\" data-end=\"2966\">\n<p data-start=\"2952\" data-end=\"2966\">Instrukcja: 1 szt.<\/p>\n<\/li>\n<\/ul>","protected":false},"excerpt":{"rendered":"<p>Syrena wewn\u0119trzna SecureX z protoko\u0142em Long Range generuje mocny d\u017awi\u0119k o nat\u0119\u017ceniu 110 dB i posiada regulacj\u0119 g\u0142o\u015bno\u015bci w pi\u0119ciu poziomach.<\/p>\n<p>Syrena ma wbudowan\u0105 lamp\u0119 stroboskopow\u0105 zapewniaj\u0105c\u0105 sygnalizacj\u0119 wizualn\u0105.<\/p>\n<p>Wyposa\u017cony w akumulator, wiele tryb\u00f3w alarmu i niezawodn\u0105 komunikacj\u0119 na du\u017ce odleg\u0142o\u015bci.<\/p>","protected":false},"featured_media":162607,"template":"","meta":{"_acf_changed":false},"product_brand":[],"product_cat":[5064],"product_tag":[],"class_list":{"0":"post-162610","1":"product","2":"type-product","3":"status-publish","4":"has-post-thumbnail","6":"product_cat-securex-sirener","7":"pa_brands-securex-connect-pro","8":"pa_brands-stonehouse-smart","9":"tm-no-options","11":"first","12":"instock","13":"sale","14":"taxable","15":"shipping-taxable","16":"purchasable","17":"product-type-simple"},"acf":[],"_links":{"self":[{"href":"https:\/\/secureus.se\/pl\/wp-json\/wp\/v2\/product\/162610","targetHints":{"allow":["GET"]}}],"collection":[{"href":"https:\/\/secureus.se\/pl\/wp-json\/wp\/v2\/product"}],"about":[{"href":"https:\/\/secureus.se\/pl\/wp-json\/wp\/v2\/types\/product"}],"wp:featuredmedia":[{"embeddable":true,"href":"https:\/\/secureus.se\/pl\/wp-json\/wp\/v2\/media\/162607"}],"wp:attachment":[{"href":"https:\/\/secureus.se\/pl\/wp-json\/wp\/v2\/media?parent=162610"}],"wp:term":[{"taxonomy":"product_brand","embeddable":true,"href":"https:\/\/secureus.se\/pl\/wp-json\/wp\/v2\/product_brand?post=162610"},{"taxonomy":"product_cat","embeddable":true,"href":"https:\/\/secureus.se\/pl\/wp-json\/wp\/v2\/product_cat?post=162610"},{"taxonomy":"product_tag","embeddable":true,"href":"https:\/\/secureus.se\/pl\/wp-json\/wp\/v2\/product_tag?post=162610"}],"curies":[{"name":"wp","href":"https:\/\/api.w.org\/{rel}","templated":true}]}}