{"id":162639,"date":"2025-09-15T11:16:42","date_gmt":"2025-09-15T09:16:42","guid":{"rendered":"https:\/\/secureus.se\/?post_type=product&#038;p=162639"},"modified":"2026-04-09T15:47:50","modified_gmt":"2026-04-09T13:47:50","slug":"securex-connect-pro-lorapanel-touchskarm","status":"publish","type":"product","link":"https:\/\/secureus.se\/pl\/securex-connect-pro-lorapanel-touchskarm\/","title":{"rendered":"SecureX Connect Pro Central z ekranem dotykowym \u2013 wersja szwedzka z 4G i aplikacj\u0105"},"content":{"rendered":"<h2>SecureX Connect Pro Central Touchscreen Wersja szwedzka<\/h2>\n<p>Alarm bez abonamentu z 3-letni\u0105 gwarancj\u0105 i pe\u0142nym wsparciem szwedzkiej firmy Stonehouse Security AB.<\/p>\n<p>SecureX Connect Pro to serce systemu SecureX \u2013 pot\u0119\u017cna centrala alarmowa z <strong>7-calowy ekran dotykowy<\/strong> kt\u00f3ry \u0142\u0105czy wszystkie urz\u0105dzenia SecureX w jednym systemie.<\/p>\n<p>Dzi\u0119ki prostemu menu startowemu ka\u017cdy mo\u017ce skonfigurowa\u0107 alarm w oko\u0142o 30 minut. Menu pokazuje w j\u0119zyku szwedzkim, jak to zrobi\u0107., <span style=\"text-decoration: underline;\"><strong>menu zawsze jest zgodne z wybranym przez Ciebie j\u0119zykiem<\/strong><\/span> mie\u0107 jako standard.<\/p>\n<p>W przypadku alarmu uruchomi\u0105 si\u0119 syreny, a alarm zostanie wys\u0142any na Tw\u00f3j telefon kom\u00f3rkowy za po\u015brednictwem aplikacji. Je\u015bli wybra\u0142e\u015b i skonfigurowa\u0142e\u015b kart\u0119 SIM 4G, na Tw\u00f3j telefon zostanie wys\u0142any SMS i komunikat g\u0142osowy.<\/p>\n<p>G\u0142os poinformuje w Twoim j\u0119zyku, kt\u00f3ra sekcja zosta\u0142a uruchomiona. Mo\u017cesz tak\u017ce us\u0142ysze\u0107, co dzieje si\u0119 w Twojej nieruchomo\u015bci. Na przyk\u0142ad, je\u015bli masz cichy alarm SOS, dana osoba mo\u017ce z Tob\u0105 rozmawia\u0107, a Ty mo\u017cesz rozmawia\u0107 i komunikowa\u0107 si\u0119 z ni\u0105 za pomoc\u0105 wbudowanego mikrofonu centrali.<\/p>\n<p>Panel otrzymuje <strong>bezp\u0142atne aktualizacje za po\u015brednictwem aplikacji<\/strong> przez ca\u0142y okres eksploatacji alarmu.<\/p>\n<p>Alarm SecureX <strong>panel (z wy\u015bwietlaczem i tekstem), wiadomo\u015bciami g\u0142osowymi i aplikacj\u0105 Stonehouse Smart<\/strong> dost\u0119pne na:<\/p>\n<p><em><strong><span style=\"text-decoration: underline;\">Szwedzki, angielski, niemiecki, fi\u0144ski, francuski, holenderski, polski, hiszpa\u0144ski, norweski i du\u0144ski.<\/span><\/strong><\/em><\/p>\n<hr \/>\n<h3>Mocny panel o du\u017cym zasi\u0119gu<\/h3>\n<p>Ten du\u017cy <strong>7-calowy ekran dotykowy IPS (1024\u00d7600)<\/strong> zapewnia przejrzysty interfejs, kt\u00f3ry jest \u0142atwy w obs\u0142udze. Dzi\u0119ki <strong>Uk\u0142ad 600 MHz<\/strong> I <strong>wbudowana bateria 5000 mAh<\/strong> System kontynuuje dzia\u0142anie nawet w przypadku zaniku zasilania.<\/p>\n<p>Dzi\u0119ki <strong>Daleki zasi\u0119g\/LoRa<\/strong> wstajesz do <strong>Zasi\u0119g 500 m w warunkach dobrej widoczno\u015bci<\/strong>, co czyni go szczeg\u00f3lnie przydatnym w wi\u0119kszych nieruchomo\u015bciach, gdzie standardowy zasi\u0119g WiFi jest niewystarczaj\u0105cy.<\/p>\n<hr \/>\n<h3>Alarm hybrydowy \u2013 bezprzewodowy + przewodowy<\/h3>\n<p>SecureX Connect Pro obs\u0142uguje:<\/p>\n<ul>\n<li>A\u017c do <strong>200 urz\u0105dze\u0144 bezprzewodowych SecureX<\/strong><\/li>\n<li><strong>8 przewodowych stref<\/strong> do instalacji hybrydowej<\/li>\n<li><strong>Wi-Fi, 2G lub 4G<\/strong> do po\u0142\u0105czenia<\/li>\n<li><strong>Komunikacja dwukierunkowa<\/strong> i do <strong>5 numer\u00f3w alarmowych<\/strong><\/li>\n<li>Wbudowane protoko\u0142y: <strong>433MHz (EV1527)<\/strong> I <strong>868 MHz dalekiego zasi\u0119gu<\/strong> z szyfrowaniem SecureX<\/li>\n<\/ul>\n<p>Ca\u0142a kontrola odbywa si\u0119 za po\u015brednictwem <strong>Aplikacja Stonehouse Smart<\/strong> (z j\u0119zykami nordyckimi). Zgodno\u015b\u0107 z <strong>Tuya<\/strong> I <strong>Inteligentne \u017cycie<\/strong> odbywa si\u0119 za po\u015brednictwem koncentratora.<\/p>\n<hr \/>\n<h3>Wa\u017cne wyja\u015bnienie<\/h3>\n<ul>\n<li>To jest <strong>Tylko koncentrator\/panel SecureX<\/strong><\/li>\n<li><strong>Brak czujnik\u00f3w i akcesori\u00f3w w zestawie<\/strong><\/li>\n<li><strong>W zestawie zasilacz USB-C<\/strong><\/li>\n<li>Stosowany z czujnikami i akcesoriami SecureX<\/li>\n<\/ul>\n<hr \/>\n<h3>Cechy i korzy\u015bci<\/h3>\n<ul>\n<li><strong>7-calowy ekran dotykowy IPS<\/strong> o wysokiej rozdzielczo\u015bci<\/li>\n<li><strong>10 j\u0119zyk\u00f3w + informacje g\u0142osowe:<\/strong> szwedzki, norweski, du\u0144ski, fi\u0144ski, angielski, niemiecki, polski, francuski, hiszpa\u0144ski, holenderski<\/li>\n<li><strong>Daleki zasi\u0119g\/LoRa do 500 m<\/strong> (czysty widok)<\/li>\n<li><strong>200 urz\u0105dze\u0144 bezprzewodowych + 8 stref przewodowych<\/strong><\/li>\n<li><strong>Wbudowana syrena <\/strong>(do 120 dB)<\/li>\n<li><strong>Bateria zapasowa 5000 mAh<\/strong> (do ok. 32 godz. czuwania)<\/li>\n<li><strong>Dwukierunkowe po\u0142\u0105czenia i wiele numer\u00f3w alarmowych<\/strong><\/li>\n<li><strong>Alarm sabota\u017cowy i ostrze\u017cenie o niskim poziomie baterii<\/strong><\/li>\n<li>Pe\u0142na kontrola za pomoc\u0105 aplikacji<\/li>\n<li>\u0141atwa instalacja za pomoc\u0105 <strong>USB typu C<\/strong> Lub <strong>12 V<\/strong><\/li>\n<li><strong>Bezp\u0142atne aktualizacje OTA<\/strong> za po\u015brednictwem aplikacji Stonehouse Smart<\/li>\n<li><strong>Wsparcie za po\u015brednictwem Stonehouse Security<\/strong> kt\u00f3ry jest r\u00f3wnie\u017c odpowiedzialny za aplikacj\u0119 i oprogramowanie jednostki alarmowej.<\/li>\n<\/ul>\n<hr \/>\n<h3>Certyfikaty i jako\u015b\u0107<\/h3>\n<p>SecureX Connect Pro zosta\u0142 przetestowany i certyfikowany zgodnie z:<\/p>\n<ul>\n<li><strong>CE<\/strong><\/li>\n<li><strong>RoHS<\/strong><\/li>\n<li><strong>ZASI\u0118G<\/strong><\/li>\n<li><strong>Identyfikator FCC (H700)<\/strong><\/li>\n<li><strong>UKCA (H700)<\/strong><\/li>\n<li><strong>Raport ERP<\/strong> (budownictwo energooszcz\u0119dne)<\/li>\n<\/ul>\n<hr \/>\n<h3>Zawarto\u015b\u0107 dostawy<\/h3>\n<ul>\n<li>Centrala alarmowa SecureX Connect Pro 7\u2033: <strong>1 szt<\/strong><\/li>\n<li>Zasilacz USB-C: <strong>1 szt<\/strong><\/li>\n<li>Uchwyt \u015bcienny<\/li>\n<li>\u015aruby i ko\u0142ki<\/li>\n<li>Podr\u0119cznik<\/li>\n<\/ul>","protected":false},"excerpt":{"rendered":"<p class=\"\" data-start=\"307\" data-end=\"466\"><strong data-start=\"46\" data-end=\"116\">SecureX Connect Pro Hub opracowany z my\u015bl\u0105 o polskim rynku.<\/strong><\/p>\n<p class=\"\" data-start=\"307\" data-end=\"466\">Polski ekran dotykowy i prosty przewodnik uruchomienia sprawiaj\u0105, \u017ce system jest \u0142atwy w obs\u0142udze. Centrala \u0142\u0105czy wszystkie urz\u0105dzenia SecureX w jeden inteligentny i przyjazny system.<\/p>\n<p class=\"\" data-start=\"307\" data-end=\"466\">Alarmy otrzymujesz bezpo\u015brednio na sw\u00f3j telefon kom\u00f3rkowy, a dzi\u0119ki karcie SIM 4G mo\u017cesz tak\u017ce odbiera\u0107 wiadomo\u015bci SMS i g\u0142osowe w przypadku alarmu.<\/p>\n<p class=\"\" data-start=\"307\" data-end=\"466\">Panel posiada wbudowan\u0105 syren\u0119, alarm antysabota\u017cowy, zapasow\u0105 bateri\u0119 i jest sterowany za pomoc\u0105 j\u0119zyka szwedzkiego. <strong data-start=\"348\" data-end=\"374\">Aplikacja Stonehouse Smart<\/strong>i jest kompatybilny z <strong data-start=\"399\" data-end=\"420\" data-is-only-node=\"\">Tuya i inteligentne \u017cycie<\/strong>.<\/p>\n<p data-start=\"307\" data-end=\"466\">Alarm SecureX <strong>panel (z wy\u015bwietlaczem i tekstem), wiadomo\u015bciami g\u0142osowymi i aplikacj\u0105 Stonehouse Smart<\/strong> Dost\u0119pne w j\u0119zyku szwedzkim, angielskim, niemieckim, fi\u0144skim, francuskim, holenderskim, polskim, hiszpa\u0144skim, norweskim i du\u0144skim.<\/p>","protected":false},"featured_media":162629,"template":"","meta":{"_acf_changed":false},"product_brand":[],"product_cat":[5060,5099],"product_tag":[],"class_list":{"0":"post-162639","1":"product","2":"type-product","3":"status-publish","4":"has-post-thumbnail","6":"product_cat-securex-kit-hub","7":"product_cat-smart-home-larm-securex","8":"pa_brands-securex-connect-pro","9":"pa_brands-stonehouse-smart","10":"tm-no-options","12":"first","13":"instock","14":"sale","15":"taxable","16":"shipping-taxable","17":"purchasable","18":"product-type-simple"},"acf":[],"_links":{"self":[{"href":"https:\/\/secureus.se\/pl\/wp-json\/wp\/v2\/product\/162639","targetHints":{"allow":["GET"]}}],"collection":[{"href":"https:\/\/secureus.se\/pl\/wp-json\/wp\/v2\/product"}],"about":[{"href":"https:\/\/secureus.se\/pl\/wp-json\/wp\/v2\/types\/product"}],"wp:featuredmedia":[{"embeddable":true,"href":"https:\/\/secureus.se\/pl\/wp-json\/wp\/v2\/media\/162629"}],"wp:attachment":[{"href":"https:\/\/secureus.se\/pl\/wp-json\/wp\/v2\/media?parent=162639"}],"wp:term":[{"taxonomy":"product_brand","embeddable":true,"href":"https:\/\/secureus.se\/pl\/wp-json\/wp\/v2\/product_brand?post=162639"},{"taxonomy":"product_cat","embeddable":true,"href":"https:\/\/secureus.se\/pl\/wp-json\/wp\/v2\/product_cat?post=162639"},{"taxonomy":"product_tag","embeddable":true,"href":"https:\/\/secureus.se\/pl\/wp-json\/wp\/v2\/product_tag?post=162639"}],"curies":[{"name":"wp","href":"https:\/\/api.w.org\/{rel}","templated":true}]}}