{"id":162649,"date":"2025-09-15T11:16:41","date_gmt":"2025-09-15T09:16:41","guid":{"rendered":"https:\/\/secureus.se\/?post_type=product&#038;p=162649"},"modified":"2026-04-28T19:58:14","modified_gmt":"2026-04-28T17:58:14","slug":"securex-connect-pro-kit-touchskarm","status":"publish","type":"product","link":"https:\/\/secureus.se\/pl\/securex-connect-pro-kit-touchskarm\/","title":{"rendered":"Pakiet startowy SecureX Connect Pro \u2013 wersja szwedzka z ekranem dotykowym, 4G i aplikacj\u0105"},"content":{"rendered":"<h2>SecureX Connect Pro Kit - wersja polska (Kompletny zestaw startowy)<\/h2>\n<p>Alarm bez abonamentu z 3-letni\u0105 gwarancj\u0105 i pe\u0142nym wsparciem szwedzkiej firmy Stonehouse Security AB.<\/p>\n<p>SecureX Connect Pro to serce systemu SecureX \u2013 pot\u0119\u017cna centrala alarmowa z <strong>7-calowy ekran dotykowy<\/strong> kt\u00f3ry \u0142\u0105czy wszystkie urz\u0105dzenia SecureX w jednym systemie.<\/p>\n<p>Dzi\u0119ki prostemu menu startowemu ka\u017cdy mo\u017ce skonfigurowa\u0107 alarm w oko\u0142o 30 minut. Menu pokazuje w j\u0119zyku szwedzkim, jak to zrobi\u0107., <span style=\"text-decoration: underline;\"><strong>menu zawsze jest zgodne z wybranym przez Ciebie j\u0119zykiem<\/strong><\/span> mie\u0107 jako standard.<\/p>\n<p>W przypadku alarmu uruchomi\u0105 si\u0119 syreny, a alarm zostanie wys\u0142any na Tw\u00f3j telefon kom\u00f3rkowy za po\u015brednictwem aplikacji. Je\u015bli wybra\u0142e\u015b i skonfigurowa\u0142e\u015b kart\u0119 SIM 4G, na Tw\u00f3j telefon zostanie wys\u0142any SMS i komunikat g\u0142osowy.<\/p>\n<p>G\u0142os poinformuje w Twoim j\u0119zyku, kt\u00f3ra sekcja zosta\u0142a uruchomiona. Mo\u017cesz tak\u017ce us\u0142ysze\u0107, co dzieje si\u0119 w Twojej nieruchomo\u015bci, np. je\u015bli masz cichy alarm SOS. Osoba ta mo\u017ce do Ciebie m\u00f3wi\u0107, a Ty mo\u017cesz rozmawia\u0107 i komunikowa\u0107 si\u0119 z ni\u0105 za pomoc\u0105 wbudowanego mikrofonu centrali.<\/p>\n<p>Alarm SecureX <strong>panel (z wy\u015bwietlaczem i tekstem), wiadomo\u015bciami g\u0142osowymi i aplikacj\u0105 Stonehouse Smart<\/strong> dost\u0119pne na:<\/p>\n<p><em><strong><span style=\"text-decoration: underline;\">Szwedzki, angielski, niemiecki, fi\u0144ski, francuski, holenderski, polski, hiszpa\u0144ski, norweski i du\u0144ski.<\/span><\/strong><\/em><\/p>\n<hr \/>\n<ul>\n<li>7-calowy ekran dotykowy z technologi\u0105 Long Range\/LoRa<\/li>\n<li>A\u017c do <strong>200 urz\u0105dze\u0144 bezprzewodowych<\/strong><\/li>\n<li><strong>Wi-Fi, 2G i 4G<\/strong> do po\u0142\u0105czenia<\/li>\n<li>Wbudowana syrena (do 120dB) + <strong>bateria zapasowa 5000 mAh<\/strong><\/li>\n<li>Zdalne sterowanie i powiadomienia za po\u015brednictwem aplikacji<\/li>\n<li>\u0141atwe do rozbudowy w razie potrzeby<\/li>\n<\/ul>\n<hr \/>\n<h3>Cechy i korzy\u015bci<\/h3>\n<ul>\n<li><strong>7-calowy ekran dotykowy IPS (1024\u00d7600)<\/strong> \u2013 przejrzysty i \u0142atwy w u\u017cyciu<\/li>\n<li>Wbudowane protoko\u0142y: <strong>433MHz (EV1527)<\/strong> I <strong>868 MHz<\/strong> z szyfrowaniem SecureX<\/li>\n<li><strong>Daleki zasi\u0119g<\/strong> \u2013 do ok. <strong>500 metr\u00f3w<\/strong> zasi\u0119g (linia wzroku)<\/li>\n<li>Wsparcie hybrydowe: <strong>200 urz\u0105dze\u0144 bezprzewodowych + 8 stref przewodowych<\/strong><\/li>\n<li>Wbudowana syrena + <strong>alarm sabota\u017cowy<\/strong><\/li>\n<li><strong>Bateria zapasowa 5000 mAh<\/strong> \u2013 dzia\u0142anie nawet podczas przerw w dostawie pr\u0105du<\/li>\n<li>Dwukierunkowa komunikacja i wiele numer\u00f3w alarmowych<\/li>\n<li><strong>Bezp\u0142atne aktualizacje OTA<\/strong> za po\u015brednictwem aplikacji Stonehouse Smart<\/li>\n<li><strong>10 j\u0119zyk\u00f3w + informacje g\u0142osowe:<\/strong> szwedzki, norweski, du\u0144ski, fi\u0144ski, angielski, niemiecki, polski, francuski, hiszpa\u0144ski, holenderski<\/li>\n<li>\u0141atwa instalacja za pomoc\u0105 <strong>USB-C lub 12 V<\/strong><\/li>\n<\/ul>\n<hr \/>\n<h3>Aplikacje i inteligentne integracje<\/h3>\n<ul>\n<li>Pe\u0142na kontrola poprzez <strong>Aplikacja Stonehouse Smart<\/strong><\/li>\n<li><strong>Tuya i inteligentne \u017cycie<\/strong> obs\u0142ugiwane (przez hub)<\/li>\n<li>Mo\u017cliwo\u015b\u0107 tworzenia scen\/automatyzacji (np. o\u015bwietlenie w przypadku alarmu)<\/li>\n<li>Wsparcie dla <strong>Asystent Google<\/strong><\/li>\n<\/ul>\n<hr \/>\n<h3>Certyfikaty i jako\u015b\u0107<\/h3>\n<ul>\n<li>CE<\/li>\n<li>RoHS<\/li>\n<li>ZASI\u0118G<\/li>\n<li>Identyfikator FCC (H700)<\/li>\n<li>UKCA (H700)<\/li>\n<li>ERP \u2013 energooszcz\u0119dne projektowanie<\/li>\n<\/ul>\n<hr \/>\n<h3>Jest to zawarte w zestawie SecureX Connect Pro<\/h3>\n<ul>\n<li><strong>1 szt<\/strong> Panel SecureX Connect Pro \u2013 7-calowy panel LoRa z ekranem dotykowym<\/li>\n<li><strong>2 szt.<\/strong> Piloty SecureX QuickControl<\/li>\n<li><strong>1 szt<\/strong> SecureX MotionEye Pro \u2013 czujnik ruchu PIR<\/li>\n<li><strong>1 szt<\/strong> SecureX DoorSense Pro \u2013 magnetyczny kontakt do drzwi\/okien<\/li>\n<li><strong>3 szt.<\/strong> Samoprzylepne aluminiowe naklejki alarmowe w formacie (A8) 52x74 mm<\/li>\n<li>Uchwyt panelowy do monta\u017cu<\/li>\n<li>\u015aruby i ko\u0142ki do monta\u017cu panelowego<\/li>\n<\/ul>\n<p>&nbsp;<\/p>","protected":false},"excerpt":{"rendered":"<h2>SecureX Connect Pro Kit - wersja polska (Kompletny zestaw startowy)<\/h2>\n<p class=\"\" data-start=\"307\" data-end=\"466\">Szwedzki ekran dotykowy i prosty przewodnik startowy sprawiaj\u0105, \u017ce rozpocz\u0119cie korzystania z systemu jest \u0142atwe.<\/p>\n<p class=\"\" data-start=\"307\" data-end=\"466\">Centrala \u0142\u0105czy wszystkie urz\u0105dzenia SecureX w jeden inteligentny i przyjazny u\u017cytkownikowi system.<\/p>\n<p class=\"\" data-start=\"307\" data-end=\"466\">Alarmy otrzymujesz bezpo\u015brednio na sw\u00f3j telefon kom\u00f3rkowy, a dzi\u0119ki karcie SIM 4G mo\u017cesz tak\u017ce odbiera\u0107 wiadomo\u015bci SMS i g\u0142osowe w przypadku alarmu.<\/p>\n<p class=\"\" data-start=\"307\" data-end=\"466\">Panel posiada wbudowan\u0105 syren\u0119, alarm antysabota\u017cowy, zapasow\u0105 bateri\u0119 i jest sterowany za pomoc\u0105 j\u0119zyka szwedzkiego. <strong data-start=\"348\" data-end=\"374\">Aplikacja Stonehouse Smart<\/strong>i jest kompatybilny z <strong data-start=\"399\" data-end=\"420\" data-is-only-node=\"\">Tuya i inteligentne \u017cycie<\/strong>.<\/p>\n<p data-start=\"307\" data-end=\"466\">Alarm SecureX <strong>panel (z wy\u015bwietlaczem i tekstem), wiadomo\u015bciami g\u0142osowymi i aplikacj\u0105 Stonehouse Smart<\/strong> Dost\u0119pne w j\u0119zyku szwedzkim, angielskim, niemieckim, fi\u0144skim, francuskim, holenderskim, polskim, hiszpa\u0144skim, norweskim i du\u0144skim.<\/p>","protected":false},"featured_media":162736,"template":"","meta":{"_acf_changed":false},"product_brand":[],"product_cat":[5060,5059],"product_tag":[],"class_list":{"0":"post-162649","1":"product","2":"type-product","3":"status-publish","4":"has-post-thumbnail","6":"product_cat-securex-kit-hub","7":"product_cat-smart-larm-securex","8":"pa_brands-securex-connect-pro","9":"pa_brands-stonehouse-smart","10":"tm-no-options","12":"first","13":"instock","14":"sale","15":"taxable","16":"shipping-taxable","17":"purchasable","18":"product-type-simple"},"acf":[],"_links":{"self":[{"href":"https:\/\/secureus.se\/pl\/wp-json\/wp\/v2\/product\/162649","targetHints":{"allow":["GET"]}}],"collection":[{"href":"https:\/\/secureus.se\/pl\/wp-json\/wp\/v2\/product"}],"about":[{"href":"https:\/\/secureus.se\/pl\/wp-json\/wp\/v2\/types\/product"}],"wp:featuredmedia":[{"embeddable":true,"href":"https:\/\/secureus.se\/pl\/wp-json\/wp\/v2\/media\/162736"}],"wp:attachment":[{"href":"https:\/\/secureus.se\/pl\/wp-json\/wp\/v2\/media?parent=162649"}],"wp:term":[{"taxonomy":"product_brand","embeddable":true,"href":"https:\/\/secureus.se\/pl\/wp-json\/wp\/v2\/product_brand?post=162649"},{"taxonomy":"product_cat","embeddable":true,"href":"https:\/\/secureus.se\/pl\/wp-json\/wp\/v2\/product_cat?post=162649"},{"taxonomy":"product_tag","embeddable":true,"href":"https:\/\/secureus.se\/pl\/wp-json\/wp\/v2\/product_tag?post=162649"}],"curies":[{"name":"wp","href":"https:\/\/api.w.org\/{rel}","templated":true}]}}