{"id":162654,"date":"2025-09-15T11:16:40","date_gmt":"2025-09-15T09:16:40","guid":{"rendered":"https:\/\/secureus.se\/?post_type=product&#038;p=162654"},"modified":"2026-04-09T15:49:42","modified_gmt":"2026-04-09T13:49:42","slug":"securex-multiknapp-dorrklocka","status":"publish","type":"product","link":"https:\/\/secureus.se\/pl\/securex-multiknapp-dorrklocka\/","title":{"rendered":"SecureX Multi-button \u2013 dzwonek do drzwi do pod\u0142\u0105czenia do SecureX"},"content":{"rendered":"<h2>SecureX Multi-button \u2013 dzwonek do drzwi<\/h2>\n<p>SecureX Multi-button \u2013 Doorbell to prostok\u0105tny, bezprzewodowy przycisk, kt\u00f3ry zapewnia wygodn\u0105 funkcj\u0119 dzwonka do drzwi w systemie SecureX. Wystarczy jedno naci\u015bni\u0119cie, aby wys\u0142a\u0107 sygna\u0142 do <strong>Centrum SecureX<\/strong>, kt\u00f3ry aktywuje dzwonek i wysy\u0142a <strong>powiadomienia push w czasie rzeczywistym<\/strong> na Tw\u00f3j telefon kom\u00f3rkowy.<\/p>\n<p>Wszystkie wydarzenia s\u0105 wy\u015bwietlane w <strong>Aplikacja Stonehouse Smart<\/strong> (iOS\/Android). Dla wi\u0119kszej elastyczno\u015bci, kompatybilno\u015b\u0107 z <strong>Tuya<\/strong> I <strong>Inteligentne \u017cycie<\/strong> poprzez hub.<\/p>\n<p>Przycisk wielofunkcyjny mo\u017cna r\u00f3wnie\u017c zaprogramowa\u0107 jako nadajnik\/czujnik alarmu, co oznacza, \u017ce mo\u017ce on generowa\u0107 alarmy zar\u00f3wno ciche, jak i d\u017awi\u0119kowe. Opcjonalny zakup tekstu mo\u017ce by\u0107 alternatyw\u0105, aby wyja\u015bni\u0107 funkcj\u0119 lub lokalizacj\u0119 w Twojej nieruchomo\u015bci.<\/p>\n<hr \/>\n<h3>Prosty monta\u017c \u2013 dyskretny design<\/h3>\n<p>Wieloprzyciskowy jest kompaktowy i dyskretny (<strong>48 \u00d7 76 \u00d7 11 mm<\/strong>) i jest szybko montowany z <strong>ta\u015bma dwustronna<\/strong> (w zestawie). W celu uzyskania trwalszej instalacji, dost\u0119pne s\u0105 <strong>dwa otwory monta\u017cowe<\/strong> do \u015bruby (\u015bruba nie jest do\u0142\u0105czona).<\/p>\n<p>Jest zasilany przez <strong>1 x akumulator 23A 12V<\/strong> i charakteryzuje si\u0119 niskim zu\u017cyciem energii, co zapewnia d\u0142ugi czas pracy na baterii.<\/p>\n<hr \/>\n<h3>Stabilna komunikacja bezprzewodowa<\/h3>\n<p>Przycisk u\u017cywa <strong>433MHz (eV1527)<\/strong> i jest zakodowany w standardzie SecureX, co zapewnia stabiln\u0105 prac\u0119 zar\u00f3wno w \u015brodowisku domowym, jak i komercyjnym.<\/p>\n<hr \/>\n<h3>Wa\u017cne \u2013 system i kompatybilno\u015b\u0107<\/h3>\n<ul>\n<li>Przycisk wielofunkcyjny jest u\u017cywany w po\u0142\u0105czeniu z <strong>Centrum SecureX<\/strong><\/li>\n<li>Powiadomienia i funkcje s\u0105 zarz\u0105dzane w <strong>Aplikacja Stonehouse Smart<\/strong><\/li>\n<li><strong>Tuya i inteligentne \u017cycie<\/strong> utrzymany <strong>przez hub<\/strong><\/li>\n<li>Przycisk jest <strong>nie niezale\u017cny<\/strong><\/li>\n<\/ul>\n<hr \/>\n<h3>Korzy\u015bci i funkcje<\/h3>\n<ul>\n<li>Bezprzewodowy przycisk dzwonka (prostok\u0105tny)<\/li>\n<li>Pe\u0142na integracja poprzez hub SecureX<\/li>\n<li>Powiadomienia w czasie rzeczywistym w aplikacji Stonehouse Smart<\/li>\n<li>Tuya i Smart Life przez hub<\/li>\n<li>\u0141atwy monta\u017c za pomoc\u0105 ta\u015bmy lub \u015brub<\/li>\n<li>D\u0142uga \u017cywotno\u015b\u0107 baterii dzi\u0119ki niskiemu zu\u017cyciu<\/li>\n<li>Kompaktowa i dyskretna konstrukcja<\/li>\n<\/ul>\n<hr \/>\n<h3>Obszary zastosowa\u0144<\/h3>\n<ul>\n<li>Dzwonek do willi i apartament\u00f3w<\/li>\n<li>Wej\u015bcia do sklep\u00f3w i biur<\/li>\n<li>Domy wakacyjne i pensjonaty<\/li>\n<li>Dodatkowy dzwonek do drzwi bocznych lub tylnych<\/li>\n<\/ul>\n<hr \/>\n<h3>Specyfikacja techniczna<\/h3>\n<ul>\n<li><strong>Bateria:<\/strong> 23A 12V \u00d7 1<\/li>\n<li><strong>Moc w trybie gotowo\u015bci:<\/strong> 0mA<\/li>\n<li><strong>Pr\u0105d roboczy:<\/strong> &lt;40mA<\/li>\n<li><strong>Cz\u0119stotliwo\u015b\u0107 bezprzewodowa:<\/strong> 433 MHz (eV1527) zakodowane dla SecureX<\/li>\n<li><strong>Mierzy\u0107:<\/strong> 48 \u00d7 76 \u00d7 11 mm<\/li>\n<li><strong>Temperatura pracy:<\/strong> \u221210\u00b0C do +50\u00b0C<\/li>\n<li><strong>Wilgotno\u015b\u0107 wzgl\u0119dna:<\/strong> &lt;95 % (bez kondensacji)<\/li>\n<li><strong>Montowanie:<\/strong> dwustronna ta\u015bma klej\u0105ca (w zestawie) lub przykr\u0119ci\u0107 przez 2 otwory na \u015bruby (\u015bruby nie s\u0105 do\u0142\u0105czone)<\/li>\n<\/ul>\n<hr \/>\n<h3>Zawarto\u015b\u0107 dostawy<\/h3>\n<ul>\n<li>SecureX Multi-button \u2013 Dzwonek do drzwi: 1 szt.<\/li>\n<li>Ta\u015bma dwustronna klej\u0105ca<\/li>\n<li>Podr\u0119cznik<\/li>\n<\/ul>","protected":false},"excerpt":{"rendered":"<p>SecureX Multi-button \u2013 Doorbell to bezprzewodowy przycisk pe\u0142ni\u0105cy funkcj\u0119 dzwonka do drzwi w systemie alarmowym.<\/p>\n<p>W pe\u0142ni zintegrowany z central\u0105 SecureX i aplikacj\u0105 Stonehouse Smart, kompatybilny z Tuya i Smart Life.<\/p>\n<p>Mo\u017cna r\u00f3wnie\u017c zaprogramowa\u0107 przycisk wielofunkcyjny jako czujnik alarmowy z wybranymi funkcjami.<\/p>\n<p>\u0141atwy monta\u017c za pomoc\u0105 ta\u015bmy dwustronnej lub \u015brub.<\/p>","protected":false},"featured_media":162650,"template":"","meta":{"_acf_changed":false},"product_brand":[],"product_cat":[5063],"product_tag":[],"class_list":{"0":"post-162654","1":"product","2":"type-product","3":"status-publish","4":"has-post-thumbnail","6":"product_cat-securex-knappar-nod","7":"pa_brands-securex","8":"tm-no-options","10":"first","11":"instock","12":"sale","13":"taxable","14":"shipping-taxable","15":"purchasable","16":"product-type-simple"},"acf":[],"_links":{"self":[{"href":"https:\/\/secureus.se\/pl\/wp-json\/wp\/v2\/product\/162654","targetHints":{"allow":["GET"]}}],"collection":[{"href":"https:\/\/secureus.se\/pl\/wp-json\/wp\/v2\/product"}],"about":[{"href":"https:\/\/secureus.se\/pl\/wp-json\/wp\/v2\/types\/product"}],"wp:featuredmedia":[{"embeddable":true,"href":"https:\/\/secureus.se\/pl\/wp-json\/wp\/v2\/media\/162650"}],"wp:attachment":[{"href":"https:\/\/secureus.se\/pl\/wp-json\/wp\/v2\/media?parent=162654"}],"wp:term":[{"taxonomy":"product_brand","embeddable":true,"href":"https:\/\/secureus.se\/pl\/wp-json\/wp\/v2\/product_brand?post=162654"},{"taxonomy":"product_cat","embeddable":true,"href":"https:\/\/secureus.se\/pl\/wp-json\/wp\/v2\/product_cat?post=162654"},{"taxonomy":"product_tag","embeddable":true,"href":"https:\/\/secureus.se\/pl\/wp-json\/wp\/v2\/product_tag?post=162654"}],"curies":[{"name":"wp","href":"https:\/\/api.w.org\/{rel}","templated":true}]}}