{"id":162717,"date":"2026-02-16T10:35:17","date_gmt":"2026-02-16T09:35:17","guid":{"rendered":"https:\/\/secureus.se\/securex-rfid-tagg-for-larmstyrning\/"},"modified":"2026-04-02T13:03:28","modified_gmt":"2026-04-02T11:03:28","slug":"securex-rfid-tagg-for-larmstyrning","status":"publish","type":"product","link":"https:\/\/secureus.se\/pl\/securex-rfid-tagg-for-larmstyrning\/","title":{"rendered":"Tag RFID SecureX do sterowania alarmem"},"content":{"rendered":"<p data-start=\"286\" data-end=\"532\">Tagi RFID SecureX to proste i bezpieczne rozwi\u0105zanie do identyfikacji i dost\u0119pu w systemie SecureX. Wystarczy jedno dotkni\u0119cie czytnika, aby rozbroi\u0107 alarm, uzyska\u0107 dost\u0119p lub zidentyfikowa\u0107 si\u0119 w systemie \u2013 bez kodu czy aplikacji.<\/p>\n<p data-start=\"534\" data-end=\"765\">Zaprojektowane do codziennego u\u017cytku, tagi charakteryzuj\u0105 si\u0119 solidn\u0105 konstrukcj\u0105, odporn\u0105 na zu\u017cycie i uszkodzenia z up\u0142ywem czasu. Idealnie sprawdzaj\u0105 si\u0119 w firmach, obiektach, u pracownik\u00f3w, u go\u015bci i innych miejscach, w kt\u00f3rych p\u0142ynny i kontrolowany dost\u0119p jest kluczowy.<\/p>\n<p data-start=\"767\" data-end=\"978\">Jako zastrze\u017cony produkt SecureX, tagi RFID mo\u017cna tak\u017ce spersonalizowa\u0107, umieszczaj\u0105c na nich w\u0142asny tekst\/logo.<\/p>\n<p data-start=\"767\" data-end=\"978\">Daje to jednolity i profesjonalny wygl\u0105d, a jednocze\u015bnie sprawia, \u017ce tagi s\u0105 \u0142atwe do rozpoznania i powi\u0105zania z Twoj\u0105 firm\u0105.<\/p>\n<p data-start=\"980\" data-end=\"993\"><strong data-start=\"980\" data-end=\"993\">Zalety:<\/strong><\/p>\n<ul data-start=\"994\" data-end=\"1195\">\n<li data-start=\"994\" data-end=\"1027\">\n<p data-start=\"996\" data-end=\"1027\">Szybka i \u0142atwa identyfikacja<\/p>\n<\/li>\n<li data-start=\"1028\" data-end=\"1070\">\n<p data-start=\"1030\" data-end=\"1070\">\u0141atwy w u\u017cyciu bez kodu i telefonu kom\u00f3rkowego<\/p>\n<\/li>\n<li data-start=\"1071\" data-end=\"1111\">\n<p data-start=\"1073\" data-end=\"1111\">Wysoka niezawodno\u015b\u0107 operacyjna i d\u0142uga \u017cywotno\u015b\u0107<\/p>\n<\/li>\n<li data-start=\"1112\" data-end=\"1150\">\n<p data-start=\"1114\" data-end=\"1150\">Mo\u017cliwo\u015b\u0107 personalizacji w\u0142asnym logo<\/p>\n<\/li>\n<li data-start=\"1151\" data-end=\"1195\">\n<p data-start=\"1153\" data-end=\"1195\">Pe\u0142na kompatybilno\u015b\u0107 z systemem SecureX<\/p>\n<\/li>\n<\/ul>\n<p data-start=\"1197\" data-end=\"1262\" data-is-last-node=\"\" data-is-only-node=\"\">Praktyczne i profesjonalne rozwi\u0105zanie dla nowoczesnej kontroli dost\u0119pu.<\/p>","protected":false},"excerpt":{"rendered":"<p>Tagi RFID SecureX zapewniaj\u0105 szybki i \u0142atwy dost\u0119p do systemu SecureX. Wystarczy przy\u0142o\u017cy\u0107 tag do czytnika, aby rozbroi\u0107 system lub kontrolowa\u0107 uprawnienia.<\/p>\n<p>Tagi s\u0105 trwa\u0142e, niezawodne i mog\u0105 by\u0107 dostarczone z Twoim logo\/numerem, co stanowi profesjonalne i osobiste rozwi\u0105zanie.<\/p>","protected":false},"featured_media":162716,"template":"","meta":{"_acf_changed":false},"product_brand":[],"product_cat":[5067,5065],"product_tag":[],"class_list":{"0":"post-162717","1":"product","2":"type-product","3":"status-publish","4":"has-post-thumbnail","6":"product_cat-securex-knappsatser","7":"product_cat-securex-tillbehor","8":"tm-no-options","10":"first","11":"instock","12":"sale","13":"taxable","14":"shipping-taxable","15":"purchasable","16":"product-type-simple"},"acf":[],"_links":{"self":[{"href":"https:\/\/secureus.se\/pl\/wp-json\/wp\/v2\/product\/162717","targetHints":{"allow":["GET"]}}],"collection":[{"href":"https:\/\/secureus.se\/pl\/wp-json\/wp\/v2\/product"}],"about":[{"href":"https:\/\/secureus.se\/pl\/wp-json\/wp\/v2\/types\/product"}],"wp:featuredmedia":[{"embeddable":true,"href":"https:\/\/secureus.se\/pl\/wp-json\/wp\/v2\/media\/162716"}],"wp:attachment":[{"href":"https:\/\/secureus.se\/pl\/wp-json\/wp\/v2\/media?parent=162717"}],"wp:term":[{"taxonomy":"product_brand","embeddable":true,"href":"https:\/\/secureus.se\/pl\/wp-json\/wp\/v2\/product_brand?post=162717"},{"taxonomy":"product_cat","embeddable":true,"href":"https:\/\/secureus.se\/pl\/wp-json\/wp\/v2\/product_cat?post=162717"},{"taxonomy":"product_tag","embeddable":true,"href":"https:\/\/secureus.se\/pl\/wp-json\/wp\/v2\/product_tag?post=162717"}],"curies":[{"name":"wp","href":"https:\/\/api.w.org\/{rel}","templated":true}]}}