{"id":162851,"date":"2026-03-04T10:53:44","date_gmt":"2026-03-04T09:53:44","guid":{"rendered":"https:\/\/secureus.se\/hikvision-ds-2cd2387g3-lis2uy-sl-8mp-colorvu-ip-turretkamera-smart-hybrid-light-4mm\/"},"modified":"2026-04-09T11:18:16","modified_gmt":"2026-04-09T09:18:16","slug":"hikvision-ds-2cd2387g3-lis2uy-sl-8mp-colorvu-4mm","status":"publish","type":"product","link":"https:\/\/secureus.se\/pl\/hikvision-ds-2cd2387g3-lis2uy-sl-8mp-colorvu-4mm\/","title":{"rendered":"Hikvision DS-2CD2387G3-LIS2UY\/SL \u2013 8-megapikselowa kamera hybrydowa ColorVu Smart Light IP Turret (4 mm)"},"content":{"rendered":"<p data-start=\"677\" data-end=\"975\">Hikvision DS-2CD2387G3-LIS2UY\/SL to wydajna kamera IP typu turret o rozdzielczo\u015bci 8 MP, opracowana z my\u015bl\u0105 o profesjonalnym monitoringu wizyjnym, gdzie wysoka jako\u015b\u0107 obrazu, inteligentna analiza i niezawodno\u015b\u0107 dzia\u0142ania s\u0105 kluczowe. Kamera wykorzystuje technologi\u0119 ColorVu firmy Hikvision, kt\u00f3ra zapewnia kolorowy obraz 24\/7, nawet przy bardzo s\u0142abym o\u015bwietleniu.<\/p>\n<p data-start=\"977\" data-end=\"1206\">Ten model jest wyposa\u017cony w <strong data-start=\"1009\" data-end=\"1027\">Obiektyw sta\u0142oogniskowy 4 mm<\/strong>, kt\u00f3ry zapewnia zr\u00f3wnowa\u017cone pole widzenia, doskonale nadaj\u0105ce si\u0119 do monitorowania wej\u015b\u0107, chodnik\u00f3w, podjazd\u00f3w, parking\u00f3w i innych obszar\u00f3w, w kt\u00f3rych wa\u017cny jest zar\u00f3wno przegl\u0105d, jak i poziom szczeg\u00f3\u0142owo\u015bci.<\/p>\n<h3 data-start=\"1208\" data-end=\"1244\">ColorVu \u2013 kolorowe obrazy przez ca\u0142\u0105 dob\u0119<\/h3>\n<p data-start=\"1245\" data-end=\"1506\">Technologia ColorVu \u0142\u0105czy w sobie jasny <strong data-start=\"1286\" data-end=\"1299\">Obiektyw F1.0<\/strong> Dzi\u0119ki zaawansowanemu czujnikowi obrazu, kt\u00f3ry zbiera wi\u0119cej \u015bwiat\u0142a, aparat rejestruje kolorowe i szczeg\u00f3\u0142owe zdj\u0119cia nawet w ciemnym otoczeniu, gdzie tradycyjne aparaty w przeciwnym razie prze\u0142\u0105cza\u0142yby si\u0119 na czarno-bia\u0142y tryb nocny.<\/p>\n<h3 data-start=\"1508\" data-end=\"1530\">Inteligentne \u015bwiat\u0142o hybrydowe<\/h3>\n<p data-start=\"1531\" data-end=\"1718\">Aparat jest wyposa\u017cony w technologi\u0119 Smart Hybrid Light, kt\u00f3ra \u0142\u0105czy w sobie <strong data-start=\"1589\" data-end=\"1619\">O\u015bwietlenie IR i \u015bwiat\u0142o bia\u0142e<\/strong> Dla optymalnego monitoringu nocnego. System mo\u017ce automatycznie dostosowywa\u0107 o\u015bwietlenie w zale\u017cno\u015bci od sytuacji.<\/p>\n<p data-start=\"1720\" data-end=\"1752\">Dost\u0119pne s\u0105 trzy r\u00f3\u017cne tryby o\u015bwietlenia:<\/p>\n<p data-start=\"1754\" data-end=\"1880\">\u2022 Tryb IR do dyskretnego nadzoru nocnego<br data-start=\"1791\" data-end=\"1794\" \/>\u2022 Bia\u0142e \u015bwiat\u0142o do kolorowych obraz\u00f3w w ciemno\u015bci<br data-start=\"1829\" data-end=\"1832\" \/>\u2022 Tryb hybrydowy, w kt\u00f3rym bia\u0142e \u015bwiat\u0142o w\u0142\u0105cza si\u0119 w momencie wyst\u0105pienia ruchu<\/p>\n<p data-start=\"1882\" data-end=\"1936\">O\u015bwietlenie zapewnia do ok. <strong data-start=\"1913\" data-end=\"1935\">Zasi\u0119g 30 metr\u00f3w<\/strong>.<\/p>\n<h3 data-start=\"1938\" data-end=\"1964\">Analityka wideo oparta na sztucznej inteligencji<\/h3>\n<p data-start=\"1965\" data-end=\"2110\">Kamera wykorzystuje g\u0142\u0119bokie uczenie do identyfikacji <strong data-start=\"2016\" data-end=\"2039\">ludzie i pojazdy<\/strong>, co zmniejsza liczb\u0119 fa\u0142szywych alarm\u00f3w wywo\u0142anych na przyk\u0142ad przez zwierz\u0119ta, deszcz lub ro\u015blinno\u015b\u0107.<\/p>\n<p data-start=\"2112\" data-end=\"2141\">Obs\u0142ugiwane funkcje obejmuj\u0105:<\/p>\n<p data-start=\"2143\" data-end=\"2261\">\u2022 Przekroczenie linii<br data-start=\"2158\" data-end=\"2161\" \/>\u2022 Wykrywanie w\u0142ama\u0144<br data-start=\"2182\" data-end=\"2185\" \/>\u2022 Wej\u015bcie i wyj\u015bcie z obszaru<br data-start=\"2219\" data-end=\"2222\" \/>\u2022 Klasyfikacja os\u00f3b i pojazd\u00f3w<\/p>\n<h3 data-start=\"2263\" data-end=\"2304\">Wbudowany d\u017awi\u0119k i komunikacja dwukierunkowa<\/h3>\n<p data-start=\"2305\" data-end=\"2456\">Aparat jest wyposa\u017cony w <strong data-start=\"2329\" data-end=\"2361\">podw\u00f3jny mikrofon i g\u0142o\u015bnik<\/strong>, umo\u017cliwiaj\u0105c komunikacj\u0119 audio w czasie rzeczywistym i dwukierunkow\u0105 komunikacj\u0119 za po\u015brednictwem systemu monitorowania lub aplikacji mobilnej.<\/p>\n<h3 data-start=\"2458\" data-end=\"2497\">Solidna konstrukcja do u\u017cytku na zewn\u0105trz<\/h3>\n<p data-start=\"2498\" data-end=\"2740\">Kamera jest wykonana z metalu i zaprojektowana tak, aby wytrzyma\u0107 trudne warunki. <strong data-start=\"2582\" data-end=\"2598\">Stopie\u0144 ochrony IP67<\/strong>, co oznacza, \u017ce jest chroniony przed kurzem i ulewnym deszczem. Odporna na korozj\u0119 konstrukcja zapewnia r\u00f3wnie\u017c d\u0142ug\u0105 \u017cywotno\u015b\u0107 w nara\u017conych na dzia\u0142anie czynnik\u00f3w atmosferycznych \u015brodowiskach.<\/p>\n<hr data-start=\"2742\" data-end=\"2745\" \/>\n<h2 data-start=\"2747\" data-end=\"2774\">DANE TECHNICZNE<\/h2>\n<p data-start=\"2776\" data-end=\"3303\">Rezolucja: <strong data-start=\"2788\" data-end=\"2810\">8 MP (3840 \u00d7 2160)<\/strong><br data-start=\"2810\" data-end=\"2813\" \/>Transduktor: <strong data-start=\"2821\" data-end=\"2853\">1\/1,8\u2033 progresywny CMOS<\/strong><br data-start=\"2853\" data-end=\"2856\" \/>Obiektyw: <strong data-start=\"2862\" data-end=\"2875\">4mm lite<\/strong><br data-start=\"2875\" data-end=\"2878\" \/>Otw\u00f3r: <strong data-start=\"2888\" data-end=\"2896\">F1.0<\/strong><br data-start=\"2896\" data-end=\"2899\" \/>Pole widzenia (poziome): ok. <strong data-start=\"2926\" data-end=\"2933\">93\u00b0<\/strong><br data-start=\"2933\" data-end=\"2936\" \/>Kompresja wideo: <strong data-start=\"2955\" data-end=\"2987\">H.265+, H.265, H.264+, H.264<\/strong><br data-start=\"2987\" data-end=\"2990\" \/>Maksymalna liczba klatek na sekund\u0119: <strong data-start=\"3008\" data-end=\"3027\">do 30 klatek na sekund\u0119<\/strong><br data-start=\"3027\" data-end=\"3030\" \/>WDR: <strong data-start=\"3035\" data-end=\"3045\">130 dB<\/strong><br data-start=\"3045\" data-end=\"3048\" \/>O\u015bwietlenie nocne: <strong data-start=\"3063\" data-end=\"3100\">Podczerwie\u0144 i \u015bwiat\u0142o bia\u0142e do ok. 30 m<\/strong><br data-start=\"3100\" data-end=\"3103\" \/>Analiza sztucznej inteligencji: <strong data-start=\"3114\" data-end=\"3155\">klasyfikacja os\u00f3b i pojazd\u00f3w<\/strong><br data-start=\"3155\" data-end=\"3158\" \/>D\u017awi\u0119k: <strong data-start=\"3164\" data-end=\"3198\">wbudowany mikrofon i g\u0142o\u015bnik<\/strong><br data-start=\"3198\" data-end=\"3201\" \/>Sk\u0142adowanie: <strong data-start=\"3210\" data-end=\"3237\">microSD do 512 GB<\/strong><br data-start=\"3237\" data-end=\"3240\" \/>Zasilanie: <strong data-start=\"3258\" data-end=\"3279\">PoE lub 12 V DC<\/strong><br data-start=\"3279\" data-end=\"3282\" \/>Klasa ochrony: <strong data-start=\"3295\" data-end=\"3303\">IP67<\/strong><\/p>","protected":false},"excerpt":{"rendered":"<p data-start=\"137\" data-end=\"270\">\u2022 <strong data-start=\"139\" data-end=\"172\">Rozdzielczo\u015b\u0107 8 MP (3840 \u00d7 2160)<\/strong><br data-start=\"172\" data-end=\"175\" \/>\u2022 <strong data-start=\"177\" data-end=\"222\">Technologia ColorVu zapewniaj\u0105ca ca\u0142odobowe obrazy kolorowe<\/strong><br data-start=\"222\" data-end=\"225\" \/>\u2022 <strong data-start=\"227\" data-end=\"270\">Inteligentna lampa hybrydowa z podczerwieni\u0105 i \u015bwiat\u0142em bia\u0142ym<\/strong><\/p>\n<p data-start=\"272\" data-end=\"649\">Hikvision DS-2CD2387G3-LIS2UY\/SL to zaawansowana kamera wie\u017cowa 8 MP z technologi\u0105 ColorVu, kt\u00f3ra zapewnia wyra\u017any, kolorowy obraz 24\/7. Jasny obiektyw F1.0 w po\u0142\u0105czeniu z inteligentnym o\u015bwietleniem hybrydowym Smart Hybrid Light pozwala kamerze rejestrowa\u0107 ostry obraz nawet przy bardzo s\u0142abym o\u015bwietleniu. Kamera oferuje r\u00f3wnie\u017c klasyfikacj\u0119 os\u00f3b i pojazd\u00f3w opart\u0105 na sztucznej inteligencji oraz wbudowany mikrofon i g\u0142o\u015bnik do dwukierunkowej transmisji d\u017awi\u0119ku.<\/p>","protected":false},"featured_media":162849,"template":"","meta":{"_acf_changed":false},"product_brand":[],"product_cat":[3359,5127],"product_tag":[],"class_list":{"0":"post-162851","1":"product","2":"type-product","3":"status-publish","4":"has-post-thumbnail","6":"product_cat-tradbundna-overvakningskameror","7":"product_cat-overvakningskameror-utomhus","8":"pa_brands-hikvision","9":"tm-no-options","11":"first","12":"onbackorder","13":"sale","14":"taxable","15":"shipping-taxable","16":"purchasable","17":"product-type-simple"},"acf":[],"_links":{"self":[{"href":"https:\/\/secureus.se\/pl\/wp-json\/wp\/v2\/product\/162851","targetHints":{"allow":["GET"]}}],"collection":[{"href":"https:\/\/secureus.se\/pl\/wp-json\/wp\/v2\/product"}],"about":[{"href":"https:\/\/secureus.se\/pl\/wp-json\/wp\/v2\/types\/product"}],"wp:featuredmedia":[{"embeddable":true,"href":"https:\/\/secureus.se\/pl\/wp-json\/wp\/v2\/media\/162849"}],"wp:attachment":[{"href":"https:\/\/secureus.se\/pl\/wp-json\/wp\/v2\/media?parent=162851"}],"wp:term":[{"taxonomy":"product_brand","embeddable":true,"href":"https:\/\/secureus.se\/pl\/wp-json\/wp\/v2\/product_brand?post=162851"},{"taxonomy":"product_cat","embeddable":true,"href":"https:\/\/secureus.se\/pl\/wp-json\/wp\/v2\/product_cat?post=162851"},{"taxonomy":"product_tag","embeddable":true,"href":"https:\/\/secureus.se\/pl\/wp-json\/wp\/v2\/product_tag?post=162851"}],"curies":[{"name":"wp","href":"https:\/\/api.w.org\/{rel}","templated":true}]}}