{"id":162887,"date":"2026-03-02T10:20:23","date_gmt":"2026-03-02T09:20:23","guid":{"rendered":"https:\/\/secureus.se\/?post_type=product&#038;p=162887"},"modified":"2026-03-31T13:19:03","modified_gmt":"2026-03-31T11:19:03","slug":"temperatur-luftfuktighetssensor-med-2-st-c-nc-no-relautgangar-rs485-modbus","status":"publish","type":"product","link":"https:\/\/secureus.se\/pl\/temperatur-luftfuktighetssensor-med-2-st-c-nc-no-relautgangar-rs485-modbus\/","title":{"rendered":"Czujnik temperatury i wilgotno\u015bci z 2 wyj\u015bciami przeka\u017anikowymi C\/NC\/NO \u2013 RS485 Modbus"},"content":{"rendered":"<section class=\"product-detail__top-container\">\n<div class=\"product-detail__top-content\">\n<div class=\"wrap-text admin-perex\">\n<h2 data-start=\"168\" data-end=\"239\">Czujnik temperatury i wilgotno\u015bci z 2 wyj\u015bciami przeka\u017anikowymi \u2013 RS485 Modbus<\/h2>\n<p data-start=\"241\" data-end=\"454\">Ten czujnik temperatury i wilgotno\u015bci przeznaczony jest do monta\u017cu w <strong data-start=\"316\" data-end=\"384\">systemy alarmowe, automatyka budynkowa i systemy monitoringu technicznego<\/strong> gdzie zmiany klimatyczne powinny m\u00f3c wywo\u0142ywa\u0107 alarmy lub by\u0107 sterowane za pomoc\u0105 przeka\u017anika.<\/p>\n<p data-start=\"456\" data-end=\"557\">Czujnik wyposa\u017cony jest r\u00f3wnie\u017c w <strong data-start=\"480\" data-end=\"509\">dwa oddzielne wyj\u015bcia przeka\u017anikowe<\/strong> kt\u00f3ry mo\u017cna wykorzysta\u0107 do r\u00f3\u017cnych typ\u00f3w alarm\u00f3w klimatycznych:<\/p>\n<ul data-start=\"559\" data-end=\"704\">\n<li data-start=\"559\" data-end=\"631\">\n<p data-start=\"561\" data-end=\"631\"><strong data-start=\"561\" data-end=\"585\">Przeka\u017anik 1 \u2013 Temperatura:<\/strong> aktywowane przy ustawionej warto\u015bci granicznej temperatury<\/p>\n<\/li>\n<li data-start=\"632\" data-end=\"704\">\n<p data-start=\"634\" data-end=\"704\"><strong data-start=\"634\" data-end=\"661\">Przeka\u017anik 2 \u2013 Wilgotno\u015b\u0107:<\/strong> aktywowane przy ustawionej warto\u015bci wilgotno\u015bci<\/p>\n<\/li>\n<\/ul>\n<p data-start=\"706\" data-end=\"831\">Dzi\u0119ki temu czujnik jest szczeg\u00f3lnie przydatny w instalacjach, w kt\u00f3rych temperatura lub wilgotno\u015b\u0107 mog\u0105 mie\u0107 wp\u0142yw na dzia\u0142anie urz\u0105dzenia, jego bezpiecze\u0144stwo lub dzia\u0142anie.<\/p>\n<p data-start=\"833\" data-end=\"960\">Przeka\u017aniki mo\u017cna pod\u0142\u0105czy\u0107 bezpo\u015brednio np. do: <strong data-start=\"877\" data-end=\"959\">wej\u015bcia alarmowe w jednostkach centralnych, systemach sterowania, systemach wentylacji lub alarmach operacyjnych<\/strong>.<\/p>\n<p data-start=\"962\" data-end=\"1119\">Przeka\u017aniki maj\u0105 obci\u0105\u017calno\u015b\u0107 do <strong data-start=\"1008\" data-end=\"1024\"><span data-olk-copy-source=\"MessageBody\">24 V\/2 A lub 0,5 A przy 220 V<\/span><\/strong>\u00a0co umo\u017cliwia sterowanie urz\u0105dzeniami zewn\u0119trznymi lub wysy\u0142anie sygna\u0142\u00f3w alarmowych do innych system\u00f3w.<\/p>\n<p data-start=\"962\" data-end=\"1119\">Nale\u017cy pami\u0119ta\u0107, \u017ce w przypadku wi\u0119kszych obci\u0105\u017ce\u0144 nie nale\u017cy sterowa\u0107 nimi bezpo\u015brednio za po\u015brednictwem wbudowanych przeka\u017anik\u00f3w urz\u0105dzenia, lecz za po\u015brednictwem stycznika lub przeka\u017anika po\u015brednicz\u0105cego.<\/p>\n<p data-start=\"962\" data-end=\"1119\"><strong>Napi\u0119cie robocze:<\/strong> 12~36 V pr\u0105du sta\u0142ego lub 24 V pr\u0105du przemiennego (\u00b120%)<\/p>\n<p data-start=\"962\" data-end=\"1119\"><strong>Temperatura pracy urz\u0105dzenia:<\/strong>\u00a0 \u00a0-20 \u2013 +70 stopni Celsjusza.<\/p>\n<h2 data-start=\"1253\" data-end=\"1287\">Przystosowane do instalacji alarmowych<\/h2>\n<p data-start=\"1289\" data-end=\"1515\">Czujnik stanowi praktyczne uzupe\u0142nienie system\u00f3w bezpiecze\u0144stwa i monitoringu, w kt\u00f3rych konieczne jest monitorowanie warunk\u00f3w \u015brodowiskowych. Dzi\u0119ki dw\u00f3m wyj\u015bciom przeka\u017anikowym czujnik mo\u017ce generowa\u0107 oddzielne alarmy temperatury i wilgotno\u015bci.<\/p>\n<p data-start=\"1517\" data-end=\"1557\">Typowe funkcje instalacji alarmowych:<\/p>\n<ul data-start=\"1559\" data-end=\"1774\">\n<li data-start=\"1559\" data-end=\"1598\">\n<p data-start=\"1561\" data-end=\"1598\">monitorowanie temperatury w <strong data-start=\"1585\" data-end=\"1598\">serwerownia<\/strong><\/p>\n<\/li>\n<li data-start=\"1599\" data-end=\"1639\">\n<p data-start=\"1601\" data-end=\"1639\">alarm wilgoci w <strong data-start=\"1612\" data-end=\"1639\">pomieszczenie techniczne lub piwnica<\/strong><\/p>\n<\/li>\n<li data-start=\"1640\" data-end=\"1674\">\n<p data-start=\"1642\" data-end=\"1674\">monitoring klimatu w <strong data-start=\"1662\" data-end=\"1674\">szafka alarmowa<\/strong><\/p>\n<\/li>\n<li data-start=\"1675\" data-end=\"1724\">\n<p data-start=\"1677\" data-end=\"1724\">alarm operacyjny dla <strong data-start=\"1691\" data-end=\"1724\">system ch\u0142odzenia lub wentylacji<\/strong><\/p>\n<\/li>\n<li data-start=\"1725\" data-end=\"1774\">\n<p data-start=\"1727\" data-end=\"1774\">monitoring \u015brodowiska w <strong data-start=\"1746\" data-end=\"1774\">nieruchomo\u015bci i przemys\u0142<\/strong><\/p>\n<\/li>\n<\/ul>\n<hr data-start=\"1776\" data-end=\"1779\" \/>\n<h2 data-start=\"1781\" data-end=\"1812\">RS485 Modbus do integracji<\/h2>\n<p data-start=\"1814\" data-end=\"2000\">Opr\u00f3cz wyj\u015b\u0107 przeka\u017anikowych czujnik posiada <strong data-start=\"1848\" data-end=\"1886\">Komunikacja RS485 z Modbus RTU<\/strong>, co umo\u017cliwia integracj\u0119 z systemami automatyki budynkowej, systemami PLC czy innymi platformami monitoruj\u0105cymi.<\/p>\n<p data-start=\"2002\" data-end=\"2109\">Temperatur\u0119 i wilgotno\u015b\u0107 mo\u017cna odczytywa\u0107 centralnie, a wyj\u015bcia przeka\u017anikowe s\u0142u\u017c\u0105 do alarm\u00f3w lokalnych.<\/p>\n<hr data-start=\"2111\" data-end=\"2114\" \/>\n<h2 data-start=\"2116\" data-end=\"2146\">Wy\u015bwietlacz do lokalnego czytania<\/h2>\n<p data-start=\"2148\" data-end=\"2372\">Zintegrowany wy\u015bwietlacz LCD pokazuje aktualn\u0105 temperatur\u0119 i wilgotno\u015b\u0107 bezpo\u015brednio na czujniku. U\u0142atwia to instalacj\u0119, kontrol\u0119 i serwis, poniewa\u017c warto\u015bci mo\u017cna sprawdzi\u0107 lokalnie, bez po\u0142\u0105czenia z systemem nadrz\u0119dnym.<\/p>\n<hr data-start=\"2374\" data-end=\"2377\" \/>\n<h2 data-start=\"2379\" data-end=\"2415\">Stabilny pomiar w \u015brodowiskach technicznych<\/h2>\n<p data-start=\"2417\" data-end=\"2617\">Czujnik przeznaczony jest do stabilnej pracy w instalacjach technicznych, mierzy temperatur\u0119 i wilgotno\u015b\u0107 wzgl\u0119dn\u0105 z du\u017c\u0105 dok\u0142adno\u015bci\u0105.<\/p>\n<p data-start=\"2417\" data-end=\"2617\">Zewn\u0119trzny czujnik umo\u017cliwia szybk\u0105 reakcj\u0119 na zmiany klimatu.<\/p>\n<p data-start=\"2796\" data-end=\"2825\">\n<\/div>\n<\/div>\n<\/section>","protected":false},"excerpt":{"rendered":"<p data-start=\"353\" data-end=\"615\">Monitoruj temperatur\u0119 i wilgotno\u015b\u0107 w czasie rzeczywistym za pomoc\u0105 tego profesjonalnego czujnika do system\u00f3w automatyki budynkowej, kontroli klimatu i \u015brodowisk przemys\u0142owych.<\/p>\n<p data-start=\"962\" data-end=\"1119\"><strong>Napi\u0119cie robocze:<\/strong> 12~36 V pr\u0105du sta\u0142ego lub 24 V pr\u0105du przemiennego (\u00b120%)<\/p>\n<p data-start=\"962\" data-end=\"1119\"><strong>Temperatura pracy urz\u0105dzenia:<\/strong>\u00a0 \u00a0-20 \u2013 +70 stopni Celsjusza.<\/p>\n<p data-start=\"353\" data-end=\"615\">Programowanie odbywa si\u0119 bezpo\u015brednio na wy\u015bwietlaczu, a alarmy poprzez warto\u015bci min\/max na osobnych przeka\u017anikach C\/NC\/NO do innych uk\u0142ad\u00f3w, np. alarm\u00f3w.<\/p>\n<p data-start=\"353\" data-end=\"615\">Czujnik wykorzystuje <strong data-start=\"515\" data-end=\"549\">Komunikacja RS485 Modbus-RTU<\/strong> i ma <strong data-start=\"558\" data-end=\"577\">wbudowany wy\u015bwietlacz<\/strong> do czytelnego odczytu bezpo\u015brednio na miejscu.<\/p>\n<p data-start=\"617\" data-end=\"799\">Solidna konstrukcja i zewn\u0119trzny czujnik sprawiaj\u0105, \u017ce idealnie nadaje si\u0119 do <strong data-start=\"689\" data-end=\"760\">serwerownie, magazyny, przemys\u0142, nieruchomo\u015bci i instalacje techniczne<\/strong> gdzie wa\u017cny jest sta\u0142y monitoring \u015brodowiska.<\/p>","protected":false},"featured_media":144999,"template":"","meta":{"_acf_changed":false},"product_brand":[],"product_cat":[1308,1309],"product_tag":[],"class_list":{"0":"post-162887","1":"product","2":"type-product","3":"status-publish","4":"has-post-thumbnail","6":"product_cat-driftlarm-kyla-vatten-temp","7":"product_cat-temperaturdetektor-vattendetektor","8":"product_shipping_class-tunga-paket","9":"pa_brands-stonehouse-security","10":"tm-no-options","12":"first","13":"instock","14":"sale","15":"featured","16":"taxable","17":"shipping-taxable","18":"purchasable","19":"product-type-simple"},"acf":[],"_links":{"self":[{"href":"https:\/\/secureus.se\/pl\/wp-json\/wp\/v2\/product\/162887","targetHints":{"allow":["GET"]}}],"collection":[{"href":"https:\/\/secureus.se\/pl\/wp-json\/wp\/v2\/product"}],"about":[{"href":"https:\/\/secureus.se\/pl\/wp-json\/wp\/v2\/types\/product"}],"wp:featuredmedia":[{"embeddable":true,"href":"https:\/\/secureus.se\/pl\/wp-json\/wp\/v2\/media\/144999"}],"wp:attachment":[{"href":"https:\/\/secureus.se\/pl\/wp-json\/wp\/v2\/media?parent=162887"}],"wp:term":[{"taxonomy":"product_brand","embeddable":true,"href":"https:\/\/secureus.se\/pl\/wp-json\/wp\/v2\/product_brand?post=162887"},{"taxonomy":"product_cat","embeddable":true,"href":"https:\/\/secureus.se\/pl\/wp-json\/wp\/v2\/product_cat?post=162887"},{"taxonomy":"product_tag","embeddable":true,"href":"https:\/\/secureus.se\/pl\/wp-json\/wp\/v2\/product_tag?post=162887"}],"curies":[{"name":"wp","href":"https:\/\/api.w.org\/{rel}","templated":true}]}}