{"id":162919,"date":"2026-03-06T11:41:55","date_gmt":"2026-03-06T10:41:55","guid":{"rendered":"https:\/\/secureus.se\/?post_type=product&#038;p=162919"},"modified":"2026-03-30T14:21:16","modified_gmt":"2026-03-30T12:21:16","slug":"cranford-controls-vxb-1evad-vaggsond-vad-fyr-24v-dc-en54-23-w-2-4-8-vit-kropp-och-blixt-djup-bas","status":"publish","type":"product","link":"https:\/\/secureus.se\/pl\/cranford-controls-vxb-1evad-vaggsond-vad-fyr-24v-dc-en54-23-w-2-4-8-vit-kropp-och-blixt-djup-bas\/","title":{"rendered":"Sygnalizator \u015bwietlny VAD VXB-1EVAD firmy Cranford Controls, 24 V DC, korpus i lampa b\u0142yskowa w kolorze bia\u0142ym, g\u0142\u0119boki bas"},"content":{"rendered":"<div class=\"headernamehrnone\">\n<p>Odkryj niezawodno\u015b\u0107 i skuteczno\u015b\u0107 sygnalizatora akustycznego VXB-1EVAD firmy Cranford Controls. To zaawansowane urz\u0105dzenie, o eleganckiej bia\u0142ej obudowie i g\u0142\u0119bokim basie, dzia\u0142a na napi\u0119ciu 24 V DC i spe\u0142nia rygorystyczne normy EN54-3 dla sygnalizator\u00f3w akustycznych oraz EN54-23 dla sygnalizator\u00f3w VAD. Oferuje wyb\u00f3r efektownego bia\u0142ego lub czerwonego b\u0142ysku, zapewniaj\u0105c widoczno\u015b\u0107 i zgodno\u015b\u0107 z przepisami w r\u00f3\u017cnych \u015brodowiskach. Dzi\u0119ki 32 wybieralnym tonom, oferuje wszechstronne opcje sygnalizacji d\u017awi\u0119kowej. Idealny do poprawy protoko\u0142\u00f3w bezpiecze\u0144stwa w ka\u017cdym \u015brodowisku, Cranford Controls VXB-1EVAD to Tw\u00f3j wyb\u00f3r niezawodnych system\u00f3w ostrzegawczych. Nie czekaj, popraw swoje \u015brodki bezpiecze\u0144stwa ju\u017c dzi\u015b!<\/p>\n<p>&nbsp;<\/p>\n<\/div>\n<div class=\"row headername\">\n<div class=\"item-header rd-hyg-item-header\"><strong>G\u0142\u00f3wne cechy<\/strong><\/div>\n<div class=\"row\">\n<ul>\n<li>Zatwierdzony zgodnie z normami EN54-3 (nadajnik audio) i EN54-23 (nadajnik VAD)<\/li>\n<li>B\u0142ysk bia\u0142y (C-2.4-8), b\u0142ysk czerwony (C-2.4-7) dost\u0119pne jako opcje<\/li>\n<li>32 wybieralne tony<\/li>\n<\/ul>\n<\/div>\n<\/div>","protected":false},"excerpt":{"rendered":"<ul class=\"UnorderedListStyle--1koui9a ksyVRL mainfeatureslist\">\n<li class=\"ListItemStyle--1yqofwy kEFzCE\">Zatwierdzony zgodnie z normami EN54-3 (nadajnik audio) i EN54-23 (nadajnik VAD)<\/li>\n<li class=\"ListItemStyle--1yqofwy kEFzCE\">B\u0142ysk bia\u0142y (C-2.4-8), b\u0142ysk czerwony (C-2.4-7) dost\u0119pne jako opcje<\/li>\n<li class=\"ListItemStyle--1yqofwy kEFzCE\">32 wybieralne tony<\/li>\n<\/ul>","protected":false},"featured_media":162918,"template":"","meta":{"_acf_changed":false},"product_brand":[],"product_cat":[5103,5097,1825,1562],"product_tag":[],"class_list":{"0":"post-162919","1":"product","2":"type-product","3":"status-publish","4":"has-post-thumbnail","6":"product_cat-blixtljus-kombisiren","7":"product_cat-kombisiren-blixt-brand","8":"product_cat-sirener-brand","9":"product_cat-larmdon-blixtljus","10":"pa_farg-vit","11":"tm-no-options","13":"first","14":"onbackorder","15":"taxable","16":"shipping-taxable","17":"purchasable","18":"product-type-simple"},"acf":[],"_links":{"self":[{"href":"https:\/\/secureus.se\/pl\/wp-json\/wp\/v2\/product\/162919","targetHints":{"allow":["GET"]}}],"collection":[{"href":"https:\/\/secureus.se\/pl\/wp-json\/wp\/v2\/product"}],"about":[{"href":"https:\/\/secureus.se\/pl\/wp-json\/wp\/v2\/types\/product"}],"wp:featuredmedia":[{"embeddable":true,"href":"https:\/\/secureus.se\/pl\/wp-json\/wp\/v2\/media\/162918"}],"wp:attachment":[{"href":"https:\/\/secureus.se\/pl\/wp-json\/wp\/v2\/media?parent=162919"}],"wp:term":[{"taxonomy":"product_brand","embeddable":true,"href":"https:\/\/secureus.se\/pl\/wp-json\/wp\/v2\/product_brand?post=162919"},{"taxonomy":"product_cat","embeddable":true,"href":"https:\/\/secureus.se\/pl\/wp-json\/wp\/v2\/product_cat?post=162919"},{"taxonomy":"product_tag","embeddable":true,"href":"https:\/\/secureus.se\/pl\/wp-json\/wp\/v2\/product_tag?post=162919"}],"curies":[{"name":"wp","href":"https:\/\/api.w.org\/{rel}","templated":true}]}}