{"id":163105,"date":"2026-03-11T12:34:50","date_gmt":"2026-03-11T11:34:50","guid":{"rendered":"https:\/\/secureus.se\/visonic-next-cam-pg2-pircam-hd-tradlos-pir-detektor-med-kamera-0-104094\/"},"modified":"2026-04-01T12:54:19","modified_gmt":"2026-04-01T10:54:19","slug":"visonic-next-cam-pg2-pircam-hd-tradlos-pir-detektor-med-kamera-0-104094","status":"publish","type":"product","link":"https:\/\/secureus.se\/pl\/visonic-next-cam-pg2-pircam-hd-tradlos-pir-detektor-med-kamera-0-104094\/","title":{"rendered":"Bezprzewodowy czujnik PIR Visonic Next CAM PG2 z kamer\u0105 (HD) \u2013 (0-104094)"},"content":{"rendered":"<h2>Visonic PIRCam HD \u2013 czujnik PIR z kamer\u0105 do wizualnej weryfikacji alarmu<\/h2>\n<p><strong>Visonic Next CAM PG2 PIRCam HD (0-104094)<\/strong> to zaawansowany bezprzewodowy czujnik ruchu ze zintegrowan\u0105 kamer\u0105, kt\u00f3ry umo\u017cliwia <strong>wizualna weryfikacja alarm\u00f3w<\/strong>Po wykryciu ruchu czujnik automatycznie wykonuje seri\u0119 zdj\u0119\u0107, kt\u00f3re s\u0105 przesy\u0142ane do systemu alarmowego.<\/p>\n<p>Dzi\u0119ki temu mo\u017cna szybko ustali\u0107, czy alarm jest prawdziwy, czy te\u017c ma inn\u0105 przyczyn\u0119, co zmniejsza liczb\u0119 fa\u0142szywych alarm\u00f3w i pozwala na szybsze podj\u0119cie dzia\u0142a\u0144.<\/p>\n<hr \/>\n<h2>Wizualna weryfikacja alarmu<\/h2>\n<p>W wielu krajach i regionach policja lub s\u0142u\u017cby ratunkowe wymagaj\u0105 weryfikacji alarmu przed podj\u0119ciem dzia\u0142a\u0144 ratunkowych. Kamera PIRCam HD zosta\u0142a opracowana specjalnie w tym celu.<\/p>\n<p>Po uzbrojeniu systemu i wykryciu ruchu kamera automatycznie si\u0119 aktywuje. Obraz jest przesy\u0142any do systemu alarmowego i mo\u017ce zosta\u0107 przes\u0142any do centrum alarmowego lub u\u017cytkownika w celu szybkiego nadzorowania sytuacji.<\/p>\n<hr \/>\n<h2>Monitoruje ca\u0142e pomieszczenie<\/h2>\n<p>Detektor przeznaczony jest do monitorowania wi\u0119kszych obszar\u00f3w, takich jak:<\/p>\n<ul>\n<li>pok\u00f3j<\/li>\n<li>korytarze<\/li>\n<li>schody<\/li>\n<li>wej\u015bcia<\/li>\n<\/ul>\n<p>Z zasi\u0119giem detekcji do <strong>12 metr\u00f3w<\/strong> i k\u0105t widzenia oko\u0142o <strong>90\u00b0<\/strong> Urz\u0105dzenie mo\u017ce pokry\u0107 du\u017c\u0105 powierzchni\u0119 pomieszczenia.<\/p>\n<hr \/>\n<h2>Technologia PowerG<\/h2>\n<p>PIRCam HD wykorzystuje <strong>Technologia bezprzewodowa PowerG<\/strong>, kt\u00f3ry zapewnia stabiln\u0105 i bezpieczn\u0105 komunikacj\u0119 z systemem alarmowym. PowerG zosta\u0142 opracowany z my\u015bl\u0105 o profesjonalnych systemach bezpiecze\u0144stwa i zapewnia wysok\u0105 niezawodno\u015b\u0107 nawet w wi\u0119kszych budynkach.<\/p>\n<p>Detektor jest kompatybilny z <strong>System Visonic PowerMaster<\/strong> a tak\u017ce kilka innych kompatybilnych platform bezpiecze\u0144stwa.<\/p>\n<hr \/>\n<h2>\u0141atwa instalacja<\/h2>\n<p>Bezprzewodowa konstrukcja sprawia, \u017ce instalacja jest szybka i \u0142atwa, poniewa\u017c nie ma potrzeby prowadzenia kabli. Urz\u0105dzenie jest zasilane bateryjnie i mo\u017cna je zamontowa\u0107 na \u015bcianie, w naro\u017cniku lub na suficie, w zale\u017cno\u015bci od potrzeb.<\/p>\n<hr \/>\n<h2>G\u0142\u00f3wne cechy<\/h2>\n<ul>\n<li>Czujnik ruchu PIR ze zintegrowan\u0105 kamer\u0105<\/li>\n<li>Wizualna weryfikacja alarmu za pomoc\u0105 sekwencji obraz\u00f3w<\/li>\n<li>Komunikacja bezprzewodowa PowerG<\/li>\n<li>Zasi\u0119g wykrywania do 12 metr\u00f3w<\/li>\n<li>K\u0105t widzenia oko\u0142o 90\u00b0<\/li>\n<li>Instalacja bezprzewodowa z zasilaniem bateryjnym<\/li>\n<li>Nadaje si\u0119 do pomieszcze\u0144, korytarzy i wej\u015b\u0107<\/li>\n<li>Kompatybilny z systemami Visonic PowerMaster<\/li>\n<\/ul>\n<hr \/>\n<h2>Streszczenie<\/h2>\n<p><strong>Visonic PIRCam HD<\/strong> To inteligentne po\u0142\u0105czenie czujnika ruchu i kamery, kt\u00f3re umo\u017cliwia szybk\u0105 weryfikacj\u0119 alarm\u00f3w. Wysy\u0142aj\u0105c obrazy w przypadku alarmu, mo\u017cna ograniczy\u0107 liczb\u0119 fa\u0142szywych alarm\u00f3w i szybciej podj\u0105\u0107 odpowiednie dzia\u0142ania.<\/p>","protected":false},"excerpt":{"rendered":"<p><strong>Visonic Next CAM PG2 PIRCam HD (0-104094)<\/strong> jest bezprzewodowy <strong>Czujnik ruchu PIR ze zintegrowan\u0105 kamer\u0105<\/strong> dla system\u00f3w PowerMaster. Po wykryciu ruchu obrazy s\u0105 automatycznie robione i wysy\u0142ane do systemu alarmowego. <strong>wizualna weryfikacja alarmu<\/strong>.<\/p>\n<p>Dzi\u0119ki temu mo\u017cna szybko stwierdzi\u0107, czy alarm jest prawdziwy czy fa\u0142szywy \u2013 jest to wa\u017cna cecha zar\u00f3wno dla centr\u00f3w alarmowych, jak i u\u017cytkownik\u00f3w.<\/p>","protected":false},"featured_media":163104,"template":"","meta":{"_acf_changed":false},"product_brand":[],"product_cat":[3382],"product_tag":[],"class_list":{"0":"post-163105","1":"product","2":"type-product","3":"status-publish","4":"has-post-thumbnail","6":"product_cat-rorelse-och-kamera-visonic-larmenheter","7":"pa_brands-5visonic","8":"tm-no-options","10":"first","11":"onbackorder","12":"sale","13":"taxable","14":"shipping-taxable","15":"purchasable","16":"product-type-simple"},"acf":[],"_links":{"self":[{"href":"https:\/\/secureus.se\/pl\/wp-json\/wp\/v2\/product\/163105","targetHints":{"allow":["GET"]}}],"collection":[{"href":"https:\/\/secureus.se\/pl\/wp-json\/wp\/v2\/product"}],"about":[{"href":"https:\/\/secureus.se\/pl\/wp-json\/wp\/v2\/types\/product"}],"wp:featuredmedia":[{"embeddable":true,"href":"https:\/\/secureus.se\/pl\/wp-json\/wp\/v2\/media\/163104"}],"wp:attachment":[{"href":"https:\/\/secureus.se\/pl\/wp-json\/wp\/v2\/media?parent=163105"}],"wp:term":[{"taxonomy":"product_brand","embeddable":true,"href":"https:\/\/secureus.se\/pl\/wp-json\/wp\/v2\/product_brand?post=163105"},{"taxonomy":"product_cat","embeddable":true,"href":"https:\/\/secureus.se\/pl\/wp-json\/wp\/v2\/product_cat?post=163105"},{"taxonomy":"product_tag","embeddable":true,"href":"https:\/\/secureus.se\/pl\/wp-json\/wp\/v2\/product_tag?post=163105"}],"curies":[{"name":"wp","href":"https:\/\/api.w.org\/{rel}","templated":true}]}}