{"id":163107,"date":"2026-03-11T12:35:09","date_gmt":"2026-03-11T11:35:09","guid":{"rendered":"https:\/\/secureus.se\/visonic-powerg-vattenlarm-med-fryssensor-0-104230-for-powermaster-fd-tmd-560\/"},"modified":"2026-04-23T12:58:57","modified_gmt":"2026-04-23T10:58:57","slug":"visonic-powerg-vattenlarm-med-fryssensor-0-104230-for-powermaster-fd-tmd-560","status":"publish","type":"product","link":"https:\/\/secureus.se\/pl\/visonic-powerg-vattenlarm-med-fryssensor-0-104230-for-powermaster-fd-tmd-560\/","title":{"rendered":"Alarm wodny Visonic PowerG z czujnikiem zamarzania (0-104230) \u2013 do PowerMaster (dawniej TMD-560)"},"content":{"rendered":"<h2>Alarm wodny Visonic PowerG z czujnikiem zamarzania<\/h2>\n<p><strong>Visonic 0-104230<\/strong> to bezprzewodowy czujnik PowerG, kt\u00f3ry \u0142\u0105czy <strong>wykrywanie wyciek\u00f3w wody i ochrona przed zamarzaniem<\/strong> w tej samej jednostce. Czujnik jest u\u017cywany razem z <strong>System Visonic PowerMaster<\/strong> i wysy\u0142a alarmy w przypadku wykrycia wody lub gdy temperatura osi\u0105gnie poziom krytyczny.<\/p>\n<p>Dzi\u0119ki temu mo\u017cliwe jest wczesne wykrycie problem\u00f3w i zapobiegni\u0119cie powa\u017cnym uszkodzeniom budynk\u00f3w i instalacji.<\/p>\n<hr \/>\n<h2>Ochrona przed wyciekami wody i uszkodzeniami spowodowanymi zamarzaniem<\/h2>\n<p>Czujnik szybko reaguje, gdy woda dociera do styk\u00f3w czujnika i wysy\u0142a alarm do systemu alarmowego. Wbudowany system monitorowania temperatury umo\u017cliwia r\u00f3wnie\u017c wykrycie niebezpiecznie niskich temperatur, zanim rury zamarzn\u0105 lub p\u0119kn\u0105.<\/p>\n<p>Dzi\u0119ki temu czujnik jest szczeg\u00f3lnie przydatny na przyk\u0142ad w:<\/p>\n<ul>\n<li>piwnica<\/li>\n<li>pralnie<\/li>\n<li>kot\u0142ownia<\/li>\n<li>pomieszczenie techniczne<\/li>\n<li>domki letnie<\/li>\n<li>gara\u017c<\/li>\n<\/ul>\n<hr \/>\n<h2>Zast\u0119puje poprzednie czujniki temperatury<\/h2>\n<p>Model ten mo\u017cna stosowa\u0107 w wielu instalacjach jako nowoczesny zamiennik starszych czujnik\u00f3w temperatury, takich jak: <strong>Visonic TMD-560 PG2<\/strong>.<\/p>\n<p>Czujnik TMD-560 PG2 monitoruje wy\u0142\u0105cznie temperatur\u0119, natomiast ten czujnik mo\u017ce wykrywa\u0107 obie <strong>wycieki wody i ryzyko zamarzania<\/strong>, co zapewnia pe\u0142niejsz\u0105 ochron\u0119.<\/p>\n<hr \/>\n<h2>Technologia PowerG<\/h2>\n<p>Czujnik wykorzystuje <strong>PowerG<\/strong>Zaawansowana technologia bezprzewodowa Visonics dla system\u00f3w bezpiecze\u0144stwa. PowerG zapewnia stabiln\u0105 komunikacj\u0119, du\u017cy zasi\u0119g i wysok\u0105 niezawodno\u015b\u0107.<\/p>\n<p>Urz\u0105dzenie jest kompatybilne z <strong>Panele Visonic PowerMaster<\/strong> i \u0142atwo integruje si\u0119 z istniej\u0105cymi instalacjami PowerG.<\/p>\n<hr \/>\n<h2>\u0141atwa instalacja<\/h2>\n<p>Bezprzewodowa konstrukcja u\u0142atwia instalacj\u0119, poniewa\u017c nie wymaga prowadzenia kabli. Czujnik jest zasilany bateryjnie i mo\u017cna go umie\u015bci\u0107 bezpo\u015brednio na pod\u0142odze lub w pobli\u017cu miejsc, w kt\u00f3rych mo\u017ce wyst\u0105pi\u0107 wyciek wody.<\/p>\n<hr \/>\n<h2>G\u0142\u00f3wne cechy<\/h2>\n<ul>\n<li>Bezprzewodowy czujnik wycieku wody<\/li>\n<li>Wbudowany czujnik zamra\u017carki \/ monitorowanie temperatury<\/li>\n<li>Komunikacja bezprzewodowa PowerG<\/li>\n<li>Kompatybilny z systemami Visonic PowerMaster<\/li>\n<li>Zasilanie bateryjne<\/li>\n<li>Szybka instalacja bez okablowania<\/li>\n<li>Mo\u017ce zast\u0105pi\u0107 starsze czujniki temperatury, takie jak TMD-560 PG2<\/li>\n<\/ul>\n<hr \/>\n<h2>Dodawanie czujnika do PowerMaster<\/h2>\n<p>Aby doda\u0107 czujnik do systemu alarmowego:<\/p>\n<ol>\n<li>Przejd\u017a do menu instalacji w panelu sterowania PowerMaster.<\/li>\n<li>Wybiera\u0107 <strong>Zarejestruj urz\u0105dzenie \/ Dodaj urz\u0105dzenie<\/strong>.<\/li>\n<li>Aktywuj czujnik poprzez w\u0142o\u017cenie baterii.<\/li>\n<li>Panel sterowania automatycznie znajdzie urz\u0105dzenie, kt\u00f3re mo\u017cesz zapisa\u0107.<\/li>\n<\/ol>","protected":false},"excerpt":{"rendered":"<p><strong>Alarm wodny Visonic PowerG z detekcj\u0105 zamarzania (0-104230)<\/strong> jest bezprzewodowym czujnikiem, kt\u00f3ry wykrywa oba <strong>wycieki wody i ryzyko zamarzania<\/strong>Czujnik jest kompatybilny z <strong>System Visonic PowerMaster<\/strong> i natychmiast wysy\u0142a alarmy w przypadku wykrycia wody lub niebezpiecznie niskiego poziomu temperatury.<\/p>\n<p>Idealnie nadaje si\u0119 do monta\u017cu np. w piwnicach, kot\u0142owniach, pralniach lub innych pomieszczeniach, w kt\u00f3rych mo\u017ce wyst\u0105pi\u0107 ryzyko wycieku wody lub zamarzania.<\/p>","protected":false},"featured_media":163106,"template":"","meta":{"_acf_changed":false},"product_brand":[],"product_cat":[3383],"product_tag":[],"class_list":{"0":"post-163107","1":"product","2":"type-product","3":"status-publish","4":"has-post-thumbnail","6":"product_cat-visonic-brandvarnare-vattendetektor-temperatur","7":"pa_brands-5visonic","8":"tm-no-options","10":"first","11":"instock","12":"sale","13":"taxable","14":"shipping-taxable","15":"purchasable","16":"product-type-simple"},"acf":[],"_links":{"self":[{"href":"https:\/\/secureus.se\/pl\/wp-json\/wp\/v2\/product\/163107","targetHints":{"allow":["GET"]}}],"collection":[{"href":"https:\/\/secureus.se\/pl\/wp-json\/wp\/v2\/product"}],"about":[{"href":"https:\/\/secureus.se\/pl\/wp-json\/wp\/v2\/types\/product"}],"wp:featuredmedia":[{"embeddable":true,"href":"https:\/\/secureus.se\/pl\/wp-json\/wp\/v2\/media\/163106"}],"wp:attachment":[{"href":"https:\/\/secureus.se\/pl\/wp-json\/wp\/v2\/media?parent=163107"}],"wp:term":[{"taxonomy":"product_brand","embeddable":true,"href":"https:\/\/secureus.se\/pl\/wp-json\/wp\/v2\/product_brand?post=163107"},{"taxonomy":"product_cat","embeddable":true,"href":"https:\/\/secureus.se\/pl\/wp-json\/wp\/v2\/product_cat?post=163107"},{"taxonomy":"product_tag","embeddable":true,"href":"https:\/\/secureus.se\/pl\/wp-json\/wp\/v2\/product_tag?post=163107"}],"curies":[{"name":"wp","href":"https:\/\/api.w.org\/{rel}","templated":true}]}}