{"id":163393,"date":"2026-03-20T11:40:56","date_gmt":"2026-03-20T10:40:56","guid":{"rendered":"https:\/\/secureus.se\/?post_type=product&#038;p=163393"},"modified":"2026-04-15T14:46:25","modified_gmt":"2026-04-15T12:46:25","slug":"ajax-keypad-outdoor-ip66-grafit","status":"publish","type":"product","link":"https:\/\/secureus.se\/pl\/ajax-keypad-outdoor-ip66-grafit\/","title":{"rendered":"Klawiatura Ajax KeyPad Outdoor IP66 - grafitowa"},"content":{"rendered":"<p data-start=\"272\" data-end=\"623\">Ajax KeyPad Outdoor Jeweller to bezprzewodowy panel sterowania z czytelnymi przyciskami mechanicznymi, umo\u017cliwiaj\u0105cy p\u0142ynne i bezpieczne sterowanie systemem Ajax, zar\u00f3wno wewn\u0105trz, jak i na zewn\u0105trz. Zosta\u0142 zaprojektowany z my\u015bl\u0105 o \u0142atwym dost\u0119pie do sterowania alarmem, kontroli dost\u0119pu i niekt\u00f3rych funkcji automatyki w jednym interfejsie.<\/p>\n<p data-start=\"625\" data-end=\"949\">Panel sterowania ma wbudowany <strong data-start=\"652\" data-end=\"670\">Czytnik DESFire<\/strong> dla Ajax Pass i Tag, a tak\u017ce wsparcie dla <strong data-start=\"708\" data-end=\"738\">Bluetooth o niskim zu\u017cyciu energii (BLE)<\/strong>. Oznacza to, \u017ce u\u017cytkownik mo\u017ce si\u0119 zidentyfikowa\u0107 za pomoc\u0105 identyfikatora, karty, kodu lub telefonu kom\u00f3rkowego. Urz\u0105dzenie obs\u0142uguje r\u00f3wnie\u017c komunikacj\u0119 ze smartfonami za po\u015brednictwem technologii BLE, co umo\u017cliwia wykorzystanie telefonu kom\u00f3rkowego jako karty dost\u0119pu.<\/p>\n<p data-start=\"951\" data-end=\"1284\">Wbudowany brz\u0119czyk mo\u017ce mi\u0119dzy innymi sygnalizowa\u0107 d\u017awi\u0119kiem alarmy, wej\u015bcia i wyj\u015bcia oraz funkcj\u0119 ding-dong. KeyPad Outdoor Jeweller mo\u017ce r\u00f3wnie\u017c s\u0142u\u017cy\u0107 do sterowania urz\u0105dzeniami automatyki bezpo\u015brednio z panelu sterowania, co czyni go elastycznym rozwi\u0105zaniem nawet w instalacjach, w kt\u00f3rych chcesz po\u0142\u0105czy\u0107 sterowanie alarmem z inteligentnym sterowaniem.<\/p>\n<p data-start=\"1286\" data-end=\"1580\">Du\u017ce przyciski mechaniczne zaprojektowano z my\u015bl\u0105 o czytelnej i niezawodnej obs\u0142udze, nawet w bardziej nara\u017conych \u015brodowiskach. Dzi\u0119ki klasie ochrony <strong data-start=\"1417\" data-end=\"1425\">IP66<\/strong> i odporno\u015b\u0107 na uderzenia <strong data-start=\"1443\" data-end=\"1451\">IK08<\/strong> Model ten doskonale nadaje si\u0119 do monta\u017cu np. przy wej\u015bciach, bramach, w budynkach komercyjnych i innych miejscach, w kt\u00f3rych wymagana jest wysoka trwa\u0142o\u015b\u0107.<\/p>\n<p data-start=\"1582\" data-end=\"1618\"><strong data-start=\"1582\" data-end=\"1600\">Zgodno\u015b\u0107<\/strong><br data-start=\"1600\" data-end=\"1603\" \/>Kompatybilny z:<\/p>\n<ul data-start=\"1619\" data-end=\"1699\">\n<li data-section-id=\"10wrjv5\" data-start=\"1619\" data-end=\"1631\">Koncentrator 2 (2G)<\/li>\n<li data-section-id=\"10wrbvb\" data-start=\"1632\" data-end=\"1644\">Hub 2 (4G)<\/li>\n<li data-section-id=\"10w8o2n\" data-start=\"1645\" data-end=\"1657\">Hub 2 Plus<\/li>\n<li data-section-id=\"1n2ssn9\" data-start=\"1658\" data-end=\"1666\">Hub BP<\/li>\n<li data-section-id=\"kgd6px\" data-start=\"1667\" data-end=\"1685\">Hub Hybrid Fiber<\/li>\n<li data-section-id=\"1o4sx3\" data-start=\"1686\" data-end=\"1691\">ReX<\/li>\n<li data-section-id=\"179hg8l\" data-start=\"1692\" data-end=\"1699\">ReX 2<\/li>\n<\/ul>\n<p data-start=\"1701\" data-end=\"1724\"><strong data-start=\"1701\" data-end=\"1724\">Informacje techniczne<\/strong><\/p>\n<ul data-start=\"1725\" data-end=\"2207\">\n<li data-section-id=\"1xn1d3q\" data-start=\"1725\" data-end=\"1780\"><strong data-start=\"1727\" data-end=\"1748\">Zasi\u0119g bezprzewodowy:<\/strong> do 1700 mil w terenie otwartym<\/li>\n<li data-section-id=\"z1c1r7\" data-start=\"1781\" data-end=\"1818\"><strong data-start=\"1783\" data-end=\"1798\">Typ baterii:<\/strong> 2 x CR123A w zestawie<\/li>\n<li data-section-id=\"i70wrq\" data-start=\"1819\" data-end=\"1858\"><strong data-start=\"1821\" data-end=\"1842\">\u017bywotno\u015b\u0107 baterii:<\/strong> do 3 lat<\/li>\n<li data-section-id=\"1bdcz5s\" data-start=\"1859\" data-end=\"1908\"><strong data-start=\"1861\" data-end=\"1889\">Zasilanie zewn\u0119trzne:<\/strong> 10,5-14 V pr\u0105du sta\u0142ego, 1 A<\/li>\n<li data-section-id=\"1vune04\" data-start=\"1909\" data-end=\"1980\"><strong data-start=\"1911\" data-end=\"1941\">Kopia zapasowa z zasilaniem zewn\u0119trznym:<\/strong> baterie dzia\u0142aj\u0105 jako zasilanie awaryjne<\/li>\n<li data-section-id=\"9mfiut\" data-start=\"1981\" data-end=\"2025\"><strong data-start=\"1983\" data-end=\"2004\">Zakres temperatur:<\/strong> -25\u00b0C do +60\u00b0C<\/li>\n<li data-section-id=\"3o971j\" data-start=\"2026\" data-end=\"2062\"><strong data-start=\"2028\" data-end=\"2046\">Wilgotno\u015b\u0107:<\/strong> do 80 %<\/li>\n<li data-section-id=\"11gxegg\" data-start=\"2063\" data-end=\"2121\"><strong data-start=\"2065\" data-end=\"2078\">Typ czytnika:<\/strong> DESFire\u00ae EV1, EV2 ISO14443-A (13,56 MHz)<\/li>\n<li data-section-id=\"euscg8\" data-start=\"2122\" data-end=\"2158\"><strong data-start=\"2124\" data-end=\"2144\">Liczba u\u017cytkownik\u00f3w:<\/strong> do 50<\/li>\n<li data-section-id=\"3zmijv\" data-start=\"2159\" data-end=\"2185\"><strong data-start=\"2161\" data-end=\"2178\">Odporno\u015b\u0107 na uderzenia:<\/strong> IK08<\/li>\n<li data-section-id=\"jbg9ix\" data-start=\"2186\" data-end=\"2207\"><strong data-start=\"2188\" data-end=\"2201\">Klasa IP:<\/strong> IP66<\/li>\n<\/ul>","protected":false},"excerpt":{"rendered":"<ul>\n<li data-section-id=\"1j3w74h\" data-start=\"158\" data-end=\"164\">IP66<\/li>\n<li data-section-id=\"fy49ne\" data-start=\"165\" data-end=\"189\">Wbudowany czytnik DESFire<\/li>\n<li data-section-id=\"1v0sags\" data-start=\"190\" data-end=\"212\">Wbudowana funkcja BLE<\/li>\n<li data-section-id=\"1vmmd7l\" data-start=\"213\" data-end=\"229\">Wbudowany brz\u0119czyk<\/li>\n<li data-section-id=\"180l11s\" data-start=\"230\" data-end=\"270\">Mo\u017cliwo\u015b\u0107 zasilania zewn\u0119trznego<\/li>\n<\/ul>","protected":false},"featured_media":163771,"template":"","meta":{"_acf_changed":false},"product_brand":[],"product_cat":[3164,3157],"product_tag":[],"class_list":{"0":"post-163393","1":"product","2":"type-product","3":"status-publish","4":"has-post-thumbnail","6":"product_cat-larmstyrning","7":"product_cat-utomhussakerhet","8":"pa_brands-ajax-systems","9":"tm-no-options","11":"first","12":"outofstock","13":"taxable","14":"shipping-taxable","15":"purchasable","16":"product-type-simple"},"acf":[],"_links":{"self":[{"href":"https:\/\/secureus.se\/pl\/wp-json\/wp\/v2\/product\/163393","targetHints":{"allow":["GET"]}}],"collection":[{"href":"https:\/\/secureus.se\/pl\/wp-json\/wp\/v2\/product"}],"about":[{"href":"https:\/\/secureus.se\/pl\/wp-json\/wp\/v2\/types\/product"}],"wp:featuredmedia":[{"embeddable":true,"href":"https:\/\/secureus.se\/pl\/wp-json\/wp\/v2\/media\/163771"}],"wp:attachment":[{"href":"https:\/\/secureus.se\/pl\/wp-json\/wp\/v2\/media?parent=163393"}],"wp:term":[{"taxonomy":"product_brand","embeddable":true,"href":"https:\/\/secureus.se\/pl\/wp-json\/wp\/v2\/product_brand?post=163393"},{"taxonomy":"product_cat","embeddable":true,"href":"https:\/\/secureus.se\/pl\/wp-json\/wp\/v2\/product_cat?post=163393"},{"taxonomy":"product_tag","embeddable":true,"href":"https:\/\/secureus.se\/pl\/wp-json\/wp\/v2\/product_tag?post=163393"}],"curies":[{"name":"wp","href":"https:\/\/api.w.org\/{rel}","templated":true}]}}