{"id":163743,"date":"2026-03-17T12:47:08","date_gmt":"2026-03-17T11:47:08","guid":{"rendered":"https:\/\/secureus.se\/tagg-desfire-ev3-4k-svart-plus\/"},"modified":"2026-03-31T13:25:46","modified_gmt":"2026-03-31T11:25:46","slug":"tagg-desfire-ev3-4k-svart-plus","status":"publish","type":"product","link":"https:\/\/secureus.se\/pl\/tagg-desfire-ev3-4k-svart-plus\/","title":{"rendered":"Tag DESFIRE\u00ae EV3 4K Black Plus"},"content":{"rendered":"<h1 data-section-id=\"mqmvaq\" data-start=\"152\" data-end=\"218\">RFID Tagg MIFARE DESFire<\/h1>\n<h2 data-section-id=\"mqmvaq\" data-start=\"152\" data-end=\"218\">Identyfikator ABS Plus Passing Tag (wysoki poziom bezpiecze\u0144stwa)<\/h2>\n<p data-start=\"220\" data-end=\"446\">Etykieta RFID z <strong data-start=\"234\" data-end=\"257\">Uk\u0142ad MIFARE DESFire<\/strong> dla nowoczesnych system\u00f3w kontroli dost\u0119pu, gdzie wa\u017cne jest wysokie bezpiecze\u0144stwo i stabilne dzia\u0142anie.<\/p>\n<p data-start=\"220\" data-end=\"446\">Ten token dost\u0119pu jest cz\u0119sto wykorzystywany w profesjonalnych systemach bezpiecze\u0144stwa i jest kompatybilny z wieloma znanymi platformami.<\/p>\n<p data-start=\"448\" data-end=\"558\">Etykieta jest dostarczana z <strong data-start=\"469\" data-end=\"494\">oryginalny uk\u0142ad scalony firmy NXP<\/strong> i jest wykonany z trwa\u0142ego materia\u0142u ABS, co zapewnia d\u0142ug\u0105 \u017cywotno\u015b\u0107.<\/p>\n<p data-start=\"560\" data-end=\"591\"><strong data-start=\"560\" data-end=\"591\">Kompatybilny m.in. z:<\/strong><\/p>\n<ul data-start=\"593\" data-end=\"687\">\n<li data-section-id=\"17a1ys6\" data-start=\"593\" data-end=\"600\">\n<p data-start=\"595\" data-end=\"600\">RCO<\/p>\n<\/li>\n<li data-section-id=\"1n8l3ye\" data-start=\"601\" data-end=\"625\">\n<p data-start=\"603\" data-end=\"625\">Bewator \/ Vanderbilt<\/p>\n<\/li>\n<li data-section-id=\"1pxgavf\" data-start=\"626\" data-end=\"635\">\n<p data-start=\"628\" data-end=\"635\">Aptus<\/p>\n<\/li>\n<li data-section-id=\"1soj2rn\" data-start=\"636\" data-end=\"648\">\n<p data-start=\"638\" data-end=\"648\">ASSA ARX<\/p>\n<\/li>\n<li data-section-id=\"1e3tozb\" data-start=\"649\" data-end=\"665\">\n<p data-start=\"651\" data-end=\"665\">System go\u015bci<\/p>\n<\/li>\n<li data-section-id=\"m4aqxg\" data-start=\"666\" data-end=\"687\">\n<p data-start=\"668\" data-end=\"687\">System logowania<\/p>\n<\/li>\n<\/ul>\n<p data-start=\"689\" data-end=\"792\">Zwr\u00f3\u0107 uwag\u0119 na tag <strong data-start=\"710\" data-end=\"758\">nie dostarczany z zaprogramowanym RAID-em dla RCO<\/strong>, ale posiada standardowy uk\u0142ad scalony.<\/p>\n<hr data-start=\"794\" data-end=\"797\" \/>\n<h2 data-section-id=\"1v00gra\" data-start=\"799\" data-end=\"834\">Wytrzyma\u0142a etykieta RFID w smuk\u0142ej konstrukcji<\/h2>\n<p data-start=\"836\" data-end=\"1063\">Nasz model <strong data-start=\"847\" data-end=\"874\">ABS Plus MIFARE DESFire<\/strong> jest przeznaczony do codziennego stosowania w systemach kontroli dost\u0119pu.<\/p>\n<p data-start=\"836\" data-end=\"1063\">Tacka wykonana jest z trwa\u0142ego materia\u0142u ABS i ma cienki profil o grubo\u015bci zaledwie <strong data-start=\"1003\" data-end=\"1013\">2,9 mm<\/strong>, co sprawia, \u017ce jest on trwa\u0142y i \u0142atwy w noszeniu.<\/p>\n<p data-start=\"1065\" data-end=\"1232\">G\u0142adka powierzchnia doskonale nadaje si\u0119 do <strong data-start=\"1098\" data-end=\"1140\">grawerowanie laserowe cyfr lub logo<\/strong>,.<\/p>\n<p data-start=\"1065\" data-end=\"1232\">U\u0142atwia to oznaczanie kafelk\u00f3w dla firm, nieruchomo\u015bci lub organizacji.<\/p>\n<hr data-start=\"1234\" data-end=\"1237\" \/>\n<h2 data-section-id=\"xck9dh\" data-start=\"1239\" data-end=\"1260\">Obszary zastosowa\u0144<\/h2>\n<p data-start=\"1262\" data-end=\"1311\">Tag RFID mo\u017ce by\u0107 stosowany w wielu typach system\u00f3w:<\/p>\n<ul data-start=\"1313\" data-end=\"1450\">\n<li data-section-id=\"3yp6jv\" data-start=\"1313\" data-end=\"1329\">\n<p data-start=\"1315\" data-end=\"1329\">System przepustek<\/p>\n<\/li>\n<li data-section-id=\"1e3tozb\" data-start=\"1330\" data-end=\"1346\">\n<p data-start=\"1332\" data-end=\"1346\">System go\u015bci<\/p>\n<\/li>\n<li data-section-id=\"j9tvrq\" data-start=\"1347\" data-end=\"1365\">\n<p data-start=\"1349\" data-end=\"1365\">System rezerwacji<\/p>\n<\/li>\n<li data-section-id=\"q6dwif\" data-start=\"1366\" data-end=\"1395\">\n<p data-start=\"1368\" data-end=\"1395\">Systemy alarmowe i bezpiecze\u0144stwa<\/p>\n<\/li>\n<li data-section-id=\"pd8qry\" data-start=\"1396\" data-end=\"1413\">\n<p data-start=\"1398\" data-end=\"1413\">\u0141adowarka do samochod\u00f3w elektrycznych<\/p>\n<\/li>\n<li data-section-id=\"1u2dvsm\" data-start=\"1414\" data-end=\"1450\">\n<p data-start=\"1416\" data-end=\"1450\">Zarz\u0105dzanie zapasami i identyfikacja<\/p>\n<\/li>\n<\/ul>\n<p data-start=\"1452\" data-end=\"1590\">MIFARE DESFire oferuje <strong data-start=\"1476\" data-end=\"1523\">wy\u017csze bezpiecze\u0144stwo ni\u017c np. MIFARE Classic<\/strong>, co czyni je powszechnym wyborem w nowoczesnych rozwi\u0105zaniach bezpiecze\u0144stwa.<\/p>\n<hr data-start=\"1592\" data-end=\"1595\" \/>\n<h2 data-section-id=\"11ig3cm\" data-start=\"1597\" data-end=\"1633\">Niestandardowe tagi RFID do projekt\u00f3w<\/h2>\n<p data-start=\"1635\" data-end=\"1704\">Oferujemy mo\u017cliwo\u015b\u0107 dostosowania tag\u00f3w do Twoich potrzeb, na przyk\u0142ad:<\/p>\n<ul data-start=\"1706\" data-end=\"1855\">\n<li data-section-id=\"1xsenfi\" data-start=\"1706\" data-end=\"1739\">\n<p data-start=\"1708\" data-end=\"1739\">Grawerowanie <strong data-start=\"1721\" data-end=\"1737\">unikalne numery<\/strong><\/p>\n<\/li>\n<li data-section-id=\"fzw2hm\" data-start=\"1740\" data-end=\"1776\">\n<p data-start=\"1742\" data-end=\"1776\">Grawerowanie <strong data-start=\"1755\" data-end=\"1774\">logo firmy<\/strong><\/p>\n<\/li>\n<li data-section-id=\"dsua8s\" data-start=\"1777\" data-end=\"1807\">\n<p data-start=\"1779\" data-end=\"1807\">Wyb\u00f3r <strong data-start=\"1786\" data-end=\"1805\">r\u00f3\u017cne typy chip\u00f3w<\/strong><\/p>\n<\/li>\n<li data-section-id=\"1ccnvn3\" data-start=\"1808\" data-end=\"1855\">\n<p data-start=\"1810\" data-end=\"1855\">Dostosowywanie do konkretnych system\u00f3w i projekt\u00f3w<\/p>\n<\/li>\n<\/ul>\n<p data-start=\"1857\" data-end=\"1919\">Obecnie w identyfikatorach dost\u0119pu powszechnie stosuje si\u0119 nast\u0119puj\u0105ce rodzaje chip\u00f3w:<\/p>\n<ul data-start=\"1921\" data-end=\"1980\">\n<li data-section-id=\"1jziiiu\" data-start=\"1921\" data-end=\"1931\">\n<p data-start=\"1923\" data-end=\"1931\">EM4200<\/p>\n<\/li>\n<li data-section-id=\"1dhpwfa\" data-start=\"1932\" data-end=\"1945\">\n<p data-start=\"1934\" data-end=\"1945\">MIFARE 1K<\/p>\n<\/li>\n<li data-section-id=\"1llejgs\" data-start=\"1946\" data-end=\"1961\">\n<p data-start=\"1948\" data-end=\"1961\">Tagi kombinowane<\/p>\n<\/li>\n<li data-section-id=\"1k7zueu\" data-start=\"1962\" data-end=\"1980\">\n<p data-start=\"1964\" data-end=\"1980\">MIFARE DESFire<\/p>\n<\/li>\n<\/ul>\n<p data-start=\"1982\" data-end=\"2060\">Skontaktuj si\u0119 z nami, je\u015bli potrzebujesz <strong data-start=\"2015\" data-end=\"2059\">spersonalizowane tagi RFID dla Twojego systemu<\/strong>.<\/p>\n<hr data-start=\"2062\" data-end=\"2065\" \/>\n<h2 data-section-id=\"1nma161\" data-start=\"2067\" data-end=\"2084\">Dost\u0119pno\u015b\u0107<\/h2>\n<p data-start=\"2086\" data-end=\"2248\">Tag mo\u017ce by\u0107 dostarczony w r\u00f3\u017cnych kolorach i wariantach chip\u00f3w.<\/p>\n<p data-start=\"2086\" data-end=\"2248\"><strong data-start=\"2141\" data-end=\"2185\">Zwykle dost\u0119pne s\u0105 kolory bia\u0142y i czarny<\/strong>, podczas gdy inne kolory i wzory wykonujemy na zam\u00f3wienie.<\/p>\n<p data-start=\"2250\" data-end=\"2337\">Za pomoc\u0105 naszych maszyn laserowych mo\u017cemy r\u00f3wnie\u017c grawerowa\u0107 <strong data-start=\"2293\" data-end=\"2321\">logo i unikalne numery<\/strong> na \u017c\u0105danie.<\/p>\n<hr data-start=\"2339\" data-end=\"2342\" \/>\n<h2 data-section-id=\"fbszj2\" data-start=\"2344\" data-end=\"2395\">Zalety tagu RFID MIFARE DESFire \u2013 ABS Plus<\/h2>\n<ul data-start=\"2397\" data-end=\"2683\">\n<li data-section-id=\"1sey2io\" data-start=\"2397\" data-end=\"2439\">\n<p data-start=\"2399\" data-end=\"2439\">Uk\u0142ad MIFARE DESFire dla <strong data-start=\"2423\" data-end=\"2439\">wysokie bezpiecze\u0144stwo<\/strong><\/p>\n<\/li>\n<li data-section-id=\"13d4na2\" data-start=\"2440\" data-end=\"2467\">\n<p data-start=\"2442\" data-end=\"2467\"><strong data-start=\"2442\" data-end=\"2467\">Oryginalny uk\u0142ad scalony firmy NXP<\/strong><\/p>\n<\/li>\n<li data-section-id=\"80xk7\" data-start=\"2468\" data-end=\"2508\">\n<p data-start=\"2470\" data-end=\"2508\">Solidna konstrukcja w <strong data-start=\"2492\" data-end=\"2508\">Materia\u0142 ABS<\/strong><\/p>\n<\/li>\n<li data-section-id=\"1jtkdom\" data-start=\"2509\" data-end=\"2542\">\n<p data-start=\"2511\" data-end=\"2542\"><strong data-start=\"2511\" data-end=\"2542\">Smuk\u0142a konstrukcja \u2013 tylko 2,9 mm<\/strong><\/p>\n<\/li>\n<li data-section-id=\"1kkzgn0\" data-start=\"2543\" data-end=\"2602\">\n<p data-start=\"2545\" data-end=\"2602\">Mo\u017cliwo\u015b\u0107 <strong data-start=\"2560\" data-end=\"2602\">grawerowanie laserowe cyfr lub logo<\/strong><\/p>\n<\/li>\n<li data-section-id=\"1j6d40y\" data-start=\"2603\" data-end=\"2639\">\n<p data-start=\"2605\" data-end=\"2639\">Kilka <strong data-start=\"2611\" data-end=\"2639\">warianty i kolory chip\u00f3w<\/strong><\/p>\n<\/li>\n<li data-section-id=\"d94i3o\" data-start=\"2640\" data-end=\"2683\">\n<p data-start=\"2642\" data-end=\"2683\">Dostosowywalny do <strong data-start=\"2661\" data-end=\"2683\">projekty i systemy<\/strong><\/p>\n<\/li>\n<\/ul>","protected":false},"excerpt":{"rendered":"<p>Tag RFID z chipem MIFARE DESFire do kontroli dost\u0119pu i identyfikacji.<\/p>\n<p>Wykonany z wytrzyma\u0142ego materia\u0142u ABS o cienkiej konstrukcji, zaledwie 2,9 mm.<\/p>\n<p>Pasuje do system\u00f3w RCO, Aptus i ASSA ARX. Mo\u017cna go spersonalizowa\u0107, graweruj\u0105c numery lub logo.<\/p>","protected":false},"featured_media":163673,"template":"","meta":{"_acf_changed":false},"product_brand":[],"product_cat":[1337,4789],"product_tag":[2314,3137,3136,2074,4806,4146,2095,2958],"class_list":{"0":"post-163743","1":"product","2":"type-product","3":"status-publish","4":"has-post-thumbnail","6":"product_cat-rfid-tagg-abs-plus","7":"product_cat-desfire-4k-tagg","8":"product_tag-desfire-lop-logo","9":"product_tag-desfire-ev2-4k","10":"product_tag-desfire-taggar-kort","11":"product_tag-ej-lagerfraga","12":"product_tag-fungerar-ej-till-yale","13":"product_tag-nxp","14":"product_tag-rfid-500","15":"product_tag-stonehouse-produkt","16":"product_shipping_class-postnord-varubrev","17":"pa_brands-stonehouse-security","18":"pa_chip-teknik-mifare-desfire","19":"pa_chip-teknik-mifare-desfire-4k-minne","20":"pa_farg-svart","21":"pa_sakerhetssystem-rfid-taggar","22":"tm-has-options","24":"first","25":"instock","26":"sale","27":"featured","28":"taxable","29":"shipping-taxable","30":"purchasable","31":"product-type-simple"},"acf":[],"_links":{"self":[{"href":"https:\/\/secureus.se\/pl\/wp-json\/wp\/v2\/product\/163743","targetHints":{"allow":["GET"]}}],"collection":[{"href":"https:\/\/secureus.se\/pl\/wp-json\/wp\/v2\/product"}],"about":[{"href":"https:\/\/secureus.se\/pl\/wp-json\/wp\/v2\/types\/product"}],"wp:featuredmedia":[{"embeddable":true,"href":"https:\/\/secureus.se\/pl\/wp-json\/wp\/v2\/media\/163673"}],"wp:attachment":[{"href":"https:\/\/secureus.se\/pl\/wp-json\/wp\/v2\/media?parent=163743"}],"wp:term":[{"taxonomy":"product_brand","embeddable":true,"href":"https:\/\/secureus.se\/pl\/wp-json\/wp\/v2\/product_brand?post=163743"},{"taxonomy":"product_cat","embeddable":true,"href":"https:\/\/secureus.se\/pl\/wp-json\/wp\/v2\/product_cat?post=163743"},{"taxonomy":"product_tag","embeddable":true,"href":"https:\/\/secureus.se\/pl\/wp-json\/wp\/v2\/product_tag?post=163743"}],"curies":[{"name":"wp","href":"https:\/\/api.w.org\/{rel}","templated":true}]}}