{"id":163932,"date":"2026-04-01T15:47:34","date_gmt":"2026-04-01T13:47:34","guid":{"rendered":"https:\/\/secureus.se\/?post_type=product&#038;p=163932"},"modified":"2026-04-01T15:49:06","modified_gmt":"2026-04-01T13:49:06","slug":"axis-p1475-le-p14-serien-2mp-ip-kamera-for-utomhusbruk-3-9-mm-varifokalt-objektiv-ai-driven-optimizedir","status":"publish","type":"product","link":"https:\/\/secureus.se\/pl\/axis-p1475-le-p14-serien-2mp-ip-kamera-for-utomhusbruk-3-9-mm-varifokalt-objektiv-ai-driven-optimizedir\/","title":{"rendered":"Kamera zewn\u0119trzna IP AXIS P1475-LE serii P14 o rozdzielczo\u015bci 2 MP, obiektyw zmiennoogniskowy 3\u20139 mm, wspomagana sztuczn\u0105 inteligencj\u0105, zoptymalizowana pod k\u0105tem podczerwieni"},"content":{"rendered":"","protected":false},"excerpt":{"rendered":"<p>Kamera IP AXIS P1475-LE serii P14 o rozdzielczo\u015bci 2 MP, zewn\u0119trzna, typu bullet, z obiektywem zmiennoogniskowym 3\u20139 mm, wspomagana sztuczn\u0105 inteligencj\u0105, zoptymalizowana pod k\u0105tem podczerwieni<\/p>","protected":false},"featured_media":163931,"template":"","meta":{"_acf_changed":false},"product_brand":[],"product_cat":[4949],"product_tag":[],"class_list":{"0":"post-163932","1":"product","2":"type-product","3":"status-publish","4":"has-post-thumbnail","6":"product_cat-axis-bulletkameror","7":"tm-no-options","9":"first","10":"onbackorder","11":"sale","12":"taxable","13":"shipping-taxable","14":"purchasable","15":"product-type-simple"},"acf":[],"_links":{"self":[{"href":"https:\/\/secureus.se\/pl\/wp-json\/wp\/v2\/product\/163932","targetHints":{"allow":["GET"]}}],"collection":[{"href":"https:\/\/secureus.se\/pl\/wp-json\/wp\/v2\/product"}],"about":[{"href":"https:\/\/secureus.se\/pl\/wp-json\/wp\/v2\/types\/product"}],"wp:featuredmedia":[{"embeddable":true,"href":"https:\/\/secureus.se\/pl\/wp-json\/wp\/v2\/media\/163931"}],"wp:attachment":[{"href":"https:\/\/secureus.se\/pl\/wp-json\/wp\/v2\/media?parent=163932"}],"wp:term":[{"taxonomy":"product_brand","embeddable":true,"href":"https:\/\/secureus.se\/pl\/wp-json\/wp\/v2\/product_brand?post=163932"},{"taxonomy":"product_cat","embeddable":true,"href":"https:\/\/secureus.se\/pl\/wp-json\/wp\/v2\/product_cat?post=163932"},{"taxonomy":"product_tag","embeddable":true,"href":"https:\/\/secureus.se\/pl\/wp-json\/wp\/v2\/product_tag?post=163932"}],"curies":[{"name":"wp","href":"https:\/\/api.w.org\/{rel}","templated":true}]}}