{"id":164006,"date":"2026-04-01T15:47:36","date_gmt":"2026-04-01T13:47:36","guid":{"rendered":"https:\/\/secureus.se\/?post_type=product&#038;p=164006"},"modified":"2026-04-09T11:17:13","modified_gmt":"2026-04-09T09:17:13","slug":"axis-p3275-v-p32-serien-2mp-inomhus-ip-kamera-med-kupol-4-98-mm-varifokalobjektiv-ir","status":"publish","type":"product","link":"https:\/\/secureus.se\/pl\/axis-p3275-v-p32-serien-2mp-inomhus-ip-kamera-med-kupol-4-98-mm-varifokalobjektiv-ir\/","title":{"rendered":"Kamera kopu\u0142kowa IP AXIS P3275-V serii P32 o rozdzielczo\u015bci 2 MP do zastosowa\u0144 wewn\u0119trznych, obiektyw zmiennoogniskowy 0,4\u20139,8 mm, podczerwie\u0144"},"content":{"rendered":"","protected":false},"excerpt":{"rendered":"<p>Kamera kopu\u0142kowa IP do zastosowa\u0144 wewn\u0119trznych AXIS P3275-V serii P32 o rozdzielczo\u015bci 2 MP, obiektyw zmiennoogniskowy 0,4\u20139,8 mm, podczerwie\u0144<\/p>","protected":false},"featured_media":164005,"template":"","meta":{"_acf_changed":false},"product_brand":[],"product_cat":[4950],"product_tag":[],"class_list":{"0":"post-164006","1":"product","2":"type-product","3":"status-publish","4":"has-post-thumbnail","6":"product_cat-axis-domekameror","7":"tm-no-options","9":"first","10":"onbackorder","11":"sale","12":"taxable","13":"shipping-taxable","14":"purchasable","15":"product-type-simple"},"acf":[],"_links":{"self":[{"href":"https:\/\/secureus.se\/pl\/wp-json\/wp\/v2\/product\/164006","targetHints":{"allow":["GET"]}}],"collection":[{"href":"https:\/\/secureus.se\/pl\/wp-json\/wp\/v2\/product"}],"about":[{"href":"https:\/\/secureus.se\/pl\/wp-json\/wp\/v2\/types\/product"}],"wp:featuredmedia":[{"embeddable":true,"href":"https:\/\/secureus.se\/pl\/wp-json\/wp\/v2\/media\/164005"}],"wp:attachment":[{"href":"https:\/\/secureus.se\/pl\/wp-json\/wp\/v2\/media?parent=164006"}],"wp:term":[{"taxonomy":"product_brand","embeddable":true,"href":"https:\/\/secureus.se\/pl\/wp-json\/wp\/v2\/product_brand?post=164006"},{"taxonomy":"product_cat","embeddable":true,"href":"https:\/\/secureus.se\/pl\/wp-json\/wp\/v2\/product_cat?post=164006"},{"taxonomy":"product_tag","embeddable":true,"href":"https:\/\/secureus.se\/pl\/wp-json\/wp\/v2\/product_tag?post=164006"}],"curies":[{"name":"wp","href":"https:\/\/api.w.org\/{rel}","templated":true}]}}