{"id":164036,"date":"2026-04-01T15:47:38","date_gmt":"2026-04-01T13:47:38","guid":{"rendered":"https:\/\/secureus.se\/?post_type=product&#038;p=164036"},"modified":"2026-04-01T15:54:32","modified_gmt":"2026-04-01T13:54:32","slug":"axis-03139-001-4mp-ir-domekamera-for-inomhusbruk-med-hornfaste-for-grepplos-montering-vit","status":"publish","type":"product","link":"https:\/\/secureus.se\/pl\/axis-03139-001-4mp-ir-domekamera-for-inomhusbruk-med-hornfaste-for-grepplos-montering-vit\/","title":{"rendered":"Axis 03139-001 4MP IR-domekamera f\u00f6r inomhusbruk med h\u00f6rnf\u00e4ste f\u00f6r greppl\u00f6s montering, vit"},"content":{"rendered":"","protected":false},"excerpt":{"rendered":"<p>Kamera kopu\u0142kowa IR do zastosowa\u0144 wewn\u0119trznych Axis 03139-001 4MP z uchwytem naro\u017cnym do monta\u017cu bezuchwytowego, bia\u0142a<\/p>","protected":false},"featured_media":164035,"template":"","meta":{"_acf_changed":false},"product_brand":[],"product_cat":[4950],"product_tag":[],"class_list":{"0":"post-164036","1":"product","2":"type-product","3":"status-publish","4":"has-post-thumbnail","6":"product_cat-axis-domekameror","7":"tm-no-options","9":"first","10":"onbackorder","11":"sale","12":"taxable","13":"shipping-taxable","14":"purchasable","15":"product-type-simple"},"acf":[],"_links":{"self":[{"href":"https:\/\/secureus.se\/pl\/wp-json\/wp\/v2\/product\/164036","targetHints":{"allow":["GET"]}}],"collection":[{"href":"https:\/\/secureus.se\/pl\/wp-json\/wp\/v2\/product"}],"about":[{"href":"https:\/\/secureus.se\/pl\/wp-json\/wp\/v2\/types\/product"}],"wp:featuredmedia":[{"embeddable":true,"href":"https:\/\/secureus.se\/pl\/wp-json\/wp\/v2\/media\/164035"}],"wp:attachment":[{"href":"https:\/\/secureus.se\/pl\/wp-json\/wp\/v2\/media?parent=164036"}],"wp:term":[{"taxonomy":"product_brand","embeddable":true,"href":"https:\/\/secureus.se\/pl\/wp-json\/wp\/v2\/product_brand?post=164036"},{"taxonomy":"product_cat","embeddable":true,"href":"https:\/\/secureus.se\/pl\/wp-json\/wp\/v2\/product_cat?post=164036"},{"taxonomy":"product_tag","embeddable":true,"href":"https:\/\/secureus.se\/pl\/wp-json\/wp\/v2\/product_tag?post=164036"}],"curies":[{"name":"wp","href":"https:\/\/api.w.org\/{rel}","templated":true}]}}