{"id":164038,"date":"2026-04-01T15:47:38","date_gmt":"2026-04-01T13:47:38","guid":{"rendered":"https:\/\/secureus.se\/?post_type=product&#038;p=164038"},"modified":"2026-04-01T15:54:48","modified_gmt":"2026-04-01T13:54:48","slug":"axis-q3558-lve-8mp-ai-dome-kamera-med-ljudsensor-6-13mm-varifokalobjektiv","status":"publish","type":"product","link":"https:\/\/secureus.se\/pl\/axis-q3558-lve-8mp-ai-dome-kamera-med-ljudsensor-6-13mm-varifokalobjektiv\/","title":{"rendered":"AXIS Q3558-LVE 8MP AI Dome-Kamera med Ljudsensor, 6-13mm Varifokalobjektiv"},"content":{"rendered":"","protected":false},"excerpt":{"rendered":"<p>Kamera kopu\u0142kowa AXIS Q3558-LVE 8 MP z technologi\u0105 AI i czujnikiem d\u017awi\u0119ku, obiektyw zmiennoogniskowy 6\u201313 mm<\/p>","protected":false},"featured_media":164037,"template":"","meta":{"_acf_changed":false},"product_brand":[],"product_cat":[4950],"product_tag":[],"class_list":{"0":"post-164038","1":"product","2":"type-product","3":"status-publish","4":"has-post-thumbnail","6":"product_cat-axis-domekameror","7":"tm-no-options","9":"first","10":"onbackorder","11":"sale","12":"taxable","13":"shipping-taxable","14":"purchasable","15":"product-type-simple"},"acf":[],"_links":{"self":[{"href":"https:\/\/secureus.se\/pl\/wp-json\/wp\/v2\/product\/164038","targetHints":{"allow":["GET"]}}],"collection":[{"href":"https:\/\/secureus.se\/pl\/wp-json\/wp\/v2\/product"}],"about":[{"href":"https:\/\/secureus.se\/pl\/wp-json\/wp\/v2\/types\/product"}],"wp:featuredmedia":[{"embeddable":true,"href":"https:\/\/secureus.se\/pl\/wp-json\/wp\/v2\/media\/164037"}],"wp:attachment":[{"href":"https:\/\/secureus.se\/pl\/wp-json\/wp\/v2\/media?parent=164038"}],"wp:term":[{"taxonomy":"product_brand","embeddable":true,"href":"https:\/\/secureus.se\/pl\/wp-json\/wp\/v2\/product_brand?post=164038"},{"taxonomy":"product_cat","embeddable":true,"href":"https:\/\/secureus.se\/pl\/wp-json\/wp\/v2\/product_cat?post=164038"},{"taxonomy":"product_tag","embeddable":true,"href":"https:\/\/secureus.se\/pl\/wp-json\/wp\/v2\/product_tag?post=164038"}],"curies":[{"name":"wp","href":"https:\/\/api.w.org\/{rel}","templated":true}]}}