{"id":164049,"date":"2026-04-01T15:47:41","date_gmt":"2026-04-01T13:47:41","guid":{"rendered":"https:\/\/secureus.se\/?post_type=product&#038;p=164049"},"modified":"2026-04-01T15:51:06","modified_gmt":"2026-04-01T13:51:06","slug":"axis-m3125-lve-2mp-kupolkamera-vit","status":"publish","type":"product","link":"https:\/\/secureus.se\/pl\/axis-m3125-lve-2mp-kupolkamera-vit\/","title":{"rendered":"Kamera kopu\u0142kowa AXIS M3125-LVE 2MP, bia\u0142a"},"content":{"rendered":"","protected":false},"excerpt":{"rendered":"<p>Kamera kopu\u0142kowa AXIS M3125-LVE 2MP, bia\u0142a<\/p>","protected":false},"featured_media":164048,"template":"","meta":{"_acf_changed":false},"product_brand":[],"product_cat":[4950],"product_tag":[],"class_list":{"0":"post-164049","1":"product","2":"type-product","3":"status-publish","4":"has-post-thumbnail","6":"product_cat-axis-domekameror","7":"pa_farg-vit","8":"tm-no-options","10":"first","11":"onbackorder","12":"sale","13":"taxable","14":"shipping-taxable","15":"purchasable","16":"product-type-simple"},"acf":[],"_links":{"self":[{"href":"https:\/\/secureus.se\/pl\/wp-json\/wp\/v2\/product\/164049","targetHints":{"allow":["GET"]}}],"collection":[{"href":"https:\/\/secureus.se\/pl\/wp-json\/wp\/v2\/product"}],"about":[{"href":"https:\/\/secureus.se\/pl\/wp-json\/wp\/v2\/types\/product"}],"wp:featuredmedia":[{"embeddable":true,"href":"https:\/\/secureus.se\/pl\/wp-json\/wp\/v2\/media\/164048"}],"wp:attachment":[{"href":"https:\/\/secureus.se\/pl\/wp-json\/wp\/v2\/media?parent=164049"}],"wp:term":[{"taxonomy":"product_brand","embeddable":true,"href":"https:\/\/secureus.se\/pl\/wp-json\/wp\/v2\/product_brand?post=164049"},{"taxonomy":"product_cat","embeddable":true,"href":"https:\/\/secureus.se\/pl\/wp-json\/wp\/v2\/product_cat?post=164049"},{"taxonomy":"product_tag","embeddable":true,"href":"https:\/\/secureus.se\/pl\/wp-json\/wp\/v2\/product_tag?post=164049"}],"curies":[{"name":"wp","href":"https:\/\/api.w.org\/{rel}","templated":true}]}}