{"id":164170,"date":"2026-04-07T15:41:25","date_gmt":"2026-04-07T13:41:25","guid":{"rendered":"https:\/\/secureus.se\/magicard-eventkort-140-x-54-mm-m9007-440-langformat-plastkort-100-pack\/"},"modified":"2026-04-08T16:09:18","modified_gmt":"2026-04-08T14:09:18","slug":"magicard-eventkort-140-x-54-mm-m9007-440-langformat-plastkort-100-pack","status":"publish","type":"product","link":"https:\/\/secureus.se\/pl\/magicard-eventkort-140-x-54-mm-m9007-440-langformat-plastkort-100-pack\/","title":{"rendered":"Magicard M9007-440 Karta formatu d\u0142ugiego 140 x 54 mm \u2013 100 szt."},"content":{"rendered":"<p data-start=\"389\" data-end=\"699\">Magicard M9007-440 \u00e4r h\u00f6gkvalitativa plastkort i l\u00e5ngformat (140 x 54 mm), utvecklade f\u00f6r att anv\u00e4ndas tillsammans med Magicard E+ Event Card Printer. Dessa kort \u00e4r ett utm\u00e4rkt val f\u00f6r event, m\u00e4ssor och konferenser d\u00e4r du vill skapa professionella och visuellt tilltalande pass med mer utrymme \u00e4n standardkort.<\/p>\n<p data-start=\"701\" data-end=\"985\">Det l\u00e4ngre formatet g\u00f6r det m\u00f6jligt att inkludera mer information p\u00e5 kortet, s\u00e5som namn, f\u00f6retag, QR-koder, streckkoder, sponsorlogotyper och tilltr\u00e4desniv\u00e5er. Detta g\u00f6r dem s\u00e4rskilt l\u00e4mpliga f\u00f6r exempelvis VIP-pass, backstagepass och deltagarkort d\u00e4r tydlighet och design \u00e4r viktigt.<\/p>\n<p data-start=\"987\" data-end=\"1173\">Kortens plastmaterial ger en betydligt mer h\u00e5llbar och professionell l\u00f6sning j\u00e4mf\u00f6rt med traditionella papperspass. De \u00e4r t\u00e5liga, slitstarka och ger ett exklusivt intryck vid anv\u00e4ndning.<\/p>\n<p data-start=\"1175\" data-end=\"1318\">Magicard M9007-440 \u00e4r fullt kompatibla med Magicard E+ och s\u00e4kerst\u00e4ller optimal utskriftskvalitet och problemfri anv\u00e4ndning i din kortskrivare.<\/p>\n<hr data-start=\"1320\" data-end=\"1323\" \/>\n<h3 data-section-id=\"174tte9\" data-start=\"1325\" data-end=\"1343\"><span role=\"text\"><strong data-start=\"1329\" data-end=\"1343\">Charakterystyka<\/strong><\/span><\/h3>\n<ul data-start=\"1345\" data-end=\"1578\">\n<li data-section-id=\"1t8bn7j\" data-start=\"1345\" data-end=\"1376\">L\u00e5ngformatkort: 140 x 54 mm<\/li>\n<li data-section-id=\"1sq427d\" data-start=\"1377\" data-end=\"1420\">Perfekt f\u00f6r eventpass och konferenskort<\/li>\n<li data-section-id=\"1n9ah8l\" data-start=\"1421\" data-end=\"1463\">Mer utrymme f\u00f6r information och design<\/li>\n<li data-section-id=\"v49ea9\" data-start=\"1464\" data-end=\"1509\">H\u00f6g kvalitet och slitstarkt plastmaterial<\/li>\n<li data-section-id=\"5h45n1\" data-start=\"1510\" data-end=\"1552\">Anpassade f\u00f6r Magicard E+ kortskrivare<\/li>\n<li data-section-id=\"3jmkwk\" data-start=\"1553\" data-end=\"1578\">F\u00f6rpackning: 100 kort<\/li>\n<\/ul>\n<hr data-start=\"1580\" data-end=\"1583\" \/>\n<p data-start=\"1585\" data-end=\"1651\"><strong data-start=\"1585\" data-end=\"1614\">Manufacturer Part Number:<\/strong> M9007-440<br data-start=\"1624\" data-end=\"1627\" \/><strong data-start=\"1627\" data-end=\"1643\">Waga produktu:<\/strong> 0,50 kg<\/p>","protected":false},"excerpt":{"rendered":"<p>Magicard M9007-440 \u00e4r vita l\u00e5ngformatkort i storleken 140 x 54 mm, speciellt framtagna f\u00f6r Magicard E+ kortskrivare. Perfekta f\u00f6r eventpass, konferenser och ID-kort d\u00e4r du beh\u00f6ver extra utrymme f\u00f6r information och design.<\/p>","protected":false},"featured_media":164168,"template":"","meta":{"_acf_changed":false},"product_brand":[],"product_cat":[4235],"product_tag":[],"class_list":{"0":"post-164170","1":"product","2":"type-product","3":"status-publish","4":"has-post-thumbnail","6":"product_cat-plastkort-utan-chip","7":"pa_brands-magicard","8":"tm-no-options","10":"first","11":"outofstock","12":"sale","13":"taxable","14":"shipping-taxable","15":"purchasable","16":"product-type-simple"},"acf":[],"_links":{"self":[{"href":"https:\/\/secureus.se\/pl\/wp-json\/wp\/v2\/product\/164170","targetHints":{"allow":["GET"]}}],"collection":[{"href":"https:\/\/secureus.se\/pl\/wp-json\/wp\/v2\/product"}],"about":[{"href":"https:\/\/secureus.se\/pl\/wp-json\/wp\/v2\/types\/product"}],"wp:featuredmedia":[{"embeddable":true,"href":"https:\/\/secureus.se\/pl\/wp-json\/wp\/v2\/media\/164168"}],"wp:attachment":[{"href":"https:\/\/secureus.se\/pl\/wp-json\/wp\/v2\/media?parent=164170"}],"wp:term":[{"taxonomy":"product_brand","embeddable":true,"href":"https:\/\/secureus.se\/pl\/wp-json\/wp\/v2\/product_brand?post=164170"},{"taxonomy":"product_cat","embeddable":true,"href":"https:\/\/secureus.se\/pl\/wp-json\/wp\/v2\/product_cat?post=164170"},{"taxonomy":"product_tag","embeddable":true,"href":"https:\/\/secureus.se\/pl\/wp-json\/wp\/v2\/product_tag?post=164170"}],"curies":[{"name":"wp","href":"https:\/\/api.w.org\/{rel}","templated":true}]}}