{"id":164184,"date":"2026-04-07T17:21:40","date_gmt":"2026-04-07T15:21:40","guid":{"rendered":"https:\/\/secureus.se\/?post_type=product&#038;p=164184"},"modified":"2026-04-08T16:08:37","modified_gmt":"2026-04-08T14:08:37","slug":"fargo-hdp6600-8500-rengoringskit-komplett-kit-med-rengoringspinnar-kort-pads-och-alkoholrengoring","status":"publish","type":"product","link":"https:\/\/secureus.se\/pl\/fargo-hdp6600-8500-rengoringskit-komplett-kit-med-rengoringspinnar-kort-pads-och-alkoholrengoring\/","title":{"rendered":"Zestaw czyszcz\u0105cy Fargo HDP6600 \/ 8500 \u2013 kompletny zestaw z wacikami czyszcz\u0105cymi, kartami, g\u0105bkami i chusteczkami nas\u0105czonymi alkoholem"},"content":{"rendered":"<p>Zestaw czyszcz\u0105cy Fargo 88933 zawiera: cztery waciki do czyszczenia g\u0142owicy drukuj\u0105cej, dziesi\u0119\u0107 kart czyszcz\u0105cych, dziesi\u0119\u0107 g\u0105bek czyszcz\u0105cych i trzy karty czyszcz\u0105ce nas\u0105czone alkoholem. Wszystkie te elementy razem pomagaj\u0105 utrzyma\u0107 drukark\u0119 Fargo HDP8500 w czysto\u015bci, co przek\u0142ada si\u0119 na sta\u0142\u0105 jako\u015b\u0107 druku kart.<\/p>\n<ul>\n<li>4x waciki do czyszczenia g\u0142owicy drukuj\u0105cej<\/li>\n<li>10x Karty Czyszczenia<\/li>\n<li>10x g\u0105bki czyszcz\u0105ce<\/li>\n<li>3x Czyszczenie alkoholem<\/li>\n<li>Przeznaczony do u\u017cytku z Fargo HDP8500 i HDP6600<\/li>\n<li>Przy przechowywaniu w odpowiednich warunkach okres przydatno\u015bci do spo\u017cycia wynosi do jednego roku<\/li>\n<li>Numer cz\u0119\u015bci producenta: 88933<\/li>\n<\/ul>\n<p>\u00a0<\/p>\n<p>\n <strong><br \/>\n Waga produktu:<br \/>\n 0,30 kg<br \/>\n <\/strong>\n <\/p>","protected":false},"excerpt":{"rendered":"<p>The Fargo 88933 cleaning kit includes; four print head cleaning swabs, ten cleaning cards, ten cleaning pads, and three alcohol cleaning cards. All of these elements used together help to<\/p>","protected":false},"featured_media":164183,"template":"","meta":{"_acf_changed":false},"product_brand":[],"product_cat":[4807],"product_tag":[],"class_list":{"0":"post-164184","1":"product","2":"type-product","3":"status-publish","4":"has-post-thumbnail","6":"product_cat-rengoringskit","7":"product_shipping_class-postnord-varubrev","8":"pa_brands-fargo","9":"tm-no-options","11":"first","12":"instock","13":"taxable","14":"shipping-taxable","15":"purchasable","16":"product-type-simple"},"acf":[],"_links":{"self":[{"href":"https:\/\/secureus.se\/pl\/wp-json\/wp\/v2\/product\/164184","targetHints":{"allow":["GET"]}}],"collection":[{"href":"https:\/\/secureus.se\/pl\/wp-json\/wp\/v2\/product"}],"about":[{"href":"https:\/\/secureus.se\/pl\/wp-json\/wp\/v2\/types\/product"}],"wp:featuredmedia":[{"embeddable":true,"href":"https:\/\/secureus.se\/pl\/wp-json\/wp\/v2\/media\/164183"}],"wp:attachment":[{"href":"https:\/\/secureus.se\/pl\/wp-json\/wp\/v2\/media?parent=164184"}],"wp:term":[{"taxonomy":"product_brand","embeddable":true,"href":"https:\/\/secureus.se\/pl\/wp-json\/wp\/v2\/product_brand?post=164184"},{"taxonomy":"product_cat","embeddable":true,"href":"https:\/\/secureus.se\/pl\/wp-json\/wp\/v2\/product_cat?post=164184"},{"taxonomy":"product_tag","embeddable":true,"href":"https:\/\/secureus.se\/pl\/wp-json\/wp\/v2\/product_tag?post=164184"}],"curies":[{"name":"wp","href":"https:\/\/api.w.org\/{rel}","templated":true}]}}