{"id":164191,"date":"2026-04-07T17:21:40","date_gmt":"2026-04-07T15:21:40","guid":{"rendered":"https:\/\/secureus.se\/?post_type=product&#038;p=164191"},"modified":"2026-04-08T16:08:43","modified_gmt":"2026-04-08T14:08:43","slug":"magicard-pronto100-e9100-rengoringskit-10-kort-1-rengoringspenna","status":"publish","type":"product","link":"https:\/\/secureus.se\/pl\/magicard-pronto100-e9100-rengoringskit-10-kort-1-rengoringspenna\/","title":{"rendered":"Zestaw czyszcz\u0105cy Magicard Pronto100 E9100 \u2013 10 kart + 1 d\u0142ugopis czyszcz\u0105cy"},"content":{"rendered":"<p>Magicard E91000 to oficjalny zestaw czyszcz\u0105cy do Pronto100 i jedyny zalecany produkt do tej drukarki. Zawiera 10 kart czyszcz\u0105cych, z kt\u00f3rych jedna jest u\u017cywana po ka\u017cdej wymianie ta\u015bmy. W zestawie znajduje si\u0119 r\u00f3wnie\u017c d\u0142ugopis czyszcz\u0105cy, kt\u00f3ry usuwa kurz i zanieczyszczenia z wn\u0119trza drukarki, zapewniaj\u0105c optymaln\u0105 jako\u015b\u0107 druku.<\/p>\n<ul>\n<li>10 kart czyszcz\u0105cych i jeden d\u0142ugopis czyszcz\u0105cy<\/li>\n<li>Oryginalny produkt Magicard<\/li>\n<li>Jedyny kompatybilny zestaw dla Pronto100<\/li>\n<\/ul>\n<p>\n <strong><br \/>\n Waga produktu:<br \/>\n 0,10 kg<br \/>\n <\/strong>\n <\/p>","protected":false},"excerpt":{"rendered":"<p>The Magicard E91000 is the official cleaning kit for the Pronto100 and the only recommended product for this printer. It includes 10 cleaning cards, with one to be used after<\/p>","protected":false},"featured_media":164190,"template":"","meta":{"_acf_changed":false},"product_brand":[],"product_cat":[4807],"product_tag":[],"class_list":{"0":"post-164191","1":"product","2":"type-product","3":"status-publish","4":"has-post-thumbnail","6":"product_cat-rengoringskit","7":"product_shipping_class-postnord-varubrev","8":"pa_brands-magicard","9":"tm-no-options","11":"first","12":"instock","13":"taxable","14":"shipping-taxable","15":"purchasable","16":"product-type-simple"},"acf":[],"_links":{"self":[{"href":"https:\/\/secureus.se\/pl\/wp-json\/wp\/v2\/product\/164191","targetHints":{"allow":["GET"]}}],"collection":[{"href":"https:\/\/secureus.se\/pl\/wp-json\/wp\/v2\/product"}],"about":[{"href":"https:\/\/secureus.se\/pl\/wp-json\/wp\/v2\/types\/product"}],"wp:featuredmedia":[{"embeddable":true,"href":"https:\/\/secureus.se\/pl\/wp-json\/wp\/v2\/media\/164190"}],"wp:attachment":[{"href":"https:\/\/secureus.se\/pl\/wp-json\/wp\/v2\/media?parent=164191"}],"wp:term":[{"taxonomy":"product_brand","embeddable":true,"href":"https:\/\/secureus.se\/pl\/wp-json\/wp\/v2\/product_brand?post=164191"},{"taxonomy":"product_cat","embeddable":true,"href":"https:\/\/secureus.se\/pl\/wp-json\/wp\/v2\/product_cat?post=164191"},{"taxonomy":"product_tag","embeddable":true,"href":"https:\/\/secureus.se\/pl\/wp-json\/wp\/v2\/product_tag?post=164191"}],"curies":[{"name":"wp","href":"https:\/\/api.w.org\/{rel}","templated":true}]}}