{"id":164205,"date":"2026-04-07T17:21:41","date_gmt":"2026-04-07T15:21:41","guid":{"rendered":"https:\/\/secureus.se\/?post_type=product&#038;p=164205"},"modified":"2026-04-23T12:30:06","modified_gmt":"2026-04-23T10:30:06","slug":"fargo-hdp-rengoringsrullar-10-pack-086004","status":"publish","type":"product","link":"https:\/\/secureus.se\/pl\/fargo-hdp-rengoringsrullar-10-pack-086004\/","title":{"rendered":"Rolki czyszcz\u0105ce Fargo HDP \u2013 opakowanie 10 sztuk (086004)"},"content":{"rendered":"<p>Zestaw do czyszczenia rolek drukarki Fargo 86004 skutecznie usuwa kurz, zanieczyszczenia i resztki tuszu, kt\u00f3re mog\u0105 uszkodzi\u0107 drukark\u0119.<\/p>\n<ul>\n<li>Zawiera 10 rolek czyszcz\u0105cych<\/li>\n<li>Producent zaleca u\u017cycie zestawu czyszcz\u0105cego przy ka\u017cdej wymianie ta\u015bmy<\/li>\n<li>Okres przydatno\u015bci do spo\u017cycia do jednego roku przy przechowywaniu w odpowiednich warunkach<\/li>\n<\/ul>\n<p>\n <strong><br \/>\n Waga produktu:<br \/>\n 1,00 kg<br \/>\n <\/strong>\n <\/p>","protected":false},"excerpt":{"rendered":"<p>The Fargo\u00a086004 printer cleaning roller kit effectively removes dust, debris and ink residue that can cause damage\u00a0to the printer. Includes 10 cleaning rollers Manufacturer recommends the use of cleaning kit<\/p>","protected":false},"featured_media":164204,"template":"","meta":{"_acf_changed":false},"product_brand":[],"product_cat":[4807],"product_tag":[],"class_list":{"0":"post-164205","1":"product","2":"type-product","3":"status-publish","4":"has-post-thumbnail","6":"product_cat-rengoringskit","7":"product_shipping_class-postnord-varubrev","8":"pa_brands-fargo","9":"tm-no-options","11":"first","12":"instock","13":"taxable","14":"shipping-taxable","15":"purchasable","16":"product-type-simple"},"acf":[],"_links":{"self":[{"href":"https:\/\/secureus.se\/pl\/wp-json\/wp\/v2\/product\/164205","targetHints":{"allow":["GET"]}}],"collection":[{"href":"https:\/\/secureus.se\/pl\/wp-json\/wp\/v2\/product"}],"about":[{"href":"https:\/\/secureus.se\/pl\/wp-json\/wp\/v2\/types\/product"}],"wp:featuredmedia":[{"embeddable":true,"href":"https:\/\/secureus.se\/pl\/wp-json\/wp\/v2\/media\/164204"}],"wp:attachment":[{"href":"https:\/\/secureus.se\/pl\/wp-json\/wp\/v2\/media?parent=164205"}],"wp:term":[{"taxonomy":"product_brand","embeddable":true,"href":"https:\/\/secureus.se\/pl\/wp-json\/wp\/v2\/product_brand?post=164205"},{"taxonomy":"product_cat","embeddable":true,"href":"https:\/\/secureus.se\/pl\/wp-json\/wp\/v2\/product_cat?post=164205"},{"taxonomy":"product_tag","embeddable":true,"href":"https:\/\/secureus.se\/pl\/wp-json\/wp\/v2\/product_tag?post=164205"}],"curies":[{"name":"wp","href":"https:\/\/api.w.org\/{rel}","templated":true}]}}