{"id":164262,"date":"2026-04-08T16:17:10","date_gmt":"2026-04-08T14:17:10","guid":{"rendered":"https:\/\/secureus.se\/magicard-300-duo-id-kortsskrivare-med-kodare-for-magnetremsa-dubbelsidig\/"},"modified":"2026-04-23T12:29:01","modified_gmt":"2026-04-23T10:29:01","slug":"magicard-300-duo-id-kortsskrivare-med-kodare-for-magnetremsa-dubbelsidig","status":"publish","type":"product","link":"https:\/\/secureus.se\/pl\/magicard-300-duo-id-kortsskrivare-med-kodare-for-magnetremsa-dubbelsidig\/","title":{"rendered":"Drukarka kart identyfikacyjnych Magicard 300 DUO z koderem paska magnetycznego \u2013 dwustronna"},"content":{"rendered":"<h3 data-section-id=\"1p6qzav\" data-start=\"749\" data-end=\"826\">Magicard 300 DUO \u2013 ID-kortsskrivare med magnetremsa f\u00f6r daglig anv\u00e4ndning<\/h3>\n<p data-start=\"828\" data-end=\"1087\">Magicard 300 DUO (P-MAG-3300-0022) \u00e4r en flexibel och kostnadseffektiv ID-kortsskrivare med inbyggd magnetremskodning. Den \u00e4r utvecklad f\u00f6r f\u00f6retag, skolor och organisationer som beh\u00f6ver producera funktionella kort f\u00f6r b\u00e5de identifiering och systemanv\u00e4ndning.<\/p>\n<p data-start=\"1089\" data-end=\"1275\">Den passar perfekt i milj\u00f6er d\u00e4r kort anv\u00e4nds i passersystem, medlemsregister eller tidssystem och d\u00e4r stabil drift och enkel anv\u00e4ndning \u00e4r viktigare \u00e4n avancerade enterprise-funktioner.<\/p>\n<hr data-start=\"1277\" data-end=\"1280\" \/>\n<h3 data-section-id=\"1wm78rs\" data-start=\"1282\" data-end=\"1327\">Magnetremskodning f\u00f6r bred kompatibilitet<\/h3>\n<p data-start=\"1329\" data-end=\"1438\">Skrivaren \u00e4r utrustad med magnetkodning enligt ISO-standard (HiCo och LoCo), vilket g\u00f6r att du kan producera:<\/p>\n<ul data-start=\"1440\" data-end=\"1538\">\n<li data-section-id=\"1h53p7w\" data-start=\"1440\" data-end=\"1454\">Karta dost\u0119pu<\/li>\n<li data-section-id=\"1hu0lpe\" data-start=\"1455\" data-end=\"1486\">Karta pracownicza z upowa\u017cnieniem<\/li>\n<li data-section-id=\"15h7qs1\" data-start=\"1487\" data-end=\"1502\">Karta cz\u0142onkowska<\/li>\n<li data-section-id=\"vjf6bz\" data-start=\"1503\" data-end=\"1538\">Karty systemu rejestracji czasu pracy i obecno\u015bci<\/li>\n<\/ul>\n<p data-start=\"1540\" data-end=\"1611\">En enkel och bepr\u00f6vad l\u00f6sning som fungerar med m\u00e5nga befintliga system.<\/p>\n<hr data-start=\"1613\" data-end=\"1616\" \/>\n<h3 data-section-id=\"vxhmmy\" data-start=\"1618\" data-end=\"1653\">Profesjonalna jako\u015b\u0107 druku<\/h3>\n<p data-start=\"1655\" data-end=\"1717\">Magicard 300 umo\u017cliwia wydruki w rozdzielczo\u015bci 300 x 300 dpi, zapewniaj\u0105c:<\/p>\n<ul data-start=\"1719\" data-end=\"1787\">\n<li data-section-id=\"phpm8s\" data-start=\"1719\" data-end=\"1742\">Wyra\u017ane zdj\u0119cia<\/li>\n<li data-section-id=\"w9cw7n\" data-start=\"1743\" data-end=\"1763\">Ostre logo<\/li>\n<li data-section-id=\"1u9ihby\" data-start=\"1764\" data-end=\"1787\">Dobra reprodukcja kolor\u00f3w<\/li>\n<\/ul>\n<p data-start=\"1789\" data-end=\"1932\">Perfekt f\u00f6r organisationer som vill ha snygga och professionella kort utan att g\u00e5 upp i premiumsegmentet.<\/p>\n<hr data-start=\"1934\" data-end=\"1937\" \/>\n<h3 data-section-id=\"jeuuy4\" data-start=\"1939\" data-end=\"1980\">Drukowanie dwustronne zapewniaj\u0105ce wi\u0119ksz\u0105 funkcjonalno\u015b\u0107<\/h3>\n<p data-start=\"1982\" data-end=\"2039\">Med duplex-utskrift kan du utnyttja b\u00e5da sidor av kortet:<\/p>\n<ul data-start=\"2041\" data-end=\"2122\">\n<li data-section-id=\"hm56il\" data-start=\"2041\" data-end=\"2073\">Prz\u00f3d: zdj\u0119cie i to\u017csamo\u015b\u0107<\/li>\n<li data-section-id=\"uidnes\" data-start=\"2074\" data-end=\"2122\">Baksida: streckkod, regler eller information<\/li>\n<\/ul>\n<p data-start=\"2124\" data-end=\"2165\">Ger mer funktionella och anv\u00e4ndbara kort.<\/p>\n<hr data-start=\"2167\" data-end=\"2170\" \/>\n<h3 data-section-id=\"1hx0kiy\" data-start=\"2172\" data-end=\"2210\">Effektiv och stabil kortproduktion<\/h3>\n<p data-start=\"2212\" data-end=\"2256\">Magicard 300 \u00e4r byggd f\u00f6r daglig anv\u00e4ndning:<\/p>\n<ul data-start=\"2258\" data-end=\"2363\">\n<li data-section-id=\"78jwjh\" data-start=\"2258\" data-end=\"2293\">Do 160 kart kolor\u00f3w na godzin\u0119<\/li>\n<li data-section-id=\"1t4kpyp\" data-start=\"2294\" data-end=\"2335\">Do 720 kart monochromatycznych na godzin\u0119<\/li>\n<li data-section-id=\"td1inv\" data-start=\"2336\" data-end=\"2363\">Ca 23 sekunder per kort<\/li>\n<\/ul>\n<p data-start=\"2365\" data-end=\"2456\">Perfekt f\u00f6r verksamheter som producerar kort l\u00f6pande.<\/p>\n<hr data-start=\"2458\" data-end=\"2461\" \/>\n<h3 data-section-id=\"6vgjf0\" data-start=\"2463\" data-end=\"2483\">Wbudowane zabezpieczenia<\/h3>\n<ul data-start=\"2485\" data-end=\"2643\">\n<li data-section-id=\"m6s4sw\" data-start=\"2485\" data-end=\"2543\"><strong data-start=\"2487\" data-end=\"2514\">Znak wodny HoloKote\u00ae<\/strong> chroni karty przed kopiowaniem<\/li>\n<li data-section-id=\"l5p6j2\" data-start=\"2544\" data-end=\"2581\">M\u00f6jlighet att anv\u00e4nda egen design<\/li>\n<li data-section-id=\"1oe6gbh\" data-start=\"2582\" data-end=\"2643\"><strong data-start=\"2584\" data-end=\"2605\">Niszczenie cyfrowe<\/strong> raderar k\u00e4nslig data efter utskrift<\/li>\n<\/ul>\n<p data-start=\"2645\" data-end=\"2724\">Ger ett extra skydd utan extra kostnader.<\/p>\n<hr data-start=\"2726\" data-end=\"2729\" \/>\n<h3 data-section-id=\"l8c361\" data-start=\"2731\" data-end=\"2769\">\u0141atwa instalacja i integracja<\/h3>\n<ul data-start=\"2771\" data-end=\"2855\">\n<li data-section-id=\"142d0jd\" data-start=\"2771\" data-end=\"2791\">USB i Ethernet<\/li>\n<li data-section-id=\"14vqazo\" data-start=\"2792\" data-end=\"2807\">Pod\u0142\u0105cz i graj<\/li>\n<li data-section-id=\"vh9oew\" data-start=\"2808\" data-end=\"2855\">Enkel att anv\u00e4nda utan avancerad IT-kunskap<\/li>\n<\/ul>\n<p data-start=\"2857\" data-end=\"2912\">Perfekt f\u00f6r organisationer som vill komma ig\u00e5ng snabbt.<\/p>\n<hr data-start=\"2914\" data-end=\"2917\" \/>\n<h3 data-section-id=\"c4vq3j\" data-start=\"2919\" data-end=\"2954\">Drifts\u00e4ker och kostnadseffektiv<\/h3>\n<p data-start=\"2956\" data-end=\"3003\">Magicard 300 \u00e4r byggd f\u00f6r l\u00e5ngvarig anv\u00e4ndning:<\/p>\n<ul data-start=\"3005\" data-end=\"3081\">\n<li data-section-id=\"bk74no\" data-start=\"3005\" data-end=\"3028\">Stabil konstruktion<\/li>\n<li data-section-id=\"1ffk2yp\" data-start=\"3029\" data-end=\"3060\">Effektiv f\u00e4rgbandshantering<\/li>\n<li data-section-id=\"1j0twub\" data-start=\"3061\" data-end=\"3081\">Niskie koszty operacyjne<\/li>\n<\/ul>\n<p data-start=\"3083\" data-end=\"3182\">Skrivaren optimerar dessutom f\u00e4rgbandet f\u00f6r att minska spill.<\/p>\n<hr data-start=\"3184\" data-end=\"3187\" \/>\n<h3 data-section-id=\"iwf276\" data-start=\"3189\" data-end=\"3213\">Gwarancja i bezpiecze\u0144stwo<\/h3>\n<ul data-start=\"3215\" data-end=\"3296\">\n<li data-section-id=\"l98imx\" data-start=\"3215\" data-end=\"3232\">3-letnia gwarancja<\/li>\n<li data-section-id=\"1dh68nb\" data-start=\"3233\" data-end=\"3265\">Dost\u0119p do globalnego wsparcia<\/li>\n<li data-section-id=\"n39f82\" data-start=\"3266\" data-end=\"3296\">Mo\u017cliwo\u015b\u0107 przed\u0142u\u017cenia<\/li>\n<\/ul>\n<p data-start=\"3298\" data-end=\"3403\">Dotyczy stosowania oryginalnych materia\u0142\u00f3w eksploatacyjnych i prawid\u0142owej konserwacji.<\/p>\n<hr data-start=\"3405\" data-end=\"3408\" \/>\n<h3 data-section-id=\"12w8785\" data-start=\"3410\" data-end=\"3455\">Specyfikacja techniczna (podsumowanie)<\/h3>\n<ul data-start=\"3457\" data-end=\"3764\">\n<li data-section-id=\"1czvx41\" data-start=\"3457\" data-end=\"3489\">Modell: Magicard 300 DUO Mag<\/li>\n<li data-section-id=\"1qqs0g4\" data-start=\"3490\" data-end=\"3524\">Artikelnummer: P-MAG-3300-0022<\/li>\n<li data-section-id=\"1vn1bje\" data-start=\"3525\" data-end=\"3550\">Drukowanie: dwustronne<\/li>\n<li data-section-id=\"1nsuhxh\" data-start=\"3551\" data-end=\"3580\">Rozdzielczo\u015b\u0107: 300 x 300 dpi<\/li>\n<li data-section-id=\"1c6m1mp\" data-start=\"3581\" data-end=\"3619\">Pr\u0119dko\u015b\u0107: do 160 kart\/godzin\u0119<\/li>\n<li data-section-id=\"1brngb0\" data-start=\"3620\" data-end=\"3658\">Kodning: Magnetremsa (HiCo \/ LoCo)<\/li>\n<li data-section-id=\"6qlhy1\" data-start=\"3659\" data-end=\"3688\">Pojemno\u015b\u0107: 100 wej\u015b\u0107 \/ 70 wyj\u015b\u0107<\/li>\n<li data-section-id=\"1fr1ygq\" data-start=\"3689\" data-end=\"3716\">Format karty: CR80 \/ CR79<\/li>\n<li data-section-id=\"794tec\" data-start=\"3717\" data-end=\"3746\">Po\u0142\u0105czenie: USB, Ethernet<\/li>\n<li data-section-id=\"qnevs9\" data-start=\"3747\" data-end=\"3764\">Waga: oko\u0142o 5 kg<\/li>\n<\/ul>\n<hr data-start=\"3766\" data-end=\"3769\" \/>\n<h3 data-section-id=\"11hcs70\" data-start=\"3771\" data-end=\"3795\">Wa\u017cne, aby wzi\u0105\u0107 pod uwag\u0119<\/h3>\n<ul data-start=\"3797\" data-end=\"3910\">\n<li data-section-id=\"ddg5am\" data-start=\"3797\" data-end=\"3818\">Wst\u0105\u017cka nie jest do\u0142\u0105czona<\/li>\n<li data-section-id=\"1cpnj4x\" data-start=\"3819\" data-end=\"3878\">Zalecane jest u\u017cywanie oryginalnych materia\u0142\u00f3w eksploatacyjnych Magicard<\/li>\n<li data-section-id=\"1wxbumd\" data-start=\"3879\" data-end=\"3910\">Wymagane regularne czyszczenie<\/li>\n<\/ul>\n<hr data-start=\"3912\" data-end=\"3915\" \/>\n<h3 data-section-id=\"ethgyn\" data-start=\"3917\" data-end=\"3932\">Idealny dla<\/h3>\n<ul data-start=\"3934\" data-end=\"4078\">\n<li data-section-id=\"xat3aq\" data-start=\"3934\" data-end=\"3962\">Firmy posiadaj\u0105ce systemy kontroli dost\u0119pu<\/li>\n<li data-section-id=\"15fzodf\" data-start=\"3963\" data-end=\"3991\">Karty cz\u0142onkowskie i karty klienta<\/li>\n<li data-section-id=\"6jwi6n\" data-start=\"3992\" data-end=\"4018\">Tid- och n\u00e4rvarosystem<\/li>\n<li data-section-id=\"1tpxwi7\" data-start=\"4019\" data-end=\"4048\">Szko\u0142y i organizacje<\/li>\n<li data-section-id=\"ox6rg2\" data-start=\"4049\" data-end=\"4078\">Dzienna produkcja dowod\u00f3w osobistych<\/li>\n<\/ul>\n<hr data-start=\"4080\" data-end=\"4083\" \/>\n<h2 data-section-id=\"1nhgcqf\" data-start=\"4085\" data-end=\"4111\"><span role=\"text\"><strong data-start=\"4088\" data-end=\"4111\">Szybkie pozycjonowanie<\/strong><\/span><\/h2>\n<p data-start=\"4113\" data-end=\"4148\">To jest odpowiedni model dla Ciebie, je\u015bli:<\/p>\n<ul data-start=\"4149\" data-end=\"4269\">\n<li data-section-id=\"15munqe\" data-start=\"4149\" data-end=\"4175\">potrzebowa\u0107 <strong data-start=\"4159\" data-end=\"4173\">karta magnetyczna<\/strong><\/li>\n<li data-section-id=\"143dn4f\" data-start=\"4176\" data-end=\"4223\">chc\u0119 jednego <strong data-start=\"4189\" data-end=\"4221\">prisv\u00e4rd och stabil skrivare<\/strong><\/li>\n<li data-section-id=\"1tsstp7\" data-start=\"4224\" data-end=\"4269\">szukam <strong data-start=\"4235\" data-end=\"4269\">enkel l\u00f6sning f\u00f6r daglig drift<\/strong><\/li>\n<\/ul>","protected":false},"excerpt":{"rendered":"<p data-start=\"323\" data-end=\"518\">Magicard 300 DUO z kodowaniem paska magnetycznego to niezawodna i \u0142atwa w obs\u0142udze drukarka kart identyfikacyjnych dla firm i organizacji. Idealna do drukowania kart dost\u0119pu i kart cz\u0142onkowskich z funkcj\u0105 magnetyczn\u0105 w codziennej pracy.<\/p>\n<ul data-start=\"520\" data-end=\"717\">\n<li data-section-id=\"1uls68x\" data-start=\"520\" data-end=\"553\">Drukowanie dwustronne (dupleks)<\/li>\n<li data-section-id=\"as5o0n\" data-start=\"554\" data-end=\"589\">Kodowanie pask\u00f3w magnetycznych (HiCo \/ LoCo)<\/li>\n<li data-section-id=\"192foqf\" data-start=\"590\" data-end=\"623\">300 x 300 dpi dla kart o ostrych kraw\u0119dziach<\/li>\n<li data-section-id=\"78jwjh\" data-start=\"624\" data-end=\"659\">Do 160 kart kolor\u00f3w na godzin\u0119<\/li>\n<li data-section-id=\"sg0mgt\" data-start=\"660\" data-end=\"696\">Znak wodny zabezpieczaj\u0105cy HoloKote\u00ae<\/li>\n<li data-section-id=\"142d0jd\" data-start=\"697\" data-end=\"717\">USB i Ethernet<\/li>\n<\/ul>","protected":false},"featured_media":164256,"template":"","meta":{"_acf_changed":false},"product_brand":[],"product_cat":[3208],"product_tag":[],"class_list":{"0":"post-164262","1":"product","2":"type-product","3":"status-publish","4":"has-post-thumbnail","6":"product_cat-magicard","7":"pa_brands-magicard","8":"tm-no-options","10":"first","11":"instock","12":"sale","13":"taxable","14":"shipping-taxable","15":"purchasable","16":"product-type-simple"},"acf":[],"_links":{"self":[{"href":"https:\/\/secureus.se\/pl\/wp-json\/wp\/v2\/product\/164262","targetHints":{"allow":["GET"]}}],"collection":[{"href":"https:\/\/secureus.se\/pl\/wp-json\/wp\/v2\/product"}],"about":[{"href":"https:\/\/secureus.se\/pl\/wp-json\/wp\/v2\/types\/product"}],"wp:featuredmedia":[{"embeddable":true,"href":"https:\/\/secureus.se\/pl\/wp-json\/wp\/v2\/media\/164256"}],"wp:attachment":[{"href":"https:\/\/secureus.se\/pl\/wp-json\/wp\/v2\/media?parent=164262"}],"wp:term":[{"taxonomy":"product_brand","embeddable":true,"href":"https:\/\/secureus.se\/pl\/wp-json\/wp\/v2\/product_brand?post=164262"},{"taxonomy":"product_cat","embeddable":true,"href":"https:\/\/secureus.se\/pl\/wp-json\/wp\/v2\/product_cat?post=164262"},{"taxonomy":"product_tag","embeddable":true,"href":"https:\/\/secureus.se\/pl\/wp-json\/wp\/v2\/product_tag?post=164262"}],"curies":[{"name":"wp","href":"https:\/\/api.w.org\/{rel}","templated":true}]}}