{"id":164269,"date":"2026-04-08T16:17:13","date_gmt":"2026-04-08T14:17:13","guid":{"rendered":"https:\/\/secureus.se\/magicard-300-duo-id-kortsskrivare-med-elatec-smartkortkodning-dubbelsidig\/"},"modified":"2026-04-23T12:28:42","modified_gmt":"2026-04-23T10:28:42","slug":"magicard-300-duo-id-kortsskrivare-med-elatec-smartkortkodning-dubbelsidig","status":"publish","type":"product","link":"https:\/\/secureus.se\/pl\/magicard-300-duo-id-kortsskrivare-med-elatec-smartkortkodning-dubbelsidig\/","title":{"rendered":"Drukarka kart identyfikacyjnych Magicard 300 DUO z kodowaniem kart inteligentnych Elatec \u2013 dwustronna"},"content":{"rendered":"<h3 data-section-id=\"1eqca0g\" data-start=\"794\" data-end=\"856\">Magicard 300 DUO \u2013 drukarka kart identyfikacyjnych z koderem kart inteligentnych (Elatec)<\/h3>\n<p data-start=\"858\" data-end=\"1152\">Magicard 300 DUO (P-MAG-3300-0023) to przyjazna dla u\u017cytkownika i ekonomiczna drukarka kart identyfikacyjnych z wbudowanym kodowaniem kart inteligentnych firmy Elatec. Idealnie nadaje si\u0119 dla firm, szk\u00f3\u0142 i organizacji, kt\u00f3re chc\u0105 produkowa\u0107 nowoczesne karty identyfikacyjne z funkcj\u0105 RFID lub chipa do system\u00f3w kontroli dost\u0119pu i innych zastosowa\u0144.<\/p>\n<p data-start=\"1154\" data-end=\"1341\">Model ten \u0142\u0105czy w sobie \u0142atwo\u015b\u0107 obs\u0142ugi ze wsparciem zaawansowanych rozwi\u0105za\u0144 kartowych, dzi\u0119ki czemu stanowi doskona\u0142\u0105 zmian\u0119 w stosunku do prostszych drukarek, bez konieczno\u015bci przechodzenia na poziom korporacyjny.<\/p>\n<hr data-start=\"1343\" data-end=\"1346\" \/>\n<h3 data-section-id=\"7rvy8a\" data-start=\"1348\" data-end=\"1387\">Kodowanie kart inteligentnych dla nowoczesnych system\u00f3w<\/h3>\n<p data-start=\"1389\" data-end=\"1465\">Dzi\u0119ki obs\u0142udze wielu technologii kart inteligentnych mo\u017cesz tworzy\u0107 funkcjonalne karty do:<\/p>\n<ul data-start=\"1467\" data-end=\"1588\">\n<li data-section-id=\"1hskxmw\" data-start=\"1467\" data-end=\"1502\">Systemy kontroli dost\u0119pu i kontroli dost\u0119pu<\/li>\n<li data-section-id=\"59wxmx\" data-start=\"1503\" data-end=\"1535\">Identyfikator firmy z uprawnieniami<\/li>\n<li data-section-id=\"tiy3qr\" data-start=\"1536\" data-end=\"1563\">Karty studenckie i kampusowe<\/li>\n<li data-section-id=\"1wdrb5w\" data-start=\"1564\" data-end=\"1588\">Karta cz\u0142onkowska z RFID<\/li>\n<\/ul>\n<p data-start=\"1590\" data-end=\"1615\">Wsparcie dla technologii takich jak:<\/p>\n<ul data-start=\"1617\" data-end=\"1694\">\n<li data-section-id=\"o133mk\" data-start=\"1617\" data-end=\"1627\">MIFARE<\/li>\n<li data-section-id=\"1hjdjxe\" data-start=\"1628\" data-end=\"1639\">DESFire<\/li>\n<li data-section-id=\"1bfu70v\" data-start=\"1640\" data-end=\"1650\">iClass<\/li>\n<li data-section-id=\"y8o3k6\" data-start=\"1651\" data-end=\"1694\">Chip kontaktowy (w zale\u017cno\u015bci od konfiguracji)<\/li>\n<\/ul>\n<p data-start=\"1696\" data-end=\"1777\">Stanowi przysz\u0142o\u015bciowe rozwi\u0105zanie dla organizacji korzystaj\u0105cych z kart zbli\u017ceniowych.<\/p>\n<hr data-start=\"1779\" data-end=\"1782\" \/>\n<h3 data-section-id=\"vxhmmy\" data-start=\"1784\" data-end=\"1819\">Profesjonalna jako\u015b\u0107 druku<\/h3>\n<p data-start=\"1821\" data-end=\"1883\">Magicard 300 umo\u017cliwia wydruki w rozdzielczo\u015bci 300 x 300 dpi, zapewniaj\u0105c:<\/p>\n<ul data-start=\"1885\" data-end=\"1953\">\n<li data-section-id=\"phpm8s\" data-start=\"1885\" data-end=\"1908\">Wyra\u017ane zdj\u0119cia<\/li>\n<li data-section-id=\"w9cw7n\" data-start=\"1909\" data-end=\"1929\">Ostre logo<\/li>\n<li data-section-id=\"1u9ihby\" data-start=\"1930\" data-end=\"1953\">Dobra reprodukcja kolor\u00f3w<\/li>\n<\/ul>\n<p data-start=\"1955\" data-end=\"2059\">Doskonale nadaje si\u0119 do codziennej produkcji kartek, gwarantuj\u0105c profesjonalne efekty.<\/p>\n<hr data-start=\"2061\" data-end=\"2064\" \/>\n<h3 data-section-id=\"jeuuy4\" data-start=\"2066\" data-end=\"2107\">Drukowanie dwustronne zapewniaj\u0105ce wi\u0119ksz\u0105 funkcjonalno\u015b\u0107<\/h3>\n<p data-start=\"2109\" data-end=\"2178\">Dzi\u0119ki automatycznemu drukowaniu dwustronnemu mo\u017cesz wykorzysta\u0107 ca\u0142\u0105 powierzchni\u0119 karty:<\/p>\n<ul data-start=\"2180\" data-end=\"2265\">\n<li data-section-id=\"hm56il\" data-start=\"2180\" data-end=\"2212\">Prz\u00f3d: zdj\u0119cie i to\u017csamo\u015b\u0107<\/li>\n<li data-section-id=\"1fe1qeg\" data-start=\"2213\" data-end=\"2265\">Ty\u0142: zasady, kodowanie lub dodatkowe informacje<\/li>\n<\/ul>\n<p data-start=\"2267\" data-end=\"2305\">Zapewnia bardziej funkcjonalne karty w praktyce.<\/p>\n<hr data-start=\"2307\" data-end=\"2310\" \/>\n<h3 data-section-id=\"rnqd60\" data-start=\"2312\" data-end=\"2346\">Efektywna produkcja w \u017cyciu codziennym<\/h3>\n<p data-start=\"2348\" data-end=\"2387\">Magicard 300 zosta\u0142 stworzony z my\u015bl\u0105 o stabilnej pracy:<\/p>\n<ul data-start=\"2389\" data-end=\"2498\">\n<li data-section-id=\"78jwjh\" data-start=\"2389\" data-end=\"2424\">Do 160 kart kolor\u00f3w na godzin\u0119<\/li>\n<li data-section-id=\"1t4kpyp\" data-start=\"2425\" data-end=\"2466\">Do 720 kart monochromatycznych na godzin\u0119<\/li>\n<li data-section-id=\"1n6agks\" data-start=\"2467\" data-end=\"2498\">Oko\u0142o 23 sekund na kart\u0119 kolor\u00f3w<\/li>\n<\/ul>\n<p data-start=\"2500\" data-end=\"2595\">Idealne dla przedsi\u0119biorstw z ci\u0105g\u0142\u0105 produkcj\u0105 kart.<\/p>\n<hr data-start=\"2597\" data-end=\"2600\" \/>\n<h3 data-section-id=\"6vgjf0\" data-start=\"2602\" data-end=\"2622\">Wbudowane zabezpieczenia<\/h3>\n<ul data-start=\"2624\" data-end=\"2754\">\n<li data-section-id=\"1hgdx4n\" data-start=\"2624\" data-end=\"2674\"><strong data-start=\"2626\" data-end=\"2653\">Znak wodny HoloKote\u00ae<\/strong> do ochrony wizualnej<\/li>\n<li data-section-id=\"9zrpbc\" data-start=\"2675\" data-end=\"2700\">Mo\u017cliwo\u015b\u0107 dostosowania projektu<\/li>\n<li data-section-id=\"16g0s5p\" data-start=\"2701\" data-end=\"2754\"><strong data-start=\"2703\" data-end=\"2724\">Niszczenie cyfrowe<\/strong> usuwa dane po wydrukowaniu<\/li>\n<\/ul>\n<p data-start=\"2756\" data-end=\"2847\">Zapewnia bezpieczniejsze karty i lepsz\u0105 ochron\u0119 danych osobowych.<\/p>\n<hr data-start=\"2849\" data-end=\"2852\" \/>\n<h3 data-section-id=\"l8c361\" data-start=\"2854\" data-end=\"2892\">\u0141atwa instalacja i integracja<\/h3>\n<ul data-start=\"2894\" data-end=\"2974\">\n<li data-section-id=\"142d0jd\" data-start=\"2894\" data-end=\"2914\">USB i Ethernet<\/li>\n<li data-section-id=\"14vqazo\" data-start=\"2915\" data-end=\"2930\">Pod\u0142\u0105cz i graj<\/li>\n<li data-section-id=\"1be31mw\" data-start=\"2931\" data-end=\"2974\">\u0141atwa integracja z istniej\u0105cymi systemami<\/li>\n<\/ul>\n<p data-start=\"2976\" data-end=\"3022\">Nadaje si\u0119 dla organizacji nieposiadaj\u0105cych zaawansowanego \u015brodowiska IT.<\/p>\n<hr data-start=\"3024\" data-end=\"3027\" \/>\n<h3 data-section-id=\"16h16n3\" data-start=\"3029\" data-end=\"3068\">Stabilne i ekonomiczne rozwi\u0105zanie<\/h3>\n<p data-start=\"3070\" data-end=\"3118\">Magicard 300 zosta\u0142 stworzony do d\u0142ugotrwa\u0142ego u\u017cytkowania:<\/p>\n<ul data-start=\"3120\" data-end=\"3200\">\n<li data-section-id=\"j96c48\" data-start=\"3120\" data-end=\"3143\">Solidna konstrukcja<\/li>\n<li data-section-id=\"1itc5tk\" data-start=\"3144\" data-end=\"3179\">Efektywne wykorzystanie wst\u0105\u017cek<\/li>\n<li data-section-id=\"1j0twub\" data-start=\"3180\" data-end=\"3200\">Niskie koszty operacyjne<\/li>\n<\/ul>\n<p data-start=\"3202\" data-end=\"3303\">Drukarka optymalizuje r\u00f3wnie\u017c drukowanie w celu zminimalizowania ilo\u015bci odpad\u00f3w.<\/p>\n<hr data-start=\"3305\" data-end=\"3308\" \/>\n<h3 data-section-id=\"iwf276\" data-start=\"3310\" data-end=\"3334\">Gwarancja i bezpiecze\u0144stwo<\/h3>\n<ul data-start=\"3336\" data-end=\"3403\">\n<li data-section-id=\"l98imx\" data-start=\"3336\" data-end=\"3353\">3-letnia gwarancja<\/li>\n<li data-section-id=\"qgpyvg\" data-start=\"3354\" data-end=\"3372\">Globalne wsparcie<\/li>\n<li data-section-id=\"n39f82\" data-start=\"3373\" data-end=\"3403\">Mo\u017cliwo\u015b\u0107 przed\u0142u\u017cenia<\/li>\n<\/ul>\n<p data-start=\"3405\" data-end=\"3510\">Dotyczy stosowania oryginalnych materia\u0142\u00f3w eksploatacyjnych i prawid\u0142owej konserwacji.<\/p>\n<hr data-start=\"3512\" data-end=\"3515\" \/>\n<h3 data-section-id=\"12w8785\" data-start=\"3517\" data-end=\"3562\">Specyfikacja techniczna (podsumowanie)<\/h3>\n<ul data-start=\"3564\" data-end=\"3866\">\n<li data-section-id=\"sei0c3\" data-start=\"3564\" data-end=\"3598\">Model: Magicard 300 DUO Smart<\/li>\n<li data-section-id=\"1qqrznp\" data-start=\"3599\" data-end=\"3633\">Numer artyku\u0142u: P-MAG-3300-0023<\/li>\n<li data-section-id=\"1vn1bje\" data-start=\"3634\" data-end=\"3659\">Drukowanie: dwustronne<\/li>\n<li data-section-id=\"1nsuhxh\" data-start=\"3660\" data-end=\"3689\">Rozdzielczo\u015b\u0107: 300 x 300 dpi<\/li>\n<li data-section-id=\"1c6m1mp\" data-start=\"3690\" data-end=\"3728\">Pr\u0119dko\u015b\u0107: do 160 kart\/godzin\u0119<\/li>\n<li data-section-id=\"zw1en0\" data-start=\"3729\" data-end=\"3760\">Kodowanie: Karta inteligentna (Elatec)<\/li>\n<li data-section-id=\"6qlhy1\" data-start=\"3761\" data-end=\"3790\">Pojemno\u015b\u0107: 100 wej\u015b\u0107 \/ 70 wyj\u015b\u0107<\/li>\n<li data-section-id=\"1fr1ygq\" data-start=\"3791\" data-end=\"3818\">Format karty: CR80 \/ CR79<\/li>\n<li data-section-id=\"794tec\" data-start=\"3819\" data-end=\"3848\">Po\u0142\u0105czenie: USB, Ethernet<\/li>\n<li data-section-id=\"qnevs9\" data-start=\"3849\" data-end=\"3866\">Waga: oko\u0142o 5 kg<\/li>\n<\/ul>\n<hr data-start=\"3868\" data-end=\"3871\" \/>\n<h3 data-section-id=\"11hcs70\" data-start=\"3873\" data-end=\"3897\">Wa\u017cne, aby wzi\u0105\u0107 pod uwag\u0119<\/h3>\n<ul data-start=\"3899\" data-end=\"4000\">\n<li data-section-id=\"ddg5am\" data-start=\"3899\" data-end=\"3920\">Wst\u0105\u017cka nie jest do\u0142\u0105czona<\/li>\n<li data-section-id=\"ul3fqp\" data-start=\"3921\" data-end=\"3968\">Zalecane s\u0105 oryginalne materia\u0142y eksploatacyjne Magicard<\/li>\n<li data-section-id=\"1wxbumd\" data-start=\"3969\" data-end=\"4000\">Wymagane regularne czyszczenie<\/li>\n<\/ul>\n<hr data-start=\"4002\" data-end=\"4005\" \/>\n<h3 data-section-id=\"ethgyn\" data-start=\"4007\" data-end=\"4022\">Idealny dla<\/h3>\n<ul data-start=\"4024\" data-end=\"4183\">\n<li data-section-id=\"1htqaue\" data-start=\"4024\" data-end=\"4057\">Firmy z systemami kontroli dost\u0119pu RFID<\/li>\n<li data-section-id=\"ei9hza\" data-start=\"4058\" data-end=\"4084\">Szko\u0142y i uniwersytety<\/li>\n<li data-section-id=\"nm32nw\" data-start=\"4085\" data-end=\"4112\">Karty cz\u0142onkowskie i dost\u0119pu<\/li>\n<li data-section-id=\"248698\" data-start=\"4113\" data-end=\"4153\">Organizacje korzystaj\u0105ce z kart inteligentnych<\/li>\n<li data-section-id=\"ox6rg2\" data-start=\"4154\" data-end=\"4183\">Dzienna produkcja dowod\u00f3w osobistych<\/li>\n<\/ul>\n<hr data-start=\"4185\" data-end=\"4188\" \/>\n<h2 data-section-id=\"1nhgcqf\" data-start=\"4190\" data-end=\"4216\"><span role=\"text\"><strong data-start=\"4193\" data-end=\"4216\">Szybkie pozycjonowanie<\/strong><\/span><\/h2>\n<p data-start=\"4218\" data-end=\"4253\">To jest odpowiedni model dla Ciebie, je\u015bli:<\/p>\n<ul data-start=\"4254\" data-end=\"4380\">\n<li data-section-id=\"15hkcbh\" data-start=\"4254\" data-end=\"4286\">potrzebowa\u0107 <strong data-start=\"4264\" data-end=\"4284\">karta inteligentna \/ RFID<\/strong><\/li>\n<li data-section-id=\"mzm5zp\" data-start=\"4287\" data-end=\"4333\">chc\u0119 jednego <strong data-start=\"4300\" data-end=\"4331\">niedrogie i nowoczesne rozwi\u0105zanie<\/strong><\/li>\n<li data-section-id=\"njjjun\" data-start=\"4334\" data-end=\"4380\">szukam <strong data-start=\"4345\" data-end=\"4380\">prosta drukarka do codziennej pracy<\/strong><\/li>\n<\/ul>","protected":false},"excerpt":{"rendered":"<p data-start=\"331\" data-end=\"552\">Magicard 300 DUO z kodowaniem kart inteligentnych Elatec to elastyczna i bezpieczna drukarka kart identyfikacyjnych dla organizacji pracuj\u0105cych z kartami RFID i chipowymi. Idealna do system\u00f3w kontroli dost\u0119pu, szk\u00f3\u0142 i firm potrzebuj\u0105cych nowoczesnych rozwi\u0105za\u0144 kartowych.<\/p>\n<ul data-start=\"554\" data-end=\"762\">\n<li data-section-id=\"1uls68x\" data-start=\"554\" data-end=\"587\">Drukowanie dwustronne (dupleks)<\/li>\n<li data-section-id=\"1qzgasc\" data-start=\"588\" data-end=\"633\">Kodowanie kart inteligentnych za pomoc\u0105 Elatec (RFID \/ chip)<\/li>\n<li data-section-id=\"vguep3\" data-start=\"634\" data-end=\"668\">300 x 300 dpi dla kart przezroczystych<\/li>\n<li data-section-id=\"78jwjh\" data-start=\"669\" data-end=\"704\">Do 160 kart kolor\u00f3w na godzin\u0119<\/li>\n<li data-section-id=\"sg0mgt\" data-start=\"705\" data-end=\"741\">Znak wodny zabezpieczaj\u0105cy HoloKote\u00ae<\/li>\n<li data-section-id=\"142d0jd\" data-start=\"742\" data-end=\"762\">USB i Ethernet<\/li>\n<\/ul>","protected":false},"featured_media":164263,"template":"","meta":{"_acf_changed":false},"product_brand":[],"product_cat":[3208],"product_tag":[],"class_list":{"0":"post-164269","1":"product","2":"type-product","3":"status-publish","4":"has-post-thumbnail","6":"product_cat-magicard","7":"product_shipping_class-tunga-paket","8":"pa_brands-magicard","9":"tm-no-options","11":"first","12":"instock","13":"sale","14":"taxable","15":"shipping-taxable","16":"purchasable","17":"product-type-simple"},"acf":[],"_links":{"self":[{"href":"https:\/\/secureus.se\/pl\/wp-json\/wp\/v2\/product\/164269","targetHints":{"allow":["GET"]}}],"collection":[{"href":"https:\/\/secureus.se\/pl\/wp-json\/wp\/v2\/product"}],"about":[{"href":"https:\/\/secureus.se\/pl\/wp-json\/wp\/v2\/types\/product"}],"wp:featuredmedia":[{"embeddable":true,"href":"https:\/\/secureus.se\/pl\/wp-json\/wp\/v2\/media\/164263"}],"wp:attachment":[{"href":"https:\/\/secureus.se\/pl\/wp-json\/wp\/v2\/media?parent=164269"}],"wp:term":[{"taxonomy":"product_brand","embeddable":true,"href":"https:\/\/secureus.se\/pl\/wp-json\/wp\/v2\/product_brand?post=164269"},{"taxonomy":"product_cat","embeddable":true,"href":"https:\/\/secureus.se\/pl\/wp-json\/wp\/v2\/product_cat?post=164269"},{"taxonomy":"product_tag","embeddable":true,"href":"https:\/\/secureus.se\/pl\/wp-json\/wp\/v2\/product_tag?post=164269"}],"curies":[{"name":"wp","href":"https:\/\/api.w.org\/{rel}","templated":true}]}}