{"id":164276,"date":"2026-04-08T16:17:20","date_gmt":"2026-04-08T14:17:20","guid":{"rendered":"https:\/\/secureus.se\/magicard-300-duo-id-kortsskrivare-med-kodare-for-magnetremsa-smartkort-elatec-dubbelsidig\/"},"modified":"2026-04-23T12:27:34","modified_gmt":"2026-04-23T10:27:34","slug":"magicard-300-duo-id-kortsskrivare-med-kodare-for-magnetremsa-smartkort-elatec-dubbelsidig","status":"publish","type":"product","link":"https:\/\/secureus.se\/pl\/magicard-300-duo-id-kortsskrivare-med-kodare-for-magnetremsa-smartkort-elatec-dubbelsidig\/","title":{"rendered":"Drukarka kart identyfikacyjnych Magicard 300 DUO z enkoderem do kart magnetycznych i kart inteligentnych (Elatec) \u2013 dwustronna"},"content":{"rendered":"<h3 data-section-id=\"1c21mlj\" data-start=\"813\" data-end=\"893\">Magicard 300 DUO \u2013 drukarka kart identyfikacyjnych z paskiem magnetycznym i koderem kart inteligentnych<\/h3>\n<p data-start=\"895\" data-end=\"1141\">Magicard 300 DUO (P-MAG-3300-0024) to kompletna drukarka kart identyfikacyjnych dla organizacji wymagaj\u0105cych maksymalnej elastyczno\u015bci. Dzi\u0119ki kodowaniu pask\u00f3w magnetycznych i kart inteligentnych za po\u015brednictwem Elatec mo\u017cesz drukowa\u0107 karty, kt\u00f3re dzia\u0142aj\u0105 zar\u00f3wno w starszych, jak i nowoczesnych systemach.<\/p>\n<p data-start=\"1143\" data-end=\"1295\">Dzi\u0119ki temu model ten jest szczeg\u00f3lnie przydatny dla przedsi\u0119biorstw przechodz\u0105cych z kart magnetycznych na technologi\u0119 RFID lub wymagaj\u0105cych jednoczesnej obs\u0142ugi wielu technologii.<\/p>\n<hr data-start=\"1297\" data-end=\"1300\" \/>\n<h3 data-section-id=\"1fkbgtw\" data-start=\"1302\" data-end=\"1355\">Pe\u0142na elastyczno\u015b\u0107 \u2013 dwie technologie w jednej drukarce<\/h3>\n<p data-start=\"1357\" data-end=\"1383\">Drukarka wyposa\u017cona jest w:<\/p>\n<ul data-start=\"1385\" data-end=\"1473\">\n<li data-section-id=\"1txky9z\" data-start=\"1385\" data-end=\"1427\">Kodery pask\u00f3w magnetycznych (HiCo i LoCo)<\/li>\n<li data-section-id=\"phtq8q\" data-start=\"1428\" data-end=\"1473\">Kodowanie kart inteligentnych (Elatec \u2013 RFID i chip)<\/li>\n<\/ul>\n<p data-start=\"1475\" data-end=\"1500\">Umo\u017cliwia tworzenie:<\/p>\n<ul data-start=\"1502\" data-end=\"1634\">\n<li data-section-id=\"1h53p7w\" data-start=\"1502\" data-end=\"1516\">Karta dost\u0119pu<\/li>\n<li data-section-id=\"ojsrmd\" data-start=\"1517\" data-end=\"1550\">Karta pracownicza z uprawnieniami<\/li>\n<li data-section-id=\"15h7qs1\" data-start=\"1551\" data-end=\"1566\">Karta cz\u0142onkowska<\/li>\n<li data-section-id=\"vjf6bz\" data-start=\"1567\" data-end=\"1602\">Karty systemu rejestracji czasu pracy i obecno\u015bci<\/li>\n<li data-section-id=\"1sbzrin\" data-start=\"1603\" data-end=\"1634\">Karty RFID i chipowe<\/li>\n<\/ul>\n<p data-start=\"1636\" data-end=\"1703\">Rozwi\u0105zanie odporne na przysz\u0142o\u015b\u0107, obejmuj\u0105ce zar\u00f3wno istniej\u0105ce, jak i nowe systemy.<\/p>\n<hr data-start=\"1705\" data-end=\"1708\" \/>\n<h3 data-section-id=\"vxhmmy\" data-start=\"1710\" data-end=\"1745\">Profesjonalna jako\u015b\u0107 druku<\/h3>\n<p data-start=\"1747\" data-end=\"1809\">Magicard 300 umo\u017cliwia wydruki w rozdzielczo\u015bci 300 x 300 dpi, zapewniaj\u0105c:<\/p>\n<ul data-start=\"1811\" data-end=\"1879\">\n<li data-section-id=\"phpm8s\" data-start=\"1811\" data-end=\"1834\">Wyra\u017ane zdj\u0119cia<\/li>\n<li data-section-id=\"w9cw7n\" data-start=\"1835\" data-end=\"1855\">Ostre logo<\/li>\n<li data-section-id=\"1u9ihby\" data-start=\"1856\" data-end=\"1879\">Dobra reprodukcja kolor\u00f3w<\/li>\n<\/ul>\n<p data-start=\"1881\" data-end=\"1995\">Doskonale nadaje si\u0119 do codziennej produkcji kartek, gdzie liczy si\u0119 zar\u00f3wno funkcjonalno\u015b\u0107, jak i wygl\u0105d.<\/p>\n<hr data-start=\"1997\" data-end=\"2000\" \/>\n<h3 data-section-id=\"jeuuy4\" data-start=\"2002\" data-end=\"2043\">Drukowanie dwustronne zapewniaj\u0105ce wi\u0119ksz\u0105 funkcjonalno\u015b\u0107<\/h3>\n<p data-start=\"2045\" data-end=\"2097\">Druk dwustronny pozwala na wykorzystanie ca\u0142ej powierzchni karty:<\/p>\n<ul data-start=\"2099\" data-end=\"2186\">\n<li data-section-id=\"hm56il\" data-start=\"2099\" data-end=\"2131\">Prz\u00f3d: zdj\u0119cie i to\u017csamo\u015b\u0107<\/li>\n<li data-section-id=\"h879by\" data-start=\"2132\" data-end=\"2186\">Ty\u0142: zasady, kod kreskowy lub dodatkowe informacje<\/li>\n<\/ul>\n<p data-start=\"2188\" data-end=\"2231\">Dostarcza bardziej profesjonalne i u\u017cyteczne karty.<\/p>\n<hr data-start=\"2233\" data-end=\"2236\" \/>\n<h3 data-section-id=\"1witxs8\" data-start=\"2238\" data-end=\"2272\">Wydajna i stabilna produkcja<\/h3>\n<p data-start=\"2274\" data-end=\"2319\">Magicard 300 jest przeznaczony do pracy ci\u0105g\u0142ej:<\/p>\n<ul data-start=\"2321\" data-end=\"2430\">\n<li data-section-id=\"78jwjh\" data-start=\"2321\" data-end=\"2356\">Do 160 kart kolor\u00f3w na godzin\u0119<\/li>\n<li data-section-id=\"1t4kpyp\" data-start=\"2357\" data-end=\"2398\">Do 720 kart monochromatycznych na godzin\u0119<\/li>\n<li data-section-id=\"1n6agks\" data-start=\"2399\" data-end=\"2430\">Oko\u0142o 23 sekund na kart\u0119 kolor\u00f3w<\/li>\n<\/ul>\n<p data-start=\"2432\" data-end=\"2529\">Idealne dla firm, kt\u00f3re stale potrzebuj\u0105 wydrukowa\u0107 karty.<\/p>\n<hr data-start=\"2531\" data-end=\"2534\" \/>\n<h3 data-section-id=\"6vgjf0\" data-start=\"2536\" data-end=\"2556\">Wbudowane zabezpieczenia<\/h3>\n<ul data-start=\"2558\" data-end=\"2701\">\n<li data-section-id=\"m6s4sw\" data-start=\"2558\" data-end=\"2616\"><strong data-start=\"2560\" data-end=\"2587\">Znak wodny HoloKote\u00ae<\/strong> chroni karty przed kopiowaniem<\/li>\n<li data-section-id=\"1tgs8is\" data-start=\"2617\" data-end=\"2647\">Mo\u017cliwo\u015b\u0107 w\u0142asnego projektu<\/li>\n<li data-section-id=\"16g0s5p\" data-start=\"2648\" data-end=\"2701\"><strong data-start=\"2650\" data-end=\"2671\">Niszczenie cyfrowe<\/strong> usuwa dane po wydrukowaniu<\/li>\n<\/ul>\n<p data-start=\"2703\" data-end=\"2782\">Zapewnia ochron\u0119 wizualn\u0105 i bezpiecze\u0144stwo danych.<\/p>\n<hr data-start=\"2784\" data-end=\"2787\" \/>\n<h3 data-section-id=\"l8c361\" data-start=\"2789\" data-end=\"2827\">\u0141atwa instalacja i integracja<\/h3>\n<ul data-start=\"2829\" data-end=\"2905\">\n<li data-section-id=\"142d0jd\" data-start=\"2829\" data-end=\"2849\">USB i Ethernet<\/li>\n<li data-section-id=\"14vqazo\" data-start=\"2850\" data-end=\"2865\">Pod\u0142\u0105cz i graj<\/li>\n<li data-section-id=\"1t6mqmk\" data-start=\"2866\" data-end=\"2905\">\u0141atwy w u\u017cyciu bez zaawansowanych technologii informatycznych<\/li>\n<\/ul>\n<p data-start=\"2907\" data-end=\"2953\">Nadaje si\u0119 zar\u00f3wno dla ma\u0142ych, jak i \u015brednich organizacji.<\/p>\n<hr data-start=\"2955\" data-end=\"2958\" \/>\n<h3 data-section-id=\"16h16n3\" data-start=\"2960\" data-end=\"2999\">Stabilne i ekonomiczne rozwi\u0105zanie<\/h3>\n<p data-start=\"3001\" data-end=\"3054\">Karta Magicard 300 przeznaczona jest do d\u0142ugotrwa\u0142ego u\u017cytkowania:<\/p>\n<ul data-start=\"3056\" data-end=\"3136\">\n<li data-section-id=\"1mvpx1e\" data-start=\"3056\" data-end=\"3079\">Solidna jako\u015b\u0107 wykonania<\/li>\n<li data-section-id=\"1itc5tk\" data-start=\"3080\" data-end=\"3115\">Efektywne wykorzystanie wst\u0105\u017cek<\/li>\n<li data-section-id=\"1j0twub\" data-start=\"3116\" data-end=\"3136\">Niskie koszty operacyjne<\/li>\n<\/ul>\n<p data-start=\"3138\" data-end=\"3239\">Drukarka optymalizuje r\u00f3wnie\u017c zu\u017cycie ta\u015bmy barwi\u0105cej, aby zminimalizowa\u0107 ilo\u015b\u0107 odpad\u00f3w.<\/p>\n<hr data-start=\"3241\" data-end=\"3244\" \/>\n<h3 data-section-id=\"iwf276\" data-start=\"3246\" data-end=\"3270\">Gwarancja i bezpiecze\u0144stwo<\/h3>\n<ul data-start=\"3272\" data-end=\"3353\">\n<li data-section-id=\"l98imx\" data-start=\"3272\" data-end=\"3289\">3-letnia gwarancja<\/li>\n<li data-section-id=\"1dh68nb\" data-start=\"3290\" data-end=\"3322\">Dost\u0119p do globalnego wsparcia<\/li>\n<li data-section-id=\"n39f82\" data-start=\"3323\" data-end=\"3353\">Mo\u017cliwo\u015b\u0107 przed\u0142u\u017cenia<\/li>\n<\/ul>\n<p data-start=\"3355\" data-end=\"3460\">Dotyczy stosowania oryginalnych materia\u0142\u00f3w eksploatacyjnych i prawid\u0142owej konserwacji.<\/p>\n<hr data-start=\"3462\" data-end=\"3465\" \/>\n<h3 data-section-id=\"12w8785\" data-start=\"3467\" data-end=\"3512\">Specyfikacja techniczna (podsumowanie)<\/h3>\n<ul data-start=\"3514\" data-end=\"3834\">\n<li data-section-id=\"1hz4hq0\" data-start=\"3514\" data-end=\"3552\">Model: Magicard 300 DUO Mag Smart<\/li>\n<li data-section-id=\"1qqryrm\" data-start=\"3553\" data-end=\"3587\">Numer artyku\u0142u: P-MAG-3300-0024<\/li>\n<li data-section-id=\"1vn1bje\" data-start=\"3588\" data-end=\"3613\">Drukowanie: dwustronne<\/li>\n<li data-section-id=\"1nsuhxh\" data-start=\"3614\" data-end=\"3643\">Rozdzielczo\u015b\u0107: 300 x 300 dpi<\/li>\n<li data-section-id=\"1c6m1mp\" data-start=\"3644\" data-end=\"3682\">Pr\u0119dko\u015b\u0107: do 160 kart\/godzin\u0119<\/li>\n<li data-section-id=\"2o8h57\" data-start=\"3683\" data-end=\"3728\">Kodowanie: Pasek magnetyczny + karta inteligentna (Elatec)<\/li>\n<li data-section-id=\"6qlhy1\" data-start=\"3729\" data-end=\"3758\">Pojemno\u015b\u0107: 100 wej\u015b\u0107 \/ 70 wyj\u015b\u0107<\/li>\n<li data-section-id=\"1fr1ygq\" data-start=\"3759\" data-end=\"3786\">Format karty: CR80 \/ CR79<\/li>\n<li data-section-id=\"794tec\" data-start=\"3787\" data-end=\"3816\">Po\u0142\u0105czenie: USB, Ethernet<\/li>\n<li data-section-id=\"qnevs9\" data-start=\"3817\" data-end=\"3834\">Waga: oko\u0142o 5 kg<\/li>\n<\/ul>\n<hr data-start=\"3836\" data-end=\"3839\" \/>\n<h3 data-section-id=\"11hcs70\" data-start=\"3841\" data-end=\"3865\">Wa\u017cne, aby wzi\u0105\u0107 pod uwag\u0119<\/h3>\n<ul data-start=\"3867\" data-end=\"3968\">\n<li data-section-id=\"ddg5am\" data-start=\"3867\" data-end=\"3888\">Wst\u0105\u017cka nie jest do\u0142\u0105czona<\/li>\n<li data-section-id=\"ul3fqp\" data-start=\"3889\" data-end=\"3936\">Zalecane s\u0105 oryginalne materia\u0142y eksploatacyjne Magicard<\/li>\n<li data-section-id=\"1wxbumd\" data-start=\"3937\" data-end=\"3968\">Wymagane regularne czyszczenie<\/li>\n<\/ul>\n<hr data-start=\"3970\" data-end=\"3973\" \/>\n<h3 data-section-id=\"ethgyn\" data-start=\"3975\" data-end=\"3990\">Idealny dla<\/h3>\n<ul data-start=\"3992\" data-end=\"4162\">\n<li data-section-id=\"16s7ssg\" data-start=\"3992\" data-end=\"4039\">Firmy posiadaj\u0105ce zar\u00f3wno stare, jak i nowe systemy kontroli dost\u0119pu<\/li>\n<li data-section-id=\"zg5dek\" data-start=\"4040\" data-end=\"4079\">Organizacje przechodz\u0105ce na technologi\u0119 RFID<\/li>\n<li data-section-id=\"nm32nw\" data-start=\"4080\" data-end=\"4107\">Karty cz\u0142onkowskie i dost\u0119pu<\/li>\n<li data-section-id=\"1twnyix\" data-start=\"4108\" data-end=\"4136\">Szko\u0142y i instytucje<\/li>\n<li data-section-id=\"tgwext\" data-start=\"4137\" data-end=\"4162\">Dzienna produkcja kart<\/li>\n<\/ul>\n<hr data-start=\"4164\" data-end=\"4167\" \/>\n<h2 data-section-id=\"1nhgcqf\" data-start=\"4169\" data-end=\"4195\"><span role=\"text\"><strong data-start=\"4172\" data-end=\"4195\">Szybkie pozycjonowanie<\/strong><\/span><\/h2>\n<p data-start=\"4197\" data-end=\"4232\">To jest odpowiedni model dla Ciebie, je\u015bli:<\/p>\n<ul data-start=\"4233\" data-end=\"4372\">\n<li data-section-id=\"21umtb\" data-start=\"4233\" data-end=\"4278\">potrzebowa\u0107 <strong data-start=\"4243\" data-end=\"4276\">zar\u00f3wno karty magnetyczne, jak i karty inteligentne<\/strong><\/li>\n<li data-section-id=\"p6a8wn\" data-start=\"4279\" data-end=\"4329\">chcie\u0107 <strong data-start=\"4289\" data-end=\"4327\">maksymalna elastyczno\u015b\u0107 drukarki<\/strong><\/li>\n<li data-section-id=\"3m396d\" data-start=\"4330\" data-end=\"4372\">szukam <strong data-start=\"4341\" data-end=\"4372\">niedrogie rozwi\u0105zanie typu \u201ewszystko w jednym\u201d<\/strong><\/li>\n<\/ul>","protected":false},"excerpt":{"rendered":"<p data-start=\"317\" data-end=\"551\">Magicard 300 DUO z enkoderem do kart magnetycznych i kart inteligentnych (Elatec) to elastyczna drukarka kart identyfikacyjnych dla organizacji, kt\u00f3re potrzebuj\u0105 zar\u00f3wno tradycyjnych, jak i nowoczesnych system\u00f3w kart. Idealna do system\u00f3w kontroli dost\u0119pu, kart cz\u0142onkowskich i rozwi\u0105za\u0144 \u0142\u0105czonych.<\/p>\n<ul data-start=\"553\" data-end=\"781\">\n<li data-section-id=\"1uls68x\" data-start=\"553\" data-end=\"586\">Drukowanie dwustronne (dupleks)<\/li>\n<li data-section-id=\"1fl0y0c\" data-start=\"587\" data-end=\"627\">Koder paska magnetycznego (HiCo \/ LoCo)<\/li>\n<li data-section-id=\"1qzgasc\" data-start=\"628\" data-end=\"673\">Kodowanie kart inteligentnych za pomoc\u0105 Elatec (RFID \/ chip)<\/li>\n<li data-section-id=\"vguep3\" data-start=\"674\" data-end=\"708\">300 x 300 dpi dla kart przezroczystych<\/li>\n<li data-section-id=\"78jwjh\" data-start=\"709\" data-end=\"744\">Do 160 kart kolor\u00f3w na godzin\u0119<\/li>\n<li data-section-id=\"sg0mgt\" data-start=\"745\" data-end=\"781\">Znak wodny zabezpieczaj\u0105cy HoloKote\u00ae<\/li>\n<\/ul>","protected":false},"featured_media":164270,"template":"","meta":{"_acf_changed":false},"product_brand":[],"product_cat":[3208],"product_tag":[],"class_list":{"0":"post-164276","1":"product","2":"type-product","3":"status-publish","4":"has-post-thumbnail","6":"product_cat-magicard","7":"product_shipping_class-tunga-paket","8":"pa_brands-magicard","9":"tm-no-options","11":"first","12":"instock","13":"sale","14":"taxable","15":"shipping-taxable","16":"purchasable","17":"product-type-simple"},"acf":[],"_links":{"self":[{"href":"https:\/\/secureus.se\/pl\/wp-json\/wp\/v2\/product\/164276","targetHints":{"allow":["GET"]}}],"collection":[{"href":"https:\/\/secureus.se\/pl\/wp-json\/wp\/v2\/product"}],"about":[{"href":"https:\/\/secureus.se\/pl\/wp-json\/wp\/v2\/types\/product"}],"wp:featuredmedia":[{"embeddable":true,"href":"https:\/\/secureus.se\/pl\/wp-json\/wp\/v2\/media\/164270"}],"wp:attachment":[{"href":"https:\/\/secureus.se\/pl\/wp-json\/wp\/v2\/media?parent=164276"}],"wp:term":[{"taxonomy":"product_brand","embeddable":true,"href":"https:\/\/secureus.se\/pl\/wp-json\/wp\/v2\/product_brand?post=164276"},{"taxonomy":"product_cat","embeddable":true,"href":"https:\/\/secureus.se\/pl\/wp-json\/wp\/v2\/product_cat?post=164276"},{"taxonomy":"product_tag","embeddable":true,"href":"https:\/\/secureus.se\/pl\/wp-json\/wp\/v2\/product_tag?post=164276"}],"curies":[{"name":"wp","href":"https:\/\/api.w.org\/{rel}","templated":true}]}}