{"id":164338,"date":"2022-06-04T15:42:35","date_gmt":"2022-06-04T13:42:35","guid":{"rendered":"https:\/\/secureus.se\/passerkort-rfid-kort-med-rfid-desfire-2k-2\/"},"modified":"2026-04-10T15:02:50","modified_gmt":"2026-04-10T13:02:50","slug":"passerkort-rfid-kort-med-rfid-desfire-2k-2","status":"publish","type":"product","link":"https:\/\/secureus.se\/pl\/passerkort-rfid-kort-med-rfid-desfire-2k-2\/","title":{"rendered":"Karta dost\u0119pu \/ karta RFID \u2013 DESFire\u00ae 2K EV2"},"content":{"rendered":"<p>Podobnie jak wszystkie nasze produkty RFID, nasze karty Passerkort \/ RFID s\u0105 wyposa\u017cone w oryginalne chipy wysokiej jako\u015bci. Cenimy niezawodno\u015b\u0107 i bezpiecze\u0144stwo, dlatego stosujemy wy\u0142\u0105cznie oryginalne chipy uznanych producent\u00f3w. Dzi\u0119ki naszym kartom Passerkort\/RFID masz pewno\u015b\u0107, \u017ce otrzymujesz produkt spe\u0142niaj\u0105cy najwy\u017csze standardy oraz zapewniaj\u0105cy niezawodne i wydajne dzia\u0142anie. Zawsze staramy si\u0119 oferowa\u0107 najlepsz\u0105 technologi\u0119 i kompatybilno\u015b\u0107, aby nasze karty Passerkort \/ RFID dzia\u0142a\u0142y bezpiecznie i spe\u0142nia\u0142y Twoje potrzeby w d\u0142u\u017cszej perspektywie.<\/p>\n<p>Karta dost\u0119pu\/karta RFID zgodna ze standardowym formatem CR80 mo\u017ce by\u0107 u\u017cywana do r\u00f3\u017cnych cel\u00f3w, w tym do systemu dost\u0119pu, systemu go\u015bci, rezerwacji pralni, alarmu i bezpiecze\u0144stwa.<br \/>\nDzi\u0119ki naszym kartom Passerkort \/ RFID mo\u017cesz wybra\u0107 dowolny projekt i mo\u017cliwo\u015b\u0107 korekty do momentu, a\u017c b\u0119dziesz usatysfakcjonowany.<br \/>\nCenimy niezawodno\u015b\u0107 i bezpiecze\u0144stwo, dlatego korzystamy wy\u0142\u0105cznie z oryginalnych chip\u00f3w uznanych producent\u00f3w.<\/p>\n<p>Opr\u00f3cz standardowego chipa, kt\u00f3ry mo\u017cna zobaczy\u0107 w sklepie, posiadamy r\u00f3wnie\u017c szereg chip\u00f3w, kt\u00f3re mo\u017cna zamontowa\u0107 w kartach RFID. Dotyczy to r\u00f3wnie\u017c wszystkich innych naszych no\u015bnik\u00f3w RFID.<\/p>\n<p>Oferujemy elastyczno\u015b\u0107 i mo\u017cliwo\u015b\u0107 dostosowania w zakresie projektowania naszych kart Passerkort\/RFID. Mo\u017cesz stworzy\u0107 karty ca\u0142kowicie zgodne z Twoj\u0105 mark\u0105 i to\u017csamo\u015bci\u0105 firmy. Naszym celem jest dostarczanie najwy\u017cszej jako\u015bci kart Passerkort\/RFID, kt\u00f3re s\u0105 nie tylko funkcjonalne, ale tak\u017ce profesjonalnie reprezentuj\u0105 Tw\u00f3j biznes.<\/p>\n<p>Nasze karty Passerkort \/ RFID s\u0105 produkowane z dok\u0142adno\u015bci\u0105 i staranno\u015bci\u0105, aby zapewni\u0107 ich trwa\u0142o\u015b\u0107 i niezawodno\u015b\u0107. Rozumiemy, \u017ce bezpiecze\u0144stwo jest spraw\u0105 najwy\u017cszej wagi w przypadku technologii RFID, dlatego podejmujemy wszelkie niezb\u0119dne \u015brodki, aby chroni\u0107 Twoje karty przed nieautoryzowanym dost\u0119pem i naruszeniami danych.<\/p>\n<p>Oferujemy elastyczno\u015b\u0107 i mo\u017cliwo\u015b\u0107 dostosowania w zakresie projektowania naszych kart Passerkort\/RFID. Mo\u017cesz stworzy\u0107 karty ca\u0142kowicie zgodne z Twoj\u0105 mark\u0105 i to\u017csamo\u015bci\u0105 firmy. Naszym celem jest dostarczanie najwy\u017cszej jako\u015bci kart Passerkort\/RFID, kt\u00f3re s\u0105 nie tylko funkcjonalne, ale tak\u017ce profesjonalnie reprezentuj\u0105 Tw\u00f3j biznes.<\/p>\n<p>Nasze karty Passerkort \/ RFID s\u0105 produkowane z dok\u0142adno\u015bci\u0105 i staranno\u015bci\u0105, aby zapewni\u0107 ich trwa\u0142o\u015b\u0107 i niezawodno\u015b\u0107. Rozumiemy, \u017ce bezpiecze\u0144stwo jest spraw\u0105 najwy\u017cszej wagi w przypadku technologii RFID, dlatego podejmujemy wszelkie niezb\u0119dne \u015brodki, aby chroni\u0107 Twoje karty przed nieautoryzowanym dost\u0119pem i naruszeniami danych.<\/p>\n<p>Niezale\u017cnie od tego, czy potrzebujesz karty Passerkort\/RFID do ma\u0142ego projektu, czy do wi\u0119kszego biznesu.<\/p>\n<p>Jeste\u015bmy gotowi pom\u00f3c Ci znale\u017a\u0107 najlepsze rozwi\u0105zanie w zakresie kart Passerkort \/ RFID, dostosowane do Twoich konkretnych potrzeb i \u017cycze\u0144. Skontaktuj si\u0119 z nami ju\u017c dzi\u015b, aby om\u00f3wi\u0107 swoje pomys\u0142y na projekt i uzyska\u0107 wi\u0119cej informacji o naszych produktach i us\u0142ugach. Cieszymy si\u0119, \u017ce b\u0119dziemy Twoim niezawodnym partnerem w zakresie kart Passerkort \/ RFID i b\u0119dziemy dostarcza\u0107 wysokiej jako\u015bci rozwi\u0105zania, kt\u00f3re spe\u0142ni\u0105 Twoje oczekiwania.<\/p>\n<p>Dzi\u0119kujemy za zainteresowanie naszymi kartami Passerkort\/RFID. Odwied\u017a nasz sklep internetowy lub skontaktuj si\u0119 z nami, aby rozpocz\u0105\u0107 realizacj\u0119 zam\u00f3wienia lub uzyska\u0107 odpowiedzi na wszelkie pytania. Jeste\u015bmy tutaj, aby zapewni\u0107 Ci najlepsz\u0105 mo\u017cliw\u0105 obs\u0142ug\u0119 i dostarczy\u0107 karty Passerkort \/ RFID najwy\u017cszej jako\u015bci, kt\u00f3re odpowiadaj\u0105 Twoim konkretnym potrzebom.<\/p>","protected":false},"excerpt":{"rendered":"<p>Podobnie jak wszystkie nasze produkty RFID, nasze karty Passerkort \/ RFID s\u0105 wyposa\u017cone w oryginalne chipy wysokiej jako\u015bci. Cenimy niezawodno\u015b\u0107 i bezpiecze\u0144stwo, dlatego stosujemy wy\u0142\u0105cznie oryginalne chipy uznanych producent\u00f3w. Z<\/p>","protected":false},"featured_media":144062,"template":"","meta":{"_acf_changed":false},"product_brand":[],"product_cat":[4233],"product_tag":[3138,3077,2958],"class_list":{"0":"post-164338","1":"product","2":"type-product","3":"status-publish","4":"has-post-thumbnail","6":"product_cat-rfid-kort-desfire","7":"product_tag-desfire-ev2-2k","8":"product_tag-rfid-desfire","9":"product_tag-stonehouse-produkt","10":"product_shipping_class-postnord-varubrev","11":"pa_brands-stonehouse-security","12":"pa_farg-vit","13":"pa_plastkort-teknik-desfire","14":"tm-has-options","16":"first","17":"instock","18":"sale","19":"featured","20":"taxable","21":"shipping-taxable","22":"purchasable","23":"product-type-simple"},"acf":[],"_links":{"self":[{"href":"https:\/\/secureus.se\/pl\/wp-json\/wp\/v2\/product\/164338","targetHints":{"allow":["GET"]}}],"collection":[{"href":"https:\/\/secureus.se\/pl\/wp-json\/wp\/v2\/product"}],"about":[{"href":"https:\/\/secureus.se\/pl\/wp-json\/wp\/v2\/types\/product"}],"wp:featuredmedia":[{"embeddable":true,"href":"https:\/\/secureus.se\/pl\/wp-json\/wp\/v2\/media\/144062"}],"wp:attachment":[{"href":"https:\/\/secureus.se\/pl\/wp-json\/wp\/v2\/media?parent=164338"}],"wp:term":[{"taxonomy":"product_brand","embeddable":true,"href":"https:\/\/secureus.se\/pl\/wp-json\/wp\/v2\/product_brand?post=164338"},{"taxonomy":"product_cat","embeddable":true,"href":"https:\/\/secureus.se\/pl\/wp-json\/wp\/v2\/product_cat?post=164338"},{"taxonomy":"product_tag","embeddable":true,"href":"https:\/\/secureus.se\/pl\/wp-json\/wp\/v2\/product_tag?post=164338"}],"curies":[{"name":"wp","href":"https:\/\/api.w.org\/{rel}","templated":true}]}}