{"id":164471,"date":"2026-04-15T13:17:32","date_gmt":"2026-04-15T11:17:32","guid":{"rendered":"https:\/\/secureus.se\/?post_type=product&#038;p=164471"},"modified":"2026-04-15T13:33:36","modified_gmt":"2026-04-15T11:33:36","slug":"ajax-kompatibel-tagg-vit-bricka-till-keypad-plus-outdoor-och-touchscreen-ev2-4k-plus","status":"publish","type":"product","link":"https:\/\/secureus.se\/pl\/ajax-kompatibel-tagg-vit-bricka-till-keypad-plus-outdoor-och-touchscreen-ev2-4k-plus\/","title":{"rendered":"Tag kompatybilny z Ajax (bia\u0142y) \u2013 tag do KeyPad Plus, do zastosowa\u0144 zewn\u0119trznych i ekran\u00f3w dotykowych | EV2 4K Plus"},"content":{"rendered":"<p data-start=\"600\" data-end=\"763\">Ajax Kompatibel Tagg (Vit) \u00e4r ett smart och prisv\u00e4rt alternativ till Ajax originaltagg, utvecklad f\u00f6r att fungera tillsammans med Ajax KeyPad Plus och TouchScreen.<\/p>\n<p data-start=\"765\" data-end=\"1026\">Wyposa\u017cony jest w oryginalny uk\u0142ad Mifare DESFire firmy NXP, co oznacza ten sam wysoki poziom bezpiecze\u0144stwa, co w oryginalnych produktach. Zaawansowane szyfrowanie chroni przed kopiowaniem i nieautoryzowanym dost\u0119pem, a jednocze\u015bnie jest proste i p\u0142ynne w obs\u0142udze.<\/p>\n<p data-start=\"1028\" data-end=\"1237\">Podobnie jak w przypadku oryginalnego tagu, alarm mo\u017cna uzbroi\u0107 lub rozbroi\u0107, przytrzymuj\u0105c go przy klawiaturze. Nie wymaga kodu ani aplikacji, co czyni go idealnym rozwi\u0105zaniem dla rodziny, pracownik\u00f3w lub okazjonalnych u\u017cytkownik\u00f3w.<\/p>\n<p data-start=\"1239\" data-end=\"1441\">Niew\u0105tpliw\u0105 zalet\u0105 tego breloka jest jego format. Jest on nieco mniejszy i cie\u0144szy ni\u017c orygina\u0142 Ajax, co u\u0142atwia noszenie go przy kluczach. Wiele os\u00f3b docenia bardziej kompaktow\u0105 konstrukcj\u0119 w codziennym \u017cyciu.<\/p>\n<p data-start=\"1660\" data-end=\"1866\">Oferujemy r\u00f3wnie\u017c mo\u017cliwo\u015b\u0107 grawerowania. Mo\u017cesz wybra\u0107 na przyk\u0142ad numeracj\u0119 lub w\u0142asne logo bezpo\u015brednio na etykiecie, co u\u0142atwia \u015bledzenie u\u017cytkownik\u00f3w i uprawnie\u0144.<\/p>\n<p data-start=\"1868\" data-end=\"2048\">Tag jest wykonany z wytrzyma\u0142ego tworzywa ABS i posiada oryginalny chip firmy NXP. Jest dost\u0119pny w du\u017cych ilo\u015bciach i mo\u017ce by\u0107 dostarczony szybko, nawet w przypadku wi\u0119kszych zam\u00f3wie\u0144.<\/p>\n<hr data-start=\"2168\" data-end=\"2171\" \/>\n<h2 data-section-id=\"4wkmjn\" data-start=\"2173\" data-end=\"2204\"><span role=\"text\"><strong data-start=\"2176\" data-end=\"2204\">Specyfikacje techniczne<\/strong><\/span><\/h2>\n<ul data-start=\"2205\" data-end=\"2532\">\n<li data-section-id=\"1k933n6\" data-start=\"2205\" data-end=\"2251\"><strong>Technologia komunikacyjna<\/strong>: Mifare DESFire\u00ae (oryginalny NXP)<\/li>\n<li data-section-id=\"c63o5z\" data-start=\"2252\" data-end=\"2289\"><strong>Standard<\/strong>: ISO 14443-A (13,56 MHz)<\/li>\n<li data-section-id=\"18f098c\" data-start=\"2290\" data-end=\"2334\"><strong>Szyfrowanie<\/strong>:128-bitowe zaawansowane szyfrowanie DESFire<\/li>\n<li data-section-id=\"6941yt\" data-start=\"2335\" data-end=\"2416\"><strong>Zgodno\u015b\u0107<\/strong>:Ajax KeyPad Plus i TouchScreen, a tak\u017ce systemy oparte na DESFire<\/li>\n<li data-section-id=\"18ldt2h\" data-start=\"2417\" data-end=\"2434\"><strong>Tworzywo<\/strong>: ABS<\/li>\n<li data-section-id=\"14m3c96\" data-start=\"2435\" data-end=\"2466\"><strong>Wymiary<\/strong>: 43 \u00d7 29 \u00d7 4 mm<\/li>\n<li data-section-id=\"17n4yqt\" data-start=\"2467\" data-end=\"2480\"><strong>Farba<\/strong>: Czarny<\/li>\n<li data-section-id=\"l2858j\" data-start=\"2481\" data-end=\"2532\"><strong>Rytownictwo<\/strong>: Tak, mo\u017cliwo\u015b\u0107 np. numeru, imienia, wiadomo\u015bci lub logo<\/li>\n<\/ul>","protected":false},"excerpt":{"rendered":"<p data-start=\"205\" data-end=\"288\">Tag kompatybilny z Ajax (bia\u0142y) \u2013 tag dla KeyPad Plus i ekran\u00f3w dotykowych<\/p>\n<p data-start=\"290\" data-end=\"451\">Przyst\u0119pna cenowo alternatywa dla oryginalnego tagu Ajax, o tym samym wysokim poziomie bezpiecze\u0144stwa i w innym kolorze. Wyposa\u017cona w Mifare DESFire firmy NXP, zapewniaj\u0105ca szyfrowany i bezpieczny dost\u0119p do system\u00f3w Ajax.<\/p>\n<p data-start=\"453\" data-end=\"569\">Dor\u00f3wnuje orygina\u0142owi, ale dzi\u0119ki mniejszemu i bardziej elastycznemu formatowi oraz mo\u017cliwo\u015bci grawerowania idealnie nadaje si\u0119 zar\u00f3wno do u\u017cytku prywatnego, jak i profesjonalnego. Mo\u017cesz wybra\u0107 na przyk\u0142ad numeracj\u0119 lub w\u0142asne logo bezpo\u015brednio na etykiecie, co u\u0142atwia \u015bledzenie u\u017cytkownik\u00f3w i uprawnie\u0144.<\/p>\n<p data-start=\"453\" data-end=\"569\">Otwarte <strong>\u201cPoka\u017c opcje dostosowywania\u201d<\/strong> aby wybra\u0107 grawerunek numeru, imienia lub logo na Twojej zawieszce.<\/p>","protected":false},"featured_media":163678,"template":"","meta":{"_acf_changed":false},"product_brand":[],"product_cat":[5129],"product_tag":[],"class_list":{"0":"post-164471","1":"product","2":"type-product","3":"status-publish","4":"has-post-thumbnail","6":"product_cat-ajax-taggar-kort","7":"product_shipping_class-postnord-varubrev","8":"pa_brands-secureus","9":"tm-has-options","11":"first","12":"instock","13":"featured","14":"taxable","15":"shipping-taxable","16":"purchasable","17":"product-type-simple"},"acf":[],"_links":{"self":[{"href":"https:\/\/secureus.se\/pl\/wp-json\/wp\/v2\/product\/164471","targetHints":{"allow":["GET"]}}],"collection":[{"href":"https:\/\/secureus.se\/pl\/wp-json\/wp\/v2\/product"}],"about":[{"href":"https:\/\/secureus.se\/pl\/wp-json\/wp\/v2\/types\/product"}],"wp:featuredmedia":[{"embeddable":true,"href":"https:\/\/secureus.se\/pl\/wp-json\/wp\/v2\/media\/163678"}],"wp:attachment":[{"href":"https:\/\/secureus.se\/pl\/wp-json\/wp\/v2\/media?parent=164471"}],"wp:term":[{"taxonomy":"product_brand","embeddable":true,"href":"https:\/\/secureus.se\/pl\/wp-json\/wp\/v2\/product_brand?post=164471"},{"taxonomy":"product_cat","embeddable":true,"href":"https:\/\/secureus.se\/pl\/wp-json\/wp\/v2\/product_cat?post=164471"},{"taxonomy":"product_tag","embeddable":true,"href":"https:\/\/secureus.se\/pl\/wp-json\/wp\/v2\/product_tag?post=164471"}],"curies":[{"name":"wp","href":"https:\/\/api.w.org\/{rel}","templated":true}]}}