{"id":164489,"date":"2026-04-16T11:48:29","date_gmt":"2026-04-16T09:48:29","guid":{"rendered":"https:\/\/secureus.se\/?post_type=product&#038;p=164489"},"modified":"2026-04-16T12:06:00","modified_gmt":"2026-04-16T10:06:00","slug":"seriekopplad-brandvarnare-tradlos-rf-rokdetektor-10-ars-batteri-en14604","status":"publish","type":"product","link":"https:\/\/secureus.se\/pl\/seriekopplad-brandvarnare-tradlos-rf-rokdetektor-10-ars-batteri-en14604\/","title":{"rendered":"Bezprzewodowy czujnik dymu RF z szeregowym po\u0142\u0105czeniem \u2013 czujnik dymu, bateria 10-letnia, EN14604"},"content":{"rendered":"<h2 data-section-id=\"14qb479\" data-start=\"346\" data-end=\"404\">Bezprzewodowy czujnik dymu RF \u0142\u0105czony szeregowo z bateri\u0105 o \u017cywotno\u015bci 10 lat<\/h2>\n<p data-start=\"406\" data-end=\"643\">Stw\u00f3rz bezpieczniejszy dom dzi\u0119ki <strong data-start=\"435\" data-end=\"464\">alarm dymowy po\u0142\u0105czony szeregowo<\/strong> kt\u00f3ry ostrzega ca\u0142y dom w tym samym czasie. To <strong data-start=\"509\" data-end=\"534\">bezprzewodowe czujniki dymu<\/strong> wykorzystuje technologi\u0119 RF do bezpo\u015bredniego \u0142\u0105czenia ze sob\u0105 wielu urz\u0105dze\u0144 bez potrzeby korzystania z WiFi, aplikacji lub koncentratora.<\/p>\n<p data-start=\"645\" data-end=\"844\">Gdy czujnik dymu wykryje dym, wszystkie pod\u0142\u0105czone urz\u0105dzenia s\u0105 natychmiast aktywowane. Zapewnia to szybkie ostrze\u017cenie w wielu pomieszczeniach jednocze\u015bnie i zwi\u0119ksza szans\u0119 na wykrycie po\u017caru na czas, niezale\u017cnie od miejsca jego powstania.<\/p>\n<p data-start=\"846\" data-end=\"992\">Urz\u0105dzenie wyzwalaj\u0105ce nadal wydaje d\u017awi\u0119k, nawet je\u015bli inne czujniki dymu s\u0105 wyciszone. Dzi\u0119ki temu mo\u017cna szybko znale\u017a\u0107 w\u0142a\u015bciwe miejsce i podj\u0105\u0107 natychmiastowe dzia\u0142ania.<\/p>\n<p data-start=\"994\" data-end=\"1120\">Wbudowana bateria ma pojemno\u015b\u0107 do <strong data-start=\"1030\" data-end=\"1050\">10-letnia \u017cywotno\u015b\u0107<\/strong>, co minimalizuje konieczno\u015b\u0107 konserwacji i sprawia, \u017ce instalacja przebiega bezproblemowo od samego pocz\u0105tku.<\/p>\n<p data-start=\"1122\" data-end=\"1245\">Idealne do willi, apartament\u00f3w, dom\u00f3w wakacyjnych, biur i pomieszcze\u0144 wsp\u00f3lnych, w kt\u00f3rych potrzebna jest prosta, ale skuteczna ochrona przeciwpo\u017carowa.<\/p>\n<h2 data-section-id=\"9wy3q1\" data-start=\"1247\" data-end=\"1258\">Korzy\u015bci<\/h2>\n<ul data-start=\"1260\" data-end=\"1574\">\n<li data-section-id=\"13g6r4g\" data-start=\"1260\" data-end=\"1318\">Czujnik dymu po\u0142\u0105czony szeregowo z bezprzewodow\u0105 komunikacj\u0105 RF<\/li>\n<li data-section-id=\"10m4ggg\" data-start=\"1319\" data-end=\"1352\">Wszystkie jednostki alarmuj\u0105 jednocze\u015bnie<\/li>\n<li data-section-id=\"srpl60\" data-start=\"1353\" data-end=\"1389\">Nie jest wymagane Wi-Fi, aplikacja ani hub<\/li>\n<li data-section-id=\"x1fcfh\" data-start=\"1390\" data-end=\"1431\">10-letnia bateria zapewniaj\u0105ca minimaln\u0105 konserwacj\u0119<\/li>\n<li data-section-id=\"19o44eo\" data-start=\"1432\" data-end=\"1454\">\u0141atwy monta\u017c na suficie<\/li>\n<li data-section-id=\"bkvsqo\" data-start=\"1455\" data-end=\"1501\">Urz\u0105dzenie wyzwalaj\u0105ce nadal wydaje d\u017awi\u0119k<\/li>\n<li data-section-id=\"1sr2hql\" data-start=\"1502\" data-end=\"1525\">Certyfikat EN14604<\/li>\n<li data-section-id=\"ek06aj\" data-start=\"1526\" data-end=\"1574\">Nadaje si\u0119 do dom\u00f3w, domk\u00f3w letniskowych i budynk\u00f3w wielopi\u0119trowych<\/li>\n<\/ul>","protected":false},"excerpt":{"rendered":"<ul>\n<li data-section-id=\"3seaxf\" data-start=\"610\" data-end=\"673\">Czujniki dymu po\u0142\u0105czone szeregowo, umo\u017cliwiaj\u0105ce szybkie ostrzeganie w ca\u0142ym domu \u2013 mo\u017cna pod\u0142\u0105czy\u0107 maksymalnie 100 czujnik\u00f3w.<\/li>\n<li data-section-id=\"rt5atx\" data-start=\"674\" data-end=\"730\">Technologia bezprzewodowa RF bez potrzeby korzystania z Wi-Fi, aplikacji lub koncentratora<\/li>\n<li data-section-id=\"1gmivzb\" data-start=\"731\" data-end=\"797\">Wszystkie po\u0142\u0105czone ze sob\u0105 jednostki uruchamiaj\u0105 alarm jednocze\u015bnie, gdy powstaje dym<\/li>\n<li data-section-id=\"1gzfdil\" data-start=\"798\" data-end=\"861\">10-letnia bateria zapewniaj\u0105ca p\u0142ynn\u0105 prac\u0119 i minimaln\u0105 konserwacj\u0119<\/li>\n<li data-section-id=\"ne19te\" data-start=\"862\" data-end=\"911\">Certyfikat EN14604 gwarantuj\u0105cy bezpieczn\u0105 i pewn\u0105 eksploatacj\u0119<\/li>\n<li data-section-id=\"1f0a402\" data-start=\"912\" data-end=\"974\">Nadaje si\u0119 do willi, apartament\u00f3w, dom\u00f3w wakacyjnych i cz\u0119\u015bci wsp\u00f3lnych<\/li>\n<\/ul>","protected":false},"featured_media":164514,"template":"","meta":{"_acf_changed":false},"product_brand":[],"product_cat":[5130],"product_tag":[],"class_list":{"0":"post-164489","1":"product","2":"type-product","3":"status-publish","4":"has-post-thumbnail","6":"product_cat-tradlosa-brandvarnare","7":"product_shipping_class-postnord-varubrev","8":"pa_brands-secureus","9":"tm-no-options","11":"first","12":"instock","13":"taxable","14":"shipping-taxable","15":"product-type-simple"},"acf":[],"_links":{"self":[{"href":"https:\/\/secureus.se\/pl\/wp-json\/wp\/v2\/product\/164489","targetHints":{"allow":["GET"]}}],"collection":[{"href":"https:\/\/secureus.se\/pl\/wp-json\/wp\/v2\/product"}],"about":[{"href":"https:\/\/secureus.se\/pl\/wp-json\/wp\/v2\/types\/product"}],"wp:featuredmedia":[{"embeddable":true,"href":"https:\/\/secureus.se\/pl\/wp-json\/wp\/v2\/media\/164514"}],"wp:attachment":[{"href":"https:\/\/secureus.se\/pl\/wp-json\/wp\/v2\/media?parent=164489"}],"wp:term":[{"taxonomy":"product_brand","embeddable":true,"href":"https:\/\/secureus.se\/pl\/wp-json\/wp\/v2\/product_brand?post=164489"},{"taxonomy":"product_cat","embeddable":true,"href":"https:\/\/secureus.se\/pl\/wp-json\/wp\/v2\/product_cat?post=164489"},{"taxonomy":"product_tag","embeddable":true,"href":"https:\/\/secureus.se\/pl\/wp-json\/wp\/v2\/product_tag?post=164489"}],"curies":[{"name":"wp","href":"https:\/\/api.w.org\/{rel}","templated":true}]}}