{"id":164496,"date":"2026-04-15T17:29:23","date_gmt":"2026-04-15T15:29:23","guid":{"rendered":"https:\/\/secureus.se\/?post_type=product&#038;p=164496"},"modified":"2026-04-15T17:32:44","modified_gmt":"2026-04-15T15:32:44","slug":"stromadapter-ajax-doorbell-12-v-2a-svart-med-5-meter-sladd","status":"publish","type":"product","link":"https:\/\/secureus.se\/pl\/stromadapter-ajax-doorbell-12-v-2a-svart-med-5-meter-sladd\/","title":{"rendered":"Zasilacz dzwonka Ajax 12 V 2 A \u2013 czarny z przewodem 5 metr\u00f3w"},"content":{"rendered":"<h3>Ten czarny zasilacz 12 V to niezawodne i bezpieczne rozwi\u0105zanie do zasilania dzwonka Ajax.<\/h3>\n<p>Dzi\u0119ki wytrzyma\u0142ej konstrukcji i 5-metrowemu przewodowi adapter zapewnia elastyczno\u015b\u0107 i niezawodn\u0105 wydajno\u015b\u0107 podczas ci\u0105g\u0142ej pracy panelu sterowania.<\/p>\n<p>Umo\u017cliwia stabilne zasilanie, kt\u00f3re utrzymuje urz\u0105dzenie Ajax aktywne, umo\u017cliwiaj\u0105c korzystanie ze wszystkich funkcji bez obawy o zu\u017cycie baterii.<\/p>\n<p>Zasilacz posiada wbudowane zabezpieczenie przed przepi\u0119ciem, zwarciem i prze\u0142adowaniem, dzi\u0119ki czemu mo\u017cna go bezpiecznie u\u017cywa\u0107 nawet w trudniejszych warunkach.<\/p>\n<p>Zabezpieczenie to zapobiegnie uszkodzeniom Twojego urz\u0105dzenia i zapewni d\u0142ugoletni\u0105 trwa\u0142o\u015b\u0107 i dzia\u0142anie.<\/p>\n<p>Sta\u0142e napi\u0119cie wyj\u015bciowe adaptera wynosz\u0105ce 12 V i maksymalny pr\u0105d 2 A sprawia, \u017ce idealnie nadaje si\u0119 on do dzwonka Ajax, ale mo\u017cna go r\u00f3wnie\u017c u\u017cywa\u0107 w innych zastosowaniach wymagaj\u0105cych zasilania 12 V.<\/p>\n<p>Kabel posiada wyra\u017ane oznaczenie plusa (+), dzi\u0119ki czemu monta\u017c jest szybki i prosty.<\/p>\n<p>Opr\u00f3cz tego, \u017ce jest idealnym zasilaczem dla systemu Ajax, adapter ten oferuje r\u00f3wnie\u017c mo\u017cliwo\u015b\u0107 stosowania z innymi urz\u0105dzeniami elektronicznymi wymagaj\u0105cymi zasilania 12 V i 1 A.<\/p>\n<p>Trwa\u0142a konstrukcja adaptera i funkcje ochronne sprawiaj\u0105, \u017ce jest to niezawodny wyb\u00f3r zar\u00f3wno do u\u017cytku wewn\u0105trz, jak i na zewn\u0105trz.<\/p>\n<p><strong>Dane techniczne<\/strong>:<\/p>\n<ul>\n<li><strong>Zasilacz do dzwonka Ajax Ajax<\/strong><\/li>\n<li><strong>Wyj\u015bcie<\/strong>: 12V, 2A<\/li>\n<li><strong>Ochrona<\/strong>: Zabezpieczenie przed nadmiernym napi\u0119ciem, zwarciem i nadmiernym \u0142adowaniem<\/li>\n<li><strong>D\u0142ugo\u015b\u0107 przewodu<\/strong>:5 metr\u00f3w<\/li>\n<li><strong>Farba<\/strong>: Czarny<\/li>\n<li><strong>Zgodno\u015b\u0107<\/strong>: Dzwonek do drzwi Ajax i inne zastosowania 12 V<\/li>\n<\/ul>\n<p><strong>Pakiet zawiera<\/strong>:<\/p>\n<ul>\n<li>Zasilacz 12 V z przewodem o d\u0142ugo\u015bci 5 metr\u00f3w<\/li>\n<li>\u0141atwa instalacja i u\u017cytkowanie<\/li>\n<\/ul>\n<p>Niezawodne funkcje zabezpieczaj\u0105ce adaptera czyni\u0105 go idealnym rozwi\u0105zaniem dla alarm\u00f3w Ajax i innych urz\u0105dze\u0144 wymagaj\u0105cych zasilania 12 V i 2 A.<\/p>","protected":false},"excerpt":{"rendered":"<p>Zasilacz 12V do dzwonka Ajax, czarny, z kablem o d\u0142ugo\u015bci 5 metr\u00f3w.<\/p>\n<p>Bezpieczne i stabilne zasilanie z zabezpieczeniem przed przepi\u0119ciem, zwarciem i prze\u0142adowaniem. Idealny do ci\u0105g\u0142ej pracy systemu Ajax.<\/p>","protected":false},"featured_media":161867,"template":"","meta":{"_acf_changed":false},"product_brand":[],"product_cat":[3171],"product_tag":[4863],"class_list":{"0":"post-164496","1":"product","2":"type-product","3":"status-publish","4":"has-post-thumbnail","6":"product_cat-psu-stromforsorjning","7":"product_tag-pf","8":"product_shipping_class-postnord-varubrev","9":"pa_brands-stonehouse-security","10":"pa_farg-svart","11":"tm-no-options","13":"first","14":"instock","15":"taxable","16":"shipping-taxable","17":"purchasable","18":"product-type-simple"},"acf":[],"_links":{"self":[{"href":"https:\/\/secureus.se\/pl\/wp-json\/wp\/v2\/product\/164496","targetHints":{"allow":["GET"]}}],"collection":[{"href":"https:\/\/secureus.se\/pl\/wp-json\/wp\/v2\/product"}],"about":[{"href":"https:\/\/secureus.se\/pl\/wp-json\/wp\/v2\/types\/product"}],"wp:featuredmedia":[{"embeddable":true,"href":"https:\/\/secureus.se\/pl\/wp-json\/wp\/v2\/media\/161867"}],"wp:attachment":[{"href":"https:\/\/secureus.se\/pl\/wp-json\/wp\/v2\/media?parent=164496"}],"wp:term":[{"taxonomy":"product_brand","embeddable":true,"href":"https:\/\/secureus.se\/pl\/wp-json\/wp\/v2\/product_brand?post=164496"},{"taxonomy":"product_cat","embeddable":true,"href":"https:\/\/secureus.se\/pl\/wp-json\/wp\/v2\/product_cat?post=164496"},{"taxonomy":"product_tag","embeddable":true,"href":"https:\/\/secureus.se\/pl\/wp-json\/wp\/v2\/product_tag?post=164496"}],"curies":[{"name":"wp","href":"https:\/\/api.w.org\/{rel}","templated":true}]}}