{"id":164536,"date":"2026-04-16T13:54:00","date_gmt":"2026-04-16T11:54:00","guid":{"rendered":"https:\/\/secureus.se\/?post_type=product&#038;p=164536"},"modified":"2026-04-23T10:16:54","modified_gmt":"2026-04-23T08:16:54","slug":"dorrhallarmagnet-inklusive-ankare-400n-fe230","status":"publish","type":"product","link":"https:\/\/secureus.se\/pl\/dorrhallarmagnet-inklusive-ankare-400n-fe230\/","title":{"rendered":"Magnes do drzwi z kotwic\u0105 400N FE230"},"content":{"rendered":"<p data-start=\"50\" data-end=\"305\"><strong data-start=\"50\" data-end=\"59\">FE230<\/strong> To magnes mocuj\u0105cy drzwi, wyposa\u017cony w kotw\u0119, do monta\u017cu na \u015bcianie lub konsoli. Si\u0142a trzymania wynosi <strong data-start=\"177\" data-end=\"186\">400 N<\/strong> i jest wyposa\u017cony w przycisk zamykania drzwi, kt\u00f3ry mo\u017cna zamontowa\u0107 na g\u00f3rze lub po prawej lub lewej stronie urz\u0105dzenia.<\/p>\n<p data-start=\"307\" data-end=\"570\">Przew\u00f3d mo\u017cna wprowadzi\u0107 z boku, od g\u00f3ry lub z ty\u0142u. Magnes w drzwiach wykonany jest z prasowanej cewki i posiada bolec antyremanencyjny, kt\u00f3ry eliminuje wszelkie szcz\u0105tkowe pole magnetyczne. FE230 jest r\u00f3wnie\u017c wyposa\u017cony w zintegrowane diody zabezpieczaj\u0105ce, kt\u00f3re przeciwdzia\u0142aj\u0105 skokom napi\u0119cia.<\/p>\n<p data-start=\"572\" data-end=\"810\">Klasa ochrony magnesu drzwiowego wynosi <strong data-start=\"609\" data-end=\"617\">IP54<\/strong>. Obudowa z tworzywa sztucznego wykonana jest z <strong data-start=\"647\" data-end=\"659\">Bayblend<\/strong> z <strong data-start=\"664\" data-end=\"686\">30 % PA6 w\u0142\u00f3kno szklane<\/strong>, co czyni go znacznie mocniejszym ni\u017c standardowy ABS. Materia\u0142 ten zapewnia wysok\u0105 odporno\u015b\u0107 na ciep\u0142o, dobr\u0105 odporno\u015b\u0107 na uderzenia i du\u017c\u0105 sztywno\u015b\u0107.<\/p>\n<p data-start=\"812\" data-end=\"1032\">Dla \u0142atwego i praktycznego monta\u017cu, magnes do drzwi jest dostarczany ze \u015brubami do mocowania kabla. Obudowa jest wst\u0119pnie nawiercona, co zapewnia szybki i \u0142atwy monta\u017c. Model FE230 jest r\u00f3wnie\u017c dostarczany z p\u0142ytk\u0105 kotwi\u0105c\u0105 z regulowanym k\u0105tem.<\/p>\n<h2 data-section-id=\"fnvs8i\" data-start=\"1034\" data-end=\"1047\">Charakterystyka<\/h2>\n<ul data-start=\"1048\" data-end=\"1245\">\n<li data-section-id=\"18xs1m3\" data-start=\"1048\" data-end=\"1082\">Niskie zu\u017cycie energii, <strong data-start=\"1073\" data-end=\"1082\">1,6 W<\/strong><\/li>\n<li data-section-id=\"17qhkv4\" data-start=\"1083\" data-end=\"1107\">Trzymanie zasilania w\u0142\u0105czonego <strong data-start=\"1098\" data-end=\"1107\">400 N<\/strong><\/li>\n<li data-section-id=\"56gdae\" data-start=\"1108\" data-end=\"1128\">Szpilka antypo\u015blizgowa<\/li>\n<li data-section-id=\"1f4b2jy\" data-start=\"1129\" data-end=\"1174\">Diody ochronne i zabezpieczenie przed odwrotn\u0105 polaryzacj\u0105<\/li>\n<li data-section-id=\"1vxgf0x\" data-start=\"1175\" data-end=\"1204\">Wbudowany przycisk zamykania drzwi<\/li>\n<li data-section-id=\"1or1j1j\" data-start=\"1205\" data-end=\"1225\"><strong data-start=\"1207\" data-end=\"1225\">Zatwierdzono zgodnie z norm\u0105 EN1155<\/strong><\/li>\n<li data-section-id=\"elw8us\" data-start=\"1226\" data-end=\"1245\">W zestawie p\u0142yta kotwiczna<\/li>\n<\/ul>\n<h2 data-section-id=\"pfyasx\" data-start=\"1247\" data-end=\"1263\">Dane techniczne<\/h2>\n<ul data-start=\"1264\" data-end=\"1577\">\n<li data-section-id=\"m4al6v\" data-start=\"1264\" data-end=\"1294\"><strong data-start=\"1266\" data-end=\"1287\">Zasilanie napi\u0119ciem:<\/strong> 24 V pr\u0105du sta\u0142ego<\/li>\n<li data-section-id=\"8aukmp\" data-start=\"1295\" data-end=\"1314\"><strong data-start=\"1297\" data-end=\"1308\">Efekt:<\/strong> 1,6 W<\/li>\n<li data-section-id=\"xkucxb\" data-start=\"1315\" data-end=\"1337\"><strong data-start=\"1317\" data-end=\"1331\">Moc trzymania:<\/strong> 400 N<\/li>\n<li data-section-id=\"vq1ojm\" data-start=\"1338\" data-end=\"1388\"><strong data-start=\"1340\" data-end=\"1359\">Klasa ochrony:<\/strong> Magnes IP54, po\u0142\u0105czenie IP42<\/li>\n<li data-section-id=\"1so7cfg\" data-start=\"1389\" data-end=\"1436\"><strong data-start=\"1391\" data-end=\"1419\">Wymiary (wys. x szer. x g\u0142.):<\/strong> 110 x 85 x 38 mm<\/li>\n<li data-section-id=\"1sp9xbs\" data-start=\"1437\" data-end=\"1466\"><strong data-start=\"1439\" data-end=\"1463\">Przycisk zamykania drzwi:<\/strong> Tak<\/li>\n<li data-section-id=\"1issdkq\" data-start=\"1467\" data-end=\"1489\"><strong data-start=\"1469\" data-end=\"1486\">Diody ochronne:<\/strong> Tak<\/li>\n<li data-section-id=\"1ogf65j\" data-start=\"1490\" data-end=\"1536\"><strong data-start=\"1492\" data-end=\"1533\">Zabezpieczenie przed odwrotn\u0105 polaryzacj\u0105:<\/strong> Tak<\/li>\n<li data-section-id=\"1fdxiq\" data-start=\"1537\" data-end=\"1553\"><strong data-start=\"1539\" data-end=\"1550\">EN1155:<\/strong> Tak<\/li>\n<li data-section-id=\"16c2jcj\" data-start=\"1554\" data-end=\"1577\"><strong data-start=\"1556\" data-end=\"1571\">Cykl pracy:<\/strong> 100 %<\/li>\n<\/ul>","protected":false},"excerpt":{"rendered":"<p data-start=\"37\" data-end=\"423\"><strong data-start=\"37\" data-end=\"128\">FE230 to mocny magnes do drzwi przeznaczony do monta\u017cu powierzchniowego na \u015bcianie lub konsoli.<\/strong> Posiada si\u0142\u0119 trzymania 400 N, wbudowany przycisk zamykania drzwi i jest wyposa\u017cony w regulowan\u0105 p\u0142ytk\u0119 mocuj\u0105c\u0105. Magnes wykonany jest z trwa\u0142ego materia\u0142u, posiada zabezpieczenie przed skokami napi\u0119cia i odwrotn\u0105 polaryzacj\u0105 oraz jest zgodny z norm\u0105 EN1155. Nadaje si\u0119 do instalacji, w kt\u00f3rych liczy si\u0119 niezawodno\u015b\u0107 dzia\u0142ania i \u0142atwo\u015b\u0107 monta\u017cu.<\/p>","protected":false},"featured_media":164535,"template":"","meta":{"_acf_changed":false},"product_brand":[],"product_cat":[1560],"product_tag":[],"class_list":{"0":"post-164536","1":"product","2":"type-product","3":"status-publish","4":"has-post-thumbnail","6":"product_cat-branddorrstangning","7":"tm-no-options","9":"first","10":"instock","11":"sale","12":"taxable","13":"shipping-taxable","14":"purchasable","15":"product-type-simple"},"acf":[],"_links":{"self":[{"href":"https:\/\/secureus.se\/pl\/wp-json\/wp\/v2\/product\/164536","targetHints":{"allow":["GET"]}}],"collection":[{"href":"https:\/\/secureus.se\/pl\/wp-json\/wp\/v2\/product"}],"about":[{"href":"https:\/\/secureus.se\/pl\/wp-json\/wp\/v2\/types\/product"}],"wp:featuredmedia":[{"embeddable":true,"href":"https:\/\/secureus.se\/pl\/wp-json\/wp\/v2\/media\/164535"}],"wp:attachment":[{"href":"https:\/\/secureus.se\/pl\/wp-json\/wp\/v2\/media?parent=164536"}],"wp:term":[{"taxonomy":"product_brand","embeddable":true,"href":"https:\/\/secureus.se\/pl\/wp-json\/wp\/v2\/product_brand?post=164536"},{"taxonomy":"product_cat","embeddable":true,"href":"https:\/\/secureus.se\/pl\/wp-json\/wp\/v2\/product_cat?post=164536"},{"taxonomy":"product_tag","embeddable":true,"href":"https:\/\/secureus.se\/pl\/wp-json\/wp\/v2\/product_tag?post=164536"}],"curies":[{"name":"wp","href":"https:\/\/api.w.org\/{rel}","templated":true}]}}