{"id":164745,"date":"2026-04-22T15:08:49","date_gmt":"2026-04-22T13:08:49","guid":{"rendered":"https:\/\/secureus.se\/evolis-primacy-2-simplex-expert-id-kortskrivare-enkelsidig\/"},"modified":"2026-04-23T12:23:05","modified_gmt":"2026-04-23T10:23:05","slug":"evolis-primacy-2-simplex-expert-id-kortskrivare-enkelsidig","status":"publish","type":"product","link":"https:\/\/secureus.se\/pl\/evolis-primacy-2-simplex-expert-id-kortskrivare-enkelsidig\/","title":{"rendered":"Drukarka kart identyfikacyjnych Evolis Primacy 2 Simplex Expert (jednostronna)"},"content":{"rendered":"<p>Evolis Primacy 2 Simplex Expert ID-kortsskrivaren \u00e4r den perfekta l\u00f6sningen f\u00f6r att skapa professionella ID-kort och kort med enkelsidig utskrift. Med sin anv\u00e4ndarv\u00e4nliga design och h\u00f6ga utskriftskvalitet \u00e4r denna skrivare idealisk f\u00f6r f\u00f6retag, skolor och organisationer som beh\u00f6ver snabb och tillf\u00f6rlitlig kortutskrift. Med Evolis Primacy 2 Simplex Expert kan du enkelt skapa anpassade ID-kort, medlemskort och adgangskort p\u00e5 ett effektivt s\u00e4tt. Utrustad med den senaste utskriftstekniken och en m\u00e4ngd olika anslutningsalternativ, \u00e4r denna skrivare ett p\u00e5litligt val f\u00f6r alla dina kortutskriftsbehov.<\/p>","protected":false},"excerpt":{"rendered":"<ul>\n<li>Drukarka kart identyfikacyjnych Evolis Primacy 2 Simplex Expert (jednostronna)<\/li>\n<li>Du\u017ca pr\u0119dko\u015b\u0107 drukowania i wysoka wydajno\u015b\u0107<\/li>\n<li>Obs\u0142uguje technologi\u0119 sublimacji barwnika i ponownego zapisywania<\/li>\n<li>Mo\u017cliwo\u015b\u0107 wydrukowania jednostronnej karty koloru w 13 sekund<\/li>\n<li>Obejmuje trzyletni\u0105 gwarancj\u0119<\/li>\n<li>Dost\u0119pny r\u00f3wnie\u017c w modelu dwustronnym Primacy 2<\/li>\n<\/ul>","protected":false},"featured_media":164741,"template":"","meta":{"_acf_changed":false},"product_brand":[],"product_cat":[3205],"product_tag":[],"class_list":{"0":"post-164745","1":"product","2":"type-product","3":"status-publish","4":"has-post-thumbnail","6":"product_cat-evolis","7":"product_shipping_class-tunga-paket","8":"pa_brands-evolis","9":"tm-no-options","11":"first","12":"instock","13":"sale","14":"taxable","15":"shipping-taxable","16":"purchasable","17":"product-type-simple"},"acf":[],"_links":{"self":[{"href":"https:\/\/secureus.se\/pl\/wp-json\/wp\/v2\/product\/164745","targetHints":{"allow":["GET"]}}],"collection":[{"href":"https:\/\/secureus.se\/pl\/wp-json\/wp\/v2\/product"}],"about":[{"href":"https:\/\/secureus.se\/pl\/wp-json\/wp\/v2\/types\/product"}],"wp:featuredmedia":[{"embeddable":true,"href":"https:\/\/secureus.se\/pl\/wp-json\/wp\/v2\/media\/164741"}],"wp:attachment":[{"href":"https:\/\/secureus.se\/pl\/wp-json\/wp\/v2\/media?parent=164745"}],"wp:term":[{"taxonomy":"product_brand","embeddable":true,"href":"https:\/\/secureus.se\/pl\/wp-json\/wp\/v2\/product_brand?post=164745"},{"taxonomy":"product_cat","embeddable":true,"href":"https:\/\/secureus.se\/pl\/wp-json\/wp\/v2\/product_cat?post=164745"},{"taxonomy":"product_tag","embeddable":true,"href":"https:\/\/secureus.se\/pl\/wp-json\/wp\/v2\/product_tag?post=164745"}],"curies":[{"name":"wp","href":"https:\/\/api.w.org\/{rel}","templated":true}]}}