{"id":164753,"date":"2026-04-22T15:32:12","date_gmt":"2026-04-22T13:32:12","guid":{"rendered":"https:\/\/secureus.se\/evolis-s10212-kortlamineringsmodul-clm\/"},"modified":"2026-04-23T12:22:46","modified_gmt":"2026-04-23T10:22:46","slug":"evolis-s10212-kortlamineringsmodul-clm","status":"publish","type":"product","link":"https:\/\/secureus.se\/pl\/evolis-s10212-kortlamineringsmodul-clm\/","title":{"rendered":"Modu\u0142 laminowania kart Evolis S10212 (CLM)"},"content":{"rendered":"<p>Modu\u0142 laminowania kart Evolis S10212 (CLM) to innowacyjny i niezawodny modu\u0142 laminuj\u0105cy, zaprojektowany w celu poprawy bezpiecze\u0144stwa i trwa\u0142o\u015bci drukowanych kart. Dzi\u0119ki \u0142atwej instalacji i przyjaznej dla u\u017cytkownika konstrukcji, modu\u0142 ten idealnie nadaje si\u0119 do tworzenia profesjonalnych i bezpiecznych identyfikator\u00f3w, kart cz\u0142onkowskich i innych drukowanych kart. Dzi\u0119ki modu\u0142owi Evolis S10212 CLM mo\u017cesz usprawni\u0107 proces laminowania i nada\u0107 swoim kartom wysokiej jako\u015bci wyko\u0144czenie, chroni\u0105c je przed brudem, wod\u0105 i zu\u017cyciem. Nadaj swoim kartom dodatkowy wymiar ochrony i stylu dzi\u0119ki modu\u0142owi laminowania kart Evolis S10212.<\/p>","protected":false},"excerpt":{"rendered":"<ul>\n<li>Modu\u0142 laminowania kart Evolis S10212 nak\u0142ada na karty nak\u0142adki i folie holograficzne<\/li>\n<li>Mo\u017cna u\u017cywa\u0107 jako samodzielne urz\u0105dzenie lub z drukarkami kart identyfikacyjnych Evolis Primacy lub Primacy 2<\/li>\n<li>Zawiera modu\u0142 do laminowania dwustronnego<\/li>\n<li>\u0141\u0105czy si\u0119 bezpo\u015brednio z komputerem w trybie autonomicznym za pomoc\u0105 kabla USB (brak w zestawie)<\/li>\n<li>Waga produktu: 8,00 kg<\/li>\n<\/ul>","protected":false},"featured_media":164752,"template":"","meta":{"_acf_changed":false},"product_brand":[],"product_cat":[3205],"product_tag":[],"class_list":{"0":"post-164753","1":"product","2":"type-product","3":"status-publish","4":"has-post-thumbnail","6":"product_cat-evolis","7":"product_shipping_class-tunga-paket","8":"pa_brands-evolis","9":"tm-no-options","11":"first","12":"outofstock","13":"sale","14":"taxable","15":"shipping-taxable","16":"purchasable","17":"product-type-simple"},"acf":[],"_links":{"self":[{"href":"https:\/\/secureus.se\/pl\/wp-json\/wp\/v2\/product\/164753","targetHints":{"allow":["GET"]}}],"collection":[{"href":"https:\/\/secureus.se\/pl\/wp-json\/wp\/v2\/product"}],"about":[{"href":"https:\/\/secureus.se\/pl\/wp-json\/wp\/v2\/types\/product"}],"wp:featuredmedia":[{"embeddable":true,"href":"https:\/\/secureus.se\/pl\/wp-json\/wp\/v2\/media\/164752"}],"wp:attachment":[{"href":"https:\/\/secureus.se\/pl\/wp-json\/wp\/v2\/media?parent=164753"}],"wp:term":[{"taxonomy":"product_brand","embeddable":true,"href":"https:\/\/secureus.se\/pl\/wp-json\/wp\/v2\/product_brand?post=164753"},{"taxonomy":"product_cat","embeddable":true,"href":"https:\/\/secureus.se\/pl\/wp-json\/wp\/v2\/product_cat?post=164753"},{"taxonomy":"product_tag","embeddable":true,"href":"https:\/\/secureus.se\/pl\/wp-json\/wp\/v2\/product_tag?post=164753"}],"curies":[{"name":"wp","href":"https:\/\/api.w.org\/{rel}","templated":true}]}}