{"id":164755,"date":"2026-04-22T15:32:19","date_gmt":"2026-04-22T13:32:19","guid":{"rendered":"https:\/\/secureus.se\/evolis-s10252-kortlamineringsmodul-clm-med-lcd-skarm\/"},"modified":"2026-04-23T12:22:38","modified_gmt":"2026-04-23T10:22:38","slug":"evolis-s10252-kortlamineringsmodul-clm-med-lcd-skarm","status":"publish","type":"product","link":"https:\/\/secureus.se\/pl\/evolis-s10252-kortlamineringsmodul-clm-med-lcd-skarm\/","title":{"rendered":"Modu\u0142 laminowania kart Evolis S10252 (CLM) z wy\u015bwietlaczem LCD"},"content":{"rendered":"<p>Modu\u0142 laminowania kart Evolis S10252 (CLM) z wy\u015bwietlaczem LCD to idealne rozwi\u0105zanie, aby nada\u0107 Twoim kartom profesjonalne wyko\u0144czenie i zwi\u0119kszy\u0107 ich trwa\u0142o\u015b\u0107. Dzi\u0119ki przyjaznemu dla u\u017cytkownika wy\u015bwietlaczowi LCD mo\u017cesz \u0142atwo monitorowa\u0107 i kontrolowa\u0107 proces laminowania. Modu\u0142 jest kompatybilny z kartami o r\u00f3\u017cnych rozmiarach i materia\u0142ach, co czyni go wszechstronnym i praktycznym rozwi\u0105zaniem dla r\u00f3\u017cnych potrzeb. Zapewnij swoim kartom warstw\u0119 ochronn\u0105 i elegancki wygl\u0105d dzi\u0119ki modu\u0142owi laminowania kart Evolis S10252.<\/p>","protected":false},"excerpt":{"rendered":"<ul>\n<li>Modu\u0142 laminowania kart Evolis S10252 do nak\u0142adania nak\u0142adek i folii holograficznych na karty<\/li>\n<li>Mo\u017cna u\u017cywa\u0107 jako samodzielne urz\u0105dzenie lub z drukarkami kart identyfikacyjnych Evolis Primacy lub Primacy 2<\/li>\n<li>\u0141atwa konfiguracja dzi\u0119ki interfejsowi z ekranem LCD<\/li>\n<li>Mo\u017cliwo\u015b\u0107 laminowania dwustronnego<\/li>\n<li>Mo\u017cliwo\u015b\u0107 bezpo\u015bredniego pod\u0142\u0105czenia do komputera w trybie autonomicznym za pomoc\u0105 kabla USB (brak w zestawie)<\/li>\n<li>Kompatybilny z drukark\u0105 kart Evolis Primacy lub Primacy 2<\/li>\n<li>Waga produktu: 0,40 kg<\/li>\n<\/ul>","protected":false},"featured_media":164754,"template":"","meta":{"_acf_changed":false},"product_brand":[],"product_cat":[3205],"product_tag":[],"class_list":{"0":"post-164755","1":"product","2":"type-product","3":"status-publish","4":"has-post-thumbnail","6":"product_cat-evolis","7":"product_shipping_class-tunga-paket","8":"pa_brands-evolis","9":"tm-no-options","11":"first","12":"outofstock","13":"sale","14":"taxable","15":"shipping-taxable","16":"purchasable","17":"product-type-simple"},"acf":[],"_links":{"self":[{"href":"https:\/\/secureus.se\/pl\/wp-json\/wp\/v2\/product\/164755","targetHints":{"allow":["GET"]}}],"collection":[{"href":"https:\/\/secureus.se\/pl\/wp-json\/wp\/v2\/product"}],"about":[{"href":"https:\/\/secureus.se\/pl\/wp-json\/wp\/v2\/types\/product"}],"wp:featuredmedia":[{"embeddable":true,"href":"https:\/\/secureus.se\/pl\/wp-json\/wp\/v2\/media\/164754"}],"wp:attachment":[{"href":"https:\/\/secureus.se\/pl\/wp-json\/wp\/v2\/media?parent=164755"}],"wp:term":[{"taxonomy":"product_brand","embeddable":true,"href":"https:\/\/secureus.se\/pl\/wp-json\/wp\/v2\/product_brand?post=164755"},{"taxonomy":"product_cat","embeddable":true,"href":"https:\/\/secureus.se\/pl\/wp-json\/wp\/v2\/product_cat?post=164755"},{"taxonomy":"product_tag","embeddable":true,"href":"https:\/\/secureus.se\/pl\/wp-json\/wp\/v2\/product_tag?post=164755"}],"curies":[{"name":"wp","href":"https:\/\/api.w.org\/{rel}","templated":true}]}}