{"id":164762,"date":"2026-04-22T15:08:22","date_gmt":"2026-04-22T13:08:22","guid":{"rendered":"https:\/\/secureus.se\/evolis-zenius-2-classic-id-kortskrivare-med-usb-enkelsidig\/"},"modified":"2026-04-23T12:22:23","modified_gmt":"2026-04-23T10:22:23","slug":"evolis-zenius-2-classic-id-kortskrivare-med-usb-enkelsidig","status":"publish","type":"product","link":"https:\/\/secureus.se\/pl\/evolis-zenius-2-classic-id-kortskrivare-med-usb-enkelsidig\/","title":{"rendered":"Drukarka kart identyfikacyjnych Evolis Zenius 2 Classic z USB (jednostronna)"},"content":{"rendered":"<p>Odkryj drukark\u0119 kart identyfikacyjnych Evolis Zenius 2 Classic z USB (jednostronn\u0105) \u2013 idealne rozwi\u0105zanie do bezproblemowego tworzenia profesjonalnych kart identyfikacyjnych. Ta zaawansowana drukarka \u0142\u0105czy w sobie wysok\u0105 jako\u015b\u0107 technologii druku z \u0142atwo\u015bci\u0105 obs\u0142ugi, dzi\u0119ki czemu idealnie nadaje si\u0119 dla firm i organizacji, kt\u00f3re regularnie drukuj\u0105 karty identyfikacyjne. Dzi\u0119ki \u0142atwej instalacji przez USB oraz mo\u017cliwo\u015bci szybkiego i wydajnego druku kart jednostronnych, Evolis Zenius 2 Classic to niezawodny partner w realizacji wszelkiego rodzaju projekt\u00f3w zwi\u0105zanych z kartami identyfikacyjnymi. Nadaj swojej firmie lub organizacji profesjonalny charakter, na jaki zas\u0142uguje, dzi\u0119ki tej innowacyjnej drukarce kart identyfikacyjnych Evolis. Zam\u00f3w Zenius 2 Classic ju\u017c dzi\u015b i przenie\u015b produkcj\u0119 kart identyfikacyjnych na wy\u017cszy poziom!<\/p>","protected":false},"excerpt":{"rendered":"<ul>\n<li>Drukarka kart identyfikacyjnych Evolis Zenius 2 Classic z USB (jednostronna)<\/li>\n<li>Pr\u0119dko\u015b\u0107 druku 700 kart\/godzin\u0119 (mono) lub 180 kart\/godzin\u0119 (YMCKO)<\/li>\n<li>Drukowanie w standardowym formacie karty CR80, w tym PVC, PET, ABS i kompozytowego PVC<\/li>\n<li>Drukowanie jednostronne<\/li>\n<li>Mo\u017cliwo\u015b\u0107 drukowania ze smartfona i tabletu<\/li>\n<li>Koder paska magnetycznego<\/li>\n<li>Wewn\u0119trzny port USB<\/li>\n<li>Numer cz\u0119\u015bci producenta: ZN2-0001-E<\/li>\n<li>Waga: 8,00 kg<\/li>\n<\/ul>","protected":false},"featured_media":164756,"template":"","meta":{"_acf_changed":false},"product_brand":[],"product_cat":[3205],"product_tag":[],"class_list":{"0":"post-164762","1":"product","2":"type-product","3":"status-publish","4":"has-post-thumbnail","6":"product_cat-evolis","7":"product_shipping_class-tunga-paket","8":"pa_brands-evolis","9":"tm-no-options","11":"first","12":"instock","13":"sale","14":"taxable","15":"shipping-taxable","16":"purchasable","17":"product-type-simple"},"acf":[],"_links":{"self":[{"href":"https:\/\/secureus.se\/pl\/wp-json\/wp\/v2\/product\/164762","targetHints":{"allow":["GET"]}}],"collection":[{"href":"https:\/\/secureus.se\/pl\/wp-json\/wp\/v2\/product"}],"about":[{"href":"https:\/\/secureus.se\/pl\/wp-json\/wp\/v2\/types\/product"}],"wp:featuredmedia":[{"embeddable":true,"href":"https:\/\/secureus.se\/pl\/wp-json\/wp\/v2\/media\/164756"}],"wp:attachment":[{"href":"https:\/\/secureus.se\/pl\/wp-json\/wp\/v2\/media?parent=164762"}],"wp:term":[{"taxonomy":"product_brand","embeddable":true,"href":"https:\/\/secureus.se\/pl\/wp-json\/wp\/v2\/product_brand?post=164762"},{"taxonomy":"product_cat","embeddable":true,"href":"https:\/\/secureus.se\/pl\/wp-json\/wp\/v2\/product_cat?post=164762"},{"taxonomy":"product_tag","embeddable":true,"href":"https:\/\/secureus.se\/pl\/wp-json\/wp\/v2\/product_tag?post=164762"}],"curies":[{"name":"wp","href":"https:\/\/api.w.org\/{rel}","templated":true}]}}