{"id":164777,"date":"2026-04-22T15:08:52","date_gmt":"2026-04-22T13:08:52","guid":{"rendered":"https:\/\/secureus.se\/evolis-quantum-2-standard-id-kortskrivare\/"},"modified":"2026-04-23T12:22:59","modified_gmt":"2026-04-23T10:22:59","slug":"evolis-quantum-2-standard-id-kortskrivare","status":"publish","type":"product","link":"https:\/\/secureus.se\/pl\/evolis-quantum-2-standard-id-kortskrivare\/","title":{"rendered":"Drukarka kart identyfikacyjnych Evolis Quantum 2 Standard"},"content":{"rendered":"<p>Den Evolis Quantum 2 ID-kortsskrivaren \u00e4r den perfekta l\u00f6sningen f\u00f6r att skapa h\u00f6gkvalitativa ID-kort p\u00e5 ett effektivt s\u00e4tt. Med st\u00f6d f\u00f6r Standard Mag ISO, Smart Contact Station och Contactless Ready-teknologi, kan denna skrivare m\u00f6ta olika behov och s\u00e4kerhetskrav. Quantum 2 erbjuder snabb och p\u00e5litlig utskrift av ID-kort, vilket g\u00f6r den idealisk f\u00f6r organisationer som beh\u00f6ver producera stora m\u00e4ngder kort regelbundet. Med en anv\u00e4ndarv\u00e4nlig design och avancerade funktioner \u00e4r Evolis Quantum 2 det perfekta valet f\u00f6r s\u00e4kerhetsmedvetna f\u00f6retag och organisationer. Skapa professionella ID-kort med Quantum 2 och s\u00e4kerst\u00e4ll s\u00e4kerheten p\u00e5 arbetsplatsen eller evenemanget.<\/p>","protected":false},"excerpt":{"rendered":"<ul>\n<li>\u0141\u0105czy w sobie cechy drukarki stacjonarnej z moc\u0105 drukarki przemys\u0142owej do masowej produkcji kart plastikowych<\/li>\n<li>Opcjonalny modu\u0142 kodowania odwracalnego umo\u017cliwiaj\u0105cy kodowanie kart w jednym przej\u015bciu i skr\u00f3cenie czasu produkcji<\/li>\n<li>Wymienna tacka wej\u015bciowa i wyj\u015bciowa na 500 kart<\/li>\n<li>Drukuje do 150 jednostronnych kolorowych kart z laminatem na godzin\u0119<\/li>\n<li>Drukuje do 1000 jednostronnych kart monochromatycznych na godzin\u0119<\/li>\n<li>Skontaktuj si\u0119 z naszym zespo\u0142em, aby om\u00f3wi\u0107 dodatkowe opcje kodowania<\/li>\n<li>Waga: 8,00 kg<\/li>\n<\/ul>","protected":false},"featured_media":164771,"template":"","meta":{"_acf_changed":false},"product_brand":[],"product_cat":[1316],"product_tag":[],"class_list":{"0":"post-164777","1":"product","2":"type-product","3":"status-publish","4":"has-post-thumbnail","6":"product_cat-ovriga-utan-kategorier","7":"product_shipping_class-tunga-paket","8":"pa_brands-evolis","9":"tm-no-options","11":"first","12":"instock","13":"sale","14":"taxable","15":"shipping-taxable","16":"purchasable","17":"product-type-simple"},"acf":[],"_links":{"self":[{"href":"https:\/\/secureus.se\/pl\/wp-json\/wp\/v2\/product\/164777","targetHints":{"allow":["GET"]}}],"collection":[{"href":"https:\/\/secureus.se\/pl\/wp-json\/wp\/v2\/product"}],"about":[{"href":"https:\/\/secureus.se\/pl\/wp-json\/wp\/v2\/types\/product"}],"wp:featuredmedia":[{"embeddable":true,"href":"https:\/\/secureus.se\/pl\/wp-json\/wp\/v2\/media\/164771"}],"wp:attachment":[{"href":"https:\/\/secureus.se\/pl\/wp-json\/wp\/v2\/media?parent=164777"}],"wp:term":[{"taxonomy":"product_brand","embeddable":true,"href":"https:\/\/secureus.se\/pl\/wp-json\/wp\/v2\/product_brand?post=164777"},{"taxonomy":"product_cat","embeddable":true,"href":"https:\/\/secureus.se\/pl\/wp-json\/wp\/v2\/product_cat?post=164777"},{"taxonomy":"product_tag","embeddable":true,"href":"https:\/\/secureus.se\/pl\/wp-json\/wp\/v2\/product_tag?post=164777"}],"curies":[{"name":"wp","href":"https:\/\/api.w.org\/{rel}","templated":true}]}}