{"id":164949,"date":"2026-04-27T15:24:07","date_gmt":"2026-04-27T13:24:07","guid":{"rendered":"https:\/\/secureus.se\/evolis-acl012-agilia-sjalvhaftande-kortrengoringskit-50-pack\/"},"modified":"2026-04-27T15:30:56","modified_gmt":"2026-04-27T13:30:56","slug":"evolis-acl012-agilia-sjalvhaftande-kortrengoringskit-50-pack","status":"publish","type":"product","link":"https:\/\/secureus.se\/pl\/evolis-acl012-agilia-sjalvhaftande-kortrengoringskit-50-pack\/","title":{"rendered":"Zestaw do czyszczenia kart klej\u0105cych Evolis ACL012 Agilia (50 szt.)"},"content":{"rendered":"<p>H\u00e5ll dina Evolis-kortskrivare i toppskick med Evolis ACL012 Agilia Adhesive Card Cleaning Kit! Denna reng\u00f6ringskit inneh\u00e5ller allt du beh\u00f6ver f\u00f6r att h\u00e5lla dina kortl\u00e4sare rena och fungerande. Med en effektiv reng\u00f6ringsl\u00f6sning och speciellt utformade reng\u00f6ringskort kan du enkelt och snabbt ta bort smuts och partiklar som kan p\u00e5verka utskriftskvaliteten. H\u00e5ll din utskriftsmilj\u00f6 ren och effektiv med Evolis ACL012 Agilia Adhesive Card Cleaning Kit!<\/p>","protected":false},"excerpt":{"rendered":"<ul>\n<li>Zawiera 50 samoprzylepnych kart czyszcz\u0105cych<\/li>\n<li>Pomaga utrzyma\u0107 drukarki kart plastikowych Evolis Agilia w czysto\u015bci<\/li>\n<li>Usuwa kurz, zanieczyszczenia, resztki oleju i tuszu<\/li>\n<li>Mo\u017ce uszkodzi\u0107 drukarki, je\u015bli nie s\u0105 regularnie czyszczone<\/li>\n<li>Sprzedawane w opakowaniach po 50 sztuk<\/li>\n<li>Przy prawid\u0142owym przechowywaniu okres przydatno\u015bci do u\u017cycia do jednego roku<\/li>\n<li>Numer cz\u0119\u015bci producenta: ACL012<\/li>\n<li>Waga: 0,20 kg<\/li>\n<\/ul>","protected":false},"featured_media":164948,"template":"","meta":{"_acf_changed":false},"product_brand":[],"product_cat":[4807],"product_tag":[],"class_list":{"0":"post-164949","1":"product","2":"type-product","3":"status-publish","4":"has-post-thumbnail","6":"product_cat-rengoringskit","7":"product_shipping_class-postnord-varubrev","8":"pa_brands-evolis","9":"tm-no-options","11":"first","12":"instock","13":"taxable","14":"shipping-taxable","15":"purchasable","16":"product-type-simple"},"acf":[],"_links":{"self":[{"href":"https:\/\/secureus.se\/pl\/wp-json\/wp\/v2\/product\/164949","targetHints":{"allow":["GET"]}}],"collection":[{"href":"https:\/\/secureus.se\/pl\/wp-json\/wp\/v2\/product"}],"about":[{"href":"https:\/\/secureus.se\/pl\/wp-json\/wp\/v2\/types\/product"}],"wp:featuredmedia":[{"embeddable":true,"href":"https:\/\/secureus.se\/pl\/wp-json\/wp\/v2\/media\/164948"}],"wp:attachment":[{"href":"https:\/\/secureus.se\/pl\/wp-json\/wp\/v2\/media?parent=164949"}],"wp:term":[{"taxonomy":"product_brand","embeddable":true,"href":"https:\/\/secureus.se\/pl\/wp-json\/wp\/v2\/product_brand?post=164949"},{"taxonomy":"product_cat","embeddable":true,"href":"https:\/\/secureus.se\/pl\/wp-json\/wp\/v2\/product_cat?post=164949"},{"taxonomy":"product_tag","embeddable":true,"href":"https:\/\/secureus.se\/pl\/wp-json\/wp\/v2\/product_tag?post=164949"}],"curies":[{"name":"wp","href":"https:\/\/api.w.org\/{rel}","templated":true}]}}