{"id":165234,"date":"2026-05-05T14:27:22","date_gmt":"2026-05-05T12:27:22","guid":{"rendered":"https:\/\/secureus.se\/zebra-ds9208-sr-hands-free-barcode-scanner-kit-scanner-only\/"},"modified":"2026-05-05T17:47:46","modified_gmt":"2026-05-05T15:47:46","slug":"zebra-ds9208-sr-hands-free-barcode-scanner-kit-scanner-only","status":"publish","type":"product","link":"https:\/\/secureus.se\/pl\/zebra-ds9208-sr-hands-free-barcode-scanner-kit-scanner-only\/","title":{"rendered":"Zebra DS9208-SR Hands-Free Barcode Scanner Kit (Scanner Only)"},"content":{"rendered":"<p>Skaner kod\u00f3w kreskowych Zebra DS9208-SR do odczytu bez u\u017cycia r\u0105k to wiod\u0105cy w bran\u017cy skaner z wielokierunkow\u0105 funkcj\u0105 odczytu, zaprojektowany z my\u015bl\u0105 o skanowaniu nowej generacji. U\u017cytkownicy mog\u0105 szybko i efektywnie skanowa\u0107 dowolne kody kreskowe 1D i 2D, a tak\u017ce kody kreskowe z urz\u0105dze\u0144 mobilnych i bilety dzi\u0119ki funkcji skanowania \u201ewyceluj i sfotografuj\u201d oraz wiod\u0105cej w bran\u017cy szybko\u015bci skanowania.<\/p>\n<ul>\n<li>Odczytuje: kody kreskowe 1D i 2D, kody kreskowe mobilne<\/li>\n<li>Skanowanie wielokierunkowe<\/li>\n<li>Elegancki design idealny nawet do mniejszych blat\u00f3w<\/li>\n<li>3-letnia gwarancja producenta<\/li>\n<\/ul>\n<p>Numer cz\u0119\u015bci producenta: DS9208-SR00004NNWW<\/p>\n<p>\n <strong><br \/>\n Waga produktu:<br \/>\n 0,60 kg<br \/>\n <\/strong>\n <\/p>","protected":false},"excerpt":{"rendered":"<p>The Zebra DS9208-SR Hands-Free Barcode Scanner is an industry-leading scanner with omnidirectional reading capabilities designed for the next generation of scanning. Users can scan any 1D and 2D barcode alongside<\/p>","protected":false},"featured_media":165230,"template":"","meta":{"_acf_changed":false},"product_brand":[],"product_cat":[5132],"product_tag":[],"class_list":{"0":"post-165234","1":"product","2":"type-product","3":"status-publish","4":"has-post-thumbnail","6":"product_cat-lasare-passersystem","7":"pa_brands-zebra-2","8":"tm-no-options","10":"first","11":"instock","12":"sale","13":"taxable","14":"shipping-taxable","15":"purchasable","16":"product-type-simple"},"acf":[],"_links":{"self":[{"href":"https:\/\/secureus.se\/pl\/wp-json\/wp\/v2\/product\/165234","targetHints":{"allow":["GET"]}}],"collection":[{"href":"https:\/\/secureus.se\/pl\/wp-json\/wp\/v2\/product"}],"about":[{"href":"https:\/\/secureus.se\/pl\/wp-json\/wp\/v2\/types\/product"}],"wp:featuredmedia":[{"embeddable":true,"href":"https:\/\/secureus.se\/pl\/wp-json\/wp\/v2\/media\/165230"}],"wp:attachment":[{"href":"https:\/\/secureus.se\/pl\/wp-json\/wp\/v2\/media?parent=165234"}],"wp:term":[{"taxonomy":"product_brand","embeddable":true,"href":"https:\/\/secureus.se\/pl\/wp-json\/wp\/v2\/product_brand?post=165234"},{"taxonomy":"product_cat","embeddable":true,"href":"https:\/\/secureus.se\/pl\/wp-json\/wp\/v2\/product_cat?post=165234"},{"taxonomy":"product_tag","embeddable":true,"href":"https:\/\/secureus.se\/pl\/wp-json\/wp\/v2\/product_tag?post=165234"}],"curies":[{"name":"wp","href":"https:\/\/api.w.org\/{rel}","templated":true}]}}