{"id":165236,"date":"2026-05-05T14:27:30","date_gmt":"2026-05-05T12:27:30","guid":{"rendered":"https:\/\/secureus.se\/hid-omnikey-5023-contactless-card-reader-dark-blue\/"},"modified":"2026-05-05T17:44:23","modified_gmt":"2026-05-05T15:44:23","slug":"hid-omnikey-5023-contactless-card-reader-dark-blue","status":"publish","type":"product","link":"https:\/\/secureus.se\/pl\/hid-omnikey-5023-contactless-card-reader-dark-blue\/","title":{"rendered":"Czytnik kart zbli\u017ceniowych HID Omnikey 5023 \u2013 ciemnoniebieski"},"content":{"rendered":"<p>Czytnik kart zbli\u017ceniowych HID Omnikey 5023 wykorzystuje wielowarstwow\u0105, bezpieczn\u0105 technologi\u0119 opart\u0105 na standardach Secure Identity Object (SIO), aby chroni\u0107 dane i obs\u0142ugiwa\u0107 uwierzytelnianie. W ramach rozwi\u0105zania ActivID Tap Authentication, czytnik ten umo\u017cliwia r\u00f3wnie\u017c u\u017cytkownikom zbli\u017cenie karty do urz\u0105dzenia i wygenerowanie jednorazowego has\u0142a (OTP) dla bezpieczniejszego logowania.<\/p>\n<ul>\n<li>Obs\u0142uguje Seos, iCLASS SE, MIFARE, DESFire i inne po\u015bwiadczenia obs\u0142uguj\u0105ce SIO<\/li>\n<li>Obs\u0142uga CCID dla system\u00f3w operacyjnych Windows, LINUX i Mac<\/li>\n<li>Numer cz\u0119\u015bci producenta: R50230318-DB<\/li>\n<\/ul>\n<p>\n <strong><br \/>\n Waga produktu:<br \/>\n 0,00 kg<br \/>\n <\/strong>\n <\/p>","protected":false},"excerpt":{"rendered":"<p>The HID Omnikey 5023 Contactless Smart Card Reader utilises multi-layered, secure standards-based technology based on Secure Identity Object (SIO) to protect data and support credentials. As part of the ActivID<\/p>","protected":false},"featured_media":165235,"template":"","meta":{"_acf_changed":false},"product_brand":[],"product_cat":[5132],"product_tag":[],"class_list":{"0":"post-165236","1":"product","2":"type-product","3":"status-publish","4":"has-post-thumbnail","6":"product_cat-lasare-passersystem","7":"pa_brands-hid","8":"tm-no-options","10":"first","11":"outofstock","12":"sale","13":"taxable","14":"shipping-taxable","15":"purchasable","16":"product-type-simple"},"acf":[],"_links":{"self":[{"href":"https:\/\/secureus.se\/pl\/wp-json\/wp\/v2\/product\/165236","targetHints":{"allow":["GET"]}}],"collection":[{"href":"https:\/\/secureus.se\/pl\/wp-json\/wp\/v2\/product"}],"about":[{"href":"https:\/\/secureus.se\/pl\/wp-json\/wp\/v2\/types\/product"}],"wp:featuredmedia":[{"embeddable":true,"href":"https:\/\/secureus.se\/pl\/wp-json\/wp\/v2\/media\/165235"}],"wp:attachment":[{"href":"https:\/\/secureus.se\/pl\/wp-json\/wp\/v2\/media?parent=165236"}],"wp:term":[{"taxonomy":"product_brand","embeddable":true,"href":"https:\/\/secureus.se\/pl\/wp-json\/wp\/v2\/product_brand?post=165236"},{"taxonomy":"product_cat","embeddable":true,"href":"https:\/\/secureus.se\/pl\/wp-json\/wp\/v2\/product_cat?post=165236"},{"taxonomy":"product_tag","embeddable":true,"href":"https:\/\/secureus.se\/pl\/wp-json\/wp\/v2\/product_tag?post=165236"}],"curies":[{"name":"wp","href":"https:\/\/api.w.org\/{rel}","templated":true}]}}