{"id":165247,"date":"2026-05-05T14:27:30","date_gmt":"2026-05-05T12:27:30","guid":{"rendered":"https:\/\/secureus.se\/zebra-symbol-ls2208-usb-barcode-scanner-kit\/"},"modified":"2026-05-05T17:44:35","modified_gmt":"2026-05-05T15:44:35","slug":"zebra-symbol-ls2208-usb-barcode-scanner-kit","status":"publish","type":"product","link":"https:\/\/secureus.se\/pl\/zebra-symbol-ls2208-usb-barcode-scanner-kit\/","title":{"rendered":"Zestaw skanera kod\u00f3w kreskowych USB Zebra Symbol LS2208"},"content":{"rendered":"<p>Skaner kod\u00f3w kreskowych Zebra Symbol LS2208 USB zapewnia szybkie i niezawodne skanowanie kod\u00f3w kreskowych dla klient\u00f3w dzi\u0119ki szerokiemu zasi\u0119gowi roboczemu do 17 cali. Ten wydajny skaner r\u0119czny jest kompaktowy i lekki, a liczne interfejsy umo\u017cliwiaj\u0105 \u0142atw\u0105 integracj\u0119 z r\u00f3\u017cnymi systemami hosta. Dzi\u0119ki odporno\u015bci na upadek z wysoko\u015bci 1,5 m na beton, skaner kod\u00f3w kreskowych Zebra Symbol wykorzystuje technologi\u0119 skanowania laserowego z szybko\u015bci\u0105 skanowania 100 skan\u00f3w na sekund\u0119.<\/p>\n<ul>\n<li>Stojak w zestawie<\/li>\n<li>Numer cz\u0119\u015bci producenta: LS2208<\/li>\n<li>Wymiary: 6\u201d x 2,5\u201d x 3,34\u201d (wys. x szer. x g\u0142.)<\/li>\n<li>Obs\u0142ugiwane interfejsy: USB, RS232, Keyboard Wedge, IBM 468x\/9x<\/li>\n<li>5-letnia gwarancja<\/li>\n<li>Obs\u0142uga system\u00f3w operacyjnych przez USB: Windows 98, 2000, ME, XP, MacOS 8.5 i nowsze, IBM 4690 OS<\/li>\n<\/ul>\n<p>\n <strong><br \/>\n Waga produktu:<br \/>\n 0,60 kg<br \/>\n <\/strong>\n <\/p>","protected":false},"excerpt":{"rendered":"<p>The Zebra Symbol LS2208 USB barcode scanner provides fast and reliable barcode scanning for your customers with a wide working range of up to 17 inches. This high-performance handheld scanner<\/p>","protected":false},"featured_media":165242,"template":"","meta":{"_acf_changed":false},"product_brand":[],"product_cat":[5132],"product_tag":[],"class_list":{"0":"post-165247","1":"product","2":"type-product","3":"status-publish","4":"has-post-thumbnail","6":"product_cat-lasare-passersystem","7":"pa_brands-zebra-2","8":"tm-no-options","10":"first","11":"outofstock","12":"sale","13":"taxable","14":"shipping-taxable","15":"purchasable","16":"product-type-simple"},"acf":[],"_links":{"self":[{"href":"https:\/\/secureus.se\/pl\/wp-json\/wp\/v2\/product\/165247","targetHints":{"allow":["GET"]}}],"collection":[{"href":"https:\/\/secureus.se\/pl\/wp-json\/wp\/v2\/product"}],"about":[{"href":"https:\/\/secureus.se\/pl\/wp-json\/wp\/v2\/types\/product"}],"wp:featuredmedia":[{"embeddable":true,"href":"https:\/\/secureus.se\/pl\/wp-json\/wp\/v2\/media\/165242"}],"wp:attachment":[{"href":"https:\/\/secureus.se\/pl\/wp-json\/wp\/v2\/media?parent=165247"}],"wp:term":[{"taxonomy":"product_brand","embeddable":true,"href":"https:\/\/secureus.se\/pl\/wp-json\/wp\/v2\/product_brand?post=165247"},{"taxonomy":"product_cat","embeddable":true,"href":"https:\/\/secureus.se\/pl\/wp-json\/wp\/v2\/product_cat?post=165247"},{"taxonomy":"product_tag","embeddable":true,"href":"https:\/\/secureus.se\/pl\/wp-json\/wp\/v2\/product_tag?post=165247"}],"curies":[{"name":"wp","href":"https:\/\/api.w.org\/{rel}","templated":true}]}}