{"id":165251,"date":"2026-05-05T14:27:21","date_gmt":"2026-05-05T12:27:21","guid":{"rendered":"https:\/\/secureus.se\/pac-20116-black-oneprox-gs3-lf-vandal-resistant-reader\/"},"modified":"2026-05-05T17:11:43","modified_gmt":"2026-05-05T15:11:43","slug":"pac-20116-black-oneprox-gs3-lf-vandal-resistant-reader","status":"publish","type":"product","link":"https:\/\/secureus.se\/pl\/pac-20116-black-oneprox-gs3-lf-vandal-resistant-reader\/","title":{"rendered":"PAC 20116 Black OneProx GS3 LF Vandal Resistant Reader"},"content":{"rendered":"<p>Czytnik PAC Black OneProx GS3 o niskiej cz\u0119stotliwo\u015bci i odporno\u015bci na wandalizm to solidny czytnik dost\u0119pu zabezpieczony przed intruzami, zaprojektowany do pracy w najbardziej wymagaj\u0105cych warunkach. Czytnik posiada stopie\u0144 ochrony IP67 i 3. klas\u0119 bezpiecze\u0144stwa, co czyni go odpornym na akty wandalizmu i wysoce bezpiecznym.<\/p>\n<ul>\n<li>Kompatybilny z PAC, KeyPAC i wieloma wariantami Wiegand<\/li>\n<li>Zakres odczytu 40 mm<\/li>\n<li>Do\u017cywotnia gwarancja na awarie elektroniczne<\/li>\n<\/ul>\n<p>\n <strong><br \/>\n Waga produktu:<br \/>\n 0,50 kg<br \/>\n <\/strong>\n <\/p>\n<p>\n <strong>Cena od 399,60 \u20ac<\/strong>\n <\/p>","protected":false},"excerpt":{"rendered":"<p>The PAC black OneProx GS3 low-frequency vandal-resistant reader is a robust, intruder-graded access reader and is designed to work in the most demanding of operating environments. This reader is IP67<\/p>","protected":false},"featured_media":165250,"template":"","meta":{"_acf_changed":false},"product_brand":[],"product_cat":[5132],"product_tag":[],"class_list":{"0":"post-165251","1":"product","2":"type-product","3":"status-publish","4":"has-post-thumbnail","6":"product_cat-lasare-passersystem","7":"tm-no-options","9":"first","10":"outofstock","11":"sale","12":"taxable","13":"shipping-taxable","14":"purchasable","15":"product-type-simple"},"acf":[],"_links":{"self":[{"href":"https:\/\/secureus.se\/pl\/wp-json\/wp\/v2\/product\/165251","targetHints":{"allow":["GET"]}}],"collection":[{"href":"https:\/\/secureus.se\/pl\/wp-json\/wp\/v2\/product"}],"about":[{"href":"https:\/\/secureus.se\/pl\/wp-json\/wp\/v2\/types\/product"}],"wp:featuredmedia":[{"embeddable":true,"href":"https:\/\/secureus.se\/pl\/wp-json\/wp\/v2\/media\/165250"}],"wp:attachment":[{"href":"https:\/\/secureus.se\/pl\/wp-json\/wp\/v2\/media?parent=165251"}],"wp:term":[{"taxonomy":"product_brand","embeddable":true,"href":"https:\/\/secureus.se\/pl\/wp-json\/wp\/v2\/product_brand?post=165251"},{"taxonomy":"product_cat","embeddable":true,"href":"https:\/\/secureus.se\/pl\/wp-json\/wp\/v2\/product_cat?post=165251"},{"taxonomy":"product_tag","embeddable":true,"href":"https:\/\/secureus.se\/pl\/wp-json\/wp\/v2\/product_tag?post=165251"}],"curies":[{"name":"wp","href":"https:\/\/api.w.org\/{rel}","templated":true}]}}