{"id":165260,"date":"2026-05-05T14:27:29","date_gmt":"2026-05-05T12:27:29","guid":{"rendered":"https:\/\/secureus.se\/hid-omnikey-5422-smart-card-reader\/"},"modified":"2026-05-05T17:10:41","modified_gmt":"2026-05-05T15:10:41","slug":"hid-omnikey-5422-smart-card-reader","status":"publish","type":"product","link":"https:\/\/secureus.se\/pl\/hid-omnikey-5422-smart-card-reader\/","title":{"rendered":"HID Omnikey 5422 Smart Card Reader"},"content":{"rendered":"<p>Czytnik kart HID 5422 Omnikey to po\u0142\u0105czenie technologii stykowej i bezstykowej w jednym urz\u0105dzeniu. Zawiera czytnik po\u0142\u0105czony z komputerem, kt\u00f3ry odczytuje i zapisuje dane na bezstykowej karcie inteligentnej 13,56 MHz. Wsp\u00f3\u0142pracuje z niemal wszystkimi kartami inteligentnymi, zar\u00f3wno stykowymi, jak i bezstykowymi.<\/p>\n<ul>\n<li>Zgodny z normami ISO 14443 A\/B, ISO 7816<\/li>\n<li>Kompatybilny z niemal wszystkimi bezstykowymi kartami inteligentnymi i systemami operacyjnymi<\/li>\n<li>\u0141\u0105czno\u015b\u0107 USB<\/li>\n<li>Numer cz\u0119\u015bci producenta: R54220301<\/li>\n<\/ul>\n<p>\n <strong><br \/>\n Waga produktu:<br \/>\n 0,20 kg<br \/>\n <\/strong>\n <\/p>","protected":false},"excerpt":{"rendered":"<p>The HID 5422 Omnikey card reader is a combination of contact and contactless technology in one device. It includes a PC linked reader that reads and writes to a 13.56<\/p>","protected":false},"featured_media":165258,"template":"","meta":{"_acf_changed":false},"product_brand":[],"product_cat":[5132],"product_tag":[],"class_list":{"0":"post-165260","1":"product","2":"type-product","3":"status-publish","4":"has-post-thumbnail","6":"product_cat-lasare-passersystem","7":"tm-no-options","9":"first","10":"instock","11":"sale","12":"taxable","13":"shipping-taxable","14":"purchasable","15":"product-type-simple"},"acf":[],"_links":{"self":[{"href":"https:\/\/secureus.se\/pl\/wp-json\/wp\/v2\/product\/165260","targetHints":{"allow":["GET"]}}],"collection":[{"href":"https:\/\/secureus.se\/pl\/wp-json\/wp\/v2\/product"}],"about":[{"href":"https:\/\/secureus.se\/pl\/wp-json\/wp\/v2\/types\/product"}],"wp:featuredmedia":[{"embeddable":true,"href":"https:\/\/secureus.se\/pl\/wp-json\/wp\/v2\/media\/165258"}],"wp:attachment":[{"href":"https:\/\/secureus.se\/pl\/wp-json\/wp\/v2\/media?parent=165260"}],"wp:term":[{"taxonomy":"product_brand","embeddable":true,"href":"https:\/\/secureus.se\/pl\/wp-json\/wp\/v2\/product_brand?post=165260"},{"taxonomy":"product_cat","embeddable":true,"href":"https:\/\/secureus.se\/pl\/wp-json\/wp\/v2\/product_cat?post=165260"},{"taxonomy":"product_tag","embeddable":true,"href":"https:\/\/secureus.se\/pl\/wp-json\/wp\/v2\/product_tag?post=165260"}],"curies":[{"name":"wp","href":"https:\/\/api.w.org\/{rel}","templated":true}]}}