{"id":165266,"date":"2026-05-05T14:27:29","date_gmt":"2026-05-05T12:27:29","guid":{"rendered":"https:\/\/secureus.se\/honeywell-eclipse-5145-laser-usb-scanner-kit\/"},"modified":"2026-05-05T17:44:49","modified_gmt":"2026-05-05T15:44:49","slug":"honeywell-eclipse-5145-laser-usb-scanner-kit","status":"publish","type":"product","link":"https:\/\/secureus.se\/pl\/honeywell-eclipse-5145-laser-usb-scanner-kit\/","title":{"rendered":"Honeywell Eclipse 5145 Laser USB Scanner Kit"},"content":{"rendered":"<p>Idealny do odczytu kod\u00f3w kreskowych 1D, skaner USB Honeywell Eclipse 5145 to laserowa alternatywa dla skaner\u00f3w CCD. Wyposa\u017cony w najnowocze\u015bniejsz\u0105 technologi\u0119 skanowania i opatentowan\u0105 przez Honeywell technologi\u0119 CodeGate, Tw\u00f3j klient mo\u017ce \u0142atwo namierzy\u0107 \u017c\u0105dane kody kreskowe, a transmisja jest realizowana za pomoc\u0105 jednego naci\u015bni\u0119cia przycisku. Dzi\u0119ki odporno\u015bci na upadek z wysoko\u015bci 1,5 m na beton i pojedynczej linii skanowania, ten bezprzewodowy skaner charakteryzuje si\u0119 szybko\u015bci\u0105 skanowania 72 skan\u00f3w na sekund\u0119.<\/p>\n<ul>\n<li>Stojak w zestawie<\/li>\n<li>Przew\u00f3d USB typu A o d\u0142ugo\u015bci 2,9 m<\/li>\n<li>Numer cz\u0119\u015bci producenta: 5145<\/li>\n<li>Wymiary: 6,7\u201d x 2,5\u201d x 2,0\u201d (wys. x szer. x g\u0142.)<\/li>\n<li>Obs\u0142ugiwane interfejsy: USB, RS232, Keyboard Wedge, IBM 46xx (RS485)<\/li>\n<\/ul>\n<p>\n <strong><br \/>\n Waga produktu:<br \/>\n 0,00 kg<br \/>\n <\/strong>\n <\/p>","protected":false},"excerpt":{"rendered":"<p>Perfect for reading 1D barcodes, the Honeywell Eclipse 5145 USB scanner is a laser-based alternative to CCD scanners. Equipped with state-of-the-art scanning technology and featuring Honeywell\u2019s patented CodeGate technology, your<\/p>","protected":false},"featured_media":165265,"template":"","meta":{"_acf_changed":false},"product_brand":[],"product_cat":[5132],"product_tag":[],"class_list":{"0":"post-165266","1":"product","2":"type-product","3":"status-publish","4":"has-post-thumbnail","6":"product_cat-lasare-passersystem","7":"pa_brands-honeywell","8":"tm-no-options","10":"first","11":"outofstock","12":"sale","13":"taxable","14":"shipping-taxable","15":"purchasable","16":"product-type-simple"},"acf":[],"_links":{"self":[{"href":"https:\/\/secureus.se\/pl\/wp-json\/wp\/v2\/product\/165266","targetHints":{"allow":["GET"]}}],"collection":[{"href":"https:\/\/secureus.se\/pl\/wp-json\/wp\/v2\/product"}],"about":[{"href":"https:\/\/secureus.se\/pl\/wp-json\/wp\/v2\/types\/product"}],"wp:featuredmedia":[{"embeddable":true,"href":"https:\/\/secureus.se\/pl\/wp-json\/wp\/v2\/media\/165265"}],"wp:attachment":[{"href":"https:\/\/secureus.se\/pl\/wp-json\/wp\/v2\/media?parent=165266"}],"wp:term":[{"taxonomy":"product_brand","embeddable":true,"href":"https:\/\/secureus.se\/pl\/wp-json\/wp\/v2\/product_brand?post=165266"},{"taxonomy":"product_cat","embeddable":true,"href":"https:\/\/secureus.se\/pl\/wp-json\/wp\/v2\/product_cat?post=165266"},{"taxonomy":"product_tag","embeddable":true,"href":"https:\/\/secureus.se\/pl\/wp-json\/wp\/v2\/product_tag?post=165266"}],"curies":[{"name":"wp","href":"https:\/\/api.w.org\/{rel}","templated":true}]}}